{"id":15433,"date":"2025-06-16T13:15:44","date_gmt":"2025-06-16T17:15:44","guid":{"rendered":"https:\/\/beta.aa-intergroup.org\/comites-de-service\/"},"modified":"2025-10-28T04:27:54","modified_gmt":"2025-10-28T08:27:54","slug":"comites-de-service","status":"publish","type":"page","link":"https:\/\/beta.aa-intergroup.org\/fr\/comites-de-service\/","title":{"rendered":"Comit\u00e9s de service"},"content":{"rendered":"\n<hr class=\"wp-block-separator has-text-color has-alpha-channel-opacity has-background is-style-default\" style=\"background-color:#08c9fd;color:#08c9fd\"\/>\n\n<h2 class=\"wp-block-heading has-text-align-center has-text-color has-link-color has-x-large-font-size wp-elements-9e4b540d0c9a6b4fb5f85df390232cfe\" style=\"color:#011a5c;font-style:normal;font-weight:700;text-transform:uppercase\">\u00c0 l\u2019int\u00e9rieur de l\u2019OIAA<\/h2>\n\n<p class=\"has-text-align-center\">C\u2019est la ressource incontournable pour tout ce qui se passe \u00e0 l\u2019int\u00e9rieur de l\u2019OIAA. <\/p>\n\n<div class=\"wp-block-essential-blocks-text root-eb-text-8vntp\"><div class=\"eb-parent-wrapper eb-parent-eb-text-8vntp \"><div class=\"eb-text-wrapper eb-text-8vntp\" data-id=\"eb-text-8vntp\"><p class=\"eb-text\"><strong>Menu \u00c0 l\u2019int\u00e9rieur de l\u2019OIAA<\/strong><br><a href=\"https:\/\/beta.aa-intergroup.org\/fr\/groupes-membres-de-loiaa\/\" data-type=\"page\" data-id=\"21905\">groupes<\/a><br><a href=\"https:\/\/beta.aa-intergroup.org\/fr\/outils-et-directives-pour-les-reunions-en-ligne\/\" data-type=\"link\" data-id=\"https:\/\/beta.aa-intergroup.org\/online-meeting-tools-guidelines\/\">outils et directives pour les r\u00e9unions en ligne<\/a><br><a href=\"https:\/\/beta.aa-intergroup.org\/fr\/loiaa-en-action\/\" data-type=\"page\" data-id=\"21908\">L\u2019OIAA en action<\/a><br><a href=\"https:\/\/beta.aa-intergroup.org\/fr\/comites-de-service\/\" data-type=\"page\" data-id=\"21910\">comit\u00e9s de service<\/a><br><a href=\"https:\/\/beta.aa-intergroup.org\/fr\/calendrier-oiaa\/\" data-type=\"link\" data-id=\"https:\/\/beta.aa-intergroup.org\/oiaa-calendar\/\">\u00e9v\u00e9nements de l\u2019OIAA<\/a><br><a href=\"https:\/\/beta.aa-intergroup.org\/become-a-member\/\" data-type=\"page\" data-id=\"21912\">devenir membre<\/a><\/p><\/div><\/div><\/div>\n\n<!-- UberMenu [Configuration:insideoiaa] [Theme Loc:] [Integration:api] -->\n<button class=\"ubermenu-responsive-toggle ubermenu-responsive-toggle-insideoiaa ubermenu-skin-grey-white ubermenu-loc- ubermenu-responsive-toggle-content-align-left ubermenu-responsive-toggle-align-full ubermenu-responsive-toggle-close-icon-times \" tabindex=\"0\" data-ubermenu-target=\"ubermenu-insideoiaa-623\"   aria-label=\"Toggle Inside OIAA - French\"><i class=\"fas fa-bars\" ><\/i>Menu<\/button><nav id=\"ubermenu-insideoiaa-623\" class=\"ubermenu ubermenu-nojs ubermenu-insideoiaa ubermenu-menu-623 ubermenu-responsive ubermenu-responsive-default ubermenu-responsive-collapse ubermenu-horizontal ubermenu-transition-shift ubermenu-trigger-hover_intent ubermenu-skin-grey-white  ubermenu-bar-align-full ubermenu-items-align-flex ubermenu-bound-inner ubermenu-disable-submenu-scroll ubermenu-sub-indicators ubermenu-retractors-responsive ubermenu-submenu-indicator-closes\"><ul id=\"ubermenu-nav-insideoiaa-90\" class=\"ubermenu-nav\" data-title=\"Inside OIAA - French\"><li id=\"menu-item-37513\" class=\"ubermenu-item ubermenu-item-type-post_type ubermenu-item-object-page ubermenu-item-37513 ubermenu-item-level-0 ubermenu-column ubermenu-column-auto\" ><a class=\"ubermenu-target ubermenu-item-layout-default ubermenu-item-layout-text_only\" href=\"https:\/\/beta.aa-intergroup.org\/fr\/groupes-membres-de-loiaa\/\" tabindex=\"0\"><span class=\"ubermenu-target-title ubermenu-target-text\">Groupes membres de l\u2019OIAA<\/span><\/a><\/li><li id=\"menu-item-37521\" class=\"ubermenu-item ubermenu-item-type-post_type ubermenu-item-object-page ubermenu-item-37521 ubermenu-item-level-0 ubermenu-column ubermenu-column-auto\" ><a class=\"ubermenu-target ubermenu-item-layout-default ubermenu-item-layout-text_only\" href=\"https:\/\/beta.aa-intergroup.org\/fr\/outils-et-directives-pour-les-reunions-en-ligne\/\" tabindex=\"0\"><span class=\"ubermenu-target-title ubermenu-target-text\">Outils et directives pour les r\u00e9unions en ligne<\/span><\/a><\/li><li id=\"menu-item-37522\" class=\"ubermenu-item ubermenu-item-type-post_type ubermenu-item-object-page ubermenu-item-37522 ubermenu-item-level-0 ubermenu-column ubermenu-column-auto\" ><a class=\"ubermenu-target ubermenu-item-layout-default ubermenu-item-layout-text_only\" href=\"https:\/\/beta.aa-intergroup.org\/fr\/loiaa-en-action\/\" tabindex=\"0\"><span class=\"ubermenu-target-title ubermenu-target-text\">L\u2019OIAA en action<\/span><\/a><\/li><li id=\"menu-item-37523\" class=\"ubermenu-item ubermenu-item-type-post_type ubermenu-item-object-page ubermenu-item-37523 ubermenu-item-level-0 ubermenu-column ubermenu-column-auto\" ><a class=\"ubermenu-target ubermenu-item-layout-default ubermenu-item-layout-text_only\" href=\"https:\/\/beta.aa-intergroup.org\/fr\/comites-de-service\/\" tabindex=\"0\"><span class=\"ubermenu-target-title ubermenu-target-text\">Comit\u00e9s de service<\/span><\/a><\/li><li id=\"menu-item-37524\" class=\"ubermenu-item ubermenu-item-type-post_type ubermenu-item-object-page ubermenu-item-37524 ubermenu-item-level-0 ubermenu-column ubermenu-column-auto\" ><a class=\"ubermenu-target ubermenu-item-layout-default ubermenu-item-layout-text_only\" href=\"https:\/\/beta.aa-intergroup.org\/fr\/calendrier-oiaa\/\" tabindex=\"0\"><span class=\"ubermenu-target-title ubermenu-target-text\">Calendrier OIAA<\/span><\/a><\/li><li id=\"menu-item-37525\" class=\"ubermenu-item ubermenu-item-type-post_type ubermenu-item-object-page ubermenu-item-37525 ubermenu-item-level-0 ubermenu-column ubermenu-column-auto\" ><a class=\"ubermenu-target ubermenu-item-layout-default ubermenu-item-layout-text_only\" href=\"https:\/\/beta.aa-intergroup.org\/fr\/devenir-membre\/\" tabindex=\"0\"><span class=\"ubermenu-target-title ubermenu-target-text\">Devenir membre<\/span><\/a><\/li><\/ul><\/nav>\n<!-- End UberMenu -->\n\n\n<hr class=\"wp-block-separator has-text-color has-alpha-channel-opacity has-background is-style-default\" style=\"background-color:#08c9fd;color:#08c9fd\"\/>\n\n<div style=\"height:18px\" aria-hidden=\"true\" class=\"wp-block-spacer\"><\/div>\n\n<h2 class=\"wp-block-heading has-text-align-center has-large-font-size\">Comit\u00e9s de service<\/h2>\n\n<p class=\"has-text-align-center\">Il existe plusieurs fa\u00e7ons de s&#8217;impliquer et de servir la fraternit\u00e9 au sein de l&#8217;OIAA. D\u00e9couvrez chacun de nos comit\u00e9s permanents ci-dessous. <\/p>\n\n<div style=\"height:20px\" aria-hidden=\"true\" class=\"wp-block-spacer\"><\/div>\n\n<div class=\"wp-block-columns is-layout-flex wp-container-core-columns-is-layout-9d6595d7 wp-block-columns-is-layout-flex\">\n<div class=\"wp-block-column is-layout-flow wp-block-column-is-layout-flow\">\n<div class=\"wp-block-essential-blocks-infobox root-eb-infobox-96myw\"><div class=\"eb-parent-wrapper eb-parent-eb-infobox-96myw \"><div class=\"eb-infobox-96myw eb-infobox-wrapper\"><div class=\"infobox-wrapper-inner\"><div class=\"contents-wrapper\"><p class=\"description\">Le Comit\u00e9 des 12 \u00c9tapes (Steppers) est une partie int\u00e9grante de la port\u00e9e mondiale de l&#8217;OIAA. Les Steppers aident les alcooliques et autres personnes qui cherchent de l&#8217;aide via Internet. <br><\/p><div class=\"eb-button-inner-wrapper eb-infobox-btn-wrapper\"><a class=\"eb-button-anchor infobox-btn \" href=\"https:\/\/beta.aa-intergroup.org\/fr\/committees\/12e-etape-accompagnateurs\/\" rel=\"noopener\"><strong>12e \u00e9tape (steppers) <\/strong><\/a><\/div><\/div><\/div><\/div><\/div><\/div>\n<\/div>\n\n\n\n<div class=\"wp-block-column is-layout-flow wp-block-column-is-layout-flow\">\n<div class=\"wp-block-essential-blocks-infobox root-eb-infobox-vc6v1\"><div class=\"eb-parent-wrapper eb-parent-eb-infobox-vc6v1 \"><div class=\"eb-infobox-vc6v1 eb-infobox-wrapper\"><div class=\"infobox-wrapper-inner\"><div class=\"contents-wrapper\"><p class=\"description\">L&#8217;information est n\u00e9cessaire pour transmettre le message. Le Comit\u00e9 des Communications fournit des informations sur l&#8217;OIAA. <br><br><\/p><div class=\"eb-button-inner-wrapper eb-infobox-btn-wrapper\"><a class=\"eb-button-anchor infobox-btn \" href=\"https:\/\/beta.aa-intergroup.org\/fr\/committees\/communications\/\" rel=\"noopener\"><strong>Communications<\/strong><\/a><\/div><\/div><\/div><\/div><\/div><\/div>\n<\/div>\n\n\n\n<div class=\"wp-block-column is-layout-flow wp-block-column-is-layout-flow\">\n<div class=\"wp-block-essential-blocks-infobox root-eb-infobox-ngxlh\"><div class=\"eb-parent-wrapper eb-parent-eb-infobox-ngxlh \"><div class=\"eb-infobox-ngxlh eb-infobox-wrapper\"><div class=\"infobox-wrapper-inner\"><div class=\"contents-wrapper\"><p class=\"description\">Le Comit\u00e9 des Conventions Internationales 2025 planifie la pr\u00e9sence en personne de l&#8217;Intergroupe dans la Suite Cyber Hospitalit\u00e9 de la Convention Internationale des A.A. 2025.<br><\/p><div class=\"eb-button-inner-wrapper eb-infobox-btn-wrapper\"><a class=\"eb-button-anchor infobox-btn \" href=\"https:\/\/beta.aa-intergroup.org\/fr\/committees\/congres\/\" rel=\"noopener\"><strong>Congr\u00e8s<\/strong><\/a><\/div><\/div><\/div><\/div><\/div><\/div>\n<\/div>\n<\/div>\n\n<div style=\"height:32px\" aria-hidden=\"true\" class=\"wp-block-spacer\"><\/div>\n\n<div class=\"wp-block-columns is-layout-flex wp-container-core-columns-is-layout-9d6595d7 wp-block-columns-is-layout-flex\">\n<div class=\"wp-block-column is-layout-flow wp-block-column-is-layout-flow\">\n<div class=\"wp-block-essential-blocks-infobox root-eb-infobox-68ox8\"><div class=\"eb-parent-wrapper eb-parent-eb-infobox-68ox8 \"><div class=\"eb-infobox-68ox8 eb-infobox-wrapper\"><div class=\"infobox-wrapper-inner\"><div class=\"contents-wrapper\"><p class=\"description\">Le Comit\u00e9 de Collaboration avec les Professionnels (CCP) partage le message des A.A. avec les membres de la communaut\u00e9 professionnelle qui sont en contact avec les alcooliques.<br><br><\/p><div class=\"eb-button-inner-wrapper eb-infobox-btn-wrapper\"><a class=\"eb-button-anchor infobox-btn \" href=\"https:\/\/beta.aa-intergroup.org\/fr\/committees\/cooperation-avec-les-professionnels-ccp\/\" rel=\"noopener\"><strong>CCP<\/strong><\/a><\/div><\/div><\/div><\/div><\/div><\/div>\n<\/div>\n\n\n\n<div class=\"wp-block-column is-layout-flow wp-block-column-is-layout-flow\">\n<div class=\"wp-block-essential-blocks-infobox root-eb-infobox-34t7v\"><div class=\"eb-parent-wrapper eb-parent-eb-infobox-34t7v \"><div class=\"eb-infobox-34t7v eb-infobox-wrapper\"><div class=\"infobox-wrapper-inner\"><div class=\"contents-wrapper\"><p class=\"description\">S&#8217;assurer que les dons des membres de l&#8217;OIAA sont utilis\u00e9s de mani\u00e8re responsable afin que le soutien aux alcooliques en r\u00e9tablissement puisse se poursuivre et que le message des A.A. puisse \u00eatre transmis \u00e0 ceux qui souffrent encore.<br><br><\/p><div class=\"eb-button-inner-wrapper eb-infobox-btn-wrapper\"><a class=\"eb-button-anchor infobox-btn \" href=\"https:\/\/beta.aa-intergroup.org\/fr\/committees\/finances\/\" rel=\"noopener\"><strong>Finances<\/strong><\/a><\/div><\/div><\/div><\/div><\/div><\/div>\n<\/div>\n\n\n\n<div class=\"wp-block-column is-layout-flow wp-block-column-is-layout-flow\">\n<div class=\"wp-block-essential-blocks-infobox root-eb-infobox-xiidz\"><div class=\"eb-parent-wrapper eb-parent-eb-infobox-xiidz \"><div class=\"eb-infobox-xiidz eb-infobox-wrapper\"><div class=\"infobox-wrapper-inner\"><div class=\"contents-wrapper\"><p class=\"description\">Le Comit\u00e9 des Politiques et Admissions (CPA) aide les nouveaux groupes \u00e0 s&#8217;inscrire pour r\u00e9pertorier les r\u00e9unions\/groupes des A.A. dans le r\u00e9pertoire des r\u00e9unions de l&#8217;OIAA.<br><br><br><\/p><div class=\"eb-button-inner-wrapper eb-infobox-btn-wrapper\"><a class=\"eb-button-anchor infobox-btn \" href=\"https:\/\/beta.aa-intergroup.org\/fr\/committees\/politique-et-admissions-pac\/\" rel=\"noopener\"><strong>CAP<\/strong><\/a><\/div><\/div><\/div><\/div><\/div><\/div>\n<\/div>\n<\/div>\n\n<div style=\"height:32px\" aria-hidden=\"true\" class=\"wp-block-spacer\"><\/div>\n\n<div class=\"wp-block-columns is-layout-flex wp-container-core-columns-is-layout-9d6595d7 wp-block-columns-is-layout-flex\">\n<div class=\"wp-block-column is-layout-flow wp-block-column-is-layout-flow\">\n<div class=\"wp-block-essential-blocks-infobox root-eb-infobox-qs47d\"><div class=\"eb-parent-wrapper eb-parent-eb-infobox-qs47d \"><div class=\"eb-infobox-qs47d eb-infobox-wrapper\"><div class=\"infobox-wrapper-inner\"><div class=\"contents-wrapper\"><p class=\"description\">L&#8217;objectif principal du Comit\u00e9 d&#8217;Information Publique est de transmettre le message des A.A. \u00e0 l&#8217;alcoolique qui souffre encore.<br><br><\/p><div class=\"eb-button-inner-wrapper eb-infobox-btn-wrapper\"><a class=\"eb-button-anchor infobox-btn \" href=\"https:\/\/beta.aa-intergroup.org\/fr\/committees\/information-publique-pic\/\" rel=\"noopener\"><strong>CIP<\/strong><\/a><\/div><\/div><\/div><\/div><\/div><\/div>\n<\/div>\n\n\n\n<div class=\"wp-block-column is-layout-flow wp-block-column-is-layout-flow\">\n<div class=\"wp-block-essential-blocks-infobox root-eb-infobox-92x5e\"><div class=\"eb-parent-wrapper eb-parent-eb-infobox-92x5e \"><div class=\"eb-infobox-92x5e eb-infobox-wrapper\"><div class=\"infobox-wrapper-inner\"><div class=\"contents-wrapper\"><p class=\"description\">L&#8217;objectif principal du Comit\u00e9 Technologique est de fournir, soutenir, maintenir, s\u00e9curiser et am\u00e9liorer les besoins essentiels en Technologies de l&#8217;Information.<br><\/p><div class=\"eb-button-inner-wrapper eb-infobox-btn-wrapper\"><a class=\"eb-button-anchor infobox-btn \" href=\"https:\/\/beta.aa-intergroup.org\/fr\/committees\/technologie\/\" rel=\"noopener\"><strong>Technologie<\/strong><\/a><\/div><\/div><\/div><\/div><\/div><\/div>\n<\/div>\n\n\n\n<div class=\"wp-block-column is-layout-flow wp-block-column-is-layout-flow\">\n<div class=\"wp-block-essential-blocks-infobox root-eb-infobox-z7vf5\"><div class=\"eb-parent-wrapper eb-parent-eb-infobox-z7vf5 \"><div class=\"eb-infobox-z7vf5 eb-infobox-wrapper\"><div class=\"infobox-wrapper-inner\"><div class=\"contents-wrapper\"><p class=\"description\">Mission et Objectif du Comit\u00e9 d&#8217;Unit\u00e9 : encourager l&#8217;\u00e9change d&#8217;exp\u00e9riences entre les groupes des A.A. en ligne au sein de la vaste communaut\u00e9 des groupes des A.A. en ligne.<br><\/p><div class=\"eb-button-inner-wrapper eb-infobox-btn-wrapper\"><a class=\"eb-button-anchor infobox-btn \" href=\"https:\/\/beta.aa-intergroup.org\/fr\/committees\/unite\/\" rel=\"noopener\"><strong>Unit\u00e9<\/strong><\/a><\/div><\/div><\/div><\/div><\/div><\/div>\n<\/div>\n<\/div>\n\n<div style=\"height:32px\" aria-hidden=\"true\" class=\"wp-block-spacer\"><\/div>\n\n<p><\/p>\n\n<div style=\"height:32px\" aria-hidden=\"true\" class=\"wp-block-spacer\"><\/div>\n","protected":false},"excerpt":{"rendered":"<p>\u00c0 l\u2019int\u00e9rieur de l\u2019OIAA C\u2019est la ressource incontournable pour tout ce qui se passe \u00e0 l\u2019int\u00e9rieur de l\u2019OIAA. Comit\u00e9s de service Il existe plusieurs fa\u00e7ons de s&#8217;impliquer et de servir la fraternit\u00e9 au sein de l&#8217;OIAA. D\u00e9couvrez chacun de nos comit\u00e9s permanents ci-dessous.<\/p>\n","protected":false},"author":153,"featured_media":0,"parent":0,"menu_order":0,"comment_status":"closed","ping_status":"closed","template":"","meta":{"_acf_changed":false,"_eb_attr":"","footnotes":""},"class_list":["post-15433","page","type-page","status-publish","hentry"],"acf":[],"_links":{"self":[{"href":"https:\/\/beta.aa-intergroup.org\/fr\/wp-json\/wp\/v2\/pages\/15433","targetHints":{"allow":["GET"]}}],"collection":[{"href":"https:\/\/beta.aa-intergroup.org\/fr\/wp-json\/wp\/v2\/pages"}],"about":[{"href":"https:\/\/beta.aa-intergroup.org\/fr\/wp-json\/wp\/v2\/types\/page"}],"author":[{"embeddable":true,"href":"https:\/\/beta.aa-intergroup.org\/fr\/wp-json\/wp\/v2\/users\/153"}],"replies":[{"embeddable":true,"href":"https:\/\/beta.aa-intergroup.org\/fr\/wp-json\/wp\/v2\/comments?post=15433"}],"version-history":[{"count":3,"href":"https:\/\/beta.aa-intergroup.org\/fr\/wp-json\/wp\/v2\/pages\/15433\/revisions"}],"predecessor-version":[{"id":15506,"href":"https:\/\/beta.aa-intergroup.org\/fr\/wp-json\/wp\/v2\/pages\/15433\/revisions\/15506"}],"wp:attachment":[{"href":"https:\/\/beta.aa-intergroup.org\/fr\/wp-json\/wp\/v2\/media?parent=15433"}],"curies":[{"name":"wp","href":"https:\/\/api.w.org\/{rel}","templated":true}]}}