{"id":15502,"date":"2025-06-16T13:15:23","date_gmt":"2025-06-16T17:15:23","guid":{"rendered":"https:\/\/beta.aa-intergroup.org\/outils-et-directives-pour-les-reunions-en-ligne\/"},"modified":"2025-10-28T04:27:54","modified_gmt":"2025-10-28T08:27:54","slug":"outils-et-directives-pour-les-reunions-en-ligne","status":"publish","type":"page","link":"https:\/\/beta.aa-intergroup.org\/fr\/outils-et-directives-pour-les-reunions-en-ligne\/","title":{"rendered":"Outils et directives pour les r\u00e9unions en ligne"},"content":{"rendered":"\n<hr class=\"wp-block-separator has-text-color has-alpha-channel-opacity has-background is-style-default\" style=\"background-color:#08c9fd;color:#08c9fd\"\/>\n\n<h2 class=\"wp-block-heading has-text-align-center has-text-color has-link-color has-x-large-font-size wp-elements-9e4b540d0c9a6b4fb5f85df390232cfe\" style=\"color:#011a5c;font-style:normal;font-weight:700;text-transform:uppercase\">\u00c0 l\u2019int\u00e9rieur de l\u2019OIAA<\/h2>\n\n<p class=\"has-text-align-center\">C\u2019est la ressource incontournable pour tout ce qui se passe \u00e0 l\u2019int\u00e9rieur de l\u2019OIAA. <\/p>\n\n<div class=\"wp-block-essential-blocks-text root-eb-text-zsirc\"><div class=\"eb-parent-wrapper eb-parent-eb-text-zsirc \"><div class=\"eb-text-wrapper eb-text-zsirc\" data-id=\"eb-text-zsirc\"><p class=\"eb-text\"><strong>Menu \u00c0 l\u2019int\u00e9rieur de l\u2019OIAA<\/strong><br><a href=\"https:\/\/beta.aa-intergroup.org\/fr\/groupes-membres-de-loiaa\/\" data-type=\"page\" data-id=\"21905\">groupes<\/a><br><a href=\"https:\/\/beta.aa-intergroup.org\/fr\/outils-et-directives-pour-les-reunions-en-ligne\/\" data-type=\"link\" data-id=\"https:\/\/beta.aa-intergroup.org\/online-meeting-tools-guidelines\/\">outils et directives pour les r\u00e9unions en ligne<\/a><br><a href=\"https:\/\/beta.aa-intergroup.org\/fr\/loiaa-en-action\/\" data-type=\"page\" data-id=\"21908\">L\u2019OIAA en action<\/a><br><a href=\"https:\/\/beta.aa-intergroup.org\/fr\/comites-de-service\/\" data-type=\"page\" data-id=\"21910\">comit\u00e9s de service<\/a><br><a href=\"https:\/\/beta.aa-intergroup.org\/fr\/calendrier-oiaa\/\" data-type=\"link\" data-id=\"https:\/\/beta.aa-intergroup.org\/oiaa-calendar\/\">\u00e9v\u00e9nements de l\u2019OIAA<\/a><br><a href=\"https:\/\/beta.aa-intergroup.org\/become-a-member\/\" data-type=\"page\" data-id=\"21912\">devenir membre<\/a><\/p><\/div><\/div><\/div>\n\n<!-- UberMenu [Configuration:insideoiaa] [Theme Loc:] [Integration:api] -->\n<button class=\"ubermenu-responsive-toggle ubermenu-responsive-toggle-insideoiaa ubermenu-skin-grey-white ubermenu-loc- ubermenu-responsive-toggle-content-align-left ubermenu-responsive-toggle-align-full ubermenu-responsive-toggle-close-icon-times \" tabindex=\"0\" data-ubermenu-target=\"ubermenu-insideoiaa-623\"   aria-label=\"Toggle Inside OIAA - French\"><i class=\"fas fa-bars\" ><\/i>Menu<\/button><nav id=\"ubermenu-insideoiaa-623\" class=\"ubermenu ubermenu-nojs ubermenu-insideoiaa ubermenu-menu-623 ubermenu-responsive ubermenu-responsive-default ubermenu-responsive-collapse ubermenu-horizontal ubermenu-transition-shift ubermenu-trigger-hover_intent ubermenu-skin-grey-white  ubermenu-bar-align-full ubermenu-items-align-flex ubermenu-bound-inner ubermenu-disable-submenu-scroll ubermenu-sub-indicators ubermenu-retractors-responsive ubermenu-submenu-indicator-closes\"><ul id=\"ubermenu-nav-insideoiaa-90\" class=\"ubermenu-nav\" data-title=\"Inside OIAA - French\"><li id=\"menu-item-37513\" class=\"ubermenu-item ubermenu-item-type-post_type ubermenu-item-object-page ubermenu-item-37513 ubermenu-item-level-0 ubermenu-column ubermenu-column-auto\" ><a class=\"ubermenu-target ubermenu-item-layout-default ubermenu-item-layout-text_only\" href=\"https:\/\/beta.aa-intergroup.org\/fr\/groupes-membres-de-loiaa\/\" tabindex=\"0\"><span class=\"ubermenu-target-title ubermenu-target-text\">Groupes membres de l\u2019OIAA<\/span><\/a><\/li><li id=\"menu-item-37521\" class=\"ubermenu-item ubermenu-item-type-post_type ubermenu-item-object-page ubermenu-item-37521 ubermenu-item-level-0 ubermenu-column ubermenu-column-auto\" ><a class=\"ubermenu-target ubermenu-item-layout-default ubermenu-item-layout-text_only\" href=\"https:\/\/beta.aa-intergroup.org\/fr\/outils-et-directives-pour-les-reunions-en-ligne\/\" tabindex=\"0\"><span class=\"ubermenu-target-title ubermenu-target-text\">Outils et directives pour les r\u00e9unions en ligne<\/span><\/a><\/li><li id=\"menu-item-37522\" class=\"ubermenu-item ubermenu-item-type-post_type ubermenu-item-object-page ubermenu-item-37522 ubermenu-item-level-0 ubermenu-column ubermenu-column-auto\" ><a class=\"ubermenu-target ubermenu-item-layout-default ubermenu-item-layout-text_only\" href=\"https:\/\/beta.aa-intergroup.org\/fr\/loiaa-en-action\/\" tabindex=\"0\"><span class=\"ubermenu-target-title ubermenu-target-text\">L\u2019OIAA en action<\/span><\/a><\/li><li id=\"menu-item-37523\" class=\"ubermenu-item ubermenu-item-type-post_type ubermenu-item-object-page ubermenu-item-37523 ubermenu-item-level-0 ubermenu-column ubermenu-column-auto\" ><a class=\"ubermenu-target ubermenu-item-layout-default ubermenu-item-layout-text_only\" href=\"https:\/\/beta.aa-intergroup.org\/fr\/comites-de-service\/\" tabindex=\"0\"><span class=\"ubermenu-target-title ubermenu-target-text\">Comit\u00e9s de service<\/span><\/a><\/li><li id=\"menu-item-37524\" class=\"ubermenu-item ubermenu-item-type-post_type ubermenu-item-object-page ubermenu-item-37524 ubermenu-item-level-0 ubermenu-column ubermenu-column-auto\" ><a class=\"ubermenu-target ubermenu-item-layout-default ubermenu-item-layout-text_only\" href=\"https:\/\/beta.aa-intergroup.org\/fr\/calendrier-oiaa\/\" tabindex=\"0\"><span class=\"ubermenu-target-title ubermenu-target-text\">Calendrier OIAA<\/span><\/a><\/li><li id=\"menu-item-37525\" class=\"ubermenu-item ubermenu-item-type-post_type ubermenu-item-object-page ubermenu-item-37525 ubermenu-item-level-0 ubermenu-column ubermenu-column-auto\" ><a class=\"ubermenu-target ubermenu-item-layout-default ubermenu-item-layout-text_only\" href=\"https:\/\/beta.aa-intergroup.org\/fr\/devenir-membre\/\" tabindex=\"0\"><span class=\"ubermenu-target-title ubermenu-target-text\">Devenir membre<\/span><\/a><\/li><\/ul><\/nav>\n<!-- End UberMenu -->\n\n\n<hr class=\"wp-block-separator has-text-color has-alpha-channel-opacity has-background is-style-default\" style=\"background-color:#08c9fd;color:#08c9fd\"\/>\n\n<div style=\"height:30px\" aria-hidden=\"true\" class=\"wp-block-spacer\"><\/div>\n\n<div class=\"wp-block-columns is-layout-flex wp-container-core-columns-is-layout-9d6595d7 wp-block-columns-is-layout-flex\">\n<div class=\"wp-block-column is-layout-flow wp-block-column-is-layout-flow\">\n<div class=\"wp-block-essential-blocks-infobox root-eb-infobox-ujhj7\"><div class=\"eb-parent-wrapper eb-parent-eb-infobox-ujhj7 \"><div class=\"eb-infobox-ujhj7 eb-infobox-wrapper\"><div class=\"infobox-wrapper-inner\"><div class=\"contents-wrapper\"><h3 class=\"title\"><strong>Soumettre une nouvelle r\u00e9union en ligne<\/strong><\/h3><p class=\"description\">Si vous avez un groupe AA qui se r\u00e9unit num\u00e9riquement \u2014 par t\u00e9l\u00e9phone, chat, vid\u00e9oconf\u00e9rence, etc. \u2014 veuillez partager les informations de participation avec nous, afin que nous puissions l&#8217;inclure dans le r\u00e9pertoire AA en ligne. Votre inscription n&#8217;appara\u00eetra pas imm\u00e9diatement. Veuillez pr\u00e9voir du temps pour l&#8217;examen.  <br><\/p><div class=\"eb-button-inner-wrapper eb-infobox-btn-wrapper\"><a class=\"eb-button-anchor infobox-btn \" href=\"https:\/\/beta.aa-intergroup.org\/submit-meeting\/\" rel=\"noopener\"><strong>Soumettre votre r\u00e9union<\/strong><\/a><\/div><\/div><\/div><\/div><\/div><\/div>\n<\/div>\n\n\n\n<div class=\"wp-block-column is-layout-flow wp-block-column-is-layout-flow\">\n<div class=\"wp-block-essential-blocks-infobox root-eb-infobox-olgtw\"><div class=\"eb-parent-wrapper eb-parent-eb-infobox-olgtw \"><div class=\"eb-infobox-olgtw eb-infobox-wrapper\"><div class=\"infobox-wrapper-inner\"><div class=\"contents-wrapper\"><h3 class=\"title\"><strong>Mises \u00e0 jour <\/strong><strong>du r\u00e9pertoire des r\u00e9unions<\/strong><\/h3><p class=\"description\">Les repr\u00e9sentants officiels d&#8217;une r\u00e9union en ligne r\u00e9pertori\u00e9e dans la base de donn\u00e9es des r\u00e9unions peuvent mettre \u00e0 jour leur inscription. Les modifications peuvent concerner l&#8217;heure\/la date, les modifications de description, les mises \u00e0 jour des liens, num\u00e9ros de t\u00e9l\u00e9phone ou mots de passe, la suppression de l&#8217;inscription, etc. <br><\/p><div class=\"eb-button-inner-wrapper eb-infobox-btn-wrapper\"><a class=\"eb-button-anchor infobox-btn \" href=\"https:\/\/beta.aa-intergroup.org\/meeting-directory-updates\/\" rel=\"noopener\"><strong>Mettre \u00e0 jour votre r\u00e9union<\/strong><\/a><\/div><\/div><\/div><\/div><\/div><\/div>\n<\/div>\n<\/div>\n\n<div style=\"height:100px\" aria-hidden=\"true\" class=\"wp-block-spacer\"><\/div>\n\n<div class=\"wp-block-columns is-layout-flex wp-container-core-columns-is-layout-9d6595d7 wp-block-columns-is-layout-flex\">\n<div class=\"wp-block-column is-layout-flow wp-block-column-is-layout-flow\">\n<div class=\"wp-block-essential-blocks-infobox root-eb-infobox-fkisq\"><div class=\"eb-parent-wrapper eb-parent-eb-infobox-fkisq \"><div class=\"eb-infobox-fkisq eb-infobox-wrapper\"><div class=\"infobox-wrapper-inner\"><div class=\"contents-wrapper\"><h3 class=\"title\"><strong>Directives du r\u00e9pertoire des r\u00e9unions<\/strong><\/h3><p class=\"description\">Tout groupe ou r\u00e9union AA en ligne peut \u00eatre r\u00e9pertori\u00e9 dans le r\u00e9pertoire \u00e0 condition qu&#8217;il adh\u00e8re aux Traditions des Alcooliques Anonymes.<br><\/p><div class=\"eb-button-inner-wrapper eb-infobox-btn-wrapper\"><a class=\"eb-button-anchor infobox-btn \" href=\"https:\/\/beta.aa-intergroup.org\/meeting-directory-guidelines\/\" rel=\"noopener\"><strong>Lire les directives<\/strong><\/a><\/div><\/div><\/div><\/div><\/div><\/div>\n<\/div>\n\n\n\n<div class=\"wp-block-column is-layout-flow wp-block-column-is-layout-flow\">\n<div class=\"wp-block-essential-blocks-infobox root-eb-infobox-q4y2a\"><div class=\"eb-parent-wrapper eb-parent-eb-infobox-q4y2a \"><div class=\"eb-infobox-q4y2a eb-infobox-wrapper\"><div class=\"infobox-wrapper-inner\"><div class=\"contents-wrapper\"><h3 class=\"title\"><strong>Aide pour les r\u00e9unions en ligne<\/strong><\/h3><p class=\"description\">Le sous-comit\u00e9 Tech Steppers fournit un soutien aux r\u00e9unions du r\u00e9pertoire OIAA et \u00e0 leurs participants pour la s\u00e9curit\u00e9 en ligne et les param\u00e8tres de compte.<\/p><div class=\"eb-button-inner-wrapper eb-infobox-btn-wrapper\"><a class=\"eb-button-anchor infobox-btn \" href=\"https:\/\/beta.aa-intergroup.org\/online-meeting-help\/\" rel=\"noopener\"><strong>Contacter les tech steppers<\/strong><\/a><\/div><\/div><\/div><\/div><\/div><\/div>\n<\/div>\n<\/div>\n\n<p><\/p>\n\n<div style=\"height:244px\" aria-hidden=\"true\" class=\"wp-block-spacer\"><\/div>\n","protected":false},"excerpt":{"rendered":"<p>\u00c0 l\u2019int\u00e9rieur de l\u2019OIAA C\u2019est la ressource incontournable pour tout ce qui se passe \u00e0 l\u2019int\u00e9rieur de l\u2019OIAA.<\/p>\n","protected":false},"author":153,"featured_media":0,"parent":0,"menu_order":0,"comment_status":"closed","ping_status":"closed","template":"","meta":{"_acf_changed":false,"_eb_attr":"","footnotes":""},"class_list":["post-15502","page","type-page","status-publish","hentry"],"acf":[],"_links":{"self":[{"href":"https:\/\/beta.aa-intergroup.org\/fr\/wp-json\/wp\/v2\/pages\/15502","targetHints":{"allow":["GET"]}}],"collection":[{"href":"https:\/\/beta.aa-intergroup.org\/fr\/wp-json\/wp\/v2\/pages"}],"about":[{"href":"https:\/\/beta.aa-intergroup.org\/fr\/wp-json\/wp\/v2\/types\/page"}],"author":[{"embeddable":true,"href":"https:\/\/beta.aa-intergroup.org\/fr\/wp-json\/wp\/v2\/users\/153"}],"replies":[{"embeddable":true,"href":"https:\/\/beta.aa-intergroup.org\/fr\/wp-json\/wp\/v2\/comments?post=15502"}],"version-history":[{"count":1,"href":"https:\/\/beta.aa-intergroup.org\/fr\/wp-json\/wp\/v2\/pages\/15502\/revisions"}],"predecessor-version":[{"id":15503,"href":"https:\/\/beta.aa-intergroup.org\/fr\/wp-json\/wp\/v2\/pages\/15502\/revisions\/15503"}],"wp:attachment":[{"href":"https:\/\/beta.aa-intergroup.org\/fr\/wp-json\/wp\/v2\/media?parent=15502"}],"curies":[{"name":"wp","href":"https:\/\/api.w.org\/{rel}","templated":true}]}}