{"id":15504,"date":"2025-06-13T19:08:28","date_gmt":"2025-06-13T23:08:28","guid":{"rendered":"https:\/\/beta.aa-intergroup.org\/devenir-membre\/"},"modified":"2025-10-28T04:27:54","modified_gmt":"2025-10-28T08:27:54","slug":"devenir-membre","status":"publish","type":"page","link":"https:\/\/beta.aa-intergroup.org\/fr\/devenir-membre\/","title":{"rendered":"Devenir membre"},"content":{"rendered":"\n<hr class=\"wp-block-separator has-text-color has-alpha-channel-opacity has-background is-style-default\" style=\"background-color:#08c9fd;color:#08c9fd\"\/>\n\n<h2 class=\"wp-block-heading has-text-align-center has-text-color has-link-color has-x-large-font-size wp-elements-9e4b540d0c9a6b4fb5f85df390232cfe\" style=\"color:#011a5c;font-style:normal;font-weight:700;text-transform:uppercase\">\u00c0 l\u2019int\u00e9rieur de l\u2019OIAA<\/h2>\n\n<p class=\"has-text-align-center\">C\u2019est la ressource incontournable pour tout ce qui se passe \u00e0 l\u2019int\u00e9rieur de l\u2019OIAA. <\/p>\n\n<div class=\"wp-block-essential-blocks-text root-eb-text-h7yga\"><div class=\"eb-parent-wrapper eb-parent-eb-text-h7yga \"><div class=\"eb-text-wrapper eb-text-h7yga\" data-id=\"eb-text-h7yga\"><p class=\"eb-text\"><strong>Menu \u00c0 l\u2019int\u00e9rieur de l\u2019OIAA<\/strong><br><a href=\"https:\/\/beta.aa-intergroup.org\/fr\/groupes-membres-de-loiaa\/\" data-type=\"page\" data-id=\"21905\">groupes<\/a><br><a href=\"https:\/\/beta.aa-intergroup.org\/fr\/outils-et-directives-pour-les-reunions-en-ligne\/\" data-type=\"link\" data-id=\"https:\/\/staging2.aa-intergroup.org\/online-meeting-tools-guidelines\/\">outils et directives pour les r\u00e9unions en ligne<\/a><br><a href=\"https:\/\/beta.aa-intergroup.org\/fr\/loiaa-en-action\/\" data-type=\"page\" data-id=\"21908\">L\u2019OIAA en action<\/a><br><a href=\"https:\/\/beta.aa-intergroup.org\/fr\/comites-de-service\/\" data-type=\"page\" data-id=\"21910\">comit\u00e9s de service<\/a><br><a href=\"https:\/\/beta.aa-intergroup.org\/fr\/calendrier-oiaa\/\" data-type=\"link\" data-id=\"https:\/\/beta.aa-intergroup.org\/oiaa-calendar\/\">\u00e9v\u00e9nements de l\u2019OIAA<\/a><br><a href=\"https:\/\/beta.aa-intergroup.org\/become-a-member\/\" data-type=\"page\" data-id=\"21912\">devenir membre<\/a><\/p><\/div><\/div><\/div>\n\n<!-- UberMenu [Configuration:insideoiaa] [Theme Loc:] [Integration:api] -->\n<button class=\"ubermenu-responsive-toggle ubermenu-responsive-toggle-insideoiaa ubermenu-skin-grey-white ubermenu-loc- ubermenu-responsive-toggle-content-align-left ubermenu-responsive-toggle-align-full ubermenu-responsive-toggle-close-icon-times \" tabindex=\"0\" data-ubermenu-target=\"ubermenu-insideoiaa-623\"   aria-label=\"Toggle Inside OIAA - French\"><i class=\"fas fa-bars\" ><\/i>Menu<\/button><nav id=\"ubermenu-insideoiaa-623\" class=\"ubermenu ubermenu-nojs ubermenu-insideoiaa ubermenu-menu-623 ubermenu-responsive ubermenu-responsive-default ubermenu-responsive-collapse ubermenu-horizontal ubermenu-transition-shift ubermenu-trigger-hover_intent ubermenu-skin-grey-white  ubermenu-bar-align-full ubermenu-items-align-flex ubermenu-bound-inner ubermenu-disable-submenu-scroll ubermenu-sub-indicators ubermenu-retractors-responsive ubermenu-submenu-indicator-closes\"><ul id=\"ubermenu-nav-insideoiaa-90\" class=\"ubermenu-nav\" data-title=\"Inside OIAA - French\"><li id=\"menu-item-37513\" class=\"ubermenu-item ubermenu-item-type-post_type ubermenu-item-object-page ubermenu-item-37513 ubermenu-item-level-0 ubermenu-column ubermenu-column-auto\" ><a class=\"ubermenu-target ubermenu-item-layout-default ubermenu-item-layout-text_only\" href=\"https:\/\/beta.aa-intergroup.org\/fr\/groupes-membres-de-loiaa\/\" tabindex=\"0\"><span class=\"ubermenu-target-title ubermenu-target-text\">Groupes membres de l\u2019OIAA<\/span><\/a><\/li><li id=\"menu-item-37521\" class=\"ubermenu-item ubermenu-item-type-post_type ubermenu-item-object-page ubermenu-item-37521 ubermenu-item-level-0 ubermenu-column ubermenu-column-auto\" ><a class=\"ubermenu-target ubermenu-item-layout-default ubermenu-item-layout-text_only\" href=\"https:\/\/beta.aa-intergroup.org\/fr\/outils-et-directives-pour-les-reunions-en-ligne\/\" tabindex=\"0\"><span class=\"ubermenu-target-title ubermenu-target-text\">Outils et directives pour les r\u00e9unions en ligne<\/span><\/a><\/li><li id=\"menu-item-37522\" class=\"ubermenu-item ubermenu-item-type-post_type ubermenu-item-object-page ubermenu-item-37522 ubermenu-item-level-0 ubermenu-column ubermenu-column-auto\" ><a class=\"ubermenu-target ubermenu-item-layout-default ubermenu-item-layout-text_only\" href=\"https:\/\/beta.aa-intergroup.org\/fr\/loiaa-en-action\/\" tabindex=\"0\"><span class=\"ubermenu-target-title ubermenu-target-text\">L\u2019OIAA en action<\/span><\/a><\/li><li id=\"menu-item-37523\" class=\"ubermenu-item ubermenu-item-type-post_type ubermenu-item-object-page ubermenu-item-37523 ubermenu-item-level-0 ubermenu-column ubermenu-column-auto\" ><a class=\"ubermenu-target ubermenu-item-layout-default ubermenu-item-layout-text_only\" href=\"https:\/\/beta.aa-intergroup.org\/fr\/comites-de-service\/\" tabindex=\"0\"><span class=\"ubermenu-target-title ubermenu-target-text\">Comit\u00e9s de service<\/span><\/a><\/li><li id=\"menu-item-37524\" class=\"ubermenu-item ubermenu-item-type-post_type ubermenu-item-object-page ubermenu-item-37524 ubermenu-item-level-0 ubermenu-column ubermenu-column-auto\" ><a class=\"ubermenu-target ubermenu-item-layout-default ubermenu-item-layout-text_only\" href=\"https:\/\/beta.aa-intergroup.org\/fr\/calendrier-oiaa\/\" tabindex=\"0\"><span class=\"ubermenu-target-title ubermenu-target-text\">Calendrier OIAA<\/span><\/a><\/li><li id=\"menu-item-37525\" class=\"ubermenu-item ubermenu-item-type-post_type ubermenu-item-object-page ubermenu-item-37525 ubermenu-item-level-0 ubermenu-column ubermenu-column-auto\" ><a class=\"ubermenu-target ubermenu-item-layout-default ubermenu-item-layout-text_only\" href=\"https:\/\/beta.aa-intergroup.org\/fr\/devenir-membre\/\" tabindex=\"0\"><span class=\"ubermenu-target-title ubermenu-target-text\">Devenir membre<\/span><\/a><\/li><\/ul><\/nav>\n<!-- End UberMenu -->\n\n\n<hr class=\"wp-block-separator has-text-color has-alpha-channel-opacity has-background is-style-default\" style=\"background-color:#08c9fd;color:#08c9fd\"\/>\n\n<h2 class=\"wp-block-heading has-text-align-center\">Devenir membre<\/h2>\n\n<p class=\"has-text-align-center\">L&#8217;Intergroupe en Ligne des Alcooliques Anonymes, ou OIAA, est une organisation de service internationale \u00e9tablie conform\u00e9ment \u00e0 la Neuvi\u00e8me Tradition des Alcooliques Anonymes A.A., sp\u00e9cifiquement dans le but d&#8217;aider les groupes A.A. <strong>en ligne<\/strong> dans leur objectif commun de transmettre le message des A.A. \u00e0 l&#8217;alcoolique qui souffre encore.<\/p>\n\n<div class=\"wp-block-columns is-layout-flex wp-container-core-columns-is-layout-9d6595d7 wp-block-columns-is-layout-flex\">\n<div class=\"wp-block-column is-layout-flow wp-block-column-is-layout-flow\">\n<div class=\"wp-block-essential-blocks-infobox root-eb-infobox-lsiv7\"><div class=\"eb-parent-wrapper eb-parent-eb-infobox-lsiv7 \"><div class=\"eb-infobox-lsiv7 eb-infobox-wrapper\"><div class=\"infobox-wrapper-inner\"><div class=\"contents-wrapper\"><p class=\"description\">L&#8217;Intergroupe en Ligne des Alcooliques Anonymes, ou OIAA, est une organisation de service internationale \u00e9tablie sp\u00e9cifiquement dans le but d&#8217;aider les groupes A.A. <strong>en ligne<\/strong> dans leur objectif commun de transmettre le message des A.A. \u00e0 l&#8217;alcoolique qui souffre encore.<br><br><\/p><div class=\"eb-button-inner-wrapper eb-infobox-btn-wrapper\"><a class=\"eb-button-anchor infobox-btn \" href=\"https:\/\/beta.aa-intergroup.org\/what-is-oiaa\/\" rel=\"noopener\"><strong>Qu&#8217;est-ce que l&#8217;OIAA<\/strong><\/a><\/div><\/div><\/div><\/div><\/div><\/div>\n<\/div>\n\n\n\n<div class=\"wp-block-column is-layout-flow wp-block-column-is-layout-flow\">\n<div class=\"wp-block-essential-blocks-infobox root-eb-infobox-jcrlp\"><div class=\"eb-parent-wrapper eb-parent-eb-infobox-jcrlp \"><div class=\"eb-infobox-jcrlp eb-infobox-wrapper\"><div class=\"infobox-wrapper-inner\"><div class=\"contents-wrapper\"><p class=\"description\">L&#8217;OIAA est enti\u00e8rement d\u00e9di\u00e9 au service. Service \u00e0 l&#8217;alcoolique qui souffre encore.  <br>Service \u00e0 nos groupes en ligne. <br>Service \u00e0 notre fraternit\u00e9 en ligne. L&#8217;adh\u00e9sion \u00e0 l&#8217;Intergroupe en Ligne est ouverte \u00e0 tous les groupes A.A. en ligne et \u00e0 tous les membres des A.A. <br><br><br><\/p><div class=\"eb-button-inner-wrapper eb-infobox-btn-wrapper\"><a class=\"eb-button-anchor infobox-btn \" href=\"https:\/\/beta.aa-intergroup.org\/why-join-oiaa\/\" rel=\"noopener\"><strong>Pourquoi rejoindre l&#8217;OIAA<\/strong><\/a><\/div><\/div><\/div><\/div><\/div><\/div>\n<\/div>\n\n\n\n<div class=\"wp-block-column is-layout-flow wp-block-column-is-layout-flow\">\n<div class=\"wp-block-essential-blocks-infobox root-eb-infobox-mkh3o\"><div class=\"eb-parent-wrapper eb-parent-eb-infobox-mkh3o \"><div class=\"eb-infobox-mkh3o eb-infobox-wrapper\"><div class=\"infobox-wrapper-inner\"><div class=\"contents-wrapper\"><p class=\"description\">Les principes fondamentaux et les traditions des Alcooliques Anonymes (AA) s&#8217;appliquent \u00e0 toutes les communications entre membres utilisant les m\u00e9dias \u00e9lectroniques, tels qu&#8217;Internet, le t\u00e9l\u00e9phone, les sites web, les courriels, etc. Cette d\u00e9claration consultative en ligne vise \u00e0 clarifier certaines situations particuli\u00e8res qui surviennent lors des r\u00e9unions et communications AA par voie \u00e9lectronique. <br><\/p><div class=\"eb-button-inner-wrapper eb-infobox-btn-wrapper\"><a class=\"eb-button-anchor infobox-btn \" href=\"https:\/\/beta.aa-intergroup.org\/anonymity\/\" rel=\"noopener\"><strong>Anonymat et confidentialit\u00e9<\/strong><\/a><\/div><\/div><\/div><\/div><\/div><\/div>\n<\/div>\n<\/div>\n\n<div style=\"height:32px\" aria-hidden=\"true\" class=\"wp-block-spacer\"><\/div>\n\n<div class=\"wp-block-columns is-layout-flex wp-container-core-columns-is-layout-9d6595d7 wp-block-columns-is-layout-flex\">\n<div class=\"wp-block-column is-layout-flow wp-block-column-is-layout-flow\">\n<div class=\"wp-block-essential-blocks-infobox root-eb-infobox-kj0bu\"><div class=\"eb-parent-wrapper eb-parent-eb-infobox-kj0bu \"><div class=\"eb-infobox-kj0bu eb-infobox-wrapper\"><div class=\"infobox-wrapper-inner\"><div class=\"contents-wrapper\"><p class=\"description\">En 1994, les membres en ligne de la Fraternit\u00e9 des Alcooliques Anonymes ont commenc\u00e9 \u00e0 se pr\u00e9parer pour participer \u00e0 la Convention Internationale de San Diego, qui s&#8217;est tenue en juin 1995.<br><br><\/p><div class=\"eb-button-inner-wrapper eb-infobox-btn-wrapper\"><a class=\"eb-button-anchor infobox-btn \" href=\"https:\/\/beta.aa-intergroup.org\/oiaa-history-timeline\/\" rel=\"noopener\"><strong>Histoire de l&#8217;OIAA<\/strong><\/a><\/div><\/div><\/div><\/div><\/div><\/div>\n<\/div>\n\n\n\n<div class=\"wp-block-column is-layout-flow wp-block-column-is-layout-flow\">\n<div class=\"wp-block-essential-blocks-infobox root-eb-infobox-fe1lt\"><div class=\"eb-parent-wrapper eb-parent-eb-infobox-fe1lt \"><div class=\"eb-infobox-fe1lt eb-infobox-wrapper\"><div class=\"infobox-wrapper-inner\"><div class=\"contents-wrapper\"><p class=\"description\">L&#8217;adh\u00e9sion n&#8217;est pas obligatoire pour inscrire votre groupe A.A. en ligne dans l&#8217;Annuaire des R\u00e9unions ou pour participer \u00e0 l&#8217;un de nos nombreux Comit\u00e9s de Service. Les individus peuvent \u00e9galement devenir membres de l&#8217;OIAA. <br><\/p><div class=\"eb-button-inner-wrapper eb-infobox-btn-wrapper\"><a class=\"eb-button-anchor infobox-btn \" href=\"https:\/\/beta.aa-intergroup.org\/join-oiaa\/\" rel=\"noopener\"><strong>Rejoindre l&#8217;OIAA<\/strong><\/a><\/div><\/div><\/div><\/div><\/div><\/div>\n<\/div>\n\n\n\n<div class=\"wp-block-column is-layout-flow wp-block-column-is-layout-flow\">\n<div class=\"wp-block-essential-blocks-infobox root-eb-infobox-rm2bn\"><div class=\"eb-parent-wrapper eb-parent-eb-infobox-rm2bn \"><div class=\"eb-infobox-rm2bn eb-infobox-wrapper\"><div class=\"infobox-wrapper-inner\"><div class=\"contents-wrapper\"><p class=\"description\">OIAA., Inc., \u00e9galement connu sous le nom d&#8217;Intergroupe en Ligne des Alcooliques Anonymes\u00a9 (\u00ab OIAA \u00bb), respecte la vie priv\u00e9e de chaque personne qui visite ce site.<br><\/p><div class=\"eb-button-inner-wrapper eb-infobox-btn-wrapper\"><a class=\"eb-button-anchor infobox-btn \" href=\"https:\/\/beta.aa-intergroup.org\/privacy-policy\/\" rel=\"noopener\"><strong>Politique de confidentialit\u00e9<\/strong><\/a><\/div><\/div><\/div><\/div><\/div><\/div>\n<\/div>\n<\/div>\n\n<div style=\"height:32px\" aria-hidden=\"true\" class=\"wp-block-spacer\"><\/div>\n","protected":false},"excerpt":{"rendered":"<p>\u00c0 l\u2019int\u00e9rieur de l\u2019OIAA C\u2019est la ressource incontournable pour tout ce qui se passe \u00e0 l\u2019int\u00e9rieur de l\u2019OIAA. Devenir membre L&#8217;Intergroupe en Ligne des Alcooliques Anonymes, ou OIAA, est une organisation de service internationale \u00e9tablie conform\u00e9ment \u00e0 la Neuvi\u00e8me Tradition des Alcooliques Anonymes A.A., sp\u00e9cifiquement dans le but d&#8217;aider les groupes A.A. en ligne dans<a class=\"excerpt-read-more\" href=\"https:\/\/beta.aa-intergroup.org\/fr\/devenir-membre\/\" title=\"ReadDevenir membre\">&#8230; Read more &raquo;<\/a><\/p>\n","protected":false},"author":153,"featured_media":0,"parent":0,"menu_order":0,"comment_status":"closed","ping_status":"closed","template":"","meta":{"_acf_changed":false,"_eb_attr":"","footnotes":""},"class_list":["post-15504","page","type-page","status-publish","hentry"],"acf":[],"_links":{"self":[{"href":"https:\/\/beta.aa-intergroup.org\/fr\/wp-json\/wp\/v2\/pages\/15504","targetHints":{"allow":["GET"]}}],"collection":[{"href":"https:\/\/beta.aa-intergroup.org\/fr\/wp-json\/wp\/v2\/pages"}],"about":[{"href":"https:\/\/beta.aa-intergroup.org\/fr\/wp-json\/wp\/v2\/types\/page"}],"author":[{"embeddable":true,"href":"https:\/\/beta.aa-intergroup.org\/fr\/wp-json\/wp\/v2\/users\/153"}],"replies":[{"embeddable":true,"href":"https:\/\/beta.aa-intergroup.org\/fr\/wp-json\/wp\/v2\/comments?post=15504"}],"version-history":[{"count":1,"href":"https:\/\/beta.aa-intergroup.org\/fr\/wp-json\/wp\/v2\/pages\/15504\/revisions"}],"predecessor-version":[{"id":15505,"href":"https:\/\/beta.aa-intergroup.org\/fr\/wp-json\/wp\/v2\/pages\/15504\/revisions\/15505"}],"wp:attachment":[{"href":"https:\/\/beta.aa-intergroup.org\/fr\/wp-json\/wp\/v2\/media?parent=15504"}],"curies":[{"name":"wp","href":"https:\/\/api.w.org\/{rel}","templated":true}]}}