{"id":15542,"date":"2023-04-12T11:38:33","date_gmt":"2023-04-12T15:38:33","guid":{"rendered":"https:\/\/beta.aa-intergroup.org\/quest-ce-que-loiaa\/"},"modified":"2025-10-28T04:42:21","modified_gmt":"2025-10-28T08:42:21","slug":"quest-ce-que-loiaa","status":"publish","type":"page","link":"https:\/\/beta.aa-intergroup.org\/fr\/quest-ce-que-loiaa\/","title":{"rendered":"Qu&#8217;est-ce que l&#8217;OIAA"},"content":{"rendered":"\n<div class=\"wp-block-columns has-background is-layout-flex wp-container-core-columns-is-layout-9d6595d7 wp-block-columns-is-layout-flex\" style=\"background-color:#02c8fd\">\n<div class=\"wp-block-column is-layout-flow wp-block-column-is-layout-flow\">\n<div class=\"wp-block-essential-blocks-number-counter root-eb-counter-p7itz\"><div class=\"eb-parent-wrapper eb-parent-eb-counter-p7itz \"><div class=\"eb-counter-p7itz eb-counter-wrapper\"><div class=\"counter-contents-wrapper\"><p class=\"eb-counter-number\"><span class=\"eb-counter-prefix\"><\/span><span class=\"eb-counter eb-counter-number\" data-duration=\"1000\" data-startvalue=\"0\" data-target=\"1040\" data-separator=\",\" data-isshowseparator=\"true\">0<\/span><span class=\"eb-counter-suffix\">+<\/span><\/p><p class=\"eb-counter-title\">Total<br>des membres<\/p><\/div><\/div><\/div><\/div>\n<\/div>\n\n\n\n<div class=\"wp-block-column is-layout-flow wp-block-column-is-layout-flow\">\n<div class=\"wp-block-essential-blocks-number-counter root-eb-counter-p4nlw\"><div class=\"eb-parent-wrapper eb-parent-eb-counter-p4nlw \"><div class=\"eb-counter-p4nlw eb-counter-wrapper\"><div class=\"counter-contents-wrapper\"><p class=\"eb-counter-number\"><span class=\"eb-counter-prefix\"><\/span><span class=\"eb-counter eb-counter-number\" data-duration=\"1000\" data-startvalue=\"0\" data-target=\"25\" data-separator=\",\" data-isshowseparator=\"true\">0<\/span><span class=\"eb-counter-suffix\">+<\/span><\/p><p class=\"eb-counter-title\">Responsables et pr\u00e9sidents de comit\u00e9s<\/p><\/div><\/div><\/div><\/div>\n<\/div>\n\n\n\n<div class=\"wp-block-column is-layout-flow wp-block-column-is-layout-flow\">\n<div class=\"wp-block-essential-blocks-number-counter root-eb-counter-7pvn2\"><div class=\"eb-parent-wrapper eb-parent-eb-counter-7pvn2 \"><div class=\"eb-counter-7pvn2 eb-counter-wrapper\"><div class=\"counter-contents-wrapper\"><p class=\"eb-counter-number\"><span class=\"eb-counter-prefix\"><\/span><span class=\"eb-counter eb-counter-number\" data-duration=\"1000\" data-startvalue=\"0\" data-target=\"791\" data-separator=\",\" data-isshowseparator=\"true\">0<\/span><span class=\"eb-counter-suffix\">+<\/span><\/p><p class=\"eb-counter-title\">Groupes<br>membres<\/p><\/div><\/div><\/div><\/div>\n<\/div>\n\n\n\n<div class=\"wp-block-column is-layout-flow wp-block-column-is-layout-flow\">\n<div class=\"wp-block-essential-blocks-number-counter root-eb-counter-10sxe\"><div class=\"eb-parent-wrapper eb-parent-eb-counter-10sxe \"><div class=\"eb-counter-10sxe eb-counter-wrapper\"><div class=\"counter-contents-wrapper\"><p class=\"eb-counter-number\"><span class=\"eb-counter-prefix\"><\/span><span class=\"eb-counter eb-counter-number\" data-duration=\"1000\" data-startvalue=\"0\" data-target=\"224\" data-separator=\",\" data-isshowseparator=\"true\">0<\/span><span class=\"eb-counter-suffix\">+<\/span><\/p><p class=\"eb-counter-title\">Membres<br>sans droit de vote<\/p><\/div><\/div><\/div><\/div>\n<\/div>\n<\/div>\n\n<hr class=\"wp-block-separator has-text-color has-vivid-cyan-blue-color has-alpha-channel-opacity has-vivid-cyan-blue-background-color has-background is-style-wide\"\/>\n\n<p>L&#8217;Intergroupe en Ligne des Alcooliques Anonymes, ou OIAA, est une organisation de service internationale \u00e9tablie conform\u00e9ment \u00e0 la Neuvi\u00e8me Tradition des Alcooliques Anonymes A.A., sp\u00e9cifiquement dans le but d&#8217;aider les groupes A.A. <strong>en ligne<\/strong> dans leur objectif commun de transmettre le message des A.A. \u00e0 l&#8217;alcoolique qui souffre encore. L&#8217;OIAA remplit cette mission en<\/p>\n\n<p>1) Promouvant l&#8217;unit\u00e9 entre les groupes A.A. en ligne gr\u00e2ce \u00e0 ses ateliers, forums et assembl\u00e9es<\/p>\n\n<p>2) Utilisant Internet pour transmettre le message des A.A., cr\u00e9ant des opportunit\u00e9s pour les b\u00e9n\u00e9voles d&#8217;\u00eatre au service, et permettant \u00e0 tous ses membres et \u00e0 l&#8217;organisation elle-m\u00eame de se connecter et de communiquer<\/p>\n\n<p>3) R\u00e9pondant aux besoins des A.A. en ligne par le biais de nos comit\u00e9s de service tels que les 12e \u00c9tapistes en ligne, r\u00e9pondant directement par e-mail aux personnes cherchant de l&#8217;aide pour un probl\u00e8me d&#8217;alcool ; le comit\u00e9 CPC, s&#8217;adressant \u00e0 tous les professionnels susceptibles de fournir des services \u00e0 ceux qui pourraient avoir un probl\u00e8me d&#8217;alcool ; et les Tech Steppers, qui aident les groupes A.A. en ligne \u00e0 am\u00e9liorer leur posture de s\u00e9curit\u00e9 en ligne.<\/p>\n\n<p>4) Fournissant une source centrale d&#8217;informations sur les A.A. en ligne via notre site web, un point central o\u00f9 les membres peuvent se r\u00e9unir et obtenir des informations relatives au r\u00e9tablissement, \u00e0 l&#8217;unit\u00e9 et au service en ligne, ainsi que notre r\u00e9pertoire de r\u00e9unions en ligne qui permet un acc\u00e8s direct aux r\u00e9unions A.A. en ligne \u00e0 tout moment, partout dans le monde.<\/p>\n\n<p class=\"has-text-align-center\"><iframe loading=\"lazy\" width=\"550\" height=\"310\" src=\"https:\/\/www.youtube.com\/embed\/PZIB3TfAHXU?si=Wy5vyWDZ_9c2Crva\" title=\"What Is OIAA\" frameborder=\"0\" allow=\"accelerometer; autoplay; clipboard-write; encrypted-media; gyroscope; picture-in-picture\" allowfullscreen><\/iframe><\/p>\n\n<div style=\"height:30px\" aria-hidden=\"true\" class=\"wp-block-spacer\"><\/div>\n","protected":false},"excerpt":{"rendered":"<p>L&#8217;Intergroupe en Ligne des Alcooliques Anonymes, ou OIAA, est une organisation de service internationale \u00e9tablie conform\u00e9ment \u00e0 la Neuvi\u00e8me Tradition des Alcooliques Anonymes A.A., sp\u00e9cifiquement dans le but d&#8217;aider les groupes A.A. en ligne dans leur objectif commun de transmettre le message des A.A. \u00e0 l&#8217;alcoolique qui souffre encore. L&#8217;OIAA remplit cette mission en 1)<a class=\"excerpt-read-more\" href=\"https:\/\/beta.aa-intergroup.org\/fr\/quest-ce-que-loiaa\/\" title=\"ReadQu&#8217;est-ce que l&#8217;OIAA\">&#8230; Read more &raquo;<\/a><\/p>\n","protected":false},"author":18,"featured_media":0,"parent":0,"menu_order":0,"comment_status":"closed","ping_status":"closed","template":"","meta":{"_acf_changed":false,"_eb_attr":"","footnotes":""},"class_list":["post-15542","page","type-page","status-publish","hentry"],"acf":[],"_links":{"self":[{"href":"https:\/\/beta.aa-intergroup.org\/fr\/wp-json\/wp\/v2\/pages\/15542","targetHints":{"allow":["GET"]}}],"collection":[{"href":"https:\/\/beta.aa-intergroup.org\/fr\/wp-json\/wp\/v2\/pages"}],"about":[{"href":"https:\/\/beta.aa-intergroup.org\/fr\/wp-json\/wp\/v2\/types\/page"}],"author":[{"embeddable":true,"href":"https:\/\/beta.aa-intergroup.org\/fr\/wp-json\/wp\/v2\/users\/18"}],"replies":[{"embeddable":true,"href":"https:\/\/beta.aa-intergroup.org\/fr\/wp-json\/wp\/v2\/comments?post=15542"}],"version-history":[{"count":1,"href":"https:\/\/beta.aa-intergroup.org\/fr\/wp-json\/wp\/v2\/pages\/15542\/revisions"}],"predecessor-version":[{"id":15544,"href":"https:\/\/beta.aa-intergroup.org\/fr\/wp-json\/wp\/v2\/pages\/15542\/revisions\/15544"}],"wp:attachment":[{"href":"https:\/\/beta.aa-intergroup.org\/fr\/wp-json\/wp\/v2\/media?parent=15542"}],"curies":[{"name":"wp","href":"https:\/\/api.w.org\/{rel}","templated":true}]}}