{"id":15557,"date":"2022-12-18T21:45:21","date_gmt":"2022-12-19T02:45:21","guid":{"rendered":"https:\/\/beta.aa-intergroup.org\/opportunites-de-service\/"},"modified":"2025-10-30T04:49:33","modified_gmt":"2025-10-30T08:49:33","slug":"opportunites-de-service","status":"publish","type":"page","link":"https:\/\/beta.aa-intergroup.org\/fr\/opportunites-de-service\/","title":{"rendered":"Opportunit\u00e9s de service"},"content":{"rendered":"\n<p>Veuillez partager ces postes avec les membres de vos groupes. Le service \u00e0 OIAA est ouvert \u00e0 tout membre AA. OIAA a actuellement deux types de comit\u00e9s : permanents et ad hoc. <a href=\"https:\/\/beta.aa-intergroup.org\/fr\/documents\/statuts-de-loiaa\/#committees\">Nos statuts contiennent plus d&#8217;informations \u00e0 ce sujet<\/a>. Les comit\u00e9s ad hoc deviennent des comit\u00e9s permanents une fois qu&#8217;ils sont approuv\u00e9s par l&#8217;Assembl\u00e9e. N&#8217;h\u00e9sitez pas \u00e0 consulter les pages des comit\u00e9s pour plus d&#8217;informations sur chaque comit\u00e9.     <\/p>\n\n<h4 class=\"wp-block-heading\"><a href=\"https:\/\/beta.aa-intergroup.org\/fr\/committees\/12e-etape-accompagnateurs\/\">Comit\u00e9 de la 12e \u00e9tape<\/a> (steppers)<\/h4>\n\n<ul class=\"wp-block-list\">\n<li>Vous souhaitez \u00eatre en premi\u00e8re ligne pour aider l&#8217;alcoolique qui souffre encore ?<\/li>\n\n\n\n<li>Les steppers r\u00e9pondent aux demandes d&#8217;aide en partageant leur exp\u00e9rience, leur force et leur espoir et en mettant le demandeur en contact avec des ressources pr\u00e8s de chez lui.<\/li>\n\n\n\n<li>Veuillez envoyer un courriel \u00e0 <strong>Steppers.Chair@aa-intergroup.org<\/strong> pour plus d&#8217;informations. <\/li>\n<\/ul>\n\n<h4 class=\"wp-block-heading\"><a href=\"https:\/\/beta.aa-intergroup.org\/fr\/committees\/communications\/\">Comit\u00e9 de communication<\/a> (ad hoc) <\/h4>\n\n<ul class=\"wp-block-list\">\n<li>If you have skills in the following areas, please contact Lesliee at&nbsp;<strong>communications.chair@aa-intergroup.org<\/strong>\n<ul class=\"wp-block-list\">\n<li>R\u00e9alisation de courtes vid\u00e9os.<\/li>\n\n\n\n<li>R\u00e9daction de courtes histoires ou de bulletins d&#8217;information.<\/li>\n\n\n\n<li>Relecture et \u00e9dition de documents plus longs.<\/li>\n\n\n\n<li>Contr\u00f4le des documents.<\/li>\n\n\n\n<li>B\u00e9n\u00e9voles multilingues recherch\u00e9s pour des projets occasionnels incluant\n<ul class=\"wp-block-list\">\n<li>Traducteurs (documents \u00e9crits) \u2013 allemand, russe, chinois, japonais, espagnol et portugais.<\/li>\n\n\n\n<li>Interpr\u00e8tes simultan\u00e9s : langue des signes am\u00e9ricaine (ASL), chinois, japonais, allemand, russe, espagnol et portugais.<\/li>\n<\/ul>\n<\/li>\n<\/ul>\n<\/li>\n<\/ul>\n\n<h4 class=\"wp-block-heading\"><a href=\"https:\/\/beta.aa-intergroup.org\/fr\/committees\/congres\/\">Comit\u00e9 des conventions<\/a> <\/h4>\n\n<ul class=\"wp-block-list\">\n<li>Veuillez envoyer un courriel \u00e0 <strong>convention.chair@aa-intergroup.org<\/strong> pour plus d&#8217;informations sur la fa\u00e7on dont vous pouvez \u00eatre utile. <\/li>\n<\/ul>\n\n<h4 class=\"wp-block-heading\"><a href=\"https:\/\/beta.aa-intergroup.org\/fr\/committees\/cooperation-avec-les-professionnels-ccp\/\">Coop\u00e9ration avec la communaut\u00e9 professionnelle<\/a> (CPC)<\/h4>\n\n<ul class=\"wp-block-list\">\n<li>\u00c9tablir une meilleure communication avec les professionnels travaillant avec les alcooliques.<\/li>\n\n\n\n<li>Trouver des moyens simples et efficaces de coop\u00e9rer sans s&#8217;affilier.<\/li>\n\n\n\n<li>Quelques b\u00e9n\u00e9voles suppl\u00e9mentaires sont n\u00e9cessaires pour ce comit\u00e9.<\/li>\n\n\n\n<li>Veuillez envoyer un courriel \u00e0 <strong>cpc@aa-intergroup.org<\/strong> pour plus d&#8217;informations.<\/li>\n<\/ul>\n\n<h4 class=\"wp-block-heading\"><a href=\"https:\/\/beta.aa-intergroup.org\/fr\/committees\/finances\/\">Comit\u00e9 des finances<\/a><\/h4>\n\n<ul class=\"wp-block-list\">\n<li>Une formation financi\u00e8re n&#8217;est pas requise, mais une familiarit\u00e9 avec les notions financi\u00e8res de base est utile.<\/li>\n\n\n\n<li>Veuillez envoyer un courriel \u00e0 <strong>finance@aa-intergroup.org<\/strong> pour plus d&#8217;informations.<\/li>\n<\/ul>\n\n<h4 class=\"wp-block-heading\"><\/h4>\n\n<h4 class=\"wp-block-heading\"><a href=\"https:\/\/beta.aa-intergroup.org\/fr\/committees\/politique-et-admissions-pac\/\">Comit\u00e9 des politiques et admissions<\/a> (PAC) <\/h4>\n\n<ul class=\"wp-block-list\">\n<li>Traiter les nouveaux groupes pour inscription dans notre r\u00e9pertoire des r\u00e9unions OIAA.<\/li>\n\n\n\n<li>Aider les groupes \u00e0 retrouver leur statut d&#8217;inscription et d&#8217;adh\u00e9sion.<\/li>\n\n\n\n<li>Vous avez l&#8217;\u0153il pour les d\u00e9tails ?<\/li>\n\n\n\n<li>Veuillez envoyer un courriel \u00e0 : <strong>pac@aa-intergroup.org<\/strong> pour plus d&#8217;informations.<\/li>\n<\/ul>\n\n<h4 class=\"wp-block-heading\"><a href=\"https:\/\/beta.aa-intergroup.org\/fr\/committees\/information-publique-pic\/\">Comit\u00e9 d&#8217;information publique<\/a> (PIC)<\/h4>\n\n<ul class=\"wp-block-list\">\n<li>L&#8217;information publique chez les Alcooliques anonymes signifie transmettre le message de r\u00e9tablissement \u00e0 l&#8217;alcoolique qui souffre encore en informant le grand public sur le programme A.A.<\/li>\n\n\n\n<li>Les b\u00e9n\u00e9voles du comit\u00e9 IP fournissent des informations sur les r\u00e9unions des Alcooliques anonymes (en ligne ou en personne), ou pour d&#8217;autres questions li\u00e9es \u00e0 AA.<\/li>\n\n\n\n<li>Veuillez envoyer un courriel \u00e0 <strong>pic-query2018@aa-intergroup.org<\/strong> pour plus d&#8217;informations.<\/li>\n<\/ul>\n\n<h4 class=\"wp-block-heading\"><a href=\"https:\/\/beta.aa-intergroup.org\/fr\/committees\/technologie\/\">Comit\u00e9 technologique<\/a><\/h4>\n\n<ul class=\"wp-block-list\">\n<li>If you have tech skills and are willing to be a part of a great team, please email <strong>OIAA.Tech@aa-intergroup.org<\/strong> for more information on how you may be of service. &nbsp;We currently have the following active subcommittees:\n<ul class=\"wp-block-list\">\n<li>\u00c9quipe des services cloud : met en \u0153uvre et maintient les services cloud d&#8217;OIAA (Google Workspace) et aide \u00e0 soutenir les utilisateurs de l&#8217;espace de travail OIAA.<\/li>\n\n\n\n<li>\u00c9quipe du r\u00e9pertoire des membres : administre les mises \u00e0 jour du r\u00e9pertoire des r\u00e9unions OIAA avec les ajouts et modifications de r\u00e9unions.<\/li>\n\n\n\n<li>Tech Steppers : aide les r\u00e9unions avec les informations de s\u00e9curit\u00e9 et de s\u00fbret\u00e9.<\/li>\n\n\n\n<li>\u00c9quipe d&#8217;\u00e9v\u00e9nements Zoom : g\u00e8re les salles Zoom des ateliers, forums et assembl\u00e9es d&#8217;OIAA.<\/li>\n<\/ul>\n<\/li>\n<\/ul>\n\n<h4 class=\"wp-block-heading\"><a href=\"https:\/\/beta.aa-intergroup.org\/fr\/committees\/unite\/\">Comit\u00e9 d&#8217;unit\u00e9<\/a><\/h4>\n\n<ul class=\"wp-block-list\">\n<li>La mission et l&#8217;objectif du Comit\u00e9 d&#8217;Unit\u00e9 est d&#8217;encourager l&#8217;\u00e9change d&#8217;exp\u00e9riences entre les groupes A.A. en ligne au sein de la vaste communaut\u00e9 des groupes A.A. en ligne, ce qui peut les aider dans leur objectif commun de transmettre le message A.A. \u00e0 l&#8217;alcoolique qui souffre encore en ligne. Le comit\u00e9 Unity organise la convention internationale en ligne d&#8217;OIAA.<\/li>\n\n\n\n<li>Veuillez envoyer un courriel \u00e0 <strong><a href=\"mailto:unity@aa-intergroup.org\" target=\"_blank\" rel=\"noreferrer noopener\">unity@aa-intergroup.org<\/a><\/strong> pour plus d&#8217;informations.<\/li>\n<\/ul>\n\n<p><\/p>\n","protected":false},"excerpt":{"rendered":"<p>Veuillez partager ces postes avec les membres de vos groupes. Le service \u00e0 OIAA est ouvert \u00e0 tout membre AA. OIAA a actuellement deux types de comit\u00e9s : permanents et ad hoc. Nos statuts contiennent plus d&#8217;informations \u00e0 ce sujet. Les comit\u00e9s ad hoc deviennent des comit\u00e9s permanents une fois qu&#8217;ils sont approuv\u00e9s par l&#8217;Assembl\u00e9e.<a class=\"excerpt-read-more\" href=\"https:\/\/beta.aa-intergroup.org\/fr\/opportunites-de-service\/\" title=\"ReadOpportunit\u00e9s de service\">&#8230; Read more &raquo;<\/a><\/p>\n","protected":false},"author":12,"featured_media":0,"parent":0,"menu_order":0,"comment_status":"closed","ping_status":"closed","template":"","meta":{"_acf_changed":false,"_eb_attr":"","footnotes":""},"class_list":["post-15557","page","type-page","status-publish","hentry"],"acf":[],"_links":{"self":[{"href":"https:\/\/beta.aa-intergroup.org\/fr\/wp-json\/wp\/v2\/pages\/15557","targetHints":{"allow":["GET"]}}],"collection":[{"href":"https:\/\/beta.aa-intergroup.org\/fr\/wp-json\/wp\/v2\/pages"}],"about":[{"href":"https:\/\/beta.aa-intergroup.org\/fr\/wp-json\/wp\/v2\/types\/page"}],"author":[{"embeddable":true,"href":"https:\/\/beta.aa-intergroup.org\/fr\/wp-json\/wp\/v2\/users\/12"}],"replies":[{"embeddable":true,"href":"https:\/\/beta.aa-intergroup.org\/fr\/wp-json\/wp\/v2\/comments?post=15557"}],"version-history":[{"count":2,"href":"https:\/\/beta.aa-intergroup.org\/fr\/wp-json\/wp\/v2\/pages\/15557\/revisions"}],"predecessor-version":[{"id":38209,"href":"https:\/\/beta.aa-intergroup.org\/fr\/wp-json\/wp\/v2\/pages\/15557\/revisions\/38209"}],"wp:attachment":[{"href":"https:\/\/beta.aa-intergroup.org\/fr\/wp-json\/wp\/v2\/media?parent=15557"}],"curies":[{"name":"wp","href":"https:\/\/api.w.org\/{rel}","templated":true}]}}