{"id":15603,"date":"2021-01-09T14:16:59","date_gmt":"2021-01-09T19:16:59","guid":{"rendered":"https:\/\/beta.aa-intergroup.org\/contribution-de-la-7e-tradition\/"},"modified":"2025-10-28T04:43:02","modified_gmt":"2025-10-28T08:43:02","slug":"contribution-de-la-7e-tradition","status":"publish","type":"page","link":"https:\/\/beta.aa-intergroup.org\/fr\/contribution-de-la-7e-tradition\/","title":{"rendered":"Contribution de la 7e tradition"},"content":{"rendered":"\n<figure class=\"wp-block-pullquote has-text-align-left\"><blockquote><p><em>\u00ab Chaque groupe des A.A. devrait subvenir enti\u00e8rement \u00e0 ses besoins et refuser les contributions de l&#8217;ext\u00e9rieur. \u00bb <\/em><em>(p. 160, Les Douze \u00c9tapes et les Douze Traditions)<\/em><\/p><\/blockquote><\/figure>\n\n<p>Les groupes des A.A. eux-m\u00eames devraient \u00eatre enti\u00e8rement soutenus par les contributions volontaires de leurs propres membres. Nous pensons que chaque groupe devrait bient\u00f4t atteindre cet id\u00e9al ; que toute sollicitation publique de fonds utilisant le nom des Alcooliques Anonymes est tr\u00e8s dangereuse, qu&#8217;elle soit faite par des groupes, des clubs, des h\u00f4pitaux ou d&#8217;autres organismes ext\u00e9rieurs ; que l&#8217;acceptation de dons importants de quelque source que ce soit, ou de contributions impliquant une quelconque obligation, est imprudente. De plus, nous consid\u00e9rons avec beaucoup d&#8217;inqui\u00e9tude les tr\u00e9soreries des A.A. qui continuent, au-del\u00e0 des r\u00e9serves prudentes, \u00e0 accumuler des fonds sans objectif A.A. d\u00e9clar\u00e9. L&#8217;exp\u00e9rience nous a souvent avertis que rien ne peut d\u00e9truire aussi s\u00fbrement notre h\u00e9ritage spirituel que des disputes futiles sur la propri\u00e9t\u00e9, l&#8217;argent et l&#8217;autorit\u00e9.   <\/p>\n\n<div style=\"height:30px\" aria-hidden=\"true\" class=\"wp-block-spacer\"><\/div>\n\n<h3 class=\"wp-block-heading\"><\/h3>\n\n<p>Pour des informations financi\u00e8res d\u00e9taill\u00e9es et des rapports mensuels, visitez la <a href=\"https:\/\/beta.aa-intergroup.org\/pt-br\/committees\/financas\/\">page du Comit\u00e9 des finances<\/a>. Si vous avez des questions, n&#8217;h\u00e9sitez pas \u00e0 contacter le tr\u00e9sorier de l&#8217;OIAA \u00e0 l&#8217;adresse : <strong>Treasurer@aa-intergroup.org<\/strong> <\/p>\n\n<div style=\"height:30px\" aria-hidden=\"true\" class=\"wp-block-spacer\"><\/div>\n\n<p><strong>Comment contribuer&#8230;<\/strong><\/p>\n\n<h3 class=\"wp-block-heading\">PayPal<\/h3>\n\n<p>Veuillez indiquer le nom de votre groupe dans la partie [o\u00f9] de votre ch\u00e8que afin que nous puissions vous en remercier !<\/p>\n\n<div id=\"donate-button-container\">\n<div id=\"donate-button\"><\/div>\n<script src=\"https:\/\/www.paypalobjects.com\/donate\/sdk\/donate-sdk.js\" charset=\"UTF-8\"><\/script>\n<script>\nPayPal.Donation.Button({\nenv:'production',\nhosted_button_id:'ZAUXGYR2DYUYN',\nimage: {\nsrc:'https:\/\/www.paypalobjects.com\/en_US\/i\/btn\/btn_donateCC_LG.gif',\nalt:'Donate with PayPal button',\ntitle:'PayPal - The safer, easier way to pay online!',\n}\n}).render('#donate-button');\n<\/script>\n<\/div>\n\n\n<div style=\"height:30px\" aria-hidden=\"true\" class=\"wp-block-spacer\"><\/div>\n\n<h3 class=\"wp-block-heading\">Stripe<\/h3>\n\n<p>L&#8217;OIAA peut maintenant accepter les paiements avec <a href=\"https:\/\/donate.stripe.com\/fZe15KeUo6Yh3oA6oo\">Stripe<\/a>. <\/p>\n\n<script async=\"\" src=\"https:\/\/js.stripe.com\/v3\/buy-button.js\">\n<\/script>\n\n<stripe-buy-button buy-button-id=\"buy_btn_1OZ1HQI4AaHtLBiYRAuVOTlM\" publishable-key=\"pk_live_51OXBCvI4AaHtLBiYEbnX7X75c349x3NleVyCWrmJQkbvGEz2veR0AqY9RSoe0iDEf1BrGLkuqvNntsRvz8eMwjwJ00kXjMoC8H\">\n<\/stripe-buy-button>\n\n<div style=\"height:30px\" aria-hidden=\"true\" class=\"wp-block-spacer\"><\/div>\n\n<h3 class=\"wp-block-heading\">Courrier<br\/><\/h3>\n\n<p>Veuillez indiquer le nom de votre groupe sur la ligne de m\u00e9mo de votre ch\u00e8que afin que nous puissions vous en remercier !<\/p>\n\n<p>Les contributions peuvent \u00e9galement \u00eatre envoy\u00e9es par courrier \u00e0 :<\/p>\n\n<p>OIAA Inc.<br\/>ATTN: Treasurer<br\/>500 Westover Dr #31000<br\/>Sanford, NC 27330<\/p>\n\n<h3 class=\"wp-block-heading\"><br\/>Besoin d&#8217;aide suppl\u00e9mentaire ?<\/h3>\n\n<p>Les questions concernant les contributions de la 7e tradition peuvent \u00eatre envoy\u00e9es \u00e0 : <strong>Treasurer@aa-intergroup.org<\/strong><\/p>\n\n<h3 class=\"wp-block-heading\">Note sp\u00e9ciale<\/h3>\n\n<p>OIAA, Inc. est reconnue par l&#8217;IRS comme une organisation \u00e0 but non lucratif 501(c)3.<\/p>\n\n<p>Vous pouvez \u00e9galement consulter les informations sur le statut d&#8217;exon\u00e9ration fiscale de l&#8217;OIAA et ses d\u00e9clarations fiscales sur le <a href=\"https:\/\/apps.irs.gov\/app\/eos\/\" target=\"_blank\" rel=\"noreferrer noopener\">site web de l&#8217;IRS<\/a>. <\/p>\n\n<p><em>S\u00e9lectionnez Rechercher par organisation | Entrez le terme de recherche : OIAA<\/em><\/p>\n\n<p><em><strong>Merci pour votre g\u00e9n\u00e9rosit\u00e9 !<\/strong><\/em><\/p>\n\n<p><\/p>\n","protected":false},"excerpt":{"rendered":"<p>\u00ab Chaque groupe des A.A. devrait subvenir enti\u00e8rement \u00e0 ses besoins et refuser les contributions de l&#8217;ext\u00e9rieur. \u00bb (p. 160, Les Douze \u00c9tapes et les Douze Traditions) Les groupes des A.A. eux-m\u00eames devraient \u00eatre enti\u00e8rement soutenus par les contributions volontaires de leurs propres membres. Nous pensons que chaque groupe devrait bient\u00f4t atteindre cet id\u00e9al ;<a class=\"excerpt-read-more\" href=\"https:\/\/beta.aa-intergroup.org\/fr\/contribution-de-la-7e-tradition\/\" title=\"ReadContribution de la 7e tradition\">&#8230; Read more &raquo;<\/a><\/p>\n","protected":false},"author":9,"featured_media":0,"parent":0,"menu_order":0,"comment_status":"closed","ping_status":"closed","template":"","meta":{"_acf_changed":false,"_eb_attr":"","footnotes":""},"class_list":["post-15603","page","type-page","status-publish","hentry"],"acf":[],"_links":{"self":[{"href":"https:\/\/beta.aa-intergroup.org\/fr\/wp-json\/wp\/v2\/pages\/15603","targetHints":{"allow":["GET"]}}],"collection":[{"href":"https:\/\/beta.aa-intergroup.org\/fr\/wp-json\/wp\/v2\/pages"}],"about":[{"href":"https:\/\/beta.aa-intergroup.org\/fr\/wp-json\/wp\/v2\/types\/page"}],"author":[{"embeddable":true,"href":"https:\/\/beta.aa-intergroup.org\/fr\/wp-json\/wp\/v2\/users\/9"}],"replies":[{"embeddable":true,"href":"https:\/\/beta.aa-intergroup.org\/fr\/wp-json\/wp\/v2\/comments?post=15603"}],"version-history":[{"count":1,"href":"https:\/\/beta.aa-intergroup.org\/fr\/wp-json\/wp\/v2\/pages\/15603\/revisions"}],"predecessor-version":[{"id":15605,"href":"https:\/\/beta.aa-intergroup.org\/fr\/wp-json\/wp\/v2\/pages\/15603\/revisions\/15605"}],"wp:attachment":[{"href":"https:\/\/beta.aa-intergroup.org\/fr\/wp-json\/wp\/v2\/media?parent=15603"}],"curies":[{"name":"wp","href":"https:\/\/api.w.org\/{rel}","templated":true}]}}