{"id":15606,"date":"2020-04-27T17:08:06","date_gmt":"2020-04-27T21:08:06","guid":{"rendered":"https:\/\/beta.aa-intergroup.org\/rejoindre-loiaa\/"},"modified":"2025-10-28T04:43:01","modified_gmt":"2025-10-28T08:43:01","slug":"rejoindre-loiaa","status":"publish","type":"page","link":"https:\/\/beta.aa-intergroup.org\/fr\/rejoindre-loiaa\/","title":{"rendered":"Rejoindre l&#8217;OIAA"},"content":{"rendered":"\n<p><\/p>\n\n<p><\/p>\n\n<p>L&#8217;adh\u00e9sion <strong>n&#8217;est pas<\/strong> requise pour inscrire votre groupe A.A. en ligne dans le R\u00e9pertoire des R\u00e9unions ou pour participer \u00e0 l&#8217;un de nos nombreux Comit\u00e9s de Service.<\/p>\n\n<p>En savoir plus sur l&#8217;adh\u00e9sion &#8211; <a href=\"https:\/\/beta.aa-intergroup.org\/why-join-oiaa\/\">Pourquoi rejoindre OIAA<\/a><\/p>\n\n<p>Nous recommandons de cr\u00e9er une adresse e-mail de groupe plut\u00f4t qu&#8217;une adresse e-mail personnelle afin que lorsque votre RIG \/ Secr\u00e9taire \/ Contact de Groupe effectue sa rotation, l&#8217;adresse e-mail puisse rester la m\u00eame. Si vous avez des questions concernant ce formulaire ou si vous devez modifier les informations de votre RIG, veuillez contacter le Registraire : <strong>OIAA.registrar@aa-intergroup.org<\/strong>. <\/p>\n\n<div class=\"wpforms-container wpforms-container-full\" id=\"wpforms-4899\"><form id=\"wpforms-form-4899\" class=\"wpforms-validate wpforms-form wpforms-ajax-form\" data-formid=\"4899\" method=\"post\" enctype=\"multipart\/form-data\" action=\"\/fr\/wp-json\/wp\/v2\/pages\/15606\" data-token=\"ccc4fcf2329767467422f14489044341\" data-token-time=\"1776190991\"><noscript class=\"wpforms-error-noscript\">Please enable JavaScript in your browser to complete this form.<\/noscript><div class=\"wpforms-field-container\"><div id=\"wpforms-4899-field_18-container\" class=\"wpforms-field wpforms-field-select wpforms-conditional-trigger wpforms-field-select-style-classic\" data-field-id=\"18\"><label class=\"wpforms-field-label\" for=\"wpforms-4899-field_18\">Avez-vous besoin d&#039;aide pour arr\u00eater de boire&nbsp;? <span class=\"wpforms-required-label\">*<\/span><\/label><select id=\"wpforms-4899-field_18\" class=\"wpforms-field-medium wpforms-field-required\" name=\"wpforms[fields][18]\" required=\"required\"><option value=\"Veuillez choisir...\" >Veuillez choisir...<\/option><option value=\"Oui\" >Oui<\/option><option value=\"Non\" >Non<\/option><\/select><div class=\"wpforms-field-description\">Veuillez choisir non si vous ne recherchez pas un appel des 12&nbsp;\u00e9tapes<\/div><\/div><div id=\"wpforms-4899-field_12-container\" class=\"wpforms-field wpforms-field-text wpforms-conditional-field wpforms-conditional-show\" data-field-id=\"12\" style=\"display:none;\"><label class=\"wpforms-field-label\" for=\"wpforms-4899-field_12\">Pr\u00e9nom<\/label><input type=\"text\" id=\"wpforms-4899-field_12\" class=\"wpforms-field-medium\" name=\"wpforms[fields][12]\" ><\/div><div id=\"wpforms-4899-field_13-container\" class=\"wpforms-field wpforms-field-text wpforms-conditional-field wpforms-conditional-show\" data-field-id=\"13\" style=\"display:none;\"><label class=\"wpforms-field-label\" for=\"wpforms-4899-field_13\">Initiale du nom de famille<\/label><input type=\"text\" id=\"wpforms-4899-field_13\" class=\"wpforms-field-medium wpforms-limit-characters-enabled\" data-form-id=\"4899\" data-field-id=\"13\" data-text-limit=\"1\" name=\"wpforms[fields][13]\" maxlength=\"1\" ><\/div><div id=\"wpforms-4899-field_14-container\" class=\"wpforms-field wpforms-field-email wpforms-conditional-field wpforms-conditional-show\" data-field-id=\"14\" style=\"display:none;\"><label class=\"wpforms-field-label\" for=\"wpforms-4899-field_14\">E-mail <span class=\"wpforms-required-label\">*<\/span><\/label><input type=\"email\" id=\"wpforms-4899-field_14\" class=\"wpforms-field-medium wpforms-field-required\" name=\"wpforms[fields][14]\" spellcheck=\"false\" required><\/div><div id=\"wpforms-4899-field_26-container\" class=\"wpforms-field wpforms-field-text wpforms-conditional-field wpforms-conditional-show\" data-field-id=\"26\" style=\"display:none;\"><label class=\"wpforms-field-label\" for=\"wpforms-4899-field_26\">Objet <span class=\"wpforms-required-label\">*<\/span><\/label><input type=\"text\" id=\"wpforms-4899-field_26\" class=\"wpforms-field-medium wpforms-field-required\" name=\"wpforms[fields][26]\" required><\/div><div id=\"wpforms-4899-field_8-container\" class=\"wpforms-field wpforms-field-select wpforms-conditional-field wpforms-conditional-show wpforms-conditional-trigger wpforms-field-select-style-classic\" data-field-id=\"8\" style=\"display:none;\"><label class=\"wpforms-field-label\" for=\"wpforms-4899-field_8\">\u00cates-vous un particulier ou faites-vous partie d&#039;un groupe&nbsp;?<\/label><select id=\"wpforms-4899-field_8\" class=\"wpforms-field-medium\" name=\"wpforms[fields][8]\"><option value=\"Veuillez choisir\" >Veuillez choisir<\/option><option value=\"Individuel\" >Individuel<\/option><option value=\"Groupe\" >Groupe<\/option><\/select><\/div><div id=\"wpforms-4899-field_28-container\" class=\"wpforms-field wpforms-field-select wpforms-conditional-field wpforms-conditional-show wpforms-conditional-trigger wpforms-field-select-style-classic\" data-field-id=\"28\" style=\"display:none;\"><label class=\"wpforms-field-label\" for=\"wpforms-4899-field_28\">Dans quel pays vous trouvez-vous&nbsp;? <span class=\"wpforms-required-label\">*<\/span><\/label><select id=\"wpforms-4899-field_28\" class=\"wpforms-field-medium wpforms-field-required\" name=\"wpforms[fields][28]\" required=\"required\"><option value=\"Veuillez choisir...\" >Veuillez choisir...<\/option><option value=\"\u00c9tats-Unis\" >\u00c9tats-Unis<\/option><option value=\"Afrique du Sud\" >Afrique du Sud<\/option><option value=\"Canada\" >Canada<\/option><option value=\"Mexique\" >Mexique<\/option><option value=\"France\" >France<\/option><option value=\"Inde\" >Inde<\/option><option value=\"Irlande\" >Irlande<\/option><option value=\"Royaume-Uni\" >Royaume-Uni<\/option><option value=\"Autre pays\" >Autre pays<\/option><\/select><\/div><div id=\"wpforms-4899-field_27-container\" class=\"wpforms-field wpforms-field-text wpforms-conditional-field wpforms-conditional-show\" data-field-id=\"27\" style=\"display:none;\"><label class=\"wpforms-field-label\" for=\"wpforms-4899-field_27\">Quel pays ? <span class=\"wpforms-required-label\">*<\/span><\/label><input type=\"text\" id=\"wpforms-4899-field_27\" class=\"wpforms-field-medium wpforms-field-required\" name=\"wpforms[fields][27]\" required><\/div><div id=\"wpforms-4899-field_1-container\" class=\"wpforms-field wpforms-field-text wpforms-conditional-field wpforms-conditional-show\" data-field-id=\"1\" style=\"display:none;\"><label class=\"wpforms-field-label\" for=\"wpforms-4899-field_1\">Nom du groupe <span class=\"wpforms-required-label\">*<\/span><\/label><input type=\"text\" id=\"wpforms-4899-field_1\" class=\"wpforms-field-medium wpforms-field-required\" name=\"wpforms[fields][1]\" required><\/div><div id=\"wpforms-4899-field_6-container\" class=\"wpforms-field wpforms-field-text wpforms-conditional-field wpforms-conditional-show\" data-field-id=\"6\" style=\"display:none;\"><label class=\"wpforms-field-label\" for=\"wpforms-4899-field_6\">Courriel de groupe <span class=\"wpforms-required-label\">*<\/span><\/label><input type=\"text\" id=\"wpforms-4899-field_6\" class=\"wpforms-field-medium wpforms-field-required\" name=\"wpforms[fields][6]\" required><\/div><div id=\"wpforms-4899-field_2-container\" class=\"wpforms-field wpforms-field-text wpforms-conditional-field wpforms-conditional-show\" data-field-id=\"2\" style=\"display:none;\"><label class=\"wpforms-field-label\" for=\"wpforms-4899-field_2\">RCI - Pr\u00e9nom, initiale du nom de famille<\/label><input type=\"text\" id=\"wpforms-4899-field_2\" class=\"wpforms-field-medium\" name=\"wpforms[fields][2]\" ><\/div><div id=\"wpforms-4899-field_9-container\" class=\"wpforms-field wpforms-field-email wpforms-conditional-field wpforms-conditional-show\" data-field-id=\"9\" style=\"display:none;\"><label class=\"wpforms-field-label\" for=\"wpforms-4899-field_9\">Courriel du RCI <span class=\"wpforms-required-label\">*<\/span><\/label><input type=\"email\" id=\"wpforms-4899-field_9\" class=\"wpforms-field-medium wpforms-field-required\" name=\"wpforms[fields][9]\" spellcheck=\"false\" required><\/div><div id=\"wpforms-4899-field_3-container\" class=\"wpforms-field wpforms-field-text wpforms-conditional-field wpforms-conditional-show\" data-field-id=\"3\" style=\"display:none;\"><label class=\"wpforms-field-label\" for=\"wpforms-4899-field_3\">RCI ALT - Pr\u00e9nom, initiale du nom de famille<\/label><input type=\"text\" id=\"wpforms-4899-field_3\" class=\"wpforms-field-medium\" name=\"wpforms[fields][3]\" ><\/div><div id=\"wpforms-4899-field_10-container\" class=\"wpforms-field wpforms-field-email wpforms-conditional-field wpforms-conditional-show\" data-field-id=\"10\" style=\"display:none;\"><label class=\"wpforms-field-label\" for=\"wpforms-4899-field_10\">Courriel du RCI Alt <span class=\"wpforms-required-label\">*<\/span><\/label><input type=\"email\" id=\"wpforms-4899-field_10\" class=\"wpforms-field-medium wpforms-field-required\" name=\"wpforms[fields][10]\" spellcheck=\"false\" required><\/div><div id=\"wpforms-4899-field_11-container\" class=\"wpforms-field wpforms-field-text wpforms-conditional-field wpforms-conditional-show\" data-field-id=\"11\" style=\"display:none;\"><label class=\"wpforms-field-label\" for=\"wpforms-4899-field_11\">Langue principale<\/label><input type=\"text\" id=\"wpforms-4899-field_11\" class=\"wpforms-field-medium\" name=\"wpforms[fields][11]\" ><\/div><div id=\"wpforms-4899-field_15-container\" class=\"wpforms-field wpforms-field-select wpforms-conditional-field wpforms-conditional-show wpforms-conditional-trigger wpforms-field-select-style-classic\" data-field-id=\"15\" style=\"display:none;\"><label class=\"wpforms-field-label\" for=\"wpforms-4899-field_15\">Rejoignez-vous un comit\u00e9&nbsp;?<\/label><select id=\"wpforms-4899-field_15\" class=\"wpforms-field-medium\" name=\"wpforms[fields][15]\"><option value=\"Veuillez choisir...\" >Veuillez choisir...<\/option><option value=\"Oui\" >Oui<\/option><option value=\"Non\" >Non<\/option><\/select><\/div><div id=\"wpforms-4899-field_17-container\" class=\"wpforms-field wpforms-field-select wpforms-conditional-field wpforms-conditional-show wpforms-field-select-style-classic\" data-field-id=\"17\" style=\"display:none;\"><label class=\"wpforms-field-label\" for=\"wpforms-4899-field_17\">Lequel&nbsp;?<\/label><select id=\"wpforms-4899-field_17\" class=\"wpforms-field-medium\" name=\"wpforms[fields][17]\"><option value=\"Veuillez choisir...\" >Veuillez choisir...<\/option><option value=\"Adepte des 12&nbsp;\u00e9tapes\" >Adepte des 12&nbsp;\u00e9tapes<\/option><option value=\"Archives\" >Archives<\/option><option value=\"Communications\" >Communications<\/option><option value=\"Congr\u00e8s\" >Congr\u00e8s<\/option><option value=\"CCP\" >CCP<\/option><option value=\"Finances\" >Finances<\/option><option value=\"Passez \u00e0 l&#039;action\" >Passez \u00e0 l&#039;action<\/option><option value=\"Grapevine\" >Grapevine<\/option><option value=\"Lignes directrices\" >Lignes directrices<\/option><option value=\"CAP\" >CAP<\/option><option value=\"CIP\" >CIP<\/option><option value=\"Technologie\" >Technologie<\/option><option value=\"Unit\u00e9\" >Unit\u00e9<\/option><\/select><\/div><div id=\"wpforms-4899-field_5-container\" class=\"wpforms-field wpforms-field-textarea wpforms-conditional-field wpforms-conditional-show\" data-field-id=\"5\" style=\"display:none;\"><label class=\"wpforms-field-label\" for=\"wpforms-4899-field_5\">Commentaires\/questions<\/label><textarea id=\"wpforms-4899-field_5\" class=\"wpforms-field-medium\" name=\"wpforms[fields][5]\" ><\/textarea><\/div><div id=\"wpforms-4899-field_19-container\" class=\"wpforms-field wpforms-field-text wpforms-conditional-field wpforms-conditional-show\" data-field-id=\"19\" style=\"display:none;\"><label class=\"wpforms-field-label\" for=\"wpforms-4899-field_19\">Nom <span class=\"wpforms-required-label\">*<\/span><\/label><input type=\"text\" id=\"wpforms-4899-field_19\" class=\"wpforms-field-medium wpforms-field-required\" name=\"wpforms[fields][19]\" required><div class=\"wpforms-field-description\">Le pr\u00e9nom et l'initiale du nom de famille suffisent<\/div><\/div><div id=\"wpforms-4899-field_20-container\" class=\"wpforms-field wpforms-field-email wpforms-conditional-field wpforms-conditional-show\" data-field-id=\"20\" style=\"display:none;\"><label class=\"wpforms-field-label\" for=\"wpforms-4899-field_20\">E-mail <span class=\"wpforms-required-label\">*<\/span><\/label><input type=\"email\" id=\"wpforms-4899-field_20\" class=\"wpforms-field-medium wpforms-field-required\" name=\"wpforms[fields][20]\" spellcheck=\"false\" required><\/div><div id=\"wpforms-4899-field_21-container\" class=\"wpforms-field wpforms-field-textarea wpforms-conditional-field wpforms-conditional-show\" data-field-id=\"21\" style=\"display:none;\"><label class=\"wpforms-field-label\" for=\"wpforms-4899-field_21\">Message <span class=\"wpforms-required-label\">*<\/span><\/label><textarea id=\"wpforms-4899-field_21\" class=\"wpforms-field-medium wpforms-field-required\" name=\"wpforms[fields][21]\" required><\/textarea><\/div><div id=\"wpforms-4899-field_22-container\" class=\"wpforms-field wpforms-field-select wpforms-conditional-field wpforms-conditional-show wpforms-conditional-trigger wpforms-field-select-style-classic\" data-field-id=\"22\" style=\"display:none;\"><label class=\"wpforms-field-label\" for=\"wpforms-4899-field_22\">Votre pays <span class=\"wpforms-required-label\">*<\/span><\/label><select id=\"wpforms-4899-field_22\" class=\"wpforms-field-medium wpforms-field-required\" name=\"wpforms[fields][22]\" required=\"required\"><option value=\"Veuillez choisir...\" >Veuillez choisir...<\/option><option value=\"\u00c9tats-Unis\" >\u00c9tats-Unis<\/option><option value=\"Afrique du Sud\" >Afrique du Sud<\/option><option value=\"Canada\" >Canada<\/option><option value=\"Mexique\" >Mexique<\/option><option value=\"France\" >France<\/option><option value=\"Inde\" >Inde<\/option><option value=\"Irlande\" >Irlande<\/option><option value=\"Royaume-Uni\" >Royaume-Uni<\/option><option value=\"Autre pays\" >Autre pays<\/option><\/select><\/div><div id=\"wpforms-4899-field_23-container\" class=\"wpforms-field wpforms-field-text wpforms-conditional-field wpforms-conditional-show\" data-field-id=\"23\" style=\"display:none;\"><label class=\"wpforms-field-label\" for=\"wpforms-4899-field_23\">Autre pays<\/label><input type=\"text\" id=\"wpforms-4899-field_23\" class=\"wpforms-field-medium\" name=\"wpforms[fields][23]\" ><\/div><div id=\"wpforms-4899-field_7-container\" class=\"wpforms-field wpforms-field-gdpr-checkbox\" data-field-id=\"7\"><label class=\"wpforms-field-label\">Accord RGPD <span class=\"wpforms-required-label\">*<\/span><\/label><ul id=\"wpforms-4899-field_7\" class=\"wpforms-field-required\"><li class=\"choice-1\"><input type=\"checkbox\" id=\"wpforms-4899-field_7_1\" name=\"wpforms[fields][7][]\" value=\"J&#039;accepte que ce site web stocke les informations que j&#039;ai soumises afin qu&#039;il puisse r\u00e9pondre \u00e0 ma demande.\" required ><label class=\"wpforms-field-label-inline\" for=\"wpforms-4899-field_7_1\">J'accepte que ce site web stocke les informations que j'ai soumises afin qu'il puisse r\u00e9pondre \u00e0 ma demande.<\/label><\/li><\/ul><\/div><div id=\"wpforms-4899-field_29-container\" class=\"wpforms-field wpforms-field-text request-id\" data-field-id=\"29\"><label class=\"wpforms-field-label wpforms-label-hide\" for=\"wpforms-4899-field_29\">Request ID<\/label><input type=\"text\" id=\"wpforms-4899-field_29\" class=\"wpforms-field-medium\" name=\"wpforms[fields][29]\" ><\/div><\/div><!-- .wpforms-field-container --><div class=\"wpforms-recaptcha-container wpforms-is-recaptcha wpforms-is-recaptcha-type-v2\" ><div class=\"g-recaptcha\" data-sitekey=\"6LfLO_EUAAAAAD2WTL408A9DfNNx6AhXu-npfay8\"><\/div><input type=\"text\" name=\"g-recaptcha-hidden\" class=\"wpforms-recaptcha-hidden\" style=\"position:absolute!important;clip:rect(0,0,0,0)!important;height:1px!important;width:1px!important;border:0!important;overflow:hidden!important;padding:0!important;margin:0!important;\" data-rule-recaptcha=\"1\"><\/div><div class=\"wpforms-submit-container\" ><input type=\"hidden\" name=\"wpforms[id]\" value=\"4899\"><input type=\"hidden\" name=\"page_title\" value=\"\"><input type=\"hidden\" name=\"page_url\" value=\"https:\/\/beta.aa-intergroup.org\/fr\/wp-json\/wp\/v2\/pages\/15606\"><button type=\"submit\" name=\"wpforms[submit]\" id=\"wpforms-submit-4899\" class=\"wpforms-submit\" data-alt-text=\"Envoi...\" data-submit-text=\"Soumettre\" aria-live=\"assertive\" value=\"wpforms-submit\">Soumettre<\/button><img loading=\"lazy\" decoding=\"async\" src=\"https:\/\/beta.aa-intergroup.org\/wp-content\/plugins\/wpforms\/assets\/images\/submit-spin.svg\" class=\"wpforms-submit-spinner\" style=\"display: none;\" width=\"26\" height=\"26\" alt=\"Loading\"><\/div><\/form><\/div>  <!-- .wpforms-container -->\n","protected":false},"excerpt":{"rendered":"<p>L&#8217;adh\u00e9sion n&#8217;est pas requise pour inscrire votre groupe A.A. en ligne dans le R\u00e9pertoire des R\u00e9unions ou pour participer \u00e0 l&#8217;un de nos nombreux Comit\u00e9s de Service. En savoir plus sur l&#8217;adh\u00e9sion &#8211; Pourquoi rejoindre OIAA Nous recommandons de cr\u00e9er une adresse e-mail de groupe plut\u00f4t qu&#8217;une adresse e-mail personnelle afin que lorsque votre RIG<a class=\"excerpt-read-more\" href=\"https:\/\/beta.aa-intergroup.org\/fr\/rejoindre-loiaa\/\" title=\"ReadRejoindre l&#8217;OIAA\">&#8230; Read more &raquo;<\/a><\/p>\n","protected":false},"author":9,"featured_media":0,"parent":0,"menu_order":0,"comment_status":"closed","ping_status":"closed","template":"","meta":{"_acf_changed":false,"_eb_attr":"","footnotes":""},"class_list":["post-15606","page","type-page","status-publish","hentry"],"acf":[],"_links":{"self":[{"href":"https:\/\/beta.aa-intergroup.org\/fr\/wp-json\/wp\/v2\/pages\/15606","targetHints":{"allow":["GET"]}}],"collection":[{"href":"https:\/\/beta.aa-intergroup.org\/fr\/wp-json\/wp\/v2\/pages"}],"about":[{"href":"https:\/\/beta.aa-intergroup.org\/fr\/wp-json\/wp\/v2\/types\/page"}],"author":[{"embeddable":true,"href":"https:\/\/beta.aa-intergroup.org\/fr\/wp-json\/wp\/v2\/users\/9"}],"replies":[{"embeddable":true,"href":"https:\/\/beta.aa-intergroup.org\/fr\/wp-json\/wp\/v2\/comments?post=15606"}],"version-history":[{"count":1,"href":"https:\/\/beta.aa-intergroup.org\/fr\/wp-json\/wp\/v2\/pages\/15606\/revisions"}],"predecessor-version":[{"id":15608,"href":"https:\/\/beta.aa-intergroup.org\/fr\/wp-json\/wp\/v2\/pages\/15606\/revisions\/15608"}],"wp:attachment":[{"href":"https:\/\/beta.aa-intergroup.org\/fr\/wp-json\/wp\/v2\/media?parent=15606"}],"curies":[{"name":"wp","href":"https:\/\/api.w.org\/{rel}","templated":true}]}}