{"id":15618,"date":"2023-04-12T11:38:52","date_gmt":"2023-04-12T15:38:52","guid":{"rendered":"https:\/\/beta.aa-intergroup.org\/pourquoi-rejoindre-loiaa\/"},"modified":"2025-10-28T04:43:11","modified_gmt":"2025-10-28T08:43:11","slug":"pourquoi-rejoindre-loiaa","status":"publish","type":"page","link":"https:\/\/beta.aa-intergroup.org\/fr\/pourquoi-rejoindre-loiaa\/","title":{"rendered":"Pourquoi rejoindre l&#8217;OIAA"},"content":{"rendered":"\n<p>OIAA est enti\u00e8rement d\u00e9di\u00e9e au service. Le service \u00e0 l&#8217;alcoolique qui souffre encore.  Le service \u00e0 nos groupes en ligne. Le service \u00e0 notre fraternit\u00e9 en ligne. Pourquoi s&#8217;engager dans le service ? Pourquoi passer \u00e0 l&#8217;action ? Le Dr Bob l&#8217;a peut-\u00eatre dit le mieux :   <\/p>\n\n<blockquote class=\"wp-block-quote is-layout-flow wp-block-quote-is-layout-flow\">\n<p>  Je le fais pour quatre raisons :<\/p>\n\n\n\n<ol class=\"wp-block-list\">\n<li>Sens du devoir.<\/li>\n\n\n\n<li>C&#8217;est un plaisir.<\/li>\n\n\n\n<li>Parce qu&#8217;en agissant ainsi, je rembourse ma dette envers l&#8217;homme qui a pris le temps de me transmettre le message.<\/li>\n\n\n\n<li>Parce qu&#8217;\u00e0 chaque fois que je le fais, je souscris un peu plus d&#8217;assurance pour moi-m\u00eame contre une \u00e9ventuelle rechute.<\/li>\n<\/ol>\n<cite>Dr Bob<\/cite><\/blockquote>\n\n<div style=\"height:30px\" aria-hidden=\"true\" class=\"wp-block-spacer\"><\/div>\n\n<h4 class=\"wp-block-heading\">Adh\u00e9sion<\/h4>\n\n<p>L&#8217;adh\u00e9sion \u00e0 l&#8217;Intergroupe en ligne est ouverte \u00e0 tous les groupes A.A. en ligne et \u00e0 tous les membres A.A. Il n&#8217;y a ni cotisations ni frais d&#8217;adh\u00e9sion. L&#8217;Intergroupe est autonome gr\u00e2ce aux contributions volontaires de ses membres.   <\/p>\n\n<p>Il existe deux cat\u00e9gories d&#8217;adh\u00e9sion : avec droit de vote et sans droit de vote.<\/p>\n\n<p>Les membres avec droit de vote comprennent chaque groupe AA en ligne enregistr\u00e9 et leurs responsables actuels de l&#8217;Intergroupe. Chaque groupe AA en ligne enregistr\u00e9 participant en tant que membre devrait s\u00e9lectionner un Repr\u00e9sentant de l&#8217;Intergroupe (RIG) pour exercer son adh\u00e9sion. Il est sugg\u00e9r\u00e9 que les RIG aient au moins un an de sobri\u00e9t\u00e9 continue et qu&#8217;ils soient des membres actifs de leurs groupes. Les groupes sont \u00e9galement encourag\u00e9s \u00e0 s\u00e9lectionner des RIG suppl\u00e9ants pour agir en l&#8217;absence du RIG.   <\/p>\n\n<p>Les membres sans droit de vote comprennent tout membre A.A. qui souhaite rejoindre l&#8217;Intergroupe. Il ou elle peut participer aux discussions des Assembl\u00e9es, Forums et Ateliers, mais ne peut pas proposer de motions ou voter.<br\/>L&#8217;adh\u00e9sion <strong>n&#8217;est pas<\/strong> requise pour inscrire votre groupe A.A. en ligne dans le R\u00e9pertoire des R\u00e9unions ou pour participer \u00e0 l&#8217;un de nos nombreux Comit\u00e9s de Service. <\/p>\n\n<div style=\"height:30px\" aria-hidden=\"true\" class=\"wp-block-spacer\"><\/div>\n","protected":false},"excerpt":{"rendered":"<p>OIAA est enti\u00e8rement d\u00e9di\u00e9e au service. Le service \u00e0 l&#8217;alcoolique qui souffre encore. Le service \u00e0 nos groupes en ligne. Le service \u00e0 notre fraternit\u00e9 en ligne. Pourquoi s&#8217;engager dans le service ? Pourquoi passer \u00e0 l&#8217;action ? Le Dr Bob l&#8217;a peut-\u00eatre dit le mieux : Adh\u00e9sion L&#8217;adh\u00e9sion \u00e0 l&#8217;Intergroupe en ligne est ouverte<a class=\"excerpt-read-more\" href=\"https:\/\/beta.aa-intergroup.org\/fr\/pourquoi-rejoindre-loiaa\/\" title=\"ReadPourquoi rejoindre l&#8217;OIAA\">&#8230; Read more &raquo;<\/a><\/p>\n","protected":false},"author":18,"featured_media":0,"parent":0,"menu_order":0,"comment_status":"closed","ping_status":"closed","template":"","meta":{"_acf_changed":false,"_eb_attr":"","footnotes":""},"class_list":["post-15618","page","type-page","status-publish","hentry"],"acf":[],"_links":{"self":[{"href":"https:\/\/beta.aa-intergroup.org\/fr\/wp-json\/wp\/v2\/pages\/15618","targetHints":{"allow":["GET"]}}],"collection":[{"href":"https:\/\/beta.aa-intergroup.org\/fr\/wp-json\/wp\/v2\/pages"}],"about":[{"href":"https:\/\/beta.aa-intergroup.org\/fr\/wp-json\/wp\/v2\/types\/page"}],"author":[{"embeddable":true,"href":"https:\/\/beta.aa-intergroup.org\/fr\/wp-json\/wp\/v2\/users\/18"}],"replies":[{"embeddable":true,"href":"https:\/\/beta.aa-intergroup.org\/fr\/wp-json\/wp\/v2\/comments?post=15618"}],"version-history":[{"count":1,"href":"https:\/\/beta.aa-intergroup.org\/fr\/wp-json\/wp\/v2\/pages\/15618\/revisions"}],"predecessor-version":[{"id":15619,"href":"https:\/\/beta.aa-intergroup.org\/fr\/wp-json\/wp\/v2\/pages\/15618\/revisions\/15619"}],"wp:attachment":[{"href":"https:\/\/beta.aa-intergroup.org\/fr\/wp-json\/wp\/v2\/media?parent=15618"}],"curies":[{"name":"wp","href":"https:\/\/api.w.org\/{rel}","templated":true}]}}