{"id":15632,"date":"2024-11-23T23:54:58","date_gmt":"2024-11-24T04:54:58","guid":{"rendered":"https:\/\/beta.aa-intergroup.org\/chronologie-de-lhistoire-de-loiaa\/"},"modified":"2025-11-09T08:21:41","modified_gmt":"2025-11-09T13:21:41","slug":"chronologie-de-lhistoire-de-loiaa","status":"publish","type":"page","link":"https:\/\/beta.aa-intergroup.org\/fr\/chronologie-de-lhistoire-de-loiaa\/","title":{"rendered":"Chronologie de l&#8217;histoire de l&#8217;OIAA"},"content":{"rendered":"\n<div style=\"height:57px\" aria-hidden=\"true\" class=\"wp-block-spacer\"><\/div>\n\n<div class=\"wp-block-group is-content-justification-center is-layout-flex wp-container-core-group-is-layout-64b26803 wp-block-group-is-layout-flex\">\n<h4 class=\"wp-block-heading\">Un d\u00e9but prometteur&#8230;<\/h4>\n\n\n\n<p>En 1994, les membres en ligne de la Fraternit\u00e9 des Alcooliques Anonymes ont commenc\u00e9 \u00e0 se pr\u00e9parer pour participer \u00e0 la Convention Internationale de San Diego, qui s&#8217;est tenue en juin 1995. Beaucoup dans notre communaut\u00e9 ont estim\u00e9 que ce serait une excellente occasion de rencontrer certains de nos compagnons alcooliques en personne, renfor\u00e7ant ainsi les amiti\u00e9s \u00e9troites que nous avions nou\u00e9es dans nos groupes en ligne.<\/p>\n<\/div>\n\n<div class=\"wp-block-essential-blocks-button root-eb-button-dg1a8\"><div class=\"eb-parent-wrapper eb-parent-eb-button-dg1a8 \"><div class=\"eb-button-wrapper eb-button-alignment eb-button-dg1a8\"><div class=\"eb-button\"><div class=\"eb-button-inner-wrapper \"><a class=\"eb-button-anchor \" href=\"https:\/\/beta.aa-intergroup.org\/fr\/evolution-du-site-web-de-loiaa\/\" target=\"_blank\" rel=\"noopener\">\u00c9volution du site web de l&#8217;OIAA<i icon=\"fas fa-chevron-right\" class=\"fas fa-chevron-right eb-button-icon eb-button-icon-right hvr-icon\"><\/i><\/a><\/div><\/div><\/div><\/div><\/div>\n\n<div style=\"height:35px\" aria-hidden=\"true\" class=\"wp-block-spacer\"><\/div>\n\n<div class=\"wp-block-cp-timeline-content-timeline-block Cool-Content-Timeline\"><div class=\"cool-timeline-block-10e2f1f5-5658-4eec-aead-52989eb60b3d\"><style>.cool-timeline-block-10e2f1f5-5658-4eec-aead-52989eb60b3d .cool-vertical-timeline-body{--ctlb-icon-color: #02c8fd;--ctlb-line-color: #011a5c;--ctlb-icon-bg: #02c8fd;--ctlb-story-border-color: #011a5c;--ctlb-container-right-padding: 50px;--ctlb-container-left-padding: 50px;}<\/style><div class=\"cool-vertical-timeline-body ctlb-wrapper both-sided left\"><div class=\"cool-timeline-block-list\">\n<div class=\"wp-block-cp-timeline-content-timeline-block-child swiper-slide\"><div class=\"timeline-content icon-false \"><div class=\"timeline-block-timeline ctl-row  position-right\"><div class=\"ctl-6 timeline-block-time\"><div class=\"story-time\"><p><strong>March 1, 1994<\/strong><\/p><\/div><\/div><div class=\"timeline-block-icon\"><svg stroke=\"currentColor\" fill=\"currentColor\" stroke-width=\"0\" viewBox=\"0 0 512 512\" height=\"1em\" width=\"1em\" xmlns=\"http:\/\/www.w3.org\/2000\/svg\"><path d=\"M256 8C119 8 8 119 8 256s111 248 248 248 248-111 248-248S393 8 256 8z\"><\/path><\/svg><\/div><div class=\"ctl-6 timeline-block-detail\"><div class=\"story-details\"><div class=\"story-content\">\n<h3 class=\"wp-block-heading ctlb-block-title\" style=\"padding-top:0px;padding-right:0px;padding-bottom:0px;padding-left:0px\">Cr\u00e9ation du comit\u00e9 cyber vivant<\/h3>\n\n\n\n<p class=\"ctlb-block-desc\" style=\"padding-top:0px;padding-right:0px;padding-bottom:0px;padding-left:0px\">Le Comit\u00e9 Living Cyber a \u00e9t\u00e9 form\u00e9 en mars 1994 pour coordonner l&#8217;h\u00e9bergement d&#8217;une suite d&#8217;hospitalit\u00e9 lors de la convention. La participation \u2014 ou l&#8217;adh\u00e9sion \u2014 au LCC \u00e9tait ouverte \u00e0 tous les alcooliques en r\u00e9tablissement qui souhaitaient se joindre. Des alcooliques de tous les coins de la communaut\u00e9 en ligne \u2014 tableaux d&#8217;affichage, services en ligne commerciaux et Internet \u2014 se sont joints \u00e0 l&#8217;effort. Avant la convention, le LCC s&#8217;est efforc\u00e9 de communiquer son existence, son objectif et ses activit\u00e9s \u00e0 tous les groupes A.A. en ligne connus. Une page Web a \u00e9t\u00e9 mise en place. Des d\u00e9pliants contenant des informations sur la fa\u00e7on de contacter la Fraternit\u00e9 en ligne et comment trouver des ressources A.A. en ligne ont \u00e9t\u00e9 compil\u00e9s, imprim\u00e9s et distribu\u00e9s lors de la convention.<br\/>Nos plans ont \u00e9volu\u00e9 pour inclure un lien vers la fraternit\u00e9 en ligne \u2014 vers ceux qui ne pouvaient pas assister \u00e0 la convention en personne. Trois ordinateurs ont \u00e9t\u00e9 install\u00e9s dans la suite et sont rest\u00e9s en ligne en permanence avec des alcooliques du monde entier.<\/p>\n<\/div><\/div><\/div><\/div><\/div><\/div>\n\n\n\n<div class=\"wp-block-cp-timeline-content-timeline-block-child swiper-slide\"><div class=\"timeline-content icon-false \"><div class=\"timeline-block-timeline ctl-row  position-left\"><div class=\"ctl-6 timeline-block-time\"><div class=\"story-time\"><p><strong>June 1, 1995<\/strong><\/p><\/div><\/div><div class=\"timeline-block-icon\"><svg stroke=\"currentColor\" fill=\"currentColor\" stroke-width=\"0\" viewBox=\"0 0 512 512\" height=\"1em\" width=\"1em\" xmlns=\"http:\/\/www.w3.org\/2000\/svg\"><path d=\"M256 8C119 8 8 119 8 256s111 248 248 248 248-111 248-248S393 8 256 8z\"><\/path><\/svg><\/div><div class=\"ctl-6 timeline-block-detail\"><div class=\"story-details\"><div class=\"story-content\">\n<h3 class=\"wp-block-heading ctlb-block-title\" style=\"padding-top:0px;padding-right:0px;padding-bottom:0px;padding-left:0px\">Suite cyber vivante \u00e0 la convention internationale de San Diego<\/h3>\n\n\n\n<p class=\"ctlb-block-desc\" style=\"padding-top:0px;padding-right:0px;padding-bottom:0px;padding-left:0px\">La Suite Cyber Vivante a \u00e9t\u00e9 un succ\u00e8s retentissant, offrant un lieu de rassemblement pour les membres des groupes en ligne afin de se rencontrer en personne, g\u00e9n\u00e9ralement pour la premi\u00e8re fois. Les visiteurs ont eu l&#8217;occasion de se connecter \u00e0 la v\u00e9ritable Fraternit\u00e9 en ligne. Ceux qui ne pouvaient pas se rendre \u00e0 San Diego ont pu assister \u00ab virtuellement \u00bb \u00e0 la convention gr\u00e2ce \u00e0 la suite.  <\/p>\n\n\n\n<p class=\"ctlb-block-desc\" style=\"padding-top:0px;padding-right:0px;padding-bottom:0px;padding-left:0px\">Deux grands groupes de messagerie \u00e9lectronique, plusieurs groupes des principaux services en ligne et un canal de discussion Internet Relay Chat ont particip\u00e9 \u00e0 l&#8217;union d&#8217;alcooliques du monde entier avec les membres en ligne et les visiteurs dans la suite.<\/p>\n<\/div><\/div><\/div><\/div><\/div><\/div>\n\n\n\n<div class=\"wp-block-cp-timeline-content-timeline-block-child swiper-slide\"><div class=\"timeline-content icon-false \"><div class=\"timeline-block-timeline ctl-row  position-right\"><div class=\"ctl-6 timeline-block-time\"><div class=\"story-time\"><p><strong>February 1, 1996<\/strong><\/p><\/div><\/div><div class=\"timeline-block-icon\"><svg stroke=\"currentColor\" fill=\"currentColor\" stroke-width=\"0\" viewBox=\"0 0 512 512\" height=\"1em\" width=\"1em\" xmlns=\"http:\/\/www.w3.org\/2000\/svg\"><path d=\"M256 8C119 8 8 119 8 256s111 248 248 248 248-111 248-248S393 8 256 8z\"><\/path><\/svg><\/div><div class=\"ctl-6 timeline-block-detail\"><div class=\"story-details\"><div class=\"story-content\">\n<h3 class=\"wp-block-heading ctlb-block-title\" style=\"padding-top:0px;padding-right:0px;padding-bottom:0px;padding-left:0px\">L&#8217;OIAA est n\u00e9e !<\/h3>\n\n\n\n<p class=\"ctlb-block-desc\" style=\"padding-top:0px;padding-right:0px;padding-bottom:0px;padding-left:0px\">Apr\u00e8s la convention, il a \u00e9t\u00e9 d\u00e9cid\u00e9 de dissoudre le comit\u00e9 existant et de le r\u00e9former. Tous les groupes A.A. en ligne ont \u00e9t\u00e9 invit\u00e9s \u00e0 envoyer un repr\u00e9sentant au comit\u00e9. Nous avons d\u00e9cid\u00e9 que nous devrions servir d&#8217;Intergroupe, au service des groupes A.A. en ligne.  <\/p>\n\n\n\n<p class=\"ctlb-block-desc\" style=\"padding-top:0px;padding-right:0px;padding-bottom:0px;padding-left:0px\">L&#8217;OIAA est n\u00e9e ! L&#8217;Intergroupe en ligne des Alcooliques Anonymes repr\u00e9sente maintenant des dizaines de groupes en ligne avec un effectif combin\u00e9 de plusieurs milliers de membres.<\/p>\n<\/div><\/div><\/div><\/div><\/div><\/div>\n\n\n\n<div class=\"wp-block-cp-timeline-content-timeline-block-child swiper-slide\"><div class=\"timeline-content icon-false \"><div class=\"timeline-block-timeline ctl-row  position-left\"><div class=\"ctl-6 timeline-block-time\"><div class=\"story-time\"><p><strong>January 1, 1995<\/strong><\/p><\/div><\/div><div class=\"timeline-block-icon\"><svg stroke=\"currentColor\" fill=\"currentColor\" stroke-width=\"0\" viewBox=\"0 0 512 512\" height=\"1em\" width=\"1em\" xmlns=\"http:\/\/www.w3.org\/2000\/svg\"><path d=\"M256 8C119 8 8 119 8 256s111 248 248 248 248-111 248-248S393 8 256 8z\"><\/path><\/svg><\/div><div class=\"ctl-6 timeline-block-detail\"><div class=\"story-details\"><div class=\"story-content\">\n<h3 class=\"wp-block-heading ctlb-block-title\" style=\"padding-top:0px;padding-right:0px;padding-bottom:0px;padding-left:0px\">D\u00e9claration originale de l&#8217;objectif et des buts<\/h3>\n\n\n\n<p class=\"ctlb-block-desc\" style=\"padding-top:0px;padding-right:0px;padding-bottom:0px;padding-left:0px\">\u2014- \u00c9crit au milieu des ann\u00e9es 1990 \u2014-<\/p>\n\n\n\n<p class=\"ctlb-block-desc\" style=\"padding-top:0px;padding-right:0px;padding-bottom:0px;padding-left:0px\">Le ph\u00e9nom\u00e8ne de la nouvelle technologie des ordinateurs, modems, World Wide Web et communication Internet a donn\u00e9 naissance \u00e0 un nouveau moyen d&#8217;\u00e9change par lequel les alcooliques pouvaient interagir avec d&#8217;autres alcooliques. Au cours des derni\u00e8res ann\u00e9es, de nombreuses nouvelles r\u00e9unions en ligne ont vu le jour qui, n&#8217;ayant pas de fronti\u00e8res g\u00e9ographiques, n&#8217;ont pas pu s&#8217;adapter aux structures de service des r\u00e9unions habituelles en face \u00e0 face (f2f) d&#8217;A.A.. De cela a grandi une reconnaissance de la part de nombreux groupes en ligne qu&#8217;une certaine forme de groupe de service \u00e9tait n\u00e9cessaire pour aider et faciliter la communication et la coordination de l&#8217;A.A. du cyberespace.<br\/><a href=\"https:\/\/beta.aa-intergroup.org\/fr\/declaration-de-la-mission-et-des-objectifs-originaux-de-loiaa\/\" target=\"_blank\" rel=\"noreferrer noopener\">Lire la suite\u2026<\/a><\/p>\n<\/div><\/div><\/div><\/div><\/div><\/div>\n\n\n\n<div class=\"wp-block-cp-timeline-content-timeline-block-child swiper-slide\"><div class=\"timeline-content icon-false \"><div class=\"timeline-block-timeline ctl-row  position-right\"><div class=\"ctl-6 timeline-block-time\"><div class=\"story-time\"><p><strong>January 1, 2000<\/strong><\/p><\/div><\/div><div class=\"timeline-block-icon\"><svg stroke=\"currentColor\" fill=\"currentColor\" stroke-width=\"0\" viewBox=\"0 0 512 512\" height=\"1em\" width=\"1em\" xmlns=\"http:\/\/www.w3.org\/2000\/svg\"><path d=\"M256 8C119 8 8 119 8 256s111 248 248 248 248-111 248-248S393 8 256 8z\"><\/path><\/svg><\/div><div class=\"ctl-6 timeline-block-detail\"><div class=\"story-details\"><div class=\"story-content\">\n<h3 class=\"wp-block-heading ctlb-block-title\" style=\"padding-top:0px;padding-right:0px;padding-bottom:0px;padding-left:0px\">Organe directeur de l&#8217;intergroupe et adh\u00e9sion<\/h3>\n\n\n\n<p class=\"ctlb-block-desc\" style=\"padding-top:0px;padding-right:0px;padding-bottom:0px;padding-left:0px\">\u2014- \u00c9crit au d\u00e9but des ann\u00e9es 2000 \u2014-<\/p>\n\n\n\n<p>L&#8217;organe directeur et l&#8217;adh\u00e9sion de l&#8217;OIAA ont \u00e9t\u00e9 davantage d\u00e9finis au d\u00e9but des ann\u00e9es 2000.<\/p>\n\n\n\n<p class=\"ctlb-block-desc\" style=\"padding-top:0px;padding-right:0px;padding-bottom:0px;padding-left:0px\"><a href=\"https:\/\/beta.aa-intergroup.org\/fr\/organe-directeur-de-lintergroupe-et-de-ses-membres-annees-2000\/\">En savoir plus sur l&#8217;OIAA de cette p\u00e9riode\u2026<\/a><\/p>\n<\/div><\/div><\/div><\/div><\/div><\/div>\n\n\n\n<div class=\"wp-block-cp-timeline-content-timeline-block-child swiper-slide\"><div class=\"timeline-content icon-false \"><div class=\"timeline-block-timeline ctl-row  position-left\"><div class=\"ctl-6 timeline-block-time\"><div class=\"story-time\"><p><strong>June 29, 2000<\/strong><\/p><\/div><\/div><div class=\"timeline-block-icon\"><svg stroke=\"currentColor\" fill=\"currentColor\" stroke-width=\"0\" viewBox=\"0 0 512 512\" height=\"1em\" width=\"1em\" xmlns=\"http:\/\/www.w3.org\/2000\/svg\"><path d=\"M256 8C119 8 8 119 8 256s111 248 248 248 248-111 248-248S393 8 256 8z\"><\/path><\/svg><\/div><div class=\"ctl-6 timeline-block-detail\"><div class=\"story-details\"><div class=\"story-content\">\n<h3 class=\"wp-block-heading ctlb-block-title\" style=\"padding-top:0px;padding-right:0px;padding-bottom:0px;padding-left:0px\">Suite \u00e0 la convention internationale de Minneapolis<\/h3>\n\n\n\n<p class=\"ctlb-block-desc\" style=\"padding-top:0px;padding-right:0px;padding-bottom:0px;padding-left:0px\">Une fois de plus, l&#8217;OIAA a organis\u00e9 une suite lors de la 65e Convention Internationale Anniversaire \u00e0 Minneapolis, MN.<\/p>\n<\/div><\/div><\/div><\/div><\/div><\/div>\n\n\n\n<div class=\"wp-block-cp-timeline-content-timeline-block-child swiper-slide\"><div class=\"timeline-content icon-false \"><div class=\"timeline-block-timeline ctl-row  position-right\"><div class=\"ctl-6 timeline-block-time\"><div class=\"story-time\"><p><strong>June 30, 2005<\/strong><\/p><\/div><\/div><div class=\"timeline-block-icon\"><svg stroke=\"currentColor\" fill=\"currentColor\" stroke-width=\"0\" viewBox=\"0 0 512 512\" height=\"1em\" width=\"1em\" xmlns=\"http:\/\/www.w3.org\/2000\/svg\"><path d=\"M256 8C119 8 8 119 8 256s111 248 248 248 248-111 248-248S393 8 256 8z\"><\/path><\/svg><\/div><div class=\"ctl-6 timeline-block-detail\"><div class=\"story-details\"><div class=\"story-content\">\n<h3 class=\"wp-block-heading ctlb-block-title\" style=\"padding-top:0px;padding-right:0px;padding-bottom:0px;padding-left:0px\">Suite \u00e0 la convention internationale de Toronto<\/h3>\n\n\n\n<p class=\"ctlb-block-desc\" style=\"padding-top:0px;padding-right:0px;padding-bottom:0px;padding-left:0px\">L&#8217;OIAA a organis\u00e9 une suite lors de la 70e Convention Internationale Anniversaire \u00e0 Toronto, Ontario, Canada<\/p>\n<\/div><\/div><\/div><\/div><\/div><\/div>\n\n\n\n<div class=\"wp-block-cp-timeline-content-timeline-block-child swiper-slide\"><div class=\"timeline-content icon-false \"><div class=\"timeline-block-timeline ctl-row  position-left\"><div class=\"ctl-6 timeline-block-time\"><div class=\"story-time\"><p><strong>July 1, 2010<\/strong><\/p><\/div><\/div><div class=\"timeline-block-icon\"><svg stroke=\"currentColor\" fill=\"currentColor\" stroke-width=\"0\" viewBox=\"0 0 512 512\" height=\"1em\" width=\"1em\" xmlns=\"http:\/\/www.w3.org\/2000\/svg\"><path d=\"M256 8C119 8 8 119 8 256s111 248 248 248 248-111 248-248S393 8 256 8z\"><\/path><\/svg><\/div><div class=\"ctl-6 timeline-block-detail\"><div class=\"story-details\"><div class=\"story-content\">\n<h3 class=\"wp-block-heading ctlb-block-title\" style=\"padding-top:0px;padding-right:0px;padding-bottom:0px;padding-left:0px\">Suite \u00e0 la convention internationale de San Antonio<\/h3>\n\n\n\n<p class=\"ctlb-block-desc\" style=\"padding-top:0px;padding-right:0px;padding-bottom:0px;padding-left:0px\">L&#8217;OIAA a organis\u00e9 une suite lors de la 75e Convention Internationale Anniversaire \u00e0 San Antonio, TX.<\/p>\n<\/div><\/div><\/div><\/div><\/div><\/div>\n\n\n\n<div class=\"wp-block-cp-timeline-content-timeline-block-child swiper-slide\"><div class=\"timeline-content icon-false \"><div class=\"timeline-block-timeline ctl-row  position-right\"><div class=\"ctl-6 timeline-block-time\"><div class=\"story-time\"><p><strong>July 2, 2015<\/strong><\/p><\/div><\/div><div class=\"timeline-block-icon\"><svg stroke=\"currentColor\" fill=\"currentColor\" stroke-width=\"0\" viewBox=\"0 0 512 512\" height=\"1em\" width=\"1em\" xmlns=\"http:\/\/www.w3.org\/2000\/svg\"><path d=\"M256 8C119 8 8 119 8 256s111 248 248 248 248-111 248-248S393 8 256 8z\"><\/path><\/svg><\/div><div class=\"ctl-6 timeline-block-detail\"><div class=\"story-details\"><div class=\"story-content\">\n<h3 class=\"wp-block-heading ctlb-block-title\" style=\"padding-top:0px;padding-right:0px;padding-bottom:0px;padding-left:0px\">Suite \u00e0 la convention internationale d&#8217;Atlanta<\/h3>\n\n\n\n<p class=\"ctlb-block-desc\" style=\"padding-top:0px;padding-right:0px;padding-bottom:0px;padding-left:0px\">L&#8217;OIAA a organis\u00e9 une suite lors de la 75e Convention Internationale Anniversaire \u00e0 Atlanta, GA.<\/p>\n<\/div><\/div><\/div><\/div><\/div><\/div>\n\n\n\n<div class=\"wp-block-cp-timeline-content-timeline-block-child swiper-slide\"><div class=\"timeline-content icon-false \"><div class=\"timeline-block-timeline ctl-row  position-left\"><div class=\"ctl-6 timeline-block-time\"><div class=\"story-time\"><p><strong>January 1, 2022<\/strong><\/p><\/div><\/div><div class=\"timeline-block-icon\"><svg stroke=\"currentColor\" fill=\"currentColor\" stroke-width=\"0\" viewBox=\"0 0 512 512\" height=\"1em\" width=\"1em\" xmlns=\"http:\/\/www.w3.org\/2000\/svg\"><path d=\"M256 8C119 8 8 119 8 256s111 248 248 248 248-111 248-248S393 8 256 8z\"><\/path><\/svg><\/div><div class=\"ctl-6 timeline-block-detail\"><div class=\"story-details\"><div class=\"story-content\">\n<h3 class=\"wp-block-heading ctlb-block-title\" style=\"padding-top:0px;padding-right:0px;padding-bottom:0px;padding-left:0px\">L&#8217;OIAA enregistr\u00e9e comme organisation \u00e0 but non lucratif<\/h3>\n\n\n\n<p class=\"ctlb-block-desc\" style=\"padding-top:0px;padding-right:0px;padding-bottom:0px;padding-left:0px\">En 2022, l&#8217;OIAA s&#8217;est enregistr\u00e9e comme organisation \u00e0 but non lucratif dans l&#8217;\u00c9tat du New Jersey.<\/p>\n<\/div><\/div><\/div><\/div><\/div><\/div>\n\n\n\n<div class=\"wp-block-cp-timeline-content-timeline-block-child swiper-slide\"><div class=\"timeline-content icon-false \"><div class=\"timeline-block-timeline ctl-row  position-right\"><div class=\"ctl-6 timeline-block-time\"><div class=\"story-time\"><p><strong>October 25, 2024<\/strong><\/p><\/div><\/div><div class=\"timeline-block-icon\"><svg stroke=\"currentColor\" fill=\"currentColor\" stroke-width=\"0\" viewBox=\"0 0 512 512\" height=\"1em\" width=\"1em\" xmlns=\"http:\/\/www.w3.org\/2000\/svg\"><path d=\"M256 8C119 8 8 119 8 256s111 248 248 248 248-111 248-248S393 8 256 8z\"><\/path><\/svg><\/div><div class=\"ctl-6 timeline-block-detail\"><div class=\"story-details\"><div class=\"story-content\">\n<h3 class=\"wp-block-heading ctlb-block-title\" style=\"padding-top:0px;padding-right:0px;padding-bottom:0px;padding-left:0px\">1\u00e8re convention internationale en ligne de l&#8217;OIAA<\/h3>\n\n\n\n<p class=\"ctlb-block-desc\" style=\"padding-top:0px;padding-right:0px;padding-bottom:0px;padding-left:0px\">La premi\u00e8re Convention Internationale Annuelle en Ligne de l&#8217;OIAA s&#8217;est tenue du 25 au 27 octobre 2024. Plus de 7 000 membres des A.A. y ont assist\u00e9 du monde entier.<br\/><a href=\"https:\/\/beta.aa-intergroup.org\/kerris-test-page\/\">En savoir plus\u2026<\/a><\/p>\n<\/div><\/div><\/div><\/div><\/div><\/div>\n<\/div><\/div><\/div><\/div>\n\n<div style=\"height:52px\" aria-hidden=\"true\" class=\"wp-block-spacer\"><\/div>\n\n<hr class=\"wp-block-separator has-alpha-channel-opacity\"\/>\n\n<h3 class=\"wp-block-heading has-text-align-center has-text-color has-link-color wp-elements-f8828f6a86609913856ad5d06369abfc\" style=\"color:#011a5c\">L&#8217;OIAA aujourd&#8217;hui<\/h3>\n        \n        <div class=\"embedpress-gutenberg-wrapper source-provider-Youtube aligncenter clear   ep-content-protection-disabled inline\" id=\"359c044b-800e-4f48-b60b-d0b5e61d0acf\" data-embed-type=\"Youtube \">\n            <div class=\"wp-block-embed__wrapper \">\n                <div id=\"ep-gutenberg-content-7df84edc76aecfbda1d7df2722da3cb3\" class=\"ep-gutenberg-content\">\n                    <div >\n                        <div class=\"ep-embed-content-wraper preset-default insta-grid ep-google-photos-carousel\"\n                                                                                                                >\n\n                            <div class=\"ose-youtube ose-uid-22ab836592b202066c66a22759bb341b ose-embedpress-responsive\" style=\"width:600px; height:340px; max-height:340px; max-width:100%; display:inline-block;\"><iframe allowfullscreen title=\"What is OIAA?\" width=\"600\" height=\"340\" src=\"https:\/\/www.youtube.com\/embed\/PZIB3TfAHXU?feature=oembed&#038;color=red&#038;rel=1&#038;controls=2&#038;start=true&#038;end=true&#038;fs=1&#038;iv_load_policy=1&#038;mute=1&#038;modestbranding=0&#038;playsinline=1&#038;autoplay=0&#038;cc_load_policy=0\" frameborder=\"0\" allow=\"accelerometer; encrypted-media;accelerometer;autoplay;clipboard-write;gyroscope;picture-in-picture clipboard-write; encrypted-media; gyroscope; picture-in-picture; web-share\" referrerpolicy=\"strict-origin-when-cross-origin\" loading=lazy><\/iframe><\/div>                        <\/div>\n\n                                            <\/div>\n                <\/div>\n            <\/div>\n        <\/div>\n    \n\n\n\n    <meta charset=\"UTF-8\"\/>\n    <meta name=\"viewport\" content=\"width=device-width, initial-scale=1.0\"\/>\n    <title>Retour en haut<\/title>\n    <style>\n        #return-to-top {\n            position: fixed;\n            bottom: 20px;\n            right: 20px;\n            background-color: #007bff;\n            color: white;\n            padding: 10px 15px;\n            border-radius: 5px;\n            text-decoration: none;\n            font-size: 14px;\n            box-shadow: 0px 4px 6px rgba(0, 0, 0, 0.1);\n        }\n\n        #return-to-top:hover {\n            background-color: #0056b3;\n        }\n    <\/style>\n\n\n    <div style=\"height: 2000px;\">\n        <p><\/p>\n    <\/div>\n\n    <a href=\"#top\" id=\"return-to-top\">Retour en haut<\/a>\n\n    <script>\n        const returnToTopButton = document.createElement('a');\n        returnToTopButton.id = \"top\";\n        document.body.prepend(returnToTopButton);\n    <\/script>\n\n\n","protected":false},"excerpt":{"rendered":"<p>Un d\u00e9but prometteur&#8230; En 1994, les membres en ligne de la Fraternit\u00e9 des Alcooliques Anonymes ont commenc\u00e9 \u00e0 se pr\u00e9parer pour participer \u00e0 la Convention Internationale de San Diego, qui s&#8217;est tenue en juin 1995. Beaucoup dans notre communaut\u00e9 ont estim\u00e9 que ce serait une excellente occasion de rencontrer certains de nos compagnons alcooliques en<a class=\"excerpt-read-more\" href=\"https:\/\/beta.aa-intergroup.org\/fr\/chronologie-de-lhistoire-de-loiaa\/\" title=\"ReadChronologie de l&#8217;histoire de l&#8217;OIAA\">&#8230; Read more &raquo;<\/a><\/p>\n","protected":false},"author":153,"featured_media":0,"parent":0,"menu_order":0,"comment_status":"closed","ping_status":"closed","template":"","meta":{"_acf_changed":false,"_eb_attr":"","footnotes":""},"class_list":["post-15632","page","type-page","status-publish","hentry"],"acf":[],"_links":{"self":[{"href":"https:\/\/beta.aa-intergroup.org\/fr\/wp-json\/wp\/v2\/pages\/15632","targetHints":{"allow":["GET"]}}],"collection":[{"href":"https:\/\/beta.aa-intergroup.org\/fr\/wp-json\/wp\/v2\/pages"}],"about":[{"href":"https:\/\/beta.aa-intergroup.org\/fr\/wp-json\/wp\/v2\/types\/page"}],"author":[{"embeddable":true,"href":"https:\/\/beta.aa-intergroup.org\/fr\/wp-json\/wp\/v2\/users\/153"}],"replies":[{"embeddable":true,"href":"https:\/\/beta.aa-intergroup.org\/fr\/wp-json\/wp\/v2\/comments?post=15632"}],"version-history":[{"count":2,"href":"https:\/\/beta.aa-intergroup.org\/fr\/wp-json\/wp\/v2\/pages\/15632\/revisions"}],"predecessor-version":[{"id":40664,"href":"https:\/\/beta.aa-intergroup.org\/fr\/wp-json\/wp\/v2\/pages\/15632\/revisions\/40664"}],"wp:attachment":[{"href":"https:\/\/beta.aa-intergroup.org\/fr\/wp-json\/wp\/v2\/media?parent=15632"}],"curies":[{"name":"wp","href":"https:\/\/api.w.org\/{rel}","templated":true}]}}