{"id":15698,"date":"2023-04-25T21:11:44","date_gmt":"2023-04-26T01:11:44","guid":{"rendered":"https:\/\/beta.aa-intergroup.org\/soumettre-des-evenements-de-groupe\/"},"modified":"2025-10-28T04:53:00","modified_gmt":"2025-10-28T08:53:00","slug":"soumettre-des-evenements-de-groupe","status":"publish","type":"page","link":"https:\/\/beta.aa-intergroup.org\/fr\/soumettre-des-evenements-de-groupe\/","title":{"rendered":"Soumettre des \u00e9v\u00e9nements de groupe"},"content":{"rendered":"\n<h2 class=\"wp-block-heading margin-top-medium\">Soumettez vos \u00e9v\u00e9nements<\/h2>\n\n<p>Utilisez ce formulaire pour soumettre les \u00e9v\u00e9nements de votre groupe. Il n&#8217;est pas n\u00e9cessaire d&#8217;\u00eatre un groupe membre de l&#8217;OIAA pour inscrire un \u00e9v\u00e9nement. Les \u00e9v\u00e9nements r\u00e9pertori\u00e9s peuvent \u00eatre uniquement en ligne ou hybrides (en personne et en ligne). <strong>L&#8217;OIAA ne publie pas d&#8217;\u00e9v\u00e9nements uniquement en personne. L&#8217;OIAA ne publie pas d&#8217;\u00e9v\u00e9nements pour d&#8217;autres programmes en 12 \u00e9tapes.<\/strong>  <\/p>\n\n<p>Il est recommand\u00e9 de fournir autant de d\u00e9tails que possible dans la description, car tous les champs de texte seront automatiquement traduits dans de nombreuses langues. Si vous ne soumettez qu&#8217;une image, elle ne sera pas traduite &#8211; vous devez ajouter vos d\u00e9pliants traduits via le t\u00e9l\u00e9chargement des traductions. Si vous avez des probl\u00e8mes de t\u00e9l\u00e9chargement ou des questions, envoyez un courriel \u00e0 <strong>webservant@aa-intergroup.org<\/strong>.  <\/p>\n","protected":false},"excerpt":{"rendered":"<p>Soumettez vos \u00e9v\u00e9nements Utilisez ce formulaire pour soumettre les \u00e9v\u00e9nements de votre groupe. Il n&#8217;est pas n\u00e9cessaire d&#8217;\u00eatre un groupe membre de l&#8217;OIAA pour inscrire un \u00e9v\u00e9nement. Les \u00e9v\u00e9nements r\u00e9pertori\u00e9s peuvent \u00eatre uniquement en ligne ou hybrides (en personne et en ligne). L&#8217;OIAA ne publie pas d&#8217;\u00e9v\u00e9nements uniquement en personne. L&#8217;OIAA ne publie pas d&#8217;\u00e9v\u00e9nements<a class=\"excerpt-read-more\" href=\"https:\/\/beta.aa-intergroup.org\/fr\/soumettre-des-evenements-de-groupe\/\" title=\"ReadSoumettre des \u00e9v\u00e9nements de groupe\">&#8230; Read more &raquo;<\/a><\/p>\n","protected":false},"author":12,"featured_media":0,"parent":0,"menu_order":0,"comment_status":"closed","ping_status":"closed","template":"page-submit-group-event.php","meta":{"_acf_changed":false,"_eb_attr":"","footnotes":""},"class_list":["post-15698","page","type-page","status-publish","hentry"],"acf":[],"_links":{"self":[{"href":"https:\/\/beta.aa-intergroup.org\/fr\/wp-json\/wp\/v2\/pages\/15698","targetHints":{"allow":["GET"]}}],"collection":[{"href":"https:\/\/beta.aa-intergroup.org\/fr\/wp-json\/wp\/v2\/pages"}],"about":[{"href":"https:\/\/beta.aa-intergroup.org\/fr\/wp-json\/wp\/v2\/types\/page"}],"author":[{"embeddable":true,"href":"https:\/\/beta.aa-intergroup.org\/fr\/wp-json\/wp\/v2\/users\/12"}],"replies":[{"embeddable":true,"href":"https:\/\/beta.aa-intergroup.org\/fr\/wp-json\/wp\/v2\/comments?post=15698"}],"version-history":[{"count":1,"href":"https:\/\/beta.aa-intergroup.org\/fr\/wp-json\/wp\/v2\/pages\/15698\/revisions"}],"predecessor-version":[{"id":15700,"href":"https:\/\/beta.aa-intergroup.org\/fr\/wp-json\/wp\/v2\/pages\/15698\/revisions\/15700"}],"wp:attachment":[{"href":"https:\/\/beta.aa-intergroup.org\/fr\/wp-json\/wp\/v2\/media?parent=15698"}],"curies":[{"name":"wp","href":"https:\/\/api.w.org\/{rel}","templated":true}]}}