{"id":15788,"date":"2020-05-02T02:09:04","date_gmt":"2020-05-02T06:09:04","guid":{"rendered":"https:\/\/beta.aa-intergroup.org\/mises-a-jour-de-lannuaire-des-reunions\/"},"modified":"2025-10-28T04:57:09","modified_gmt":"2025-10-28T08:57:09","slug":"mises-a-jour-de-lannuaire-des-reunions","status":"publish","type":"page","link":"https:\/\/beta.aa-intergroup.org\/fr\/mises-a-jour-de-lannuaire-des-reunions\/","title":{"rendered":"Mises \u00e0 jour de l\u2019annuaire des r\u00e9unions"},"content":{"rendered":"\n<p><\/p>\n\n<p>Si vous \u00eates un repr\u00e9sentant officiel d\u2019une r\u00e9union en ligne r\u00e9pertori\u00e9e dans la base de donn\u00e9es des r\u00e9unions et que vous souhaitez mettre \u00e0 jour votre inscription, veuillez utiliser le formulaire ci-dessous. Cela peut inclure des modifications d\u2019heure\/de date, des modifications de description, des mises \u00e0 jour de liens, de num\u00e9ros de t\u00e9l\u00e9phone ou de mots de passe, la suppression d\u2019une inscription, etc.  <\/p>\n\n<p>Veillez \u00e0 clairement identifier la r\u00e9union que vous souhaitez modifier et \u00e0 d\u00e9tailler tous les changements. Un membre de l\u2019\u00e9quipe vous contactera. <\/p>\n\n<p>Si vous avez besoin d&#8217;aide avec le formulaire ou si vous avez d&#8217;autres demandes pour le comit\u00e9 PAC, veuillez utiliser cette adresse e-mail : <strong>pac@aa-intergroup.org<\/strong>.<\/p>\n\n<p><em>Remarque\u00a0: les nouvelles soumissions de r\u00e9unions ne seront pas trait\u00e9es via ce formulaire\u00a0; veuillez utiliser le <a href=\"https:\/\/beta.aa-intergroup.org\/fr\/soumettre-une-nouvelle-reunion-en-ligne\/\" data-type=\"URL\">formulaire de soumission de r\u00e9union<\/a> pour toute nouvelle inscription.<\/em><\/p>\n\n<h3 class=\"wp-block-heading\" id=\"proposed-updates-changes-form\">Formulaire de propositions de mises \u00e0 jour\/modifications<\/h3>\n<div class=\"wpforms-container wpforms-container-full wpforms-block wpforms-block-19dda957-095a-43de-979f-e5aef606b4fa\" id=\"wpforms-830\"><form id=\"wpforms-form-830\" class=\"wpforms-validate wpforms-form\" data-formid=\"830\" method=\"post\" enctype=\"multipart\/form-data\" action=\"\/fr\/wp-json\/wp\/v2\/pages\/15788\" data-token=\"a2407a7fc04c42263a396b80181138bf\" data-token-time=\"1776019661\"><noscript class=\"wpforms-error-noscript\">Please enable JavaScript in your browser to complete this form.<\/noscript><div class=\"wpforms-field-container\"><div id=\"wpforms-830-field_15-container\" class=\"wpforms-field wpforms-field-number\" data-field-id=\"15\"><label class=\"wpforms-field-label\" for=\"wpforms-830-field_15\">Num\u00e9ro de r\u00e9union de l&#039;intergroupe en ligne (OIMN)<\/label><input type=\"number\" id=\"wpforms-830-field_15\" class=\"wpforms-field-medium\" name=\"wpforms[fields][15]\" ><div class=\"wpforms-field-description\">Num\u00e9ro interne unique OIAA pour la r\u00e9union que vous souhaitez modifier, fourni par le PAC. <\/div><\/div><div id=\"wpforms-830-field_13-container\" class=\"wpforms-field wpforms-field-text\" data-field-id=\"13\"><label class=\"wpforms-field-label\" for=\"wpforms-830-field_13\">Nom de la r\u00e9union <span class=\"wpforms-required-label\">*<\/span><\/label><input type=\"text\" id=\"wpforms-830-field_13\" class=\"wpforms-field-medium wpforms-field-required\" name=\"wpforms[fields][13]\" required><\/div><div id=\"wpforms-830-field_0-container\" class=\"wpforms-field wpforms-field-name\" data-field-id=\"0\"><label class=\"wpforms-field-label\" for=\"wpforms-830-field_0\">Nom du contact principal ou secondaire  <span class=\"wpforms-required-label\">*<\/span><\/label><input type=\"text\" id=\"wpforms-830-field_0\" class=\"wpforms-field-medium wpforms-field-required\" name=\"wpforms[fields][0]\" required><\/div><div id=\"wpforms-830-field_1-container\" class=\"wpforms-field wpforms-field-email\" data-field-id=\"1\"><label class=\"wpforms-field-label\" for=\"wpforms-830-field_1\">Adresse e-mail principale ou secondaire <span class=\"wpforms-required-label\">*<\/span><\/label><input type=\"email\" id=\"wpforms-830-field_1\" class=\"wpforms-field-medium wpforms-field-required\" name=\"wpforms[fields][1]\" spellcheck=\"false\" required><\/div><div id=\"wpforms-830-field_17-container\" class=\"wpforms-field wpforms-field-checkbox\" data-field-id=\"17\"><label class=\"wpforms-field-label\">Veuillez s\u00e9lectionner  <span class=\"wpforms-required-label\">*<\/span><\/label><ul id=\"wpforms-830-field_17\" class=\"wpforms-field-required\"><li class=\"choice-1 depth-1\"><input type=\"checkbox\" id=\"wpforms-830-field_17_1\" name=\"wpforms[fields][17][]\" value=\"Contact principal\" required ><label class=\"wpforms-field-label-inline\" for=\"wpforms-830-field_17_1\">Contact principal<\/label><\/li><li class=\"choice-2 depth-1\"><input type=\"checkbox\" id=\"wpforms-830-field_17_2\" name=\"wpforms[fields][17][]\" value=\"Contact secondaire\" required ><label class=\"wpforms-field-label-inline\" for=\"wpforms-830-field_17_2\">Contact secondaire<\/label><\/li><\/ul><\/div><div id=\"wpforms-830-field_5-container\" class=\"wpforms-field wpforms-field-text\" data-field-id=\"5\"><label class=\"wpforms-field-label\" for=\"wpforms-830-field_5\">Objet <span class=\"wpforms-required-label\">*<\/span><\/label><input type=\"text\" id=\"wpforms-830-field_5\" class=\"wpforms-field-medium wpforms-field-required\" name=\"wpforms[fields][5]\" required><\/div><div id=\"wpforms-830-field_2-container\" class=\"wpforms-field wpforms-field-textarea\" data-field-id=\"2\"><label class=\"wpforms-field-label\" for=\"wpforms-830-field_2\">Modifications demand\u00e9es pour la r\u00e9union <span class=\"wpforms-required-label\">*<\/span><\/label><textarea id=\"wpforms-830-field_2\" class=\"wpforms-field-medium wpforms-field-required\" name=\"wpforms[fields][2]\" required><\/textarea><\/div><div id=\"wpforms-830-field_16-container\" class=\"wpforms-field wpforms-field-gdpr-checkbox\" data-field-id=\"16\"><label class=\"wpforms-field-label\">Accord RGPD <span class=\"wpforms-required-label\">*<\/span><\/label><ul id=\"wpforms-830-field_16\" class=\"wpforms-field-required\"><li class=\"choice-1\"><input type=\"checkbox\" id=\"wpforms-830-field_16_1\" name=\"wpforms[fields][16][]\" value=\"Je consens \u00e0 ce que ce site web stocke les informations que j&#039;ai soumises afin qu&#039;il puisse r\u00e9pondre \u00e0 ma demande.\" required ><label class=\"wpforms-field-label-inline\" for=\"wpforms-830-field_16_1\">Je consens \u00e0 ce que ce site web stocke les informations que j&#8217;ai soumises afin qu&#8217;il puisse r\u00e9pondre \u00e0 ma demande.<\/label><\/li><\/ul><\/div><div id=\"wpforms-830-field_7-container\" class=\"wpforms-field wpforms-field-hidden\" data-field-id=\"7\"><input type=\"hidden\" id=\"wpforms-830-field_7\" name=\"wpforms[fields][7]\"><\/div><div id=\"wpforms-830-field_8-container\" class=\"wpforms-field wpforms-field-hidden\" data-field-id=\"8\"><input type=\"hidden\" id=\"wpforms-830-field_8\" name=\"wpforms[fields][8]\"><\/div><\/div><!-- .wpforms-field-container --><div class=\"wpforms-field wpforms-field-hp\"><label for=\"wpforms-830-field-hp\" class=\"wpforms-field-label\">Name<\/label><input type=\"text\" name=\"wpforms[hp]\" id=\"wpforms-830-field-hp\" class=\"wpforms-field-medium\"><\/div><div class=\"wpforms-recaptcha-container wpforms-is-recaptcha wpforms-is-recaptcha-type-v2\" ><div class=\"g-recaptcha\" data-sitekey=\"6LfLO_EUAAAAAD2WTL408A9DfNNx6AhXu-npfay8\"><\/div><input type=\"text\" name=\"g-recaptcha-hidden\" class=\"wpforms-recaptcha-hidden\" style=\"position:absolute!important;clip:rect(0,0,0,0)!important;height:1px!important;width:1px!important;border:0!important;overflow:hidden!important;padding:0!important;margin:0!important;\" data-rule-recaptcha=\"1\"><\/div><div class=\"wpforms-submit-container\" ><input type=\"hidden\" name=\"wpforms[id]\" value=\"830\"><input type=\"hidden\" name=\"page_title\" value=\"\"><input type=\"hidden\" name=\"page_url\" value=\"https:\/\/beta.aa-intergroup.org\/fr\/wp-json\/wp\/v2\/pages\/15788\"><button type=\"submit\" name=\"wpforms[submit]\" id=\"wpforms-submit-830\" class=\"wpforms-submit form-submit\" data-alt-text=\"Envoi...\" data-submit-text=\"Soumettre\" aria-live=\"assertive\" value=\"wpforms-submit\">Soumettre<\/button><\/div><\/form><\/div>  <!-- .wpforms-container -->\n<h2 class=\"gb-headline gb-headline-211fb386 gb-headline-text\"><\/h2>\n\n<h2 class=\"gb-headline gb-headline-44f7532f gb-headline-text\"><\/h2>\n","protected":false},"excerpt":{"rendered":"<p>Si vous \u00eates un repr\u00e9sentant officiel d\u2019une r\u00e9union en ligne r\u00e9pertori\u00e9e dans la base de donn\u00e9es des r\u00e9unions et que vous souhaitez mettre \u00e0 jour votre inscription, veuillez utiliser le formulaire ci-dessous. Cela peut inclure des modifications d\u2019heure\/de date, des modifications de description, des mises \u00e0 jour de liens, de num\u00e9ros de t\u00e9l\u00e9phone ou de<a class=\"excerpt-read-more\" href=\"https:\/\/beta.aa-intergroup.org\/fr\/mises-a-jour-de-lannuaire-des-reunions\/\" title=\"ReadMises \u00e0 jour de l\u2019annuaire des r\u00e9unions\">&#8230; Read more &raquo;<\/a><\/p>\n","protected":false},"author":9,"featured_media":0,"parent":0,"menu_order":0,"comment_status":"closed","ping_status":"closed","template":"","meta":{"_acf_changed":false,"_eb_attr":"","footnotes":""},"class_list":["post-15788","page","type-page","status-publish","hentry"],"acf":[],"_links":{"self":[{"href":"https:\/\/beta.aa-intergroup.org\/fr\/wp-json\/wp\/v2\/pages\/15788","targetHints":{"allow":["GET"]}}],"collection":[{"href":"https:\/\/beta.aa-intergroup.org\/fr\/wp-json\/wp\/v2\/pages"}],"about":[{"href":"https:\/\/beta.aa-intergroup.org\/fr\/wp-json\/wp\/v2\/types\/page"}],"author":[{"embeddable":true,"href":"https:\/\/beta.aa-intergroup.org\/fr\/wp-json\/wp\/v2\/users\/9"}],"replies":[{"embeddable":true,"href":"https:\/\/beta.aa-intergroup.org\/fr\/wp-json\/wp\/v2\/comments?post=15788"}],"version-history":[{"count":1,"href":"https:\/\/beta.aa-intergroup.org\/fr\/wp-json\/wp\/v2\/pages\/15788\/revisions"}],"predecessor-version":[{"id":15789,"href":"https:\/\/beta.aa-intergroup.org\/fr\/wp-json\/wp\/v2\/pages\/15788\/revisions\/15789"}],"wp:attachment":[{"href":"https:\/\/beta.aa-intergroup.org\/fr\/wp-json\/wp\/v2\/media?parent=15788"}],"curies":[{"name":"wp","href":"https:\/\/api.w.org\/{rel}","templated":true}]}}