{"id":15855,"date":"2023-06-08T16:16:25","date_gmt":"2023-06-08T20:16:25","guid":{"rendered":"https:\/\/beta.aa-intergroup.org\/suggestions-pour-le-site-web\/"},"modified":"2025-10-28T04:57:20","modified_gmt":"2025-10-28T08:57:20","slug":"suggestions-pour-le-site-web","status":"publish","type":"page","link":"https:\/\/beta.aa-intergroup.org\/fr\/suggestions-pour-le-site-web\/","title":{"rendered":"Suggestions pour le site web"},"content":{"rendered":"\n<p>Bienvenue sur le nouveau site web am\u00e9lior\u00e9 de l&#8217;OIAA. Nous avons pass\u00e9 du temps \u00e0 r\u00e9fl\u00e9chir \u00e0 toutes les fa\u00e7ons dont l&#8217;OIAA peut \u00eatre utile et comment les mettre en \u0153uvre dans un contexte de site web. Maintenant, nous aimerions votre aide et vos id\u00e9es.   <\/p>\n\n<ul class=\"wp-block-list\">\n<li>Qu&#8217;est-ce qui fonctionne ? Qu&#8217;est-ce qui ne fonctionne pas ? <\/li>\n\n\n\n<li>Qu&#8217;est-ce qui manque ? Nous voulons vos id\u00e9es ! <\/li>\n<\/ul>\n\n<p>Vous souhaitez travailler plus \u00e9troitement avec nous ? <a href=\"https:\/\/beta.aa-intergroup.org\/it\/committees\/tecnologia\/\">Visitez le Comit\u00e9 de technologie<\/a>.<\/p>\n\n<p>Dans l&#8217;amour et le service,<br\/>Le Comit\u00e9 de technologie de l&#8217;OIAA<\/p>\n\n<div class=\"wpforms-container wpforms-container-full\" id=\"wpforms-5262\"><form id=\"wpforms-form-5262\" class=\"wpforms-validate wpforms-form wpforms-ajax-form\" data-formid=\"5262\" method=\"post\" enctype=\"multipart\/form-data\" action=\"\/fr\/wp-json\/wp\/v2\/pages\/15855\" data-token=\"dba2aa95b1e1bd2c333bdeed1f385ce6\" data-token-time=\"1776281378\"><noscript class=\"wpforms-error-noscript\">Please enable JavaScript in your browser to complete this form.<\/noscript><div class=\"wpforms-field-container\"><div id=\"wpforms-5262-field_1-container\" class=\"wpforms-field wpforms-field-name\" data-field-id=\"1\"><label class=\"wpforms-field-label\" for=\"wpforms-5262-field_1\">Nom <span class=\"wpforms-required-label\">*<\/span><\/label><div class=\"wpforms-field-row wpforms-field-medium\"><div class=\"wpforms-field-row-block wpforms-first wpforms-one-half\"><input type=\"text\" id=\"wpforms-5262-field_1\" class=\"wpforms-field-name-first wpforms-field-required\" name=\"wpforms[fields][1][first]\" required><label for=\"wpforms-5262-field_1\" class=\"wpforms-field-sublabel after\">Pr\u00e9nom<\/label><\/div><div class=\"wpforms-field-row-block wpforms-one-half\"><input type=\"text\" id=\"wpforms-5262-field_1-last\" class=\"wpforms-field-name-last wpforms-field-required\" name=\"wpforms[fields][1][last]\" required><label for=\"wpforms-5262-field_1-last\" class=\"wpforms-field-sublabel after\">Nom<\/label><\/div><\/div><\/div><div id=\"wpforms-5262-field_3-container\" class=\"wpforms-field wpforms-field-text\" data-field-id=\"3\"><label class=\"wpforms-field-label\" for=\"wpforms-5262-field_3\">Y a-t-il une URL \u00e0 laquelle cela se rapporte ?<\/label><input type=\"text\" id=\"wpforms-5262-field_3\" class=\"wpforms-field-medium\" name=\"wpforms[fields][3]\" ><\/div><div id=\"wpforms-5262-field_5-container\" class=\"wpforms-field wpforms-field-email\" data-field-id=\"5\"><label class=\"wpforms-field-label\" for=\"wpforms-5262-field_5\">E-mail <span class=\"wpforms-required-label\">*<\/span><\/label><input type=\"email\" id=\"wpforms-5262-field_5\" class=\"wpforms-field-medium wpforms-field-required\" name=\"wpforms[fields][5]\" spellcheck=\"false\" required><\/div><div id=\"wpforms-5262-field_6-container\" class=\"wpforms-field wpforms-field-checkbox\" data-field-id=\"6\"><label class=\"wpforms-field-label\">Pouvons-nous vous contacter pour obtenir plus d&#039;informations ?<\/label><ul id=\"wpforms-5262-field_6\"><li class=\"choice-1 depth-1\"><input type=\"checkbox\" id=\"wpforms-5262-field_6_1\" name=\"wpforms[fields][6][]\" value=\"Oui\"  ><label class=\"wpforms-field-label-inline\" for=\"wpforms-5262-field_6_1\">Oui<\/label><\/li><\/ul><\/div><div id=\"wpforms-5262-field_7-container\" class=\"wpforms-field wpforms-field-textarea\" data-field-id=\"7\"><label class=\"wpforms-field-label\" for=\"wpforms-5262-field_7\">Suggestion : <span class=\"wpforms-required-label\">*<\/span><\/label><textarea id=\"wpforms-5262-field_7\" class=\"wpforms-field-medium wpforms-field-required\" name=\"wpforms[fields][7]\" required><\/textarea><\/div><div id=\"wpforms-5262-field_8-container\" class=\"wpforms-field wpforms-field-checkbox\" data-field-id=\"8\"><label class=\"wpforms-field-label\">Accord RGPD <span class=\"wpforms-required-label\">*<\/span><\/label><ul id=\"wpforms-5262-field_8\" class=\"wpforms-field-required\"><li class=\"choice-1 depth-1\"><input type=\"checkbox\" id=\"wpforms-5262-field_8_1\" name=\"wpforms[fields][8][]\" value=\"J&#039;accepte que ce site web stocke les informations que j&#039;ai soumises afin qu&#039;il puisse r\u00e9pondre \u00e0 ma demande.\" required ><label class=\"wpforms-field-label-inline\" for=\"wpforms-5262-field_8_1\">J'accepte que ce site web stocke les informations que j'ai soumises afin qu'il puisse r\u00e9pondre \u00e0 ma demande.<\/label><\/li><\/ul><\/div><\/div><!-- .wpforms-field-container --><div class=\"wpforms-recaptcha-container wpforms-is-recaptcha wpforms-is-recaptcha-type-v2\" ><div class=\"g-recaptcha\" data-sitekey=\"6LfLO_EUAAAAAD2WTL408A9DfNNx6AhXu-npfay8\"><\/div><input type=\"text\" name=\"g-recaptcha-hidden\" class=\"wpforms-recaptcha-hidden\" style=\"position:absolute!important;clip:rect(0,0,0,0)!important;height:1px!important;width:1px!important;border:0!important;overflow:hidden!important;padding:0!important;margin:0!important;\" data-rule-recaptcha=\"1\"><\/div><div class=\"wpforms-submit-container\" ><input type=\"hidden\" name=\"wpforms[id]\" value=\"5262\"><input type=\"hidden\" name=\"page_title\" value=\"\"><input type=\"hidden\" name=\"page_url\" value=\"https:\/\/beta.aa-intergroup.org\/fr\/wp-json\/wp\/v2\/pages\/15855\"><button type=\"submit\" name=\"wpforms[submit]\" id=\"wpforms-submit-5262\" class=\"wpforms-submit\" data-alt-text=\"Envoi...\" data-submit-text=\"Soumettre\" aria-live=\"assertive\" value=\"wpforms-submit\">Soumettre<\/button><img loading=\"lazy\" decoding=\"async\" src=\"https:\/\/beta.aa-intergroup.org\/wp-content\/plugins\/wpforms\/assets\/images\/submit-spin.svg\" class=\"wpforms-submit-spinner\" style=\"display: none;\" width=\"26\" height=\"26\" alt=\"Loading\"><\/div><\/form><\/div>  <!-- .wpforms-container -->\n","protected":false},"excerpt":{"rendered":"<p>Bienvenue sur le nouveau site web am\u00e9lior\u00e9 de l&#8217;OIAA. Nous avons pass\u00e9 du temps \u00e0 r\u00e9fl\u00e9chir \u00e0 toutes les fa\u00e7ons dont l&#8217;OIAA peut \u00eatre utile et comment les mettre en \u0153uvre dans un contexte de site web. Maintenant, nous aimerions votre aide et vos id\u00e9es. Vous souhaitez travailler plus \u00e9troitement avec nous ? Visitez le<a class=\"excerpt-read-more\" href=\"https:\/\/beta.aa-intergroup.org\/fr\/suggestions-pour-le-site-web\/\" title=\"ReadSuggestions pour le site web\">&#8230; Read more &raquo;<\/a><\/p>\n","protected":false},"author":18,"featured_media":0,"parent":0,"menu_order":0,"comment_status":"closed","ping_status":"closed","template":"","meta":{"_acf_changed":false,"_eb_attr":"","footnotes":""},"class_list":["post-15855","page","type-page","status-publish","hentry"],"acf":[],"_links":{"self":[{"href":"https:\/\/beta.aa-intergroup.org\/fr\/wp-json\/wp\/v2\/pages\/15855","targetHints":{"allow":["GET"]}}],"collection":[{"href":"https:\/\/beta.aa-intergroup.org\/fr\/wp-json\/wp\/v2\/pages"}],"about":[{"href":"https:\/\/beta.aa-intergroup.org\/fr\/wp-json\/wp\/v2\/types\/page"}],"author":[{"embeddable":true,"href":"https:\/\/beta.aa-intergroup.org\/fr\/wp-json\/wp\/v2\/users\/18"}],"replies":[{"embeddable":true,"href":"https:\/\/beta.aa-intergroup.org\/fr\/wp-json\/wp\/v2\/comments?post=15855"}],"version-history":[{"count":1,"href":"https:\/\/beta.aa-intergroup.org\/fr\/wp-json\/wp\/v2\/pages\/15855\/revisions"}],"predecessor-version":[{"id":15856,"href":"https:\/\/beta.aa-intergroup.org\/fr\/wp-json\/wp\/v2\/pages\/15855\/revisions\/15856"}],"wp:attachment":[{"href":"https:\/\/beta.aa-intergroup.org\/fr\/wp-json\/wp\/v2\/media?parent=15855"}],"curies":[{"name":"wp","href":"https:\/\/api.w.org\/{rel}","templated":true}]}}