{"id":15870,"date":"2020-03-16T06:10:37","date_gmt":"2020-03-16T10:10:37","guid":{"rendered":"https:\/\/beta.aa-intergroup.org\/repertoire-des-reunions\/"},"modified":"2026-03-05T14:02:09","modified_gmt":"2026-03-05T19:02:09","slug":"repertoire-des-reunions","status":"publish","type":"page","link":"https:\/\/beta.aa-intergroup.org\/fr\/repertoire-des-reunions\/","title":{"rendered":"R\u00e9pertoire des r\u00e9unions"},"content":{"rendered":"\n<p><\/p>\n\n\n<p>[oiaa_meetings]<\/p>\n","protected":false},"excerpt":{"rendered":"<p>Le <a href=\"\/oiaa\/meetings\">R\u00e9pertoire de l&#8217;OIAA<\/a> r\u00e9pertorie plus de 1 000 r\u00e9unions AA en ligne dans le monde entier, allant des conf\u00e9rences vid\u00e9o ou t\u00e9l\u00e9phoniques aux groupes de discussion par e-mail ou par chat dans de nombreuses langues, disponibles 24h\/24 et 7j\/7. Parcourez les prochaines r\u00e9unions disponibles ou recherchez celle qui vous convient. <\/p>\n","protected":false},"author":9,"featured_media":15871,"parent":0,"menu_order":1,"comment_status":"closed","ping_status":"closed","template":"","meta":{"_acf_changed":false,"_eb_attr":"","footnotes":""},"class_list":["post-15870","page","type-page","status-publish","has-post-thumbnail","hentry"],"acf":[],"_links":{"self":[{"href":"https:\/\/beta.aa-intergroup.org\/fr\/wp-json\/wp\/v2\/pages\/15870","targetHints":{"allow":["GET"]}}],"collection":[{"href":"https:\/\/beta.aa-intergroup.org\/fr\/wp-json\/wp\/v2\/pages"}],"about":[{"href":"https:\/\/beta.aa-intergroup.org\/fr\/wp-json\/wp\/v2\/types\/page"}],"author":[{"embeddable":true,"href":"https:\/\/beta.aa-intergroup.org\/fr\/wp-json\/wp\/v2\/users\/9"}],"replies":[{"embeddable":true,"href":"https:\/\/beta.aa-intergroup.org\/fr\/wp-json\/wp\/v2\/comments?post=15870"}],"version-history":[{"count":2,"href":"https:\/\/beta.aa-intergroup.org\/fr\/wp-json\/wp\/v2\/pages\/15870\/revisions"}],"predecessor-version":[{"id":42283,"href":"https:\/\/beta.aa-intergroup.org\/fr\/wp-json\/wp\/v2\/pages\/15870\/revisions\/42283"}],"wp:featuredmedia":[{"embeddable":true,"href":"https:\/\/beta.aa-intergroup.org\/fr\/wp-json\/wp\/v2\/media\/15871"}],"wp:attachment":[{"href":"https:\/\/beta.aa-intergroup.org\/fr\/wp-json\/wp\/v2\/media?parent=15870"}],"curies":[{"name":"wp","href":"https:\/\/api.w.org\/{rel}","templated":true}]}}