{"id":15891,"date":"2023-05-25T23:24:09","date_gmt":"2023-05-26T03:24:09","guid":{"rendered":"https:\/\/beta.aa-intergroup.org\/greffier-de-loiaa\/"},"modified":"2025-10-28T04:57:33","modified_gmt":"2025-10-28T08:57:33","slug":"greffier-de-loiaa","status":"publish","type":"page","link":"https:\/\/beta.aa-intergroup.org\/fr\/greffier-de-loiaa\/","title":{"rendered":"Greffier de l\u2019OIAA"},"content":{"rendered":"\n<p>Contacter le registraire &#8211; registrar@aa-intergroup.org<\/p>\n\n<p><a href=\"https:\/\/beta.aa-intergroup.org\/fr\/soumettre-une-nouvelle-reunion-en-ligne\/\">Soumettre une nouvelle r\u00e9union<\/a><\/p>\n\n<p><a href=\"https:\/\/beta.aa-intergroup.org\/fr\/mises-a-jour-de-lannuaire-des-reunions\/\">Mettre \u00e0 jour une r\u00e9union<\/a><\/p>\n\n<p><a href=\"https:\/\/beta.aa-intergroup.org\/fr\/rejoindre-loiaa\/\">Rejoindre l&#8217;OIAA<\/a><\/p>\n\n<p><\/p>\n","protected":false},"excerpt":{"rendered":"<p>Contacter le registraire &#8211; registrar@aa-intergroup.org Soumettre une nouvelle r\u00e9union Mettre \u00e0 jour une r\u00e9union Rejoindre l&#8217;OIAA<\/p>\n","protected":false},"author":12,"featured_media":0,"parent":0,"menu_order":0,"comment_status":"closed","ping_status":"closed","template":"page-oiaa-registrar.php","meta":{"_acf_changed":false,"_eb_attr":"","footnotes":""},"class_list":["post-15891","page","type-page","status-publish","hentry"],"acf":[],"_links":{"self":[{"href":"https:\/\/beta.aa-intergroup.org\/fr\/wp-json\/wp\/v2\/pages\/15891","targetHints":{"allow":["GET"]}}],"collection":[{"href":"https:\/\/beta.aa-intergroup.org\/fr\/wp-json\/wp\/v2\/pages"}],"about":[{"href":"https:\/\/beta.aa-intergroup.org\/fr\/wp-json\/wp\/v2\/types\/page"}],"author":[{"embeddable":true,"href":"https:\/\/beta.aa-intergroup.org\/fr\/wp-json\/wp\/v2\/users\/12"}],"replies":[{"embeddable":true,"href":"https:\/\/beta.aa-intergroup.org\/fr\/wp-json\/wp\/v2\/comments?post=15891"}],"version-history":[{"count":1,"href":"https:\/\/beta.aa-intergroup.org\/fr\/wp-json\/wp\/v2\/pages\/15891\/revisions"}],"predecessor-version":[{"id":15893,"href":"https:\/\/beta.aa-intergroup.org\/fr\/wp-json\/wp\/v2\/pages\/15891\/revisions\/15893"}],"wp:attachment":[{"href":"https:\/\/beta.aa-intergroup.org\/fr\/wp-json\/wp\/v2\/media?parent=15891"}],"curies":[{"name":"wp","href":"https:\/\/api.w.org\/{rel}","templated":true}]}}