{"id":15915,"date":"2023-04-06T12:37:49","date_gmt":"2023-04-06T16:37:49","guid":{"rendered":"https:\/\/beta.aa-intergroup.org\/aide-pour-les-reunions-en-ligne\/"},"modified":"2025-10-28T04:57:36","modified_gmt":"2025-10-28T08:57:36","slug":"aide-pour-les-reunions-en-ligne","status":"publish","type":"page","link":"https:\/\/beta.aa-intergroup.org\/fr\/aide-pour-les-reunions-en-ligne\/","title":{"rendered":"Aide pour les r\u00e9unions en ligne"},"content":{"rendered":"\n<p><\/p>\n\n<p>Les Tech Steppers sont un sous-comit\u00e9 technologique qui fournit un soutien aux r\u00e9unions du r\u00e9pertoire OIAA et \u00e0 leurs participants concernant la s\u00e9curit\u00e9 en ligne et les param\u00e8tres des comptes. Les Tech Steppers cherchent \u00e0 aider les groupes \u00e0 am\u00e9liorer leur posture de s\u00fbret\u00e9 et de s\u00e9curit\u00e9 en ligne et \u00e0 mieux d\u00e9fendre leurs r\u00e9unions contre les perturbateurs potentiels et actifs. <\/p>\n\n<p>Si vous avez besoin d&#8217;aide avec votre r\u00e9union, y compris de l&#8217;aide concernant les &#8216;Zoom Bombers&#8217;, veuillez remplir le formulaire ci-dessous. D\u00e8s r\u00e9ception, un membre AA &#8216;TechStepper&#8217; sera d\u00e9sign\u00e9 pour vous aider. Il vous contactera dans un d\u00e9lai maximum de 7 jours. Merci de nous donner l&#8217;opportunit\u00e9 de vous fournir les outils n\u00e9cessaires pour faire de votre r\u00e9union AA en ligne ou hybride un espace s\u00fbr et efficace pour le r\u00e9tablissement de tous.   <\/p>\n\n<p>Avec amour et au service des autres,<br\/>OIAA TechSteppers<\/p>\n\n<p><strong>Int\u00e9ress\u00e9(e) \u00e0 rejoindre les Tech Steppers ? <\/strong><a href=\"https:\/\/beta.aa-intergroup.org\/pt-br\/committees\/tecnologia\/\"><strong>Visitez le comit\u00e9 technologique.<\/strong><\/a><\/p>\n<div class=\"wpforms-container wpforms-container-full\" id=\"wpforms-4231\"><form id=\"wpforms-form-4231\" class=\"wpforms-validate wpforms-form wpforms-ajax-form\" data-formid=\"4231\" method=\"post\" enctype=\"multipart\/form-data\" action=\"\/fr\/wp-json\/wp\/v2\/pages\/15915\" data-token=\"628b57525aaab3a791e11edcacbb5722\" data-token-time=\"1776201491\"><noscript class=\"wpforms-error-noscript\">Please enable JavaScript in your browser to complete this form.<\/noscript><div class=\"wpforms-field-container\"><div id=\"wpforms-4231-field_15-container\" class=\"wpforms-field wpforms-field-select wpforms-conditional-trigger wpforms-field-select-style-classic\" data-field-id=\"15\"><label class=\"wpforms-field-label\" for=\"wpforms-4231-field_15\">Avez-vous besoin d&#039;aide pour arr\u00eater de boire ?<\/label><select id=\"wpforms-4231-field_15\" class=\"wpforms-field-medium\" name=\"wpforms[fields][15]\"><option value=\"Veuillez choisir\" >Veuillez choisir<\/option><option value=\"Oui\" >Oui<\/option><option value=\"Non\" >Non<\/option><\/select><\/div><div id=\"wpforms-4231-field_1-container\" class=\"wpforms-field wpforms-field-email wpforms-conditional-field wpforms-conditional-show\" data-field-id=\"1\" style=\"display:none;\"><label class=\"wpforms-field-label\" for=\"wpforms-4231-field_1\">E-mail <span class=\"wpforms-required-label\">*<\/span><\/label><input type=\"email\" id=\"wpforms-4231-field_1\" class=\"wpforms-field-medium wpforms-field-required\" name=\"wpforms[fields][1]\" spellcheck=\"false\" required><\/div><div id=\"wpforms-4231-field_2-container\" class=\"wpforms-field wpforms-field-text wpforms-conditional-field wpforms-conditional-show\" data-field-id=\"2\" style=\"display:none;\"><label class=\"wpforms-field-label\" for=\"wpforms-4231-field_2\">Nom de la r\u00e9union de groupe <span class=\"wpforms-required-label\">*<\/span><\/label><input type=\"text\" id=\"wpforms-4231-field_2\" class=\"wpforms-field-medium wpforms-field-required\" name=\"wpforms[fields][2]\" required><\/div><div id=\"wpforms-4231-field_3-container\" class=\"wpforms-field wpforms-field-select wpforms-conditional-field wpforms-conditional-show wpforms-field-select-style-classic\" data-field-id=\"3\" style=\"display:none;\"><label class=\"wpforms-field-label\" for=\"wpforms-4231-field_3\">Votre groupe \/ r\u00e9union est-il r\u00e9pertori\u00e9 dans l&#039;annuaire des r\u00e9unions de l&#039;OIAA <span class=\"wpforms-required-label\">*<\/span><\/label><select id=\"wpforms-4231-field_3\" class=\"wpforms-field-medium wpforms-field-required\" name=\"wpforms[fields][3]\" required=\"required\"><option value=\"Veuillez choisir...\" >Veuillez choisir...<\/option><option value=\"Oui\" >Oui<\/option><option value=\"Non\" >Non<\/option><option value=\"Inconnu\" >Inconnu<\/option><\/select><\/div><div id=\"wpforms-4231-field_4-container\" class=\"wpforms-field wpforms-field-select wpforms-conditional-field wpforms-conditional-show wpforms-conditional-trigger wpforms-field-select-style-classic\" data-field-id=\"4\" style=\"display:none;\"><label class=\"wpforms-field-label\" for=\"wpforms-4231-field_4\">Quel logiciel de r\u00e9union utilisez-vous ? <span class=\"wpforms-required-label\">*<\/span><\/label><select id=\"wpforms-4231-field_4\" class=\"wpforms-field-medium wpforms-field-required\" name=\"wpforms[fields][4]\" required=\"required\"><option value=\"Veuillez choisir\" >Veuillez choisir<\/option><option value=\"Zoom\" >Zoom<\/option><option value=\"Autre\" >Autre<\/option><\/select><\/div><div id=\"wpforms-4231-field_5-container\" class=\"wpforms-field wpforms-field-text wpforms-conditional-field wpforms-conditional-show\" data-field-id=\"5\" style=\"display:none;\"><label class=\"wpforms-field-label\" for=\"wpforms-4231-field_5\">Veuillez pr\u00e9ciser...<\/label><input type=\"text\" id=\"wpforms-4231-field_5\" class=\"wpforms-field-medium\" name=\"wpforms[fields][5]\" ><\/div><div id=\"wpforms-4231-field_6-container\" class=\"wpforms-field wpforms-field-text wpforms-conditional-field wpforms-conditional-show\" data-field-id=\"6\" style=\"display:none;\"><label class=\"wpforms-field-label\" for=\"wpforms-4231-field_6\">Pr\u00e9nom et initiale du nom <span class=\"wpforms-required-label\">*<\/span><\/label><input type=\"text\" id=\"wpforms-4231-field_6\" class=\"wpforms-field-medium wpforms-field-required\" name=\"wpforms[fields][6]\" required><\/div><div id=\"wpforms-4231-field_7-container\" class=\"wpforms-field wpforms-field-email wpforms-conditional-field wpforms-conditional-show\" data-field-id=\"7\" style=\"display:none;\"><label class=\"wpforms-field-label\" for=\"wpforms-4231-field_7\">Courriel de groupe<\/label><input type=\"email\" id=\"wpforms-4231-field_7\" class=\"wpforms-field-medium\" name=\"wpforms[fields][7]\" placeholder=\"Le cas \u00e9ch\u00e9ant\" spellcheck=\"false\" ><\/div><div id=\"wpforms-4231-field_8-container\" class=\"wpforms-field wpforms-field-phone wpforms-conditional-field wpforms-conditional-show\" data-field-id=\"8\" style=\"display:none;\"><label class=\"wpforms-field-label\" for=\"wpforms-4231-field_8\">Meilleur num\u00e9ro de t\u00e9l\u00e9phone <span class=\"wpforms-required-label\">*<\/span><\/label><input type=\"tel\" id=\"wpforms-4231-field_8\" class=\"wpforms-field-medium wpforms-field-required\" data-rule-int-phone-field=\"true\" name=\"wpforms[fields][8]\" placeholder=\"Indicatif pays, indicatif r\u00e9gional, num\u00e9ro\" aria-label=\"Meilleur num\u00e9ro de t\u00e9l\u00e9phone\" required><\/div><div id=\"wpforms-4231-field_9-container\" class=\"wpforms-field wpforms-field-radio wpforms-conditional-field wpforms-conditional-show wpforms-conditional-trigger\" data-field-id=\"9\" style=\"display:none;\"><label class=\"wpforms-field-label\">Votre(s) r\u00f4le(s) - Cochez tout ce qui s&#039;applique <span class=\"wpforms-required-label\">*<\/span><\/label><ul id=\"wpforms-4231-field_9\" class=\"wpforms-field-required\"><li class=\"choice-1 depth-1\"><input type=\"radio\" id=\"wpforms-4231-field_9_1\" name=\"wpforms[fields][9]\" value=\"Titulaire du compte\" required ><label class=\"wpforms-field-label-inline\" for=\"wpforms-4231-field_9_1\">Titulaire du compte<\/label><\/li><li class=\"choice-2 depth-1\"><input type=\"radio\" id=\"wpforms-4231-field_9_2\" name=\"wpforms[fields][9]\" value=\"H\u00f4te\" required ><label class=\"wpforms-field-label-inline\" for=\"wpforms-4231-field_9_2\">H\u00f4te<\/label><\/li><li class=\"choice-3 depth-1\"><input type=\"radio\" id=\"wpforms-4231-field_9_3\" name=\"wpforms[fields][9]\" value=\"Co-h\u00f4te\" required ><label class=\"wpforms-field-label-inline\" for=\"wpforms-4231-field_9_3\">Co-h\u00f4te<\/label><\/li><li class=\"choice-4 depth-1\"><input type=\"radio\" id=\"wpforms-4231-field_9_4\" name=\"wpforms[fields][9]\" value=\"Aucun\" required ><label class=\"wpforms-field-label-inline\" for=\"wpforms-4231-field_9_4\">Aucun<\/label><\/li><li class=\"choice-5 depth-1\"><input type=\"radio\" id=\"wpforms-4231-field_9_5\" name=\"wpforms[fields][9]\" value=\"Autre\" required ><label class=\"wpforms-field-label-inline\" for=\"wpforms-4231-field_9_5\">Autre<\/label><\/li><\/ul><\/div><div id=\"wpforms-4231-field_10-container\" class=\"wpforms-field wpforms-field-text wpforms-conditional-field wpforms-conditional-show\" data-field-id=\"10\" style=\"display:none;\"><label class=\"wpforms-field-label\" for=\"wpforms-4231-field_10\">Veuillez pr\u00e9ciser<\/label><input type=\"text\" id=\"wpforms-4231-field_10\" class=\"wpforms-field-medium\" name=\"wpforms[fields][10]\" ><\/div><div id=\"wpforms-4231-field_12-container\" class=\"wpforms-field wpforms-field-radio wpforms-conditional-field wpforms-conditional-show\" data-field-id=\"12\" style=\"display:none;\"><label class=\"wpforms-field-label\">Appareil(s) sur le(s)quel(s) vous rencontrez le probl\u00e8me <span class=\"wpforms-required-label\">*<\/span><\/label><ul id=\"wpforms-4231-field_12\" class=\"wpforms-field-required\"><li class=\"choice-1 depth-1\"><input type=\"radio\" id=\"wpforms-4231-field_12_1\" name=\"wpforms[fields][12]\" value=\"Smartphone\" required ><label class=\"wpforms-field-label-inline\" for=\"wpforms-4231-field_12_1\">Smartphone<\/label><\/li><li class=\"choice-2 depth-1\"><input type=\"radio\" id=\"wpforms-4231-field_12_2\" name=\"wpforms[fields][12]\" value=\"Tablette\" required ><label class=\"wpforms-field-label-inline\" for=\"wpforms-4231-field_12_2\">Tablette<\/label><\/li><li class=\"choice-3 depth-1\"><input type=\"radio\" id=\"wpforms-4231-field_12_3\" name=\"wpforms[fields][12]\" value=\"Ordinateur portable\" required ><label class=\"wpforms-field-label-inline\" for=\"wpforms-4231-field_12_3\">Ordinateur portable<\/label><\/li><li class=\"choice-4 depth-1\"><input type=\"radio\" id=\"wpforms-4231-field_12_4\" name=\"wpforms[fields][12]\" value=\"Ordinateur de bureau\" required ><label class=\"wpforms-field-label-inline\" for=\"wpforms-4231-field_12_4\">Ordinateur de bureau<\/label><\/li><\/ul><\/div><div id=\"wpforms-4231-field_11-container\" class=\"wpforms-field wpforms-field-text wpforms-conditional-field wpforms-conditional-show\" data-field-id=\"11\" style=\"display:none;\"><label class=\"wpforms-field-label\" for=\"wpforms-4231-field_11\">Langue pr\u00e9f\u00e9r\u00e9e <span class=\"wpforms-required-label\">*<\/span><\/label><input type=\"text\" id=\"wpforms-4231-field_11\" class=\"wpforms-field-medium wpforms-field-required\" name=\"wpforms[fields][11]\" required><\/div><div id=\"wpforms-4231-field_13-container\" class=\"wpforms-field wpforms-field-textarea wpforms-conditional-field wpforms-conditional-show\" data-field-id=\"13\" style=\"display:none;\"><label class=\"wpforms-field-label\" for=\"wpforms-4231-field_13\">Veuillez d\u00e9crire le probl\u00e8me que rencontre votre r\u00e9union <span class=\"wpforms-required-label\">*<\/span><\/label><textarea id=\"wpforms-4231-field_13\" class=\"wpforms-field-medium wpforms-field-required\" name=\"wpforms[fields][13]\" required><\/textarea><\/div><div id=\"wpforms-4231-field_17-container\" class=\"wpforms-field wpforms-field-text wpforms-conditional-field wpforms-conditional-show\" data-field-id=\"17\" style=\"display:none;\"><label class=\"wpforms-field-label\" for=\"wpforms-4231-field_17\">Nom <span class=\"wpforms-required-label\">*<\/span><\/label><input type=\"text\" id=\"wpforms-4231-field_17\" class=\"wpforms-field-medium wpforms-field-required\" name=\"wpforms[fields][17]\" required><div class=\"wpforms-field-description\">Le pr\u00e9nom suffit<\/div><\/div><div id=\"wpforms-4231-field_18-container\" class=\"wpforms-field wpforms-field-text wpforms-conditional-field wpforms-conditional-show\" data-field-id=\"18\" style=\"display:none;\"><label class=\"wpforms-field-label\" for=\"wpforms-4231-field_18\">E-mail <span class=\"wpforms-required-label\">*<\/span><\/label><input type=\"text\" id=\"wpforms-4231-field_18\" class=\"wpforms-field-medium wpforms-field-required\" name=\"wpforms[fields][18]\" required><\/div><div id=\"wpforms-4231-field_19-container\" class=\"wpforms-field wpforms-field-textarea wpforms-conditional-field wpforms-conditional-show\" data-field-id=\"19\" style=\"display:none;\"><label class=\"wpforms-field-label\" for=\"wpforms-4231-field_19\">Message <span class=\"wpforms-required-label\">*<\/span><\/label><textarea id=\"wpforms-4231-field_19\" class=\"wpforms-field-medium wpforms-field-required\" name=\"wpforms[fields][19]\" required><\/textarea><\/div><div id=\"wpforms-4231-field_20-container\" class=\"wpforms-field wpforms-field-select wpforms-conditional-field wpforms-conditional-show wpforms-conditional-trigger wpforms-field-select-style-classic\" data-field-id=\"20\" style=\"display:none;\"><label class=\"wpforms-field-label\" for=\"wpforms-4231-field_20\">Votre pays <span class=\"wpforms-required-label\">*<\/span><\/label><select id=\"wpforms-4231-field_20\" class=\"wpforms-field-medium wpforms-field-required\" name=\"wpforms[fields][20]\" required=\"required\"><option value=\"Veuillez choisir...\" >Veuillez choisir...<\/option><option value=\"\u00c9tats-Unis\" >\u00c9tats-Unis<\/option><option value=\"Afrique du Sud\" >Afrique du Sud<\/option><option value=\"Canada\" >Canada<\/option><option value=\"Mexique\" >Mexique<\/option><option value=\"France\" >France<\/option><option value=\"Inde\" >Inde<\/option><option value=\"Irlande\" >Irlande<\/option><option value=\"Royaume-Uni\" >Royaume-Uni<\/option><option value=\"Autre\" >Autre<\/option><\/select><\/div><div id=\"wpforms-4231-field_21-container\" class=\"wpforms-field wpforms-field-text wpforms-conditional-field wpforms-conditional-show\" data-field-id=\"21\" style=\"display:none;\"><label class=\"wpforms-field-label\" for=\"wpforms-4231-field_21\">Autre pays<\/label><input type=\"text\" id=\"wpforms-4231-field_21\" class=\"wpforms-field-medium\" name=\"wpforms[fields][21]\" ><\/div><div id=\"wpforms-4231-field_14-container\" class=\"wpforms-field wpforms-field-gdpr-checkbox\" data-field-id=\"14\"><label class=\"wpforms-field-label\">Accord RGPD <span class=\"wpforms-required-label\">*<\/span><\/label><ul id=\"wpforms-4231-field_14\" class=\"wpforms-field-required\"><li class=\"choice-1\"><input type=\"checkbox\" id=\"wpforms-4231-field_14_1\" name=\"wpforms[fields][14][]\" value=\"J&#039;accepte que ce site web stocke les informations que j&#039;ai soumises afin qu&#039;il puisse r\u00e9pondre \u00e0 ma demande.\" required ><label class=\"wpforms-field-label-inline\" for=\"wpforms-4231-field_14_1\">J'accepte que ce site web stocke les informations que j'ai soumises afin qu'il puisse r\u00e9pondre \u00e0 ma demande.<\/label><\/li><\/ul><\/div><div id=\"wpforms-4231-field_22-container\" class=\"wpforms-field wpforms-field-text request-id\" data-field-id=\"22\"><label class=\"wpforms-field-label wpforms-label-hide\" for=\"wpforms-4231-field_22\">Request ID<\/label><input type=\"text\" id=\"wpforms-4231-field_22\" class=\"wpforms-field-medium\" name=\"wpforms[fields][22]\" ><\/div><\/div><!-- .wpforms-field-container --><div class=\"wpforms-recaptcha-container wpforms-is-recaptcha wpforms-is-recaptcha-type-v2\" ><div class=\"g-recaptcha\" data-sitekey=\"6LfLO_EUAAAAAD2WTL408A9DfNNx6AhXu-npfay8\"><\/div><input type=\"text\" name=\"g-recaptcha-hidden\" class=\"wpforms-recaptcha-hidden\" style=\"position:absolute!important;clip:rect(0,0,0,0)!important;height:1px!important;width:1px!important;border:0!important;overflow:hidden!important;padding:0!important;margin:0!important;\" data-rule-recaptcha=\"1\"><\/div><div class=\"wpforms-submit-container\" ><input type=\"hidden\" name=\"wpforms[id]\" value=\"4231\"><input type=\"hidden\" name=\"page_title\" value=\"\"><input type=\"hidden\" name=\"page_url\" value=\"https:\/\/beta.aa-intergroup.org\/fr\/wp-json\/wp\/v2\/pages\/15915\"><button type=\"submit\" name=\"wpforms[submit]\" id=\"wpforms-submit-4231\" class=\"wpforms-submit\" data-alt-text=\"Envoi...\" data-submit-text=\"Soumettre\" aria-live=\"assertive\" value=\"wpforms-submit\">Soumettre<\/button><img loading=\"lazy\" decoding=\"async\" src=\"https:\/\/beta.aa-intergroup.org\/wp-content\/plugins\/wpforms\/assets\/images\/submit-spin.svg\" class=\"wpforms-submit-spinner\" style=\"display: none;\" width=\"26\" height=\"26\" alt=\"Loading\"><\/div><\/form><\/div>  <!-- .wpforms-container -->\n\n<p><\/p>\n\n<p><\/p>\n\n<p><\/p>\n\n<p><\/p>\n\n<p><\/p>\n","protected":false},"excerpt":{"rendered":"<p>Les Tech Steppers sont un sous-comit\u00e9 technologique qui fournit un soutien aux r\u00e9unions du r\u00e9pertoire OIAA et \u00e0 leurs participants concernant la s\u00e9curit\u00e9 en ligne et les param\u00e8tres des comptes. Les Tech Steppers cherchent \u00e0 aider les groupes \u00e0 am\u00e9liorer leur posture de s\u00fbret\u00e9 et de s\u00e9curit\u00e9 en ligne et \u00e0 mieux d\u00e9fendre leurs r\u00e9unions<a class=\"excerpt-read-more\" href=\"https:\/\/beta.aa-intergroup.org\/fr\/aide-pour-les-reunions-en-ligne\/\" title=\"ReadAide pour les r\u00e9unions en ligne\">&#8230; Read more &raquo;<\/a><\/p>\n","protected":false},"author":18,"featured_media":0,"parent":0,"menu_order":0,"comment_status":"closed","ping_status":"closed","template":"","meta":{"_acf_changed":false,"_eb_attr":"","footnotes":""},"class_list":["post-15915","page","type-page","status-publish","hentry"],"acf":[],"_links":{"self":[{"href":"https:\/\/beta.aa-intergroup.org\/fr\/wp-json\/wp\/v2\/pages\/15915","targetHints":{"allow":["GET"]}}],"collection":[{"href":"https:\/\/beta.aa-intergroup.org\/fr\/wp-json\/wp\/v2\/pages"}],"about":[{"href":"https:\/\/beta.aa-intergroup.org\/fr\/wp-json\/wp\/v2\/types\/page"}],"author":[{"embeddable":true,"href":"https:\/\/beta.aa-intergroup.org\/fr\/wp-json\/wp\/v2\/users\/18"}],"replies":[{"embeddable":true,"href":"https:\/\/beta.aa-intergroup.org\/fr\/wp-json\/wp\/v2\/comments?post=15915"}],"version-history":[{"count":1,"href":"https:\/\/beta.aa-intergroup.org\/fr\/wp-json\/wp\/v2\/pages\/15915\/revisions"}],"predecessor-version":[{"id":15917,"href":"https:\/\/beta.aa-intergroup.org\/fr\/wp-json\/wp\/v2\/pages\/15915\/revisions\/15917"}],"wp:attachment":[{"href":"https:\/\/beta.aa-intergroup.org\/fr\/wp-json\/wp\/v2\/media?parent=15915"}],"curies":[{"name":"wp","href":"https:\/\/api.w.org\/{rel}","templated":true}]}}