{"id":16500,"date":"2024-11-23T23:27:35","date_gmt":"2024-11-24T04:27:35","guid":{"rendered":"https:\/\/beta.aa-intergroup.org\/organe-directeur-de-lintergroupe-et-de-ses-membres-annees-2000\/"},"modified":"2025-10-28T07:01:15","modified_gmt":"2025-10-28T11:01:15","slug":"organe-directeur-de-lintergroupe-et-de-ses-membres-annees-2000","status":"publish","type":"page","link":"https:\/\/beta.aa-intergroup.org\/fr\/organe-directeur-de-lintergroupe-et-de-ses-membres-annees-2000\/","title":{"rendered":"Organe directeur de l&#8217;intergroupe et de ses membres (ann\u00e9es 2000)"},"content":{"rendered":"\n<p><strong>&#8212;- \u00c9crit au d\u00e9but des ann\u00e9es 2000 &#8212;-<\/strong><\/p>\n\n<p>L&#8217;organe directeur de l&#8217;OIAA est le Comit\u00e9 d&#8217;Intergroupe. Le Comit\u00e9 d&#8217;Intergroupe est compos\u00e9 d&#8217;un Repr\u00e9sentant d&#8217;Intergroupe ou d&#8217;un Repr\u00e9sentant Suppl\u00e9ant de chaque groupe membre ; des responsables de l&#8217;OIAA ; et des anciens responsables de l&#8217;OIAA (pendant un an apr\u00e8s leur mandat). Un groupe devient membre de l&#8217;OIAA en ayant un repr\u00e9sentant ou un suppl\u00e9ant dans l&#8217;Intergroupe qui participe aux \u00e9lections bi-annuelles et aux affaires de l&#8217;Intergroupe. Cependant, tout groupe A.A. en ligne qui choisit de ne pas participer en tant que groupe membre ne peut se voir refuser les services de l&#8217;Intergroupe (tels que l&#8217;inscription dans les R\u00e9pertoires de R\u00e9unions), tant qu&#8217;il se qualifie comme groupe A.A. selon les traditions d&#8217;A.A. et les directives de l&#8217;Intergroupe. La principale qualification pour un groupe A.A. est que, en tant que groupe, il n&#8217;ait aucune autre affiliation (Traditions 5, 6 et 10).    <\/p>\n\n<p>Chaque groupe dispose d&#8217;une voix (par l&#8217;interm\u00e9diaire de son repr\u00e9sentant ou de son suppl\u00e9ant) et aucun individu ne peut avoir plus d&#8217;une voix \u2015 il est donc recommand\u00e9 que chaque repr\u00e9sentant ne serve qu&#8217;un seul groupe membre. Lors de l&#8217;\u00e9lection \u00e0 un poste de l&#8217;OIAA, le responsable \u00e9lu se retire de la repr\u00e9sentation du groupe membre qui l&#8217;avait pr\u00e9c\u00e9demment \u00e9lu. De cette fa\u00e7on, chaque groupe est assur\u00e9 d&#8217;une repr\u00e9sentation sp\u00e9cifique \u00e0 ses pr\u00e9occupations et chaque responsable peut alors aborder les pr\u00e9occupations de l&#8217;OIAA dans son ensemble.  <\/p>\n\n<p><\/p>\n\n<div class=\"wp-block-essential-blocks-button root-eb-button-zva29\"><div class=\"eb-parent-wrapper eb-parent-eb-button-zva29 \"><div class=\"eb-button-wrapper eb-button-alignment eb-button-zva29\"><div class=\"eb-button\"><div class=\"eb-button-inner-wrapper \"><a class=\"eb-button-anchor \" href=\"https:\/\/beta.aa-intergroup.org\/fr\/chronologie-de-lhistoire-de-loiaa\/\" rel=\"noopener\"><i icon=\"fas fa-chevron-left\" class=\"fas fa-chevron-left eb-button-icon eb-button-icon-left hvr-icon\"><\/i>Retour \u00e0 la chronologie de l&#8217;OIAA<\/a><\/div><\/div><\/div><\/div><\/div>\n","protected":false},"excerpt":{"rendered":"<p>&#8212;- \u00c9crit au d\u00e9but des ann\u00e9es 2000 &#8212;- L&#8217;organe directeur de l&#8217;OIAA est le Comit\u00e9 d&#8217;Intergroupe. Le Comit\u00e9 d&#8217;Intergroupe est compos\u00e9 d&#8217;un Repr\u00e9sentant d&#8217;Intergroupe ou d&#8217;un Repr\u00e9sentant Suppl\u00e9ant de chaque groupe membre ; des responsables de l&#8217;OIAA ; et des anciens responsables de l&#8217;OIAA (pendant un an apr\u00e8s leur mandat). Un groupe devient membre de<a class=\"excerpt-read-more\" href=\"https:\/\/beta.aa-intergroup.org\/fr\/organe-directeur-de-lintergroupe-et-de-ses-membres-annees-2000\/\" title=\"ReadOrgane directeur de l&#8217;intergroupe et de ses membres (ann\u00e9es 2000)\">&#8230; Read more &raquo;<\/a><\/p>\n","protected":false},"author":153,"featured_media":0,"parent":0,"menu_order":0,"comment_status":"closed","ping_status":"closed","template":"","meta":{"_acf_changed":false,"_eb_attr":"","footnotes":""},"class_list":["post-16500","page","type-page","status-publish","hentry"],"acf":[],"_links":{"self":[{"href":"https:\/\/beta.aa-intergroup.org\/fr\/wp-json\/wp\/v2\/pages\/16500","targetHints":{"allow":["GET"]}}],"collection":[{"href":"https:\/\/beta.aa-intergroup.org\/fr\/wp-json\/wp\/v2\/pages"}],"about":[{"href":"https:\/\/beta.aa-intergroup.org\/fr\/wp-json\/wp\/v2\/types\/page"}],"author":[{"embeddable":true,"href":"https:\/\/beta.aa-intergroup.org\/fr\/wp-json\/wp\/v2\/users\/153"}],"replies":[{"embeddable":true,"href":"https:\/\/beta.aa-intergroup.org\/fr\/wp-json\/wp\/v2\/comments?post=16500"}],"version-history":[{"count":1,"href":"https:\/\/beta.aa-intergroup.org\/fr\/wp-json\/wp\/v2\/pages\/16500\/revisions"}],"predecessor-version":[{"id":16502,"href":"https:\/\/beta.aa-intergroup.org\/fr\/wp-json\/wp\/v2\/pages\/16500\/revisions\/16502"}],"wp:attachment":[{"href":"https:\/\/beta.aa-intergroup.org\/fr\/wp-json\/wp\/v2\/media?parent=16500"}],"curies":[{"name":"wp","href":"https:\/\/api.w.org\/{rel}","templated":true}]}}