{"id":16514,"date":"2024-11-11T16:04:52","date_gmt":"2024-11-11T21:04:52","guid":{"rendered":"https:\/\/beta.aa-intergroup.org\/budget-oiaa-2025\/"},"modified":"2025-10-28T07:01:31","modified_gmt":"2025-10-28T11:01:31","slug":"budget-oiaa-2025","status":"publish","type":"page","link":"https:\/\/beta.aa-intergroup.org\/fr\/budget-oiaa-2025\/","title":{"rendered":"Budget OIAA 2025"},"content":{"rendered":"\n<div class=\"wp-block-uagb-advanced-heading uagb-block-99cea174\"><h4 class=\"uagb-heading-text\">Comparaison avec 2024 et notes<\/h4><\/div>\n\n<p><em>*Les chiffres r\u00e9els 2024 comprennent les r\u00e9sultats financiers r\u00e9els de l&#8217;OIAA pour la p\u00e9riode du 01\/01\/24 au 31\/10\/24 plus le budget OIAA 2024 pour la p\u00e9riode du 01\/11\/2024 au 31\/12\/2024 <\/em><\/p>\n<div id=\"footable_parent_13521\"\n         class=\" footable_parent ninja_table_wrapper loading_ninja_table wp_table_data_press_parent semantic_ui \">\n                <table data-ninja_table_instance=\"ninja_table_instance_0\" data-footable_id=\"13521\" data-filter-delay=\"1000\" aria-label=\"2025 Budget Presentation\"            id=\"footable_13521\"\n           data-unique_identifier=\"ninja_table_unique_id_971047342_13521\"\n           class=\" foo-table ninja_footable foo_table_13521 ninja_table_unique_id_971047342_13521 ui table  ninja_search_right nt_type_ajax_table selectable striped vertical_centered  footable-paging-right ninja_table_search_disabled\">\n                <colgroup>\n                            <col class=\"ninja_column_0 \">\n                            <col class=\"ninja_column_1 \">\n                            <col class=\"ninja_column_2 \">\n                            <col class=\"ninja_column_3 \">\n                            <col class=\"ninja_column_4 \">\n                    <\/colgroup>\n            <\/table>\n    \n    \n    \n<\/div>\n\n","protected":false},"excerpt":{"rendered":"<p>*Les chiffres r\u00e9els 2024 comprennent les r\u00e9sultats financiers r\u00e9els de l&#8217;OIAA pour la p\u00e9riode du 01\/01\/24 au 31\/10\/24 plus le budget OIAA 2024 pour la p\u00e9riode du 01\/11\/2024 au 31\/12\/2024<\/p>\n","protected":false},"author":153,"featured_media":0,"parent":0,"menu_order":0,"comment_status":"closed","ping_status":"closed","template":"","meta":{"_acf_changed":false,"_eb_attr":"","footnotes":""},"class_list":["post-16514","page","type-page","status-publish","hentry"],"acf":[],"_links":{"self":[{"href":"https:\/\/beta.aa-intergroup.org\/fr\/wp-json\/wp\/v2\/pages\/16514","targetHints":{"allow":["GET"]}}],"collection":[{"href":"https:\/\/beta.aa-intergroup.org\/fr\/wp-json\/wp\/v2\/pages"}],"about":[{"href":"https:\/\/beta.aa-intergroup.org\/fr\/wp-json\/wp\/v2\/types\/page"}],"author":[{"embeddable":true,"href":"https:\/\/beta.aa-intergroup.org\/fr\/wp-json\/wp\/v2\/users\/153"}],"replies":[{"embeddable":true,"href":"https:\/\/beta.aa-intergroup.org\/fr\/wp-json\/wp\/v2\/comments?post=16514"}],"version-history":[{"count":1,"href":"https:\/\/beta.aa-intergroup.org\/fr\/wp-json\/wp\/v2\/pages\/16514\/revisions"}],"predecessor-version":[{"id":16516,"href":"https:\/\/beta.aa-intergroup.org\/fr\/wp-json\/wp\/v2\/pages\/16514\/revisions\/16516"}],"wp:attachment":[{"href":"https:\/\/beta.aa-intergroup.org\/fr\/wp-json\/wp\/v2\/media?parent=16514"}],"curies":[{"name":"wp","href":"https:\/\/api.w.org\/{rel}","templated":true}]}}