{"id":16554,"date":"2023-06-14T21:57:13","date_gmt":"2023-06-15T01:57:13","guid":{"rendered":"https:\/\/beta.aa-intergroup.org\/politique-de-confidentialite\/"},"modified":"2025-10-28T07:04:05","modified_gmt":"2025-10-28T11:04:05","slug":"politique-de-confidentialite","status":"publish","type":"page","link":"https:\/\/beta.aa-intergroup.org\/fr\/politique-de-confidentialite\/","title":{"rendered":"Politique de confidentialit\u00e9"},"content":{"rendered":"\n<p>Cette Politique de confidentialit\u00e9 a \u00e9t\u00e9 mise \u00e0 jour le 14 juin 2023<\/p>\n\n<p>OIAA., Inc., \u00e9galement connu sous le nom d&#8217;Online Intergroup of Alcoholics Anonymous\u00a9 (\u00ab OIAA \u00bb), respecte la vie priv\u00e9e de chaque personne qui visite ce site. Cette d\u00e9claration de confidentialit\u00e9 expose les normes et les conditions selon lesquelles OIAA prot\u00e8ge la confidentialit\u00e9 des informations fournies par les visiteurs. Elle pr\u00e9sente nos pratiques de collecte d&#8217;informations et la mani\u00e8re dont vos informations peuvent \u00eatre utilis\u00e9es. Cette politique peut \u00eatre modifi\u00e9e p\u00e9riodiquement, veuillez donc la consulter r\u00e9guli\u00e8rement pour examiner ces informations.<\/p>\n\n<h3 class=\"wp-block-heading\">Les informations que nous collectons<\/h3>\n\n<p>OIAA peut collecter des informations personnellement identifiables de diverses mani\u00e8res, notamment via des formulaires en ligne et d&#8217;autres cas o\u00f9 les visiteurs sont invit\u00e9s \u00e0 fournir volontairement ces informations. OIAA peut \u00e9galement collecter des informations sur la fa\u00e7on dont les visiteurs utilisent notre site web, par exemple, en suivant le nombre de vues uniques re\u00e7ues par les pages du site web ou les domaines d&#8217;origine des visiteurs. <\/p>\n\n<p>Nous pouvons utiliser des \u00ab cookies \u00bb pour suivre la fa\u00e7on dont les visiteurs utilisent notre site web. Un cookie est un petit fichier qu&#8217;un serveur web peut stocker sur l&#8217;ordinateur du visiteur et utiliser pour l&#8217;identifier s&#8217;il visite \u00e0 nouveau le site web. <\/p>\n\n<p><strong>Utilisation des cookies<\/strong><\/p>\n\n<p>Comme de nombreux sites web, OIAA peut utiliser des cookies, qui sont des fichiers stock\u00e9s sur votre appareil qui aident OIAA \u00e0 identifier les utilisateurs et \u00e0 optimiser leur exp\u00e9rience sur le site. La plupart des navigateurs acceptent automatiquement les cookies mais vous permettent de les d\u00e9sactiver. Nous vous recommandons de laisser les cookies activ\u00e9s afin que nous puissions vous offrir une meilleure exp\u00e9rience. OIAA n&#8217;utilisera pas de cookies ou d&#8217;autres m\u00e9thodes de suivi qui sont persistants et ne peuvent pas \u00eatre effac\u00e9s de votre appareil. Votre adresse IP, vos recherches et d&#8217;autres informations d&#8217;utilisation peuvent \u00eatre collect\u00e9es par Google Analytics, mais uniquement pour g\u00e9n\u00e9rer des donn\u00e9es agr\u00e9g\u00e9es nous aidant \u00e0 am\u00e9liorer notre site web. Vous pouvez d\u00e9sactiver l&#8217;utilisation des cookies sur votre navigateur. Si vous d\u00e9sactivez l&#8217;utilisation des cookies sur votre navigateur, vous pourriez ne pas avoir acc\u00e8s \u00e0 certaines fonctions de notre site web. Pour en savoir plus sur notre utilisation des cookies, veuillez consulter notre Politique relative aux cookies.       <\/p>\n\n<p>Comment nous utilisons les informations<\/p>\n\n<p>OIAA peut utiliser les informations personnellement identifiables collect\u00e9es via notre site web pour contacter les visiteurs concernant de nouvelles activit\u00e9s et services. OIAA peut \u00e9galement utiliser les informations collect\u00e9es pour am\u00e9liorer l&#8217;efficacit\u00e9 du site web. <\/p>\n\n<h3 class=\"wp-block-heading\">Conservation des informations<\/h3>\n\n<p>Nous supprimons vos informations personnelles d\u00e8s que nous n&#8217;en avons plus besoin en rapport avec l&#8217;objectif pour lequel elles ont \u00e9t\u00e9 soumises ou collect\u00e9es, sauf si la loi nous oblige \u00e0 les conserver plus longtemps, et nous ne les conservons que conform\u00e9ment \u00e0 cette Politique de confidentialit\u00e9.<\/p>\n\n<p>Divulgation des informations<\/p>\n\n<p>OIAA ne pr\u00eate, ne loue, ne vend ni ne transf\u00e8re intentionnellement les informations personnelles des visiteurs \u00e0 des tiers.<\/p>\n\n<h3 class=\"wp-block-heading\">Maintenance des informations<\/h3>\n\n<p>Les informations concernant les visiteurs et les membres qui sont conserv\u00e9es dans nos syst\u00e8mes sont prot\u00e9g\u00e9es par des mesures de s\u00e9curit\u00e9 conformes aux normes de l&#8217;industrie. Nous utilisons des mesures techniques et organisationnelles appropri\u00e9es pour garantir la s\u00e9curit\u00e9 de vos informations personnelles. Cependant, nous ne pouvons pas garantir que les informations soumises \u00e0, maintenues sur, ou transmises depuis nos syst\u00e8mes seront compl\u00e8tement s\u00e9curis\u00e9es.  <\/p>\n\n<h3 class=\"wp-block-heading\">Avis aux personnes en dehors des \u00c9tats-Unis<\/h3>\n\n<p>Veuillez noter que :<\/p>\n\n<p>\u2022 les informations personnellement identifiables que vous fournissez \u00e0 OIAA seront transf\u00e9r\u00e9es aux \u00c9tats-Unis pour \u00eatre trait\u00e9es conform\u00e9ment \u00e0 cette Politique de confidentialit\u00e9, pour laquelle nous obtiendrons votre consentement expr\u00e8s, dans la mesure requise par la loi ;<\/p>\n\n<p>\u2022 vous avez le droit d&#8217;acc\u00e9der \u00e0 vos informations personnelles sur demande, de les faire corriger si n\u00e9cessaire, de les faire supprimer lorsque vous ne souhaitez plus utiliser notre site web ou communiquer avec nous, ou de les faire transmettre \u00e0 toute personne de votre choix ;<\/p>\n\n<p>\u2022 vous avez \u00e9galement le droit de nous faire part de vos pr\u00e9occupations concernant la fa\u00e7on dont nous utilisons et prot\u00e9geons vos informations.<\/p>\n\n<p>Pour exercer ces droits, veuillez nous contacter \u00e0 <strong>privacy@aa-intergroup.org<\/strong><\/p>\n\n<p>Si vous n&#8217;\u00eates pas satisfait de notre r\u00e9ponse, vous pouvez d\u00e9poser une plainte aupr\u00e8s de votre autorit\u00e9 nationale de protection des donn\u00e9es.<\/p>\n","protected":false},"excerpt":{"rendered":"<p>Cette Politique de confidentialit\u00e9 a \u00e9t\u00e9 mise \u00e0 jour le 14 juin 2023 OIAA., Inc., \u00e9galement connu sous le nom d&#8217;Online Intergroup of Alcoholics Anonymous\u00a9 (\u00ab OIAA \u00bb), respecte la vie priv\u00e9e de chaque personne qui visite ce site. Cette d\u00e9claration de confidentialit\u00e9 expose les normes et les conditions selon lesquelles OIAA prot\u00e8ge la confidentialit\u00e9<a class=\"excerpt-read-more\" href=\"https:\/\/beta.aa-intergroup.org\/fr\/politique-de-confidentialite\/\" title=\"ReadPolitique de confidentialit\u00e9\">&#8230; Read more &raquo;<\/a><\/p>\n","protected":false},"author":12,"featured_media":0,"parent":0,"menu_order":0,"comment_status":"closed","ping_status":"closed","template":"","meta":{"_acf_changed":false,"_eb_attr":"","footnotes":""},"class_list":["post-16554","page","type-page","status-publish","hentry"],"acf":[],"_links":{"self":[{"href":"https:\/\/beta.aa-intergroup.org\/fr\/wp-json\/wp\/v2\/pages\/16554","targetHints":{"allow":["GET"]}}],"collection":[{"href":"https:\/\/beta.aa-intergroup.org\/fr\/wp-json\/wp\/v2\/pages"}],"about":[{"href":"https:\/\/beta.aa-intergroup.org\/fr\/wp-json\/wp\/v2\/types\/page"}],"author":[{"embeddable":true,"href":"https:\/\/beta.aa-intergroup.org\/fr\/wp-json\/wp\/v2\/users\/12"}],"replies":[{"embeddable":true,"href":"https:\/\/beta.aa-intergroup.org\/fr\/wp-json\/wp\/v2\/comments?post=16554"}],"version-history":[{"count":1,"href":"https:\/\/beta.aa-intergroup.org\/fr\/wp-json\/wp\/v2\/pages\/16554\/revisions"}],"predecessor-version":[{"id":16556,"href":"https:\/\/beta.aa-intergroup.org\/fr\/wp-json\/wp\/v2\/pages\/16554\/revisions\/16556"}],"wp:attachment":[{"href":"https:\/\/beta.aa-intergroup.org\/fr\/wp-json\/wp\/v2\/media?parent=16554"}],"curies":[{"name":"wp","href":"https:\/\/api.w.org\/{rel}","templated":true}]}}