{"id":16569,"date":"2024-01-27T13:02:59","date_gmt":"2024-01-27T18:02:59","guid":{"rendered":"https:\/\/beta.aa-intergroup.org\/assemblee-de-loiaa-le-16-mars-2024\/"},"modified":"2025-10-28T07:04:30","modified_gmt":"2025-10-28T11:04:30","slug":"assemblee-de-loiaa-le-16-mars-2024","status":"publish","type":"page","link":"https:\/\/beta.aa-intergroup.org\/fr\/assemblee-de-loiaa-le-16-mars-2024\/","title":{"rendered":"Assembl\u00e9e de l&#8217;OIAA le 16 mars 2024"},"content":{"rendered":"\n<div style=\"height:20px\" aria-hidden=\"true\" class=\"wp-block-spacer\"><\/div>\n\n<p><strong>Samedi 16 mars 2024<\/strong><br\/>8h00 HST | 11h00 PT | 13h00 CT | 14h00 ET<br\/>19h00 GMT | 20h00 CET<\/p>\n\n<p><strong>Dimanche 17 mars 2024<br\/><\/strong>3h00 AWST | 4h00 JST<br\/>6h00 AEDT | 8h00 NZDT<\/p>\n\n<p>ID : 839 1683 1125 <br\/>Code d&#8217;acc\u00e8s : OIAA<\/p>\n\n<p><a href=\"https:\/\/us06web.zoom.us\/j\/83916831125?pwd=cDQvSlcxUjZmWlo4aEoyR0tlUUQwdz09\" target=\"_blank\" rel=\"noreferrer noopener\">Rejoindre l&#8217;assembl\u00e9e de l&#8217;OIAA<\/a><\/p>\n\n<figure class=\"wp-block-image size-full is-resized\"><img loading=\"lazy\" decoding=\"async\" width=\"200\" height=\"173\" src=\"https:\/\/beta.aa-intergroup.org\/wp-content\/uploads\/2023\/01\/ASL-Logo.png\" alt=\"\" class=\"wp-image-2437\" style=\"width:124px;height:auto\"\/><\/figure>\n\n<p>L&#8217;interpr\u00e9tation en ASL, espagnol et farsi sera disponible lors de l&#8217;assembl\u00e9e.<\/p>\n\n<div style=\"height:30px\" aria-hidden=\"true\" class=\"wp-block-spacer\"><\/div>\n\n<p>Les liens seront activ\u00e9s au fur et \u00e0 mesure que le contenu sera disponible.<\/p>\n\n<h4 class=\"wp-block-heading\">Annonce de l&#8217;assembl\u00e9e<\/h4>\n\n<ul class=\"wp-block-list\">\n<li><a href=\"https:\/\/beta.aa-intergroup.org\/documents\/assembly-announcement-16-march-2024\/\">Annonce de l&#8217;assembl\u00e9e<\/a> \n<ul class=\"wp-block-list\">\n<li>Pour traduire et\/ou imprimer pour vos groupes.<\/li>\n<\/ul>\n<\/li>\n\n\n\n<li>Copiez ce message et ce lien dans le chat de votre r\u00e9union en ligne pour annoncer l&#8217;\u00e9lection.\n<ul class=\"wp-block-list\">\n<li>R\u00e9union de l&#8217;assembl\u00e9e g\u00e9n\u00e9rale : 16 mars 2024.<br\/><a href=\"https:\/\/beta.aa-intergroup.org\/fr\/assemblee-de-loiaa-le-16-mars-2024\/\">https:\/\/beta.aa-intergroup.org\/oiaa-assembly-16-march-2024\/<\/a><\/li>\n<\/ul>\n<\/li>\n<\/ul>\n\n<h4 class=\"wp-block-heading\" id=\"assembly-agenda\">Ordre du jour de l\u2019assembl\u00e9e<\/h4>\n\n<ul class=\"wp-block-list\">\n<li><a href=\"https:\/\/beta.aa-intergroup.org\/documents\/oiaa-assembly-agenda-16-march-2024\/\">L&#8217;ordre du jour de l&#8217;assembl\u00e9e de mars 2024 de l&#8217;OIAA<\/a>.<\/li>\n<\/ul>\n\n<h4 class=\"wp-block-heading\">Rapports<\/h4>\n\n<ul class=\"wp-block-list\">\n<li>Assembly minutes will be voted on please share with your groups.&nbsp;\n<ul class=\"wp-block-list\">\n<li><a href=\"https:\/\/beta.aa-intergroup.org\/documents\/minutes-from-the-oiaa-16-december-2023-assembly\/\" data-type=\"link\" data-id=\"https:\/\/beta.aa-intergroup.org\/documents\/minutes-from-the-oiaa-16-december-2023-assembly\/\">Proc\u00e8s-verbal de l&#8217;assembl\u00e9e de l&#8217;OIAA du 16 d\u00e9cembre 2023<\/a>.<\/li>\n<\/ul>\n<\/li>\n\n\n\n<li>Rapport du tr\u00e9sorier.\n<ul class=\"wp-block-list\">\n<li><a href=\"https:\/\/beta.aa-intergroup.org\/committee-updates\/update-for-finance-feb-2024\/\" data-type=\"link\" data-id=\"https:\/\/beta.aa-intergroup.org\/committee-updates\/update-for-finance-dec-2023-2\/\">\u00c9cart budg\u00e9taire<\/a>.<\/li>\n\n\n\n<li><a href=\"https:\/\/beta.aa-intergroup.org\/committee-updates\/update-for-finance-dec-2023\/\" data-type=\"link\" data-id=\"https:\/\/beta.aa-intergroup.org\/committee-updates\/update-for-finance-dec-2023\/\">Contributions des groupes<\/a>.<\/li>\n\n\n\n<li><a href=\"https:\/\/beta.aa-intergroup.org\/committee-updates\/update-for-finance-feb-2024-2\/\" data-type=\"link\" data-id=\"https:\/\/beta.aa-intergroup.org\/committee-updates\/update-for-finance-dec-2023-3\/\">Bilan<\/a>.<\/li>\n<\/ul>\n<\/li>\n\n\n\n<li><a href=\"https:\/\/beta.aa-intergroup.org\/committee-updates\/update-for-unity-feb-2024\/\">Annonce du comit\u00e9 de la convention sur l&#8217;unit\u00e9.<\/a><\/li>\n<\/ul>\n\n<h4 class=\"wp-block-heading\">Nouvelles affaires<\/h4>\n\n<ul class=\"wp-block-list\">\n<li><strong>Motion pour approuver les directives de l&#8217;OIAA.<\/strong>\n<ul class=\"wp-block-list\">\n<li><a href=\"https:\/\/beta.aa-intergroup.org\/documents\/oiaa-guidelines\/\">Directives<\/a>.<\/li>\n\n\n\n<li><a href=\"https:\/\/beta.aa-intergroup.org\/wp-content\/uploads\/2024\/02\/GuidelineReviewPresentationFinal.pdf\" target=\"_blank\" rel=\"noreferrer noopener\">Pr\u00e9sentation de l&#8217;examen des directives<\/a>. (pdf) <\/li>\n<\/ul>\n<\/li>\n\n\n\n<li><strong>Motion pour faire passer le comit\u00e9 ad hoc des communications au statut de comit\u00e9 permanent.<\/strong>\n<ul class=\"wp-block-list\">\n<li><a href=\"https:\/\/beta.aa-intergroup.org\/fr\/committees\/communications\/\">Comit\u00e9 des communications<\/a>.<\/li>\n\n\n\n<li><a href=\"https:\/\/beta.aa-intergroup.org\/documents\/communications-committee-charter\/\">Charte du comit\u00e9 des communications<\/a>.<\/li>\n<\/ul>\n<\/li>\n<\/ul>\n\n<h4 class=\"wp-block-heading\">Proc\u00e9dure d&#8217;\u00e9lection<\/h4>\n\n<ul class=\"wp-block-list\">\n<li><a href=\"https:\/\/beta.aa-intergroup.org\/documents\/assembly-procedures\/\">Proc\u00e9dures de l&#8217;assembl\u00e9e.<\/a><\/li>\n\n\n\n<li><a href=\"https:\/\/beta.aa-intergroup.org\/documents\/summary-of-motion-procedures-to-be-used-at-the-assembly\/\">R\u00e9sum\u00e9 des motions<\/a>.<\/li>\n\n\n\n<li><a href=\"https:\/\/beta.aa-intergroup.org\/documents\/oiaa-bylaws\/\">Statuts<\/a>.<\/li>\n<\/ul>\n\n<div style=\"height:100px\" aria-hidden=\"true\" class=\"wp-block-spacer\"><\/div>\n","protected":false},"excerpt":{"rendered":"<p>Samedi 16 mars 20248h00 HST | 11h00 PT | 13h00 CT | 14h00 ET19h00 GMT | 20h00 CET Dimanche 17 mars 20243h00 AWST | 4h00 JST6h00 AEDT | 8h00 NZDT ID : 839 1683 1125 Code d&#8217;acc\u00e8s : OIAA Rejoindre l&#8217;assembl\u00e9e de l&#8217;OIAA L&#8217;interpr\u00e9tation en ASL, espagnol et farsi sera disponible lors de l&#8217;assembl\u00e9e. Les<a class=\"excerpt-read-more\" href=\"https:\/\/beta.aa-intergroup.org\/fr\/assemblee-de-loiaa-le-16-mars-2024\/\" title=\"ReadAssembl\u00e9e de l&#8217;OIAA le 16 mars 2024\">&#8230; Read more &raquo;<\/a><\/p>\n","protected":false},"author":18,"featured_media":0,"parent":0,"menu_order":0,"comment_status":"closed","ping_status":"closed","template":"","meta":{"_acf_changed":false,"_eb_attr":"","footnotes":""},"class_list":["post-16569","page","type-page","status-publish","hentry"],"acf":[],"_links":{"self":[{"href":"https:\/\/beta.aa-intergroup.org\/fr\/wp-json\/wp\/v2\/pages\/16569","targetHints":{"allow":["GET"]}}],"collection":[{"href":"https:\/\/beta.aa-intergroup.org\/fr\/wp-json\/wp\/v2\/pages"}],"about":[{"href":"https:\/\/beta.aa-intergroup.org\/fr\/wp-json\/wp\/v2\/types\/page"}],"author":[{"embeddable":true,"href":"https:\/\/beta.aa-intergroup.org\/fr\/wp-json\/wp\/v2\/users\/18"}],"replies":[{"embeddable":true,"href":"https:\/\/beta.aa-intergroup.org\/fr\/wp-json\/wp\/v2\/comments?post=16569"}],"version-history":[{"count":1,"href":"https:\/\/beta.aa-intergroup.org\/fr\/wp-json\/wp\/v2\/pages\/16569\/revisions"}],"predecessor-version":[{"id":16570,"href":"https:\/\/beta.aa-intergroup.org\/fr\/wp-json\/wp\/v2\/pages\/16569\/revisions\/16570"}],"wp:attachment":[{"href":"https:\/\/beta.aa-intergroup.org\/fr\/wp-json\/wp\/v2\/media?parent=16569"}],"curies":[{"name":"wp","href":"https:\/\/api.w.org\/{rel}","templated":true}]}}