{"id":16615,"date":"2024-08-15T17:10:39","date_gmt":"2024-08-15T21:10:39","guid":{"rendered":"https:\/\/beta.aa-intergroup.org\/assemblee-oiaa-du-21-septembre-2024\/"},"modified":"2025-10-28T07:06:11","modified_gmt":"2025-10-28T11:06:11","slug":"assemblee-oiaa-du-21-septembre-2024","status":"publish","type":"page","link":"https:\/\/beta.aa-intergroup.org\/fr\/assemblee-oiaa-du-21-septembre-2024\/","title":{"rendered":"Assembl\u00e9e OIAA du 21 septembre 2024"},"content":{"rendered":"\n<p><strong>Samedi 21 septembre 2024<\/strong><br\/>8 h 00 HST | 11 h 00 PT | 13 h 00 CT | 14 h 00 ET<br\/>19 h 00 GMT | 20 h 00 CET<\/p>\n\n<p><strong>Dimanche 22 septembre<\/strong><strong> 2024<br\/><\/strong>3 h 00 AWST | 4 h 00 JST<br\/>6 h 00 AEDT | 8 h 00 NZDT<\/p>\n\n<p><strong>ID Zoom : 839 1683 1125<br\/>Code d&#8217;acc\u00e8s : OIAA<\/strong><\/p>\n\n<p class=\"has-large-font-size\"><em><a href=\"https:\/\/us06web.zoom.us\/j\/83916831125?pwd=cDQvSlcxUjZmWlo4aEoyR0tlUUQwdz09\"><strong>REJOIGNEZ-NOUS<\/strong><\/a><\/em><mark style=\"background-color:rgba(0, 0, 0, 0)\" class=\"has-inline-color has-vivid-red-color\"><mark style=\"background-color:rgba(0, 0, 0, 0)\" class=\"has-inline-color has-vivid-red-color\"><\/mark><\/mark><\/p>\n\n<p>Bienvenue \u00e0 notre assembl\u00e9e g\u00e9n\u00e9rale OIAA de septembre ! Elle est ouverte \u00e0 tous ceux qui souhaitent y participer, mais seuls les repr\u00e9sentants des intergroupes, les pr\u00e9sidents des comit\u00e9s permanents de l\u2019OIAA, les responsables de l\u2019OIAA et les administrateurs non responsables ont le droit de vote. Nous invitons tous les membres votants \u00e0 y assister, car nous avons besoin d\u2019un quorum pour mener \u00e0 bien nos activit\u00e9s. Les membres seront inform\u00e9s de toute modification de l\u2019ordre du jour.<\/p>\n\n<p><strong><em>Pour participer, votre groupe doit s\u2019inscrire aupr\u00e8s de l\u2019OIAA et avoir un repr\u00e9sentant d\u2019intergroupe enregistr\u00e9. <\/em><\/strong><strong>Pour l\u2019assembl\u00e9e de septembre, la date limite <\/strong><strong>pour les ajouts ou les modifications \u00e0 notre liste de membres est le<\/strong> <strong>vendredi 13 septembre \u00e0 23 h 59<\/strong>.<\/p>\n\n<p><strong><em>Rejoignez l\u2019OIAA ici : <\/em><\/strong><a href=\"https:\/\/beta.aa-intergroup.org\/fr\/rejoindre-loiaa\/\" target=\"_blank\" rel=\"noreferrer noopener\"><strong><em>Rejoindre l\u2019OIAA<\/em><\/strong><\/a><strong><em> &#8211; <\/em><\/strong><a href=\"https:\/\/beta.aa-intergroup.org\/fr\/rejoindre-loiaa\/\" target=\"_blank\" rel=\"noreferrer noopener\"><strong><em>https:\/\/beta.aa-intergroup.org\/join-oiaa\/<\/em><\/strong><\/a><strong><em><\/em><\/strong><\/p>\n\n<p><strong><em>Mettez \u00e0 jour les informations ici Repr\u00e9sentation de l\u2019intergroupe ici : <\/em><\/strong><br\/><a href=\"https:\/\/beta.aa-intergroup.org\/group-rep-update-request\/\">https:\/\/beta.aa-intergroup.org\/group-rep-update-request\/<\/a><\/p>\n\n<p><strong><em>Envoyez vos questions au registraire : <\/em><\/strong><a href=\"mailto:registrar@aa-intergroup.org\"><strong><em>registrar@aa-intergroup.org<\/em><\/strong><\/a><\/p>\n\n<p><mark style=\"background-color:rgba(0, 0, 0, 0)\" class=\"has-inline-color has-vivid-red-color\">Interpr\u00e9tation : espagnol, fran\u00e7ais, ASL<\/mark><\/p>\n\n<h4 class=\"wp-block-heading\">Annonce de l&#8217;assembl\u00e9e<\/h4>\n\n<ul class=\"wp-block-list\">\n<li><a href=\"https:\/\/beta.aa-intergroup.org\/updates\/assembly-announcement-21-september-2024\/\">Annonce de l&#8217;assembl\u00e9e<\/a>\n<ul class=\"wp-block-list\">\n<li>Pour traduire et\/ou imprimer pour vos groupes.<\/li>\n<\/ul>\n<\/li>\n\n\n\n<li>Copiez ce message et ce lien dans le chat de votre r\u00e9union en ligne pour annoncer l\u2019assembl\u00e9e.\n<ul class=\"wp-block-list\">\n<li>R\u00e9union de l\u2019assembl\u00e9e OIAA : 21 septembre 2024.<br\/><a href=\"https:\/\/beta.aa-intergroup.org\/fr\/assemblee-oiaa-du-21-septembre-2024\/\">https:\/\/beta.aa-intergroup.org\/oiaa-assembly-21-september-2024\/<\/a><\/li>\n<\/ul>\n<\/li>\n<\/ul>\n\n<h4 class=\"wp-block-heading\" id=\"assembly-agenda\">Ordre du jour de l\u2019assembl\u00e9e<\/h4>\n\n<ul class=\"wp-block-list\">\n<li><a href=\"https:\/\/beta.aa-intergroup.org\/documents\/oiaa-assembly-agenda-21-september-2024\/\">L\u2019ordre du jour de l\u2019assembl\u00e9e OIAA de septembre 2024<\/a>.<\/li>\n<\/ul>\n\n<h4 class=\"wp-block-heading\">Rapports<\/h4>\n\n<ul class=\"wp-block-list\">\n<li>Les proc\u00e8s-verbaux de l\u2019assembl\u00e9e seront soumis au vote, veuillez les partager avec vos groupes.\n<ul class=\"wp-block-list\">\n<li><a href=\"https:\/\/beta.aa-intergroup.org\/board-updates\/minutes-sep-2024\/\">Proc\u00e8s-verbal de l\u2019assembl\u00e9e de juin<\/a><\/li>\n<\/ul>\n<\/li>\n\n\n\n<li><a href=\"https:\/\/beta.aa-intergroup.org\/documents\/chair-annual-report-to-assembly-sep-2024\/\" data-type=\"link\" data-id=\"https:\/\/beta.aa-intergroup.org\/documents\/chair-annual-report-to-assembly-sep-2024\/\">Rapport de l\u2019assembl\u00e9e du pr\u00e9sident du conseil d\u2019administration<\/a><\/li>\n\n\n\n<li>Rapport du tr\u00e9sorier.\n<ul class=\"wp-block-list\">\n<li>\u00c9cart budg\u00e9taire.<\/li>\n\n\n\n<li>Contributions du groupe.<\/li>\n\n\n\n<li>Bilan.<\/li>\n<\/ul>\n<\/li>\n\n\n\n<li><a href=\"https:\/\/beta.aa-intergroup.org\/documents\/oiaa-unbudgeted-expense-request-form\/\" data-type=\"link\" data-id=\"https:\/\/beta.aa-intergroup.org\/documents\/oiaa-unbudgeted-expense-request-form\/\">Comit\u00e9 de l\u2019unit\u00e9 &#8211; demande de fonds non budg\u00e9tis\u00e9s<\/a><\/li>\n<\/ul>\n\n<h4 class=\"wp-block-heading\">Documents d\u2019orientation de l\u2019assembl\u00e9e<\/h4>\n\n<ul class=\"wp-block-list\">\n<li><a href=\"https:\/\/beta.aa-intergroup.org\/documents\/assembly-procedures\/\">Proc\u00e9dures de l&#8217;assembl\u00e9e.<\/a><\/li>\n\n\n\n<li><a href=\"https:\/\/beta.aa-intergroup.org\/documents\/summary-of-motion-procedures-to-be-used-at-the-assembly\/\">R\u00e9sum\u00e9 des motions<\/a>.<\/li>\n\n\n\n<li><a href=\"https:\/\/beta.aa-intergroup.org\/documents\/oiaa-bylaws\/\">Statuts<\/a>.<\/li>\n<\/ul>\n","protected":false},"excerpt":{"rendered":"<p>Samedi 21 septembre 20248 h 00 HST | 11 h 00 PT | 13 h 00 CT | 14 h 00 ET19 h 00 GMT | 20 h 00 CET Dimanche 22 septembre 20243 h 00 AWST | 4 h 00 JST6 h 00 AEDT | 8 h 00 NZDT ID Zoom : 839 1683<a class=\"excerpt-read-more\" href=\"https:\/\/beta.aa-intergroup.org\/fr\/assemblee-oiaa-du-21-septembre-2024\/\" title=\"ReadAssembl\u00e9e OIAA du 21 septembre 2024\">&#8230; Read more &raquo;<\/a><\/p>\n","protected":false},"author":153,"featured_media":0,"parent":0,"menu_order":0,"comment_status":"closed","ping_status":"closed","template":"","meta":{"_acf_changed":false,"_eb_attr":"","footnotes":""},"class_list":["post-16615","page","type-page","status-publish","hentry"],"acf":[],"_links":{"self":[{"href":"https:\/\/beta.aa-intergroup.org\/fr\/wp-json\/wp\/v2\/pages\/16615","targetHints":{"allow":["GET"]}}],"collection":[{"href":"https:\/\/beta.aa-intergroup.org\/fr\/wp-json\/wp\/v2\/pages"}],"about":[{"href":"https:\/\/beta.aa-intergroup.org\/fr\/wp-json\/wp\/v2\/types\/page"}],"author":[{"embeddable":true,"href":"https:\/\/beta.aa-intergroup.org\/fr\/wp-json\/wp\/v2\/users\/153"}],"replies":[{"embeddable":true,"href":"https:\/\/beta.aa-intergroup.org\/fr\/wp-json\/wp\/v2\/comments?post=16615"}],"version-history":[{"count":1,"href":"https:\/\/beta.aa-intergroup.org\/fr\/wp-json\/wp\/v2\/pages\/16615\/revisions"}],"predecessor-version":[{"id":16617,"href":"https:\/\/beta.aa-intergroup.org\/fr\/wp-json\/wp\/v2\/pages\/16615\/revisions\/16617"}],"wp:attachment":[{"href":"https:\/\/beta.aa-intergroup.org\/fr\/wp-json\/wp\/v2\/media?parent=16615"}],"curies":[{"name":"wp","href":"https:\/\/api.w.org\/{rel}","templated":true}]}}