{"id":16667,"date":"2023-06-05T11:10:02","date_gmt":"2023-06-05T15:10:02","guid":{"rendered":"https:\/\/beta.aa-intergroup.org\/la-vision\/"},"modified":"2025-10-28T07:06:37","modified_gmt":"2025-10-28T11:06:37","slug":"la-vision","status":"publish","type":"page","link":"https:\/\/beta.aa-intergroup.org\/fr\/la-vision\/","title":{"rendered":"La vision"},"content":{"rendered":"\n<h4 class=\"wp-block-heading\">Bienvenue sur le nouveau site web de l&#8217;OIAA !<\/h4>\n\n<p>Nous sommes tr\u00e8s fiers et reconnaissants d&#8217;avoir particip\u00e9 \u00e0 la conception et \u00e0 la cr\u00e9ation de cette nouvelle version du site web de l&#8217;OIAA. Nous tenons \u00e0 remercier toute la communaut\u00e9 de l&#8217;OIAA pour votre patience et votre participation au d\u00e9veloppement de ce projet. Nous esp\u00e9rons que vous explorerez et nous poserez des questions. C&#8217;est votre site et nous voulons travailler avec vous.   <\/p>\n\n<p>Nous avons commenc\u00e9 avec le site existant et quelques id\u00e9es. Nous sommes un intergroupe international en ligne. Nous ne nous r\u00e9unissons pas dans une salle physique, nous avons donc besoin d&#8217;un lieu de rencontre. Le bureau central de l&#8217;OIAA est le site web. C&#8217;est l&#8217;endroit o\u00f9 les comit\u00e9s peuvent \u00e9changer des id\u00e9es et fournir des rapports et des mises \u00e0 jour aux membres. C&#8217;est l&#8217;endroit o\u00f9 les membres viennent communiquer, \u00e9changer des id\u00e9es, recueillir des informations et se connecter \u00e0 d&#8217;autres alcooliques.      <\/p>\n\n<p>Nous avons entrepris de cr\u00e9er une structure dynamique qui r\u00e9pond et permet aux membres, au conseil d&#8217;administration et aux comit\u00e9s de se parler. Une plateforme lin\u00e9aire plut\u00f4t qu&#8217;une hi\u00e9rarchie. Un lieu de connexion o\u00f9 nous sommes tous \u00e0 l&#8217;int\u00e9rieur du groupe.  <\/p>\n\n<p>Nous allons faire une pause dans l&#8217;ajout de nouvelles fonctionnalit\u00e9s pendant au moins 60 jours pour voir ce qui fonctionne et ce qui ne fonctionne pas. Veuillez nous donner vos <a href=\"https:\/\/beta.aa-intergroup.org\/fr\/suggestions-pour-le-site-web\/\">commentaires et suggestions<\/a> !  <\/p>\n\n<p>Notre nouveau <a href=\"https:\/\/beta.aa-intergroup.org\/fr\/repertoire-des-reunions\/\">guide des r\u00e9unions<\/a> est l&#8217;un des points forts de cette nouvelle version du site web &#8211; n&#8217;h\u00e9sitez pas \u00e0 l&#8217;explorer !<strong> <\/strong>En d\u00e9veloppant le nouveau guide des r\u00e9unions, nous avons eu le plaisir de d\u00e9velopper davantage une relation avec le groupe incroyable &#8211; <a href=\"https:\/\/code4recovery.org\/about\" target=\"_blank\" rel=\"noreferrer noopener\">Code for Recovery<\/a>. <\/p>\n\n<p>Peu de gens savent que l&#8217;ancien r\u00e9pertoire des r\u00e9unions \u00e9tait aliment\u00e9 par une feuille Google. <\/p>\n\n<p><em>N&#8217;est-ce pas incroyable ? <\/em><\/p>\n\n<p>Je veux dire, quand on pense qu&#8217;il y a plus de 6000 r\u00e9unions, pouvez-vous imaginer \u00e0 quoi cela ressemblait dans une feuille de calcul ? Comme il serait facile d&#8217;entrer la mauvaise information dans la mauvaise cellule ? <\/p>\n\n<p>Nous nous sommes donc r\u00e9unis avec l&#8217;\u00e9quipe de C4R et ils ont d\u00e9velopp\u00e9 un backend de pointe pour r\u00e9soudre notre probl\u00e8me. <\/p>\n\n<p>Nous sommes incroyablement reconnaissants pour leur travail acharn\u00e9 et nous encourageons toute personne int\u00e9ress\u00e9e par le codage \u00e0 les d\u00e9couvrir et \u00e0 s&#8217;impliquer.<\/p>\n\n<blockquote class=\"wp-block-quote is-layout-flow wp-block-quote-is-layout-flow\">\n<p><em>Code for Recovery est une organisation \u00e0 but non lucratif qui d\u00e9veloppe des projets technologiques open-source pour aider la communaut\u00e9 du r\u00e9tablissement \u00e0 se rassembler, s&#8217;organiser et se r\u00e9tablir de la d\u00e9pendance. <\/em><\/p>\n<cite>Website: <a href=\"https:\/\/code4recovery.org\/about\" target=\"_blank\" rel=\"noreferrer noopener\">Code For Recovery<\/a>&nbsp; &nbsp; <\/cite><\/blockquote>\n\n<p><em>E-mail : info@code4recovery.org<\/em><\/p>\n\n<div style=\"height:31px\" aria-hidden=\"true\" class=\"wp-block-spacer\"><\/div>\n\n<h4 class=\"wp-block-heading\">Venez travailler avec nous<\/h4>\n\n<p>Vous avez une suggestion pour le site web ? <a href=\"https:\/\/beta.aa-intergroup.org\/fr\/suggestions-pour-le-site-web\/\">Suggestions pour le site web.<\/a> Int\u00e9ress\u00e9 \u00e0 aider au d\u00e9veloppement du <a href=\"https:\/\/beta.aa-intergroup.org\/community\/\">Forum<\/a> ? Int\u00e9ress\u00e9 \u00e0 travailler plus \u00e9troitement avec nous ? Nous avons de nombreux postes de service sp\u00e9cifiques au site web.   <a href=\"https:\/\/beta.aa-intergroup.org\/fr\/committees\/technologie\/\"><strong>Visitez le comit\u00e9 technologique.<\/strong><\/a><\/p>\n\n<p>Il existe de nombreuses fa\u00e7ons d&#8217;\u00eatre au service de l&#8217;OIAA : <a href=\"https:\/\/beta.aa-intergroup.org\/fr\/opportunites-de-service\/\">Opportunit\u00e9s de service.<\/a><\/p>\n\n<p>Avec amour et au service,<br\/>Comit\u00e9 technologique de l&#8217;OIAA<\/p>\n\n<div style=\"height:31px\" aria-hidden=\"true\" class=\"wp-block-spacer\"><\/div>\n\n<p><strong>ATTENDEZ &#8211; O\u00d9 SONT MES PDF ?<\/strong><\/p>\n\n<p>Le t\u00e9l\u00e9chargement d&#8217;un PDF ne fonctionne pas pour nous car nous sommes une organisation internationale. Si je parle espagnol ou \u00e9gyptien, le PDF ne me sert \u00e0 rien. Cependant, lorsque nous copions et collons toutes ces informations dans ces beaux formulaires que nous avons cr\u00e9\u00e9s, il vous suffit de cliquer sur un bouton et voil\u00e0. C&#8217;est dans votre langue. Ensuite, suivez les instructions d&#8217;impression au bas des pages de documents.     <\/p>\n","protected":false},"excerpt":{"rendered":"<p>Bienvenue sur le nouveau site web de l&#8217;OIAA ! Nous sommes tr\u00e8s fiers et reconnaissants d&#8217;avoir particip\u00e9 \u00e0 la conception et \u00e0 la cr\u00e9ation de cette nouvelle version du site web de l&#8217;OIAA. Nous tenons \u00e0 remercier toute la communaut\u00e9 de l&#8217;OIAA pour votre patience et votre participation au d\u00e9veloppement de ce projet. Nous esp\u00e9rons<a class=\"excerpt-read-more\" href=\"https:\/\/beta.aa-intergroup.org\/fr\/la-vision\/\" title=\"ReadLa vision\">&#8230; Read more &raquo;<\/a><\/p>\n","protected":false},"author":18,"featured_media":0,"parent":0,"menu_order":0,"comment_status":"closed","ping_status":"closed","template":"","meta":{"_acf_changed":false,"_eb_attr":"","footnotes":""},"class_list":["post-16667","page","type-page","status-publish","hentry"],"acf":[],"_links":{"self":[{"href":"https:\/\/beta.aa-intergroup.org\/fr\/wp-json\/wp\/v2\/pages\/16667","targetHints":{"allow":["GET"]}}],"collection":[{"href":"https:\/\/beta.aa-intergroup.org\/fr\/wp-json\/wp\/v2\/pages"}],"about":[{"href":"https:\/\/beta.aa-intergroup.org\/fr\/wp-json\/wp\/v2\/types\/page"}],"author":[{"embeddable":true,"href":"https:\/\/beta.aa-intergroup.org\/fr\/wp-json\/wp\/v2\/users\/18"}],"replies":[{"embeddable":true,"href":"https:\/\/beta.aa-intergroup.org\/fr\/wp-json\/wp\/v2\/comments?post=16667"}],"version-history":[{"count":1,"href":"https:\/\/beta.aa-intergroup.org\/fr\/wp-json\/wp\/v2\/pages\/16667\/revisions"}],"predecessor-version":[{"id":16668,"href":"https:\/\/beta.aa-intergroup.org\/fr\/wp-json\/wp\/v2\/pages\/16667\/revisions\/16668"}],"wp:attachment":[{"href":"https:\/\/beta.aa-intergroup.org\/fr\/wp-json\/wp\/v2\/media?parent=16667"}],"curies":[{"name":"wp","href":"https:\/\/api.w.org\/{rel}","templated":true}]}}