{"id":16681,"date":"2024-11-23T22:52:55","date_gmt":"2024-11-24T03:52:55","guid":{"rendered":"https:\/\/beta.aa-intergroup.org\/declaration-de-la-mission-et-des-objectifs-originaux-de-loiaa\/"},"modified":"2025-10-28T07:08:18","modified_gmt":"2025-10-28T11:08:18","slug":"declaration-de-la-mission-et-des-objectifs-originaux-de-loiaa","status":"publish","type":"page","link":"https:\/\/beta.aa-intergroup.org\/fr\/declaration-de-la-mission-et-des-objectifs-originaux-de-loiaa\/","title":{"rendered":"D\u00e9claration de la mission et des objectifs originaux de l&#8217;OIAA"},"content":{"rendered":"\n<p>&#8211;<strong>&#8212; Cette d\u00e9claration fait partie de l&#8217;histoire de l&#8217;OIAA. Elle a \u00e9t\u00e9 r\u00e9dig\u00e9e au milieu des ann\u00e9es 1990 &#8212;-<\/strong><\/p>\n\n<p>Le ph\u00e9nom\u00e8ne de la nouvelle technologie des ordinateurs, des modems, du World Wide Web et de la communication Internet a donn\u00e9 naissance \u00e0 un nouveau moyen d&#8217;\u00e9change gr\u00e2ce auquel les alcooliques pouvaient interagir avec d&#8217;autres alcooliques. Au cours des derni\u00e8res ann\u00e9es, de nombreuses nouvelles r\u00e9unions en ligne ont vu le jour et, n&#8217;ayant pas de fronti\u00e8res g\u00e9ographiques, n&#8217;ont pas pu s&#8217;int\u00e9grer aux structures de service des r\u00e9unions habituelles en face \u00e0 face (f2f) des AA. De l\u00e0 est n\u00e9e la reconnaissance, de la part de nombreux groupes en ligne, qu&#8217;une forme de groupe de service \u00e9tait n\u00e9cessaire pour aider et faciliter la communication et la coordination du milieu AA du cyberespace. Alors que la structure de service officielle des AA tente d&#8217;\u00e9laborer une strat\u00e9gie pour inclure les r\u00e9unions en ligne dans cette structure, l&#8217;Intergroupe en ligne des Alcooliques anonymes (OIAA) a \u00e9t\u00e9 form\u00e9 pour fournir des services typiques des intergroupes ou des bureaux centraux des r\u00e9unions en face \u00e0 face. Alors que la plupart des intergroupes desservent des r\u00e9gions g\u00e9ographiques sp\u00e9cifiques, l&#8217;OIAA a \u00e9t\u00e9 cr\u00e9\u00e9 pour desservir le cyberespace.    <\/p>\n\n<p>L&#8217;objectif principal de tous les groupes Alcooliques anonymes est de transmettre son message \u00e0 l&#8217;alcoolique qui souffre encore. Partant de cet objectif, l&#8217;OIAA s&#8217;est engag\u00e9 \u00e0 aider les groupes membres de plusieurs mani\u00e8res, dont la plupart sont sp\u00e9cifiquement li\u00e9es au support du cyberespace. Parce que le r\u00e9tablissement personnel d\u00e9pend de l&#8217;unit\u00e9 des AA, nous, \u00e0 l&#8217;OIAA, nous engageons \u00e0 aider et \u00e0 faciliter la meilleure unit\u00e9 de service possible aux et pour les AA dans le cyberespace. La communication et l&#8217;information sont deux ingr\u00e9dients essentiels pour \u00e9tablir et maintenir l&#8217;unit\u00e9 ; par cons\u00e9quent, l&#8217;OIAA est tenu de fournir un forum central pour la diffusion d&#8217;informations sur et pour la communaut\u00e9 en ligne des AA et des AA dans leur ensemble.   <\/p>\n\n<p>L&#8217;OIAA fournit actuellement des informations de plusieurs mani\u00e8res, et nous esp\u00e9rons d\u00e9velopper encore plus de moyens \u00e0 l&#8217;avenir. L&#8217;une des fa\u00e7ons dont l&#8217;OIAA diffuse l&#8217;information est le d\u00e9veloppement et la maintenance des r\u00e9pertoires de r\u00e9unions du World Wide Web qui comprennent les r\u00e9unions et les groupes par courriel ainsi que les r\u00e9unions et les groupes en temps r\u00e9el (clavardage). Un autre moyen de communication est le Comit\u00e9 de l&#8217;unit\u00e9 de l&#8217;OIAA, qui est charg\u00e9 de communiquer avec d&#8217;autres organismes de service des AA, tels que les districts locaux, les intergroupes, les r\u00e9gions, les secteurs, AAWS, GSO-NY et GSO-UK. Une troisi\u00e8me forme de communication est le Comit\u00e9 d&#8217;information publique de l&#8217;OIAA, qui r\u00e9pond aux besoins au niveau du public et facilite la sensibilisation et la compr\u00e9hension du public aux Alcooliques anonymes au moyen d&#8217;Internet, des m\u00e9dias d&#8217;information, des contacts personnels ou des fonctions publiques non-AA par le biais de la documentation approuv\u00e9e par la conf\u00e9rence, des conf\u00e9renciers ou de la correspondance et conform\u00e9ment aux 12 \u00c9tapes, aux 12 Traditions et aux 12 Concepts des Alcooliques anonymes.   <\/p>\n\n<p>L&#8217;OIAA est \u00e9galement en train d&#8217;\u00e9laborer des lignes directrices pour aider ses groupes membres, les futurs groupes, les autres intergroupes, les r\u00e9unions f2f, les districts, les secteurs, les GSO et AAWS avec les tenants et aboutissants de l&#8217;exp\u00e9rience en ligne. Cela peut se traduire par la publication en ligne de documents de service pratiques sur la cr\u00e9ation de groupes en ligne, ou sur la fa\u00e7on de traiter les traditions dans le cyberespace, ou sur un certain nombre d&#8217;autres questions pratiques (comme la cr\u00e9ation de pages d&#8217;accueil, etc.). <\/p>\n\n<p>Une autre priorit\u00e9 pour l&#8217;OIAA est le d\u00e9veloppement de projets conjoints pour ses groupes membres. Il s&#8217;agirait notamment d&#8217;assurer une pr\u00e9sence aux congr\u00e8s internationaux, aux congr\u00e8s locaux et aux tables rondes, et de faire des d\u00e9monstrations du fonctionnement des AA en ligne. L&#8217;OIAA lui-m\u00eame est n\u00e9 d&#8217;un tel projet lors du congr\u00e8s international de 1995 \u00e0 San Diego. Nous esp\u00e9rons assurer une telle pr\u00e9sence \u00e0 de nombreux congr\u00e8s \u00e0 l&#8217;avenir.   <\/p>\n\n<p>Le ph\u00e9nom\u00e8ne en ligne est relativement nouveau, mais le nombre de membres des groupes en ligne a augment\u00e9 \u00e9norm\u00e9ment ces derniers temps, \u00e0 mesure que la nouvelle de son existence atteint les membres des AA dans le monde entier. Nous nous attendons \u00e0 ce que cette tendance se maintienne et esp\u00e9rons que l&#8217;OIAA sera en mesure de fournir \u00e0 la communaut\u00e9 du cyberespace le type de services que cette adh\u00e9sion exigera. C&#8217;est une exp\u00e9rience passionnante et \u00e0 laquelle nous, \u00e0 l&#8217;OIAA, nous engageons \u00e0 fournir en vertu des principes des \u00e9tapes, des traditions et des concepts des AA. <\/p>\n\n<div class=\"wp-block-essential-blocks-button root-eb-button-zva29\"><div class=\"eb-parent-wrapper eb-parent-eb-button-zva29 \"><div class=\"eb-button-wrapper eb-button-alignment eb-button-zva29\"><div class=\"eb-button\"><div class=\"eb-button-inner-wrapper \"><a class=\"eb-button-anchor \" href=\"https:\/\/beta.aa-intergroup.org\/fr\/chronologie-de-lhistoire-de-loiaa\/\" rel=\"noopener\"><i icon=\"fas fa-chevron-left\" class=\"fas fa-chevron-left eb-button-icon eb-button-icon-left hvr-icon\"><\/i>Retour \u00e0 la chronologie de l&#8217;OIAA<\/a><\/div><\/div><\/div><\/div><\/div>\n","protected":false},"excerpt":{"rendered":"<p>&#8211;&#8212; Cette d\u00e9claration fait partie de l&#8217;histoire de l&#8217;OIAA. Elle a \u00e9t\u00e9 r\u00e9dig\u00e9e au milieu des ann\u00e9es 1990 &#8212;- Le ph\u00e9nom\u00e8ne de la nouvelle technologie des ordinateurs, des modems, du World Wide Web et de la communication Internet a donn\u00e9 naissance \u00e0 un nouveau moyen d&#8217;\u00e9change gr\u00e2ce auquel les alcooliques pouvaient interagir avec d&#8217;autres alcooliques.<a class=\"excerpt-read-more\" href=\"https:\/\/beta.aa-intergroup.org\/fr\/declaration-de-la-mission-et-des-objectifs-originaux-de-loiaa\/\" title=\"ReadD\u00e9claration de la mission et des objectifs originaux de l&#8217;OIAA\">&#8230; Read more &raquo;<\/a><\/p>\n","protected":false},"author":153,"featured_media":0,"parent":0,"menu_order":0,"comment_status":"closed","ping_status":"closed","template":"","meta":{"_acf_changed":false,"_eb_attr":"","footnotes":""},"class_list":["post-16681","page","type-page","status-publish","hentry"],"acf":[],"_links":{"self":[{"href":"https:\/\/beta.aa-intergroup.org\/fr\/wp-json\/wp\/v2\/pages\/16681","targetHints":{"allow":["GET"]}}],"collection":[{"href":"https:\/\/beta.aa-intergroup.org\/fr\/wp-json\/wp\/v2\/pages"}],"about":[{"href":"https:\/\/beta.aa-intergroup.org\/fr\/wp-json\/wp\/v2\/types\/page"}],"author":[{"embeddable":true,"href":"https:\/\/beta.aa-intergroup.org\/fr\/wp-json\/wp\/v2\/users\/153"}],"replies":[{"embeddable":true,"href":"https:\/\/beta.aa-intergroup.org\/fr\/wp-json\/wp\/v2\/comments?post=16681"}],"version-history":[{"count":1,"href":"https:\/\/beta.aa-intergroup.org\/fr\/wp-json\/wp\/v2\/pages\/16681\/revisions"}],"predecessor-version":[{"id":16682,"href":"https:\/\/beta.aa-intergroup.org\/fr\/wp-json\/wp\/v2\/pages\/16681\/revisions\/16682"}],"wp:attachment":[{"href":"https:\/\/beta.aa-intergroup.org\/fr\/wp-json\/wp\/v2\/media?parent=16681"}],"curies":[{"name":"wp","href":"https:\/\/api.w.org\/{rel}","templated":true}]}}