{"id":16719,"date":"2023-06-02T00:12:26","date_gmt":"2023-06-02T04:12:26","guid":{"rendered":"https:\/\/beta.aa-intergroup.org\/assemblee-de-loiaa-du-17-juin-2023\/"},"modified":"2025-10-28T07:09:32","modified_gmt":"2025-10-28T11:09:32","slug":"assemblee-de-loiaa-du-17-juin-2023","status":"publish","type":"page","link":"https:\/\/beta.aa-intergroup.org\/fr\/assemblee-de-loiaa-du-17-juin-2023\/","title":{"rendered":"Assembl\u00e9e de l&#8217;OIAA du 17 juin 2023"},"content":{"rendered":"\n<h5 class=\"wp-block-heading\"><strong>Page d&#8217;archives de l&#8217;assembl\u00e9e de l&#8217;OIAA du 17 juin 2023<\/strong><\/h5>\n\n<div style=\"height:40px\" aria-hidden=\"true\" class=\"wp-block-spacer\"><\/div>\n\n<p>Merci d&#8217;avoir particip\u00e9 \u00e0 l&#8217;assembl\u00e9e de l&#8217;OIAA de juin 2023 et d&#8217;avoir apport\u00e9 votre voix.<\/p>\n\n<p>Les noms de famille, num\u00e9ros de t\u00e9l\u00e9phone et courriels personnels ont \u00e9t\u00e9 supprim\u00e9s de la transcription conform\u00e9ment \u00e0 la Tradition 11.<\/p>\n\n<ul class=\"wp-block-list\">\n<li>Voici la <a href=\"https:\/\/beta.aa-intergroup.org\/documents\/oiaa-assembly-17-june-2023-transcript\/\">transcription<\/a> de l&#8217;\u00e9v\u00e9nement.<\/li>\n\n\n\n<li>L&#8217;enregistrement audio de l&#8217;\u00e9v\u00e9nement peut \u00eatre <a href=\"https:\/\/drive.google.com\/file\/d\/1QamiU7i8iRjInTr-Dy0bzwW7XqRgG9jO\/view?usp=sharing\" target=\"_blank\" rel=\"noreferrer noopener\">trouv\u00e9 ici<\/a>.<\/li>\n<\/ul>\n\n<div style=\"height:30px\" aria-hidden=\"true\" class=\"wp-block-spacer\"><\/div>\n\n<h3 class=\"wp-block-heading\">Annonce de l&#8217;assembl\u00e9e<\/h3>\n\n<ul class=\"wp-block-list\">\n<li>Annonces de r\u00e9unions<\/li>\n\n\n\n<li>Copiez ce message et ce lien dans le chat de votre r\u00e9union\n<ul class=\"wp-block-list\">\n<li>R\u00e9union de l&#8217;assembl\u00e9e g\u00e9n\u00e9rale du 17 juin 2023 : https:\/\/beta.aa-intergroup.org\/oiaa-assembly-17-june-2023\/<\/li>\n<\/ul>\n<\/li>\n<\/ul>\n\n<h3 class=\"wp-block-heading\">Ordre du jour de l\u2019assembl\u00e9e<\/h3>\n\n<ul class=\"wp-block-list\" id=\"block-b1e3529a-4f8b-4ca9-b34a-99f8022da30b\">\n<li><a href=\"https:\/\/beta.aa-intergroup.org\/documents\/assembly-agenda-june-2023\/\">L&#8217;ordre du jour de l&#8217;assembl\u00e9e du 17 juin 2023<\/a><\/li>\n\n\n\n<li>Le vote des <a href=\"https:\/\/beta.aa-intergroup.org\/documents\/minutes-from-the-oiaa-18-march-2023-assembly\/\">proc\u00e8s-verbaux de l&#8217;assembl\u00e9e de l&#8217;OIAA du 18 mars 2023<\/a> aura lieu lors de l&#8217;assembl\u00e9e. Veuillez les lire et les examiner avant l&#8217;assembl\u00e9e. <\/li>\n<\/ul>\n\n<h3 class=\"wp-block-heading\">Proc\u00e9dures d&#8217;assembl\u00e9e du comit\u00e9 des lignes directrices<\/h3>\n\n<ul class=\"wp-block-list\">\n<li><a href=\"https:\/\/beta.aa-intergroup.org\/documents\/assembly-procedures\/\">Section 3 proc\u00e9dures d&#8217;assembl\u00e9e<\/a><\/li>\n<\/ul>\n\n<p><\/p>\n\n<h3 class=\"wp-block-heading\">Rapports <\/h3>\n\n<ul class=\"wp-block-list\">\n<li><a href=\"https:\/\/beta.aa-intergroup.org\/documents\/acting-chairs-report-13-june-23\/\">Rapport du pr\u00e9sident par int\u00e9rim de l&#8217;OIAA mai 2023<\/a><\/li>\n\n\n\n<li>R\u00e9sum\u00e9s financiers\n<ul class=\"wp-block-list\">\n<li><a href=\"https:\/\/beta.aa-intergroup.org\/documents\/treasurers-update-june-2023\/\">Rapport de la 7e tradition mai 2023<\/a><\/li>\n\n\n\n<li><a href=\"https:\/\/beta.aa-intergroup.org\/documents\/balance-sheet-may-2023\/\">Bilan mai 2023<\/a><\/li>\n\n\n\n<li><a href=\"https:\/\/beta.aa-intergroup.org\/documents\/budget-variance-may-2023\/\">\u00c9cart budg\u00e9taire mai 2023<\/a><\/li>\n<\/ul>\n<\/li>\n\n\n\n<li><a href=\"https:\/\/beta.aa-intergroup.org\/wp-content\/uploads\/2023\/10\/TechSteppers-for-6.17.23-Assembly.pdf\" target=\"_blank\" rel=\"noreferrer noopener\">TechSteppers<\/a> &#8211; pdf<\/li>\n<\/ul>\n\n<p><\/p>\n\n<p><\/p>\n\n<p><\/p>\n","protected":false},"excerpt":{"rendered":"<p>Page d&#8217;archives de l&#8217;assembl\u00e9e de l&#8217;OIAA du 17 juin 2023 Merci d&#8217;avoir particip\u00e9 \u00e0 l&#8217;assembl\u00e9e de l&#8217;OIAA de juin 2023 et d&#8217;avoir apport\u00e9 votre voix. Les noms de famille, num\u00e9ros de t\u00e9l\u00e9phone et courriels personnels ont \u00e9t\u00e9 supprim\u00e9s de la transcription conform\u00e9ment \u00e0 la Tradition 11. Annonce de l&#8217;assembl\u00e9e Ordre du jour de l\u2019assembl\u00e9e Proc\u00e9dures<a class=\"excerpt-read-more\" href=\"https:\/\/beta.aa-intergroup.org\/fr\/assemblee-de-loiaa-du-17-juin-2023\/\" title=\"ReadAssembl\u00e9e de l&#8217;OIAA du 17 juin 2023\">&#8230; Read more &raquo;<\/a><\/p>\n","protected":false},"author":18,"featured_media":0,"parent":0,"menu_order":0,"comment_status":"closed","ping_status":"closed","template":"","meta":{"_acf_changed":false,"_eb_attr":"","footnotes":""},"class_list":["post-16719","page","type-page","status-publish","hentry"],"acf":[],"_links":{"self":[{"href":"https:\/\/beta.aa-intergroup.org\/fr\/wp-json\/wp\/v2\/pages\/16719","targetHints":{"allow":["GET"]}}],"collection":[{"href":"https:\/\/beta.aa-intergroup.org\/fr\/wp-json\/wp\/v2\/pages"}],"about":[{"href":"https:\/\/beta.aa-intergroup.org\/fr\/wp-json\/wp\/v2\/types\/page"}],"author":[{"embeddable":true,"href":"https:\/\/beta.aa-intergroup.org\/fr\/wp-json\/wp\/v2\/users\/18"}],"replies":[{"embeddable":true,"href":"https:\/\/beta.aa-intergroup.org\/fr\/wp-json\/wp\/v2\/comments?post=16719"}],"version-history":[{"count":1,"href":"https:\/\/beta.aa-intergroup.org\/fr\/wp-json\/wp\/v2\/pages\/16719\/revisions"}],"predecessor-version":[{"id":16722,"href":"https:\/\/beta.aa-intergroup.org\/fr\/wp-json\/wp\/v2\/pages\/16719\/revisions\/16722"}],"wp:attachment":[{"href":"https:\/\/beta.aa-intergroup.org\/fr\/wp-json\/wp\/v2\/media?parent=16719"}],"curies":[{"name":"wp","href":"https:\/\/api.w.org\/{rel}","templated":true}]}}