{"id":16914,"date":"2024-06-01T00:01:00","date_gmt":"2024-06-01T04:01:00","guid":{"rendered":"https:\/\/beta.aa-intergroup.org\/1ere-convention-internationale-en-ligne-de-loiaa\/"},"modified":"2025-10-28T07:14:07","modified_gmt":"2025-10-28T11:14:07","slug":"1ere-convention-internationale-en-ligne-de-loiaa","status":"publish","type":"page","link":"https:\/\/beta.aa-intergroup.org\/fr\/1ere-convention-internationale-en-ligne-de-loiaa\/","title":{"rendered":"1\u00e8re convention internationale en ligne de l&#8217;OIAA"},"content":{"rendered":"\n<div class=\"wp-block-cover\"><img loading=\"lazy\" decoding=\"async\" width=\"1018\" height=\"1012\" class=\"wp-block-cover__image-background wp-image-9317\" alt=\"\" src=\"https:\/\/beta.aa-intergroup.org\/wp-content\/uploads\/2024\/03\/OIAA-View-from-space-Square.png\" data-object-fit=\"cover\" srcset=\"https:\/\/beta.aa-intergroup.org\/wp-content\/uploads\/2024\/03\/OIAA-View-from-space-Square.png 1018w, https:\/\/beta.aa-intergroup.org\/wp-content\/uploads\/2024\/03\/OIAA-View-from-space-Square-300x298.png 300w, https:\/\/beta.aa-intergroup.org\/wp-content\/uploads\/2024\/03\/OIAA-View-from-space-Square-150x150.png 150w, https:\/\/beta.aa-intergroup.org\/wp-content\/uploads\/2024\/03\/OIAA-View-from-space-Square-768x763.png 768w, https:\/\/beta.aa-intergroup.org\/wp-content\/uploads\/2024\/03\/OIAA-View-from-space-Square-125x125.png 125w\" sizes=\"auto, (max-width: 1018px) 100vw, 1018px\" \/><span aria-hidden=\"true\" class=\"wp-block-cover__background has-background-dim\"><\/span><div class=\"wp-block-cover__inner-container is-layout-constrained wp-block-cover-is-layout-constrained\">\n<div style=\"height:50px\" aria-hidden=\"true\" class=\"wp-block-spacer\"><\/div>\n\n\n\n<p><\/p>\n\n\n\n<h3 class=\"wp-block-heading has-text-align-center has-white-color has-text-color has-link-color has-medium-font-size wp-elements-7a9808da420ee52933fd00be6371f1fe\">Nous vous remercions de votre participation \u00e0 notre  <\/h3>\n\n\n\n<div style=\"height:12px\" aria-hidden=\"true\" class=\"wp-block-spacer\"><\/div>\n\n\n\n<p class=\"has-text-align-center has-white-color has-text-color has-link-color has-x-large-font-size wp-elements-267efc3758ba4f01f7789b4eac6894b1\"><strong>1\u00e8re convention internationale OIAA<\/strong><br\/>25-27 octobre 2024<\/p>\n\n\n\n<div class=\"wp-block-essential-blocks-button root-eb-button-him5r\"><div class=\"eb-parent-wrapper eb-parent-eb-button-him5r \"><div class=\"eb-button-wrapper eb-button-alignment eb-button-him5r\"><div class=\"eb-button\"><div class=\"eb-button-inner-wrapper \"><a class=\"eb-button-anchor hvr-grow \" href=\"https:\/\/beta.aa-intergroup.org\/fr\/souvenirs-de-la-1ere-convention-internationale-oiaa\/\" rel=\"noopener\">Souvenirs de la convention<\/a><\/div><\/div><\/div><\/div><\/div>\n\n\n\n<div style=\"height:50px\" aria-hidden=\"true\" class=\"wp-block-spacer\"><\/div>\n\n\n\n<h4 class=\"wp-block-heading has-text-align-center\">Nous vous remercions vivement de vous \u00eatre joints \u00e0 nous pour notre voyage virtuel autour du monde, c\u00e9l\u00e9brant<br\/>les Alcooliques Anonymes et le langage universel du c\u0153ur.<\/h4>\n\n\n\n<h5 class=\"wp-block-heading has-text-align-center has-white-color has-text-color has-link-color wp-elements-5dc289ba81be9f03f94b6ca2a8126a11\"><strong>Un \u00e9v\u00e9nement mondial de trois jours<\/strong> <strong>avec chaque jour mettant en lumi\u00e8re une zone mondiale diff\u00e9rente<\/strong> <\/h5>\n\n\n\n<h5 class=\"wp-block-heading has-text-align-center has-white-color has-text-color has-link-color wp-elements-10d76d82589af0c28b71775cade40ab7\"><strong>Jour 1 \u2013 Asie, Oc\u00e9anie<br\/><\/strong><strong>Jour 2 \u2013 Am\u00e9rique du Nord et du Sud<br\/><\/strong><strong>Jour 3 \u2013 Europe, Afrique, Asie<\/strong><\/h5>\n\n\n\n<div style=\"height:38px\" aria-hidden=\"true\" class=\"wp-block-spacer\"><\/div>\n\n\n\n<h5 class=\"wp-block-heading has-text-align-center has-white-color has-text-color has-link-color wp-elements-d54274ed43d589e9284b4c6ce82cc353\"><strong>plus de 50 groupes de 18 pays uniques servant d&#8217;h\u00f4tes de r\u00e9union<\/strong><\/h5>\n\n\n\n<h5 class=\"wp-block-heading has-text-align-center has-white-color has-text-color has-link-color wp-elements-6b272e499ac4842a41ad710d4add4a9c\"><strong>4 salles de conf\u00e9rence virtuelles <\/strong><\/h5>\n\n\n\n<h5 class=\"wp-block-heading has-text-align-center has-white-color has-text-color has-link-color wp-elements-a9122e9d246ce8e25f9b7913065c7bc0\"><strong>plus de 70 r\u00e9unions AA internationales auxquelles participer\u2026<\/strong><\/h5>\n\n\n\n<h5 class=\"wp-block-heading has-text-align-center has-white-color has-text-color has-link-color wp-elements-39a716382aee7e46d7f0a102bc83ba3d\"><strong>le tout depuis le centre de convention virtuel de l&#8217;OIAA<\/strong><\/h5>\n\n\n\n<p class=\"has-text-align-center\">convention2024@aa-intergroup.org<\/p>\n<\/div><\/div>\n\n<div style=\"height:20px\" aria-hidden=\"true\" class=\"wp-block-spacer\"><\/div>\n\n<div style=\"height:16px\" aria-hidden=\"true\" class=\"wp-block-spacer\"><\/div>\n\n<h3 class=\"wp-block-heading has-text-align-center\"><a href=\"https:\/\/beta.aa-intergroup.org\/documents\/oiaa-convention-faq\/\" data-type=\"link\" data-id=\"https:\/\/beta.aa-intergroup.org\/documents\/oiaa-convention-faq\/\"><strong>FAQ de la convention<\/strong><\/a><\/h3>\n\n<div style=\"height:26px\" aria-hidden=\"true\" class=\"wp-block-spacer\"><\/div>\n\n<h3 class=\"wp-block-heading has-text-align-center\"><strong><a href=\"https:\/\/beta.aa-intergroup.org\/documents\/zoom-how-to-information\/\" data-type=\"link\" data-id=\"https:\/\/beta.aa-intergroup.org\/documents\/zoom-how-to-information\/\">Instructions \u00ab\u00a0Comment faire\u00a0\u00bb pour Zoom<\/a><\/strong><\/h3>\n\n<div style=\"height:26px\" aria-hidden=\"true\" class=\"wp-block-spacer\"><\/div>\n\n<div class=\"wp-block-cover is-light has-parallax\"><div class=\"wp-block-cover__image-background wp-image-9316 has-parallax\" style=\"background-position:50% 50%;background-image:url(https:\/\/beta.aa-intergroup.org\/wp-content\/uploads\/2024\/03\/OIAA-AIRPLANE-RECTANGLE.png)\"><\/div><span aria-hidden=\"true\" class=\"wp-block-cover__background has-white-background-color has-background-dim-80 has-background-dim\"><\/span><div class=\"wp-block-cover__inner-container is-layout-constrained wp-block-cover-is-layout-constrained\">\n<h2 class=\"wp-block-heading\">1\u00e8re convention internationale de l&#8217;OIAA<br\/>25-27 octobre 2024<\/h2>\n\n\n\n<h3 class=\"wp-block-heading\"><strong>Jour 1 \u2013 Asie, Oc\u00e9anie <\/strong><\/h3>\n\n\n\n<p><strong>Heure de d\u00e9but locale pour la zone mondiale UTC\u00a0:<\/strong><br\/><strong>SAMEDI 26 octobre 9\u00a0h\u00a000 &#8211; 16\u00a0h\u00a000 Auckland, NZ &#8211; NZDT<\/strong><br\/><strong><mark style=\"background-color:rgba(0, 0, 0, 0)\" class=\"has-inline-color has-vivid-red-color\">(*VENDREDI 25 octobre 16\u00a0h\u00a000 &#8211; 23\u00a0h\u00a000 New York EDT)<\/mark><\/strong><\/p>\n\n\n\n<p><strong><u>Destinations\u00a0:<\/u> Nouvelle-Z\u00e9lande, Australie, Colombie, Serbie, \u00c9tats-Unis, Allemagne, Argentine<\/strong><\/p>\n\n\n\n<div class=\"wp-block-buttons is-layout-flex wp-block-buttons-is-layout-flex\">\n<div class=\"wp-block-button has-custom-width wp-block-button__width-25\"><a class=\"wp-block-button__link has-background has-small-font-size has-custom-font-size wp-element-button\" href=\"https:\/\/beta.aa-intergroup.org\/documents\/2024-oiaa-program-day-1-yellow-room\/\" style=\"background-color:#6ec1e4\">Voir l\u2019ordre du jour du jour 1<br\/>jaune<\/a><\/div>\n\n\n\n<div class=\"wp-block-button has-custom-width wp-block-button__width-25\"><a class=\"wp-block-button__link has-background has-small-font-size has-custom-font-size wp-element-button\" href=\"https:\/\/beta.aa-intergroup.org\/documents\/2024-oiaa-program-day-1-orange-blue-green-rooms\/\" style=\"background-color:#6ec1e4\">Voir l\u2019ordre du jour du jour 1<br\/>Orange, Bleu, Vert<\/a><\/div>\n<\/div>\n\n\n\n<p><\/p>\n\n\n\n<div style=\"height:36px\" aria-hidden=\"true\" class=\"wp-block-spacer\"><\/div>\n\n\n\n<h3 class=\"wp-block-heading\"><strong>Jour 2 \u2013 Am\u00e9rique du Nord et du Sud<\/strong><\/h3>\n\n\n\n<p><strong>Heure de d\u00e9but locale pour la zone mondiale UTC\u00a0:<\/strong><br\/><strong>SAMEDI 26 octobre 10\u00a0h\u00a000 &#8211; 17\u00a0h\u00a000 Chicago, USA &#8211; CDT<\/strong><br\/><strong><mark style=\"background-color:rgba(0, 0, 0, 0)\" class=\"has-inline-color has-vivid-red-color\">(*SAMEDI 26 octobre 11\u00a0h\u00a000 &#8211; 18\u00a0h\u00a000 New York EDT)<\/mark><\/strong><\/p>\n\n\n\n<p><strong>Destinations\u00a0: Br\u00e9sil, Canada, Qu\u00e9bec, Iran, Mexique, \u00c9tats-Unis<\/strong><\/p>\n\n\n\n<div class=\"wp-block-buttons is-layout-flex wp-block-buttons-is-layout-flex\">\n<div class=\"wp-block-button has-custom-width wp-block-button__width-25\"><a class=\"wp-block-button__link has-background has-small-font-size has-custom-font-size wp-element-button\" href=\"https:\/\/beta.aa-intergroup.org\/documents\/2024-oiaa-program-day-2\/\" style=\"background-color:#6ec1e4\">Voir l\u2019ordre du jour du jour 2<\/a><\/div>\n<\/div>\n\n\n\n<p><\/p>\n\n\n\n<div style=\"height:36px\" aria-hidden=\"true\" class=\"wp-block-spacer\"><\/div>\n\n\n\n<h3 class=\"wp-block-heading\"><strong>Jour 3 \u2013 Europe, Afrique, Asie<\/strong><\/h3>\n\n\n\n<p><strong>Heure de d\u00e9but locale pour la zone mondiale UTC\u00a0:<\/strong><br\/><strong>DIMANCHE 27 octobre 11\u00a0h\u00a000 &#8211; 18\u00a0h\u00a000 Moscou, Russie &#8211; MSK<\/strong><br\/><strong><mark style=\"background-color:rgba(0, 0, 0, 0)\" class=\"has-inline-color has-vivid-red-color\">(*DIMANCHE 27 octobre 4\u00a0h\u00a000 &#8211; 11\u00a0h\u00a000 New York EDT)<\/mark><\/strong><\/p>\n\n\n\n<p><strong>Destinations\u00a0: Espagne, Chine, Angleterre, \u00c9cosse, Canada, Inde, \u00c9tats-Unis, Nig\u00e9ria, France, Qu\u00e9bec,<br\/>\u00c9tats-Unis, Kenya, Br\u00e9sil, Portugal, \u00celes Vierges<\/strong><\/p>\n\n\n\n<div class=\"wp-block-buttons is-layout-flex wp-block-buttons-is-layout-flex\">\n<div class=\"wp-block-button has-custom-width wp-block-button__width-25\"><a class=\"wp-block-button__link has-background has-small-font-size has-custom-font-size wp-element-button\" href=\"https:\/\/beta.aa-intergroup.org\/documents\/2024-oiaa-program-day-3\/\" style=\"background-color:#6ec1e4\">Voir l\u2019ordre du jour du jour 3<\/a><\/div>\n<\/div>\n\n\n\n<p><\/p>\n\n\n\n<div style=\"height:36px\" aria-hidden=\"true\" class=\"wp-block-spacer\"><\/div>\n<\/div><\/div>\n\n<div style=\"height:622px\" aria-hidden=\"true\" class=\"wp-block-spacer\"><\/div>\n\n<h2 class=\"wp-block-heading\">Actualit\u00e9s et mises \u00e0 jour de la convention<\/h2>\n            <div class=\"news-title\">\n                <a href=\"https:\/\/beta.aa-intergroup.org\/fr\/updates\/preparez-vous-checklist-tech-the\/\">Get Ready: Tech + Tea Checklist<\/a>\n            <\/div>\n            <div class=\"news-body\">\n                \ud83d\udcbb Pr\u00e9parez-vous : Checklist Tech + Th\u00e9 - Convention internationale en ligne OIAA2025, du 14 au 16 novembre 2025 \ud83d\uddd3\ufe0fMoins de deux semaines avant l\u2019\u00e9v\u00e9nement ! Assurons-nous que votre installation est aussi pr\u00eate que votre esprit. \u2714\ufe0fTestez votre connexion internet \u2714\ufe0fEnregistrez le lien du programme&hellip;                    <a href=\"https:\/\/beta.aa-intergroup.org\/fr\/updates\/preparez-vous-checklist-tech-the\/\">... Read More<\/a>\n                    <hr \/>\n                                <\/div>\n                        <div class=\"news-title\">\n                <a href=\"https:\/\/beta.aa-intergroup.org\/fr\/updates\/convention-internationale-oiaa2025-notre-nouvelle-suite-daccueil-amelioree\/\">Convention internationale OIAA2025 &#8211; notre nouvelle suite d&#8217;accueil am\u00e9lior\u00e9e<\/a>\n            <\/div>\n            <div class=\"news-body\">\n                \u00c0 moins de huit semaines du d\u00e9but de l'\u00e9v\u00e9nement, nous sommes impatients de partager une nouvelle excitante avec vous : cette ann\u00e9e, notre suite d'accueil sera ouverte pendant toute la dur\u00e9e de la convention. Rejoignez-nous pour des jeux et des divertissements, de la musique, des&hellip;                    <a href=\"https:\/\/beta.aa-intergroup.org\/fr\/updates\/convention-internationale-oiaa2025-notre-nouvelle-suite-daccueil-amelioree\/\">... Read More<\/a>\n                    <hr \/>\n                                <\/div>\n                        <div class=\"news-title\">\n                <a href=\"https:\/\/beta.aa-intergroup.org\/fr\/updates\/oiaa2025-deja-pres-de-1000-inscriptions\/\">OIAA2025 &#8211; d\u00e9j\u00e0 pr\u00e8s de 1000 inscriptions !<\/a>\n            <\/div>\n            <div class=\"news-body\">\n                Pr\u00e8s de 1000 membres A.A. se sont d\u00e9j\u00e0 inscrits \u00e0 notre 2e Convention en ligne OIAA2025 depuis la Chine, le Japon, le Qu\u00e9bec, les \u00c9tats-Unis, le Canada, la France, la Belgique, le Portugal, l'Espagne, l'Italie, l'Afrique du Sud, le Kowe\u00eft, le Maroc, la Norv\u00e8ge, l'Islande,&hellip;                    <a href=\"https:\/\/beta.aa-intergroup.org\/fr\/updates\/oiaa2025-deja-pres-de-1000-inscriptions\/\">... Read More<\/a>\n                    <hr \/>\n                                <\/div>\n            \n","protected":false},"excerpt":{"rendered":"<p>FAQ de la convention Instructions \u00ab\u00a0Comment faire\u00a0\u00bb pour Zoom Actualit\u00e9s et mises \u00e0 jour de la convention<\/p>\n","protected":false},"author":153,"featured_media":0,"parent":0,"menu_order":0,"comment_status":"closed","ping_status":"closed","template":"","meta":{"_acf_changed":false,"_eb_attr":"","footnotes":""},"class_list":["post-16914","page","type-page","status-publish","hentry"],"acf":[],"_links":{"self":[{"href":"https:\/\/beta.aa-intergroup.org\/fr\/wp-json\/wp\/v2\/pages\/16914","targetHints":{"allow":["GET"]}}],"collection":[{"href":"https:\/\/beta.aa-intergroup.org\/fr\/wp-json\/wp\/v2\/pages"}],"about":[{"href":"https:\/\/beta.aa-intergroup.org\/fr\/wp-json\/wp\/v2\/types\/page"}],"author":[{"embeddable":true,"href":"https:\/\/beta.aa-intergroup.org\/fr\/wp-json\/wp\/v2\/users\/153"}],"replies":[{"embeddable":true,"href":"https:\/\/beta.aa-intergroup.org\/fr\/wp-json\/wp\/v2\/comments?post=16914"}],"version-history":[{"count":1,"href":"https:\/\/beta.aa-intergroup.org\/fr\/wp-json\/wp\/v2\/pages\/16914\/revisions"}],"predecessor-version":[{"id":16916,"href":"https:\/\/beta.aa-intergroup.org\/fr\/wp-json\/wp\/v2\/pages\/16914\/revisions\/16916"}],"wp:attachment":[{"href":"https:\/\/beta.aa-intergroup.org\/fr\/wp-json\/wp\/v2\/media?parent=16914"}],"curies":[{"name":"wp","href":"https:\/\/api.w.org\/{rel}","templated":true}]}}