{"id":16940,"date":"2023-03-01T05:58:24","date_gmt":"2023-03-01T10:58:24","guid":{"rendered":"https:\/\/beta.aa-intergroup.org\/assemblee-de-loiaa-du-10-septembre-2022\/"},"modified":"2025-10-28T07:14:31","modified_gmt":"2025-10-28T11:14:31","slug":"assemblee-de-loiaa-du-10-septembre-2022","status":"publish","type":"page","link":"https:\/\/beta.aa-intergroup.org\/fr\/assemblee-de-loiaa-du-10-septembre-2022\/","title":{"rendered":"Assembl\u00e9e de l&#8217;OIAA du 10 septembre 2022"},"content":{"rendered":"\n<h5 class=\"wp-block-heading\"><strong>Page d&#8217;archive de l&#8217;assembl\u00e9e de l&#8217;OIAA du 10 septembre 2022<\/strong><\/h5>\n\n<div style=\"height:50px\" aria-hidden=\"true\" class=\"wp-block-spacer\"><\/div>\n\n<p class=\"has-text-align-left\">L&#8217;intergroupe en ligne des alcooliques anonymes <br\/>Construire la fraternit\u00e9\u00a0: \u00e0 tout moment, en tout lieu \u2013 pour tous<\/p>\n\n<p>En ce moment historique de l&#8217;histoire de l&#8217;OIAA, avec l&#8217;adoption des statuts r\u00e9vis\u00e9s, il nous incombe de marquer une pause et de remercier nos fondateurs visionnaires, les groupes de membres pionniers et tous les b\u00e9n\u00e9voles dont le service nous a amen\u00e9s \u00e0 ce moment. Depuis le milieu des ann\u00e9es 90, lorsque l&#8217;OIAA a commenc\u00e9 \u00e0 servir les groupes AA en ligne, beaucoup de choses ont chang\u00e9. Cependant, le fil conducteur qui nous relie \u00e0 notre pass\u00e9 et nous entra\u00eene dans l&#8217;avenir n&#8217;a pas chang\u00e9\u00a0: l&#8217;OIAA aide ses groupes membres dans leur objectif commun de transmettre le message des AA \u00e0 l&#8217;alcoolique qui souffre encore. Merci de vous joindre \u00e0 nous dans cet effort\u00a0!   <br\/> <br\/>\u00c0 la suite de l&#8217;adoption des statuts r\u00e9vis\u00e9s par vote unanime lors de notre assembl\u00e9e de septembre\u00a02022, l&#8217;OIAA m\u00e8nera d\u00e9sormais ses activit\u00e9s en temps r\u00e9el. De cette fa\u00e7on, tous les participants peuvent voir, entendre et participer \u00e0 la discussion. Cela a \u00e9t\u00e9 un objectif majeur de notre engagement de service au cours des quatre derni\u00e8res ann\u00e9es, et vous nous avez aid\u00e9s \u00e0 mener \u00e0 bien cet important travail. Nous sommes reconnaissants d&#8217;avoir eu votre participation et votre approbation enthousiaste\u00a0!! MERCI\u00a0!    <\/p>\n\n<p>Mais le travail continue pour aider nos groupes membres dans leur objectif commun de transmettre le message \u00e0 l&#8217;alcoolique qui souffre encore. Nous avons une place pour vous dans le service. Veuillez vous joindre \u00e0 nous dans notre parcours.<br\/> <br\/>Avec amour et d\u00e9vouement,<br\/> <br\/>Gwen M<br\/>Pr\u00e9sidente de l&#8217;OIAA 21-22  <\/p>\n\n<ul class=\"wp-block-list\">\n<li><a href=\"https:\/\/beta.aa-intergroup.org\/documents\/oiaa-bylaws\/\">Statuts de l&#8217;OIAA <\/a><\/li>\n<\/ul>\n\n<ul class=\"wp-block-list\">\n<li><a href=\"https:\/\/beta.aa-intergroup.org\/documents\/minutes-from-the-oiaa-september-10-2022-assembly\/\">Proc\u00e8s-verbal de l&#8217;assembl\u00e9e de l&#8217;OIAA du 10\u00a0septembre\u00a02022.<\/a><\/li>\n<\/ul>\n","protected":false},"excerpt":{"rendered":"<p>Page d&#8217;archive de l&#8217;assembl\u00e9e de l&#8217;OIAA du 10 septembre 2022 L&#8217;intergroupe en ligne des alcooliques anonymes Construire la fraternit\u00e9\u00a0: \u00e0 tout moment, en tout lieu \u2013 pour tous En ce moment historique de l&#8217;histoire de l&#8217;OIAA, avec l&#8217;adoption des statuts r\u00e9vis\u00e9s, il nous incombe de marquer une pause et de remercier nos fondateurs visionnaires, les<a class=\"excerpt-read-more\" href=\"https:\/\/beta.aa-intergroup.org\/fr\/assemblee-de-loiaa-du-10-septembre-2022\/\" title=\"ReadAssembl\u00e9e de l&#8217;OIAA du 10 septembre 2022\">&#8230; Read more &raquo;<\/a><\/p>\n","protected":false},"author":18,"featured_media":0,"parent":0,"menu_order":0,"comment_status":"closed","ping_status":"closed","template":"","meta":{"_acf_changed":false,"_eb_attr":"","footnotes":""},"class_list":["post-16940","page","type-page","status-publish","hentry"],"acf":[],"_links":{"self":[{"href":"https:\/\/beta.aa-intergroup.org\/fr\/wp-json\/wp\/v2\/pages\/16940","targetHints":{"allow":["GET"]}}],"collection":[{"href":"https:\/\/beta.aa-intergroup.org\/fr\/wp-json\/wp\/v2\/pages"}],"about":[{"href":"https:\/\/beta.aa-intergroup.org\/fr\/wp-json\/wp\/v2\/types\/page"}],"author":[{"embeddable":true,"href":"https:\/\/beta.aa-intergroup.org\/fr\/wp-json\/wp\/v2\/users\/18"}],"replies":[{"embeddable":true,"href":"https:\/\/beta.aa-intergroup.org\/fr\/wp-json\/wp\/v2\/comments?post=16940"}],"version-history":[{"count":1,"href":"https:\/\/beta.aa-intergroup.org\/fr\/wp-json\/wp\/v2\/pages\/16940\/revisions"}],"predecessor-version":[{"id":16943,"href":"https:\/\/beta.aa-intergroup.org\/fr\/wp-json\/wp\/v2\/pages\/16940\/revisions\/16943"}],"wp:attachment":[{"href":"https:\/\/beta.aa-intergroup.org\/fr\/wp-json\/wp\/v2\/media?parent=16940"}],"curies":[{"name":"wp","href":"https:\/\/api.w.org\/{rel}","templated":true}]}}