{"id":16976,"date":"2023-03-01T04:46:44","date_gmt":"2023-03-01T09:46:44","guid":{"rendered":"https:\/\/beta.aa-intergroup.org\/assemblee-oiaa-du-18-mars-2023\/"},"modified":"2025-10-28T07:15:03","modified_gmt":"2025-10-28T11:15:03","slug":"assemblee-oiaa-du-18-mars-2023","status":"publish","type":"page","link":"https:\/\/beta.aa-intergroup.org\/fr\/assemblee-oiaa-du-18-mars-2023\/","title":{"rendered":"Assembl\u00e9e OIAA du 18 mars 2023"},"content":{"rendered":"\n<h5 class=\"wp-block-heading\"><strong>Page d&#8217;archives pour l&#8217;assembl\u00e9e OIAA du 18 mars 2023<\/strong><\/h5>\n\n<div style=\"height:40px\" aria-hidden=\"true\" class=\"wp-block-spacer\"><\/div>\n\n<p>Merci d&#8217;avoir particip\u00e9 \u00e0 l&#8217;assembl\u00e9e OIAA de mars 2023 et d&#8217;avoir contribu\u00e9 par votre voix.<\/p>\n\n<h3 class=\"wp-block-heading\">Annonce de l&#8217;assembl\u00e9e<\/h3>\n\n<ul class=\"wp-block-list\">\n<li>Annonces de r\u00e9unions<\/li>\n\n\n\n<li><a href=\"https:\/\/beta.aa-intergroup.org\/documents\/oiaa-march-general-assembly-announcement\/\" data-type=\"URL\" data-id=\"https:\/\/beta.aa-intergroup.org\/documents\/oiaa-march-general-assembly-announcement\/\">Annonce de l&#8217;assembl\u00e9e<\/a><\/li>\n\n\n\n<li>Copiez ce message et ce lien dans le chat de votre r\u00e9union\n<ul class=\"wp-block-list\">\n<li>Assembl\u00e9e g\u00e9n\u00e9rale du 18 mars 2023 : <a href=\"https:\/\/beta.aa-intergroup.org\/march-assembly-2023\/\" data-type=\"URL\" data-id=\"https:\/\/beta.aa-intergroup.org\/march-assembly-2023\/\"> https:\/\/beta.aa-intergroup.org\/march-assembly-2023\/<\/a><\/li>\n<\/ul>\n<\/li>\n<\/ul>\n\n<div style=\"height:20px\" aria-hidden=\"true\" class=\"wp-block-spacer\"><\/div>\n\n<h3 class=\"wp-block-heading\">Ordre du jour de l\u2019assembl\u00e9e<\/h3>\n\n<ul class=\"wp-block-list\">\n<li><a href=\"https:\/\/beta.aa-intergroup.org\/documents\/assembly-agenda-march-2023\/\" data-type=\"URL\" data-id=\"https:\/\/beta.aa-intergroup.org\/documents\/assembly-agenda-march-2023\/\">L&#8217;ordre du jour de l&#8217;assembl\u00e9e du 18 mars 2023<\/a><\/li>\n\n\n\n<li><a href=\"https:\/\/beta.aa-intergroup.org\/documents\/oiaa-chair-report-february-2023\/\">Rapport du pr\u00e9sident<\/a><\/li>\n\n\n\n<li><span style=\"font-family: -apple-system, system-ui, BlinkMacSystemFont, \" segoe=\"\" ui=\"\" helvetica=\"\" arial=\"\" sans-serif=\"\" color=\"\" emoji=\"\" symbol=\"\"><a href=\"https:\/\/beta.aa-intergroup.org\/documents\/minutes-from-the-oiaa-december-03-2022-assembly\/\">Le proc\u00e8s-verbal de l&#8217;assembl\u00e9e OIAA du 3 d\u00e9cembre 2022<\/a> sera soumis au vote lors de l&#8217;assembl\u00e9e. Veuillez le lire et l&#8217;examiner avant l&#8217;assembl\u00e9e. <\/span><\/li>\n<\/ul>\n\n<div style=\"height:20px\" aria-hidden=\"true\" class=\"wp-block-spacer\"><\/div>\n\n<p><\/p>\n\n<h3 class=\"wp-block-heading\">Rapport du tr\u00e9sorier<\/h3>\n\n<ul class=\"wp-block-list\">\n<li><a href=\"https:\/\/beta.aa-intergroup.org\/documents\/treasurers-update\/\">R\u00e9sum\u00e9s financiers<\/a><\/li>\n\n\n\n<li>Pr\u00e9sentation\n<ul class=\"wp-block-list\">\n<li><a href=\"https:\/\/beta.aa-intergroup.org\/wp-content\/uploads\/2023\/05\/OIAA-Assembly-Treasurers-Report-March-2023.pdf\" data-type=\"URL\" data-id=\"https:\/\/beta.aa-intergroup.org\/wp-content\/uploads\/2023\/05\/OIAA-Assembly-Treasurers-Report-March-2023.pdf\" target=\"_blank\" rel=\"noreferrer noopener\">T\u00e9l\u00e9charger le PDF<\/a><\/li>\n<\/ul>\n<\/li>\n<\/ul>\n\n<div style=\"height:20px\" aria-hidden=\"true\" class=\"wp-block-spacer\"><\/div>\n\n<p><\/p>\n\n<h3 class=\"wp-block-heading\">Rapport du comit\u00e9 technologique<\/h3>\n\n<ul class=\"wp-block-list\">\n<li>Pr\u00e9sentation\n<ul class=\"wp-block-list\">\n<li><a href=\"https:\/\/beta.aa-intergroup.org\/wp-content\/uploads\/2023\/05\/Tech-Committee-March-Assembly.pptx.pdf\" data-type=\"URL\" data-id=\"https:\/\/beta.aa-intergroup.org\/wp-content\/uploads\/2023\/05\/Tech-Committee-March-Assembly.pptx.pdf\" target=\"_blank\" rel=\"noreferrer noopener\">T\u00e9l\u00e9charger le PDF<\/a><\/li>\n<\/ul>\n<\/li>\n<\/ul>\n\n<div style=\"height:20px\" aria-hidden=\"true\" class=\"wp-block-spacer\"><\/div>\n\n<p><\/p>\n\n<h3 class=\"wp-block-heading\">RIG<\/h3>\n\n<p>Informations \u00e0 rapporter \u00e0 votre groupe.<\/p>\n\n<ul class=\"wp-block-list\">\n<li><a href=\"https:\/\/beta.aa-intergroup.org\/documents\/list-of-volunteers-needed-for-oiaa\/\">Appel aux b\u00e9n\u00e9voles<\/a><\/li>\n\n\n\n<li><a href=\"https:\/\/beta.aa-intergroup.org\/documents\/3-13-summary-of-assembly-procedures\/\">R\u00e9sum\u00e9 des proc\u00e9dures d&#8217;assembl\u00e9e<\/a><\/li>\n\n\n\n<li><a href=\"https:\/\/beta.aa-intergroup.org\/documents\/the-third-legacy-procedure\/\">Proc\u00e9dure du troisi\u00e8me h\u00e9ritage d&#8217;A.A. pour les \u00e9lections<\/a><\/li>\n\n\n\n<li><a href=\"https:\/\/beta.aa-intergroup.org\/documents\/oiaa-bylaws\/\">Statuts<\/a><\/li>\n<\/ul>\n\n<div style=\"height:20px\" aria-hidden=\"true\" class=\"wp-block-spacer\"><\/div>\n","protected":false},"excerpt":{"rendered":"<p>Page d&#8217;archives pour l&#8217;assembl\u00e9e OIAA du 18 mars 2023 Merci d&#8217;avoir particip\u00e9 \u00e0 l&#8217;assembl\u00e9e OIAA de mars 2023 et d&#8217;avoir contribu\u00e9 par votre voix. Annonce de l&#8217;assembl\u00e9e Ordre du jour de l\u2019assembl\u00e9e Rapport du tr\u00e9sorier Rapport du comit\u00e9 technologique RIG Informations \u00e0 rapporter \u00e0 votre groupe.<\/p>\n","protected":false},"author":18,"featured_media":0,"parent":0,"menu_order":0,"comment_status":"closed","ping_status":"closed","template":"","meta":{"_acf_changed":false,"_eb_attr":"","footnotes":""},"class_list":["post-16976","page","type-page","status-publish","hentry"],"acf":[],"_links":{"self":[{"href":"https:\/\/beta.aa-intergroup.org\/fr\/wp-json\/wp\/v2\/pages\/16976","targetHints":{"allow":["GET"]}}],"collection":[{"href":"https:\/\/beta.aa-intergroup.org\/fr\/wp-json\/wp\/v2\/pages"}],"about":[{"href":"https:\/\/beta.aa-intergroup.org\/fr\/wp-json\/wp\/v2\/types\/page"}],"author":[{"embeddable":true,"href":"https:\/\/beta.aa-intergroup.org\/fr\/wp-json\/wp\/v2\/users\/18"}],"replies":[{"embeddable":true,"href":"https:\/\/beta.aa-intergroup.org\/fr\/wp-json\/wp\/v2\/comments?post=16976"}],"version-history":[{"count":1,"href":"https:\/\/beta.aa-intergroup.org\/fr\/wp-json\/wp\/v2\/pages\/16976\/revisions"}],"predecessor-version":[{"id":16977,"href":"https:\/\/beta.aa-intergroup.org\/fr\/wp-json\/wp\/v2\/pages\/16976\/revisions\/16977"}],"wp:attachment":[{"href":"https:\/\/beta.aa-intergroup.org\/fr\/wp-json\/wp\/v2\/media?parent=16976"}],"curies":[{"name":"wp","href":"https:\/\/api.w.org\/{rel}","templated":true}]}}