{"id":16991,"date":"2023-01-13T14:27:43","date_gmt":"2023-01-13T19:27:43","guid":{"rendered":"https:\/\/beta.aa-intergroup.org\/ressources-de-securite\/"},"modified":"2025-10-28T07:15:34","modified_gmt":"2025-10-28T11:15:34","slug":"ressources-de-securite","status":"publish","type":"page","link":"https:\/\/beta.aa-intergroup.org\/fr\/ressources-de-securite\/","title":{"rendered":"Ressources de s\u00e9curit\u00e9"},"content":{"rendered":"\n<div style=\"height:20px\" aria-hidden=\"true\" class=\"wp-block-spacer\"><\/div>\n\n<p>Si vous connaissez d\u2019autres ressources, en particulier dans d\u2019autres langues, veuillez nous envoyer un courriel \u00e0 l\u2019adresse suivante\u00a0:<br\/><strong> oiaa.tech@aa-intergroup.org<\/strong><\/p>\n\n<div style=\"height:20px\" aria-hidden=\"true\" class=\"wp-block-spacer\"><\/div>\n\n<h4 class=\"wp-block-heading\"><a href=\"https:\/\/docs.google.com\/document\/d\/12AFTKiXTE2r0PZay047LwdKpRrykus8jEAKQ8DHlzrI\/edit\">Le guide de s\u00e9curit\u00e9 Zoom<\/a> par Thom\u00a0R.<\/h4>\n\n<p class=\"margin-left-small\">Ressource de s\u00e9curit\u00e9 Zoom r\u00e9guli\u00e8rement mise \u00e0 jour.<\/p>\n\n<div style=\"height:20px\" aria-hidden=\"true\" class=\"wp-block-spacer\"><\/div>\n\n<h5 class=\"wp-block-heading\">Ressources publi\u00e9es par les AA disponibles (au 01\/10\/2023)<\/h5>\n\n<h5 class=\"wp-block-heading\"><a href=\"https:\/\/www.aa.org\/\" target=\"_blank\" rel=\"noreferrer noopener\">Bureau des services g\u00e9n\u00e9raux<\/a> (b.s.g.) des Alcooliques anonymes<\/h5>\n\n<p class=\"margin-left-small\">Vous avez une question sur les AA et la s\u00e9curit\u00e9\u00a0? <\/p>\n\n<h5 class=\"wp-block-heading\">Carte de s\u00e9curit\u00e9 des AA pour les groupes<\/h5>\n\n<p><a rel=\"noreferrer noopener\" href=\"https:\/\/www.aa.org\/sites\/default\/files\/literature\/f-211_en_0422.pdf\" target=\"_blank\">(Anglais)<\/a>  <a rel=\"noreferrer noopener\" href=\"https:\/\/www.aa.org\/sites\/default\/files\/literature\/f-211_sp_0422.pdf\" target=\"_blank\">(Espagnol)<\/a>  <a rel=\"noreferrer noopener\" href=\"https:\/\/www.aa.org\/sites\/default\/files\/literature\/f-211_sp_0422.pdf\" target=\"_blank\">(Fran\u00e7ais)<\/a><br\/>aa.org<\/p>\n\n<p class=\"margin-left-small\"><em>\u00ab\u00a0Le Bureau des services g\u00e9n\u00e9raux a mis cette carte facultative \u00e0 disposition en tant que document de service des A.A. pour les groupes en personne\/en ligne qui souhaitent l\u2019utiliser. N\u2019h\u00e9sitez pas \u00e0 utiliser, \u00e0 choisir une ou plusieurs sections ou \u00e0 adapter le texte aux besoins de votre groupe.\u00a0\u00bb<\/em><\/p>\n\n<div style=\"height:20px\" aria-hidden=\"true\" class=\"wp-block-spacer\"><\/div>\n\n<h5 class=\"wp-block-heading\">Carte de d\u00e9pliant sur la s\u00e9curit\u00e9 et les AA<\/h5>\n\n<p><a rel=\"noreferrer noopener\" href=\"https:\/\/www.aa.org\/sites\/default\/files\/literature\/f-228_en_0422.pdf\" target=\"_blank\">(Anglais)<\/a>  <a rel=\"noreferrer noopener\" href=\"https:\/\/www.aa.org\/sites\/default\/files\/literature\/sf-228_Safety_and_AA_Flyer.pdf\" target=\"_blank\">(Espagnol)<\/a><br\/>aa.org<\/p>\n\n<p class=\"margin-left-small\"><em>\u00ab\u00a0La s\u00e9curit\u00e9 est un sujet au sein des A.A. que les groupes et les membres peuvent avoir besoin d\u2019aborder pour aider \u00e0 assurer la capacit\u00e9 de transmettre le message \u00e0 l\u2019alcoolique qui souffre encore. Nos Douze Traditions fournissent un ensemble de principes pour nous guider, et l\u2019exp\u00e9rience partag\u00e9e suppl\u00e9mentaire relative sp\u00e9cifiquement \u00e0 la s\u00e9curit\u00e9 fournie dans ce document de service peut \u00eatre utile si des difficult\u00e9s surviennent dans des contextes en personne ou virtuels.\u00a0\u00bb<\/em><\/p>\n\n<div style=\"height:20px\" aria-hidden=\"true\" class=\"wp-block-spacer\"><\/div>\n\n<h5 class=\"wp-block-heading\">La s\u00e9curit\u00e9 et les A.A.\u00a0: notre bien-\u00eatre commun<\/h5>\n\n<p><a rel=\"noreferrer noopener\" href=\"https:\/\/www.aa.org\/sites\/default\/files\/literature\/smf-209_en_0422_0.pdf\" target=\"_blank\">(Anglais)<\/a>  <a rel=\"noreferrer noopener\" href=\"https:\/\/www.aa.org\/sites\/default\/files\/literature\/smf-209_sp.pdf\" target=\"_blank\">(Espagnol)<\/a>  <a rel=\"noreferrer noopener\" href=\"https:\/\/www.aa.org\/sites\/default\/files\/literature\/smf-209_fr_0422_0.pdf\" target=\"_blank\">(Fran\u00e7ais)<\/a><br\/>aa.org<\/p>\n\n<p class=\"margin-left-small\"><em>\u00ab\u00a0La s\u00e9curit\u00e9 est une question importante au sein des A.A. \u2014 une question que tous les groupes et membres peuvent aborder pour \u00e9laborer des solutions r\u00e9alisables afin d\u2019aider \u00e0 assurer la s\u00e9curit\u00e9 de nos r\u00e9unions en se basant sur les principes fondamentaux de la communaut\u00e9.\u00a0\u00bb<\/em><\/p>\n\n<div style=\"height:20px\" aria-hidden=\"true\" class=\"wp-block-spacer\"><\/div>\n\n<h5 class=\"wp-block-heading\">Comprendre l\u2019anonymat<\/h5>\n\n<p><a rel=\"noreferrer noopener\" href=\"https:\/\/www.aa.org\/sites\/default\/files\/literature\/assets\/p-47_understandinganonymity.pdf\" target=\"_blank\">(Anglais)<\/a>  <a rel=\"noreferrer noopener\" href=\"https:\/\/www.aa.org\/sites\/default\/files\/literature\/assets\/sp-47_understandinganonymity.pdf\" target=\"_blank\">(Espagnol)<\/a>  <a rel=\"noreferrer noopener\" href=\"https:\/\/www.aa.org\/sites\/default\/files\/literature\/p-47_fr_0222.pdf\" target=\"_blank\">(Fran\u00e7ais)<\/a><br\/>aa.org<\/p>\n\n<p class=\"margin-left-small\"><em>\u00ab\u00a0L\u2019anonymat est le fondement spirituel de toutes nos traditions, nous rappelant sans cesse de placer les principes avant les personnalit\u00e9s.\u00a0\u00bb<\/em><\/p>\n\n<div style=\"height:20px\" aria-hidden=\"true\" class=\"wp-block-spacer\"><\/div>\n\n<h5 class=\"wp-block-heading\">L\u2019anonymat en ligne et les m\u00e9dias num\u00e9riques<\/h5>\n\n<p><a rel=\"noreferrer noopener\" href=\"https:\/\/www.aa.org\/sites\/default\/files\/literature\/assets\/smf-197_en.pdf\" target=\"_blank\">(Anglais)<\/a>  <a rel=\"noreferrer noopener\" href=\"https:\/\/www.aa.org\/sites\/default\/files\/literature\/assets\/smf-197_sp.pdf\" target=\"_blank\">(Espagnol)<\/a>  <a rel=\"noreferrer noopener\" href=\"https:\/\/www.aa.org\/sites\/default\/files\/literature\/assets\/smf-197_fr.pdf\" target=\"_blank\">(Fran\u00e7ais)<\/a><br\/><em>aa.org<\/em><\/p>\n\n<p class=\"margin-left-small\">\u00ab\u00a0<em>Ressources et exp\u00e9rience partag\u00e9e sur l\u2019anonymat en ligne et sur les m\u00e9dias num\u00e9riques.\u00a0\u00bb<\/em><\/p>\n\n<div style=\"height:20px\" aria-hidden=\"true\" class=\"wp-block-spacer\"><\/div>\n\n<h5 class=\"wp-block-heading\">Carte d\u2019anonymat<\/h5>\n\n<p><a rel=\"noreferrer noopener\" href=\"https:\/\/www.aa.org\/sites\/default\/files\/literature\/f-20_anonymitycard.pdf\" target=\"_blank\">(Anglais)<\/a>  <a rel=\"noreferrer noopener\" href=\"https:\/\/www.aa.org\/sites\/default\/files\/literature\/sf-20_anonymitycard.pdf\" target=\"_blank\">(Espagnol)<\/a>  <a rel=\"noreferrer noopener\" href=\"https:\/\/www.aa.org\/sites\/default\/files\/literature\/ff-20_anonymitycard-2.pdf\" target=\"_blank\">(Fran\u00e7ais)<\/a><br\/><em>aa.org<\/em><\/p>\n\n<p class=\"margin-left-small\"><em>\u00ab\u00a0Annonce \u00e0 lire lors des r\u00e9unions ouvertes au public\u00a0\u00bb<\/em><\/p>\n\n<p>  <\/p>\n\n<div style=\"height:20px\" aria-hidden=\"true\" class=\"wp-block-spacer\"><\/div>\n\n<div style=\"height:20px\" aria-hidden=\"true\" class=\"wp-block-spacer\"><\/div>\n\n<h4 class=\"wp-block-heading\">Autres brochures sur le th\u00e8me de la s\u00e9curit\u00e9 des AA<\/h4>\n\n<h5 class=\"wp-block-heading\">Probl\u00e8mes autres que l\u2019alcool <\/h5>\n\n<p><a rel=\"noreferrer noopener\" href=\"https:\/\/www.aa.org\/sites\/default\/files\/literature\/assets\/P-35_Problems_Other_than_Alcohol.pdf\" target=\"_blank\">(Anglais)<\/a>  <a rel=\"noreferrer noopener\" href=\"https:\/\/www.aa.org\/sites\/default\/files\/literature\/p-35_sp_0222.pdf\" target=\"_blank\">(Espagnol)<\/a>  <a rel=\"noreferrer noopener\" href=\"https:\/\/www.aa.org\/sites\/default\/files\/literature\/assets\/fp-35_ProOtherThanAlcohol.pdf\" target=\"_blank\">(Fran\u00e7ais)<\/a><br\/><em>aa.org<\/em><\/p>\n\n<div style=\"height:20px\" aria-hidden=\"true\" class=\"wp-block-spacer\"><\/div>\n\n<h5 class=\"wp-block-heading\">Le membre des A.A.\u00a0: m\u00e9dicaments et autres drogues<\/h5>\n\n<p><a rel=\"noreferrer noopener\" href=\"https:\/\/www.aa.org\/sites\/default\/files\/literature\/assets\/p-11_aamembersMedDrug.pdf\" target=\"_blank\">(Anglais)<\/a>  <a rel=\"noreferrer noopener\" href=\"https:\/\/www.aa.org\/sites\/default\/files\/literature\/assets\/sp-11_aamembersMedDrug.pdf\" target=\"_blank\">(Espagnol)<\/a>  <a rel=\"noreferrer noopener\" href=\"https:\/\/www.aa.org\/sites\/default\/files\/literature\/p-11_fr_0522.pdf\" target=\"_blank\">(Fran\u00e7ais)<\/a><br\/><em>aa.org<\/em><\/p>\n\n<div style=\"height:20px\" aria-hidden=\"true\" class=\"wp-block-spacer\"><\/div>\n\n<h5 class=\"wp-block-heading\">Questions et r\u00e9ponses sur le parrainage<\/h5>\n\n<p><a rel=\"noreferrer noopener\" href=\"https:\/\/www.aa.org\/sites\/default\/files\/literature\/p-15_en_0722.pdf\" target=\"_blank\">(Anglais)<\/a>  <a rel=\"noreferrer noopener\" href=\"https:\/\/www.aa.org\/sites\/default\/files\/literature\/assets\/sp-15_Q%26AonSpon.pdf\" target=\"_blank\">(Espagnol)<\/a>  <a rel=\"noreferrer noopener\" href=\"https:\/\/www.aa.org\/sites\/default\/files\/literature\/p-15_fr_0722.pdf\" target=\"_blank\">(Fran\u00e7ais)<\/a><br\/><em>aa.org<\/em><\/p>\n\n<div style=\"height:20px\" aria-hidden=\"true\" class=\"wp-block-spacer\"><\/div>\n\n<div style=\"height:20px\" aria-hidden=\"true\" class=\"wp-block-spacer\"><\/div>\n\n<h4 class=\"wp-block-heading\">Grande-Bretagne et Europe continentale anglophone <\/h4>\n\n<p><a rel=\"noreferrer noopener\" href=\"https:\/\/www.alcoholics-anonymous.org.uk\" target=\"_blank\">Alcoholics anonymous &#8211; great Britain and English speaking Continental europe  <\/a><\/p>\n\n<h5 class=\"wp-block-heading\"><a rel=\"noreferrer noopener\" href=\"https:\/\/www.alcoholics-anonymous.org.uk\/download\/1\/Library\/Documents\/Safeguarding\/Safeguarding%20(GSB).pdf\" target=\"_blank\">Politique de sauvegarde de la communaut\u00e9 AA<\/a> Royaume-Uni<\/h5>\n\n<h5 class=\"wp-block-heading\"><a rel=\"noreferrer noopener\" href=\"https:\/\/docs.google.com\/document\/d\/1Y8Pf_POhU-Qx-xv4RkoHY1Eog0dHRjbL\/edit?usp=sharing&amp;ouid=114988520185251640249&amp;rtpof=true&amp;sd=true\" target=\"_blank\">Sauvegarde et conduite personnelle<\/a> Royaume-Uni<\/h5>\n\n<h5 class=\"wp-block-heading\"><a rel=\"noreferrer noopener\" href=\"https:\/\/www.alcoholics-anonymous.org.uk\/download\/1\/Library\/Documents\/Safeguarding\/310522-Whistleblowing-Policy-GSB-AA-GB.pdf\" target=\"_blank\">Politique de signalement des irr\u00e9gularit\u00e9s GSB AA GB<\/a> Royaume-Uni<\/h5>\n\n<h5 class=\"wp-block-heading\"><a href=\"https:\/\/www.alcoholics-anonymous.org.uk\/download\/1\/Library\/Documents\/Safeguarding\/310522-Complaints-Policy-GSB-AA-GB.pdf\" target=\"_blank\" rel=\"noreferrer noopener\">Politique de r\u00e9clamation GSB AA GB<\/a> Royaume-Uni<\/h5>\n\n<p><\/p>\n\n<div style=\"height:20px\" aria-hidden=\"true\" class=\"wp-block-spacer\"><\/div>\n","protected":false},"excerpt":{"rendered":"<p>Si vous connaissez d\u2019autres ressources, en particulier dans d\u2019autres langues, veuillez nous envoyer un courriel \u00e0 l\u2019adresse suivante\u00a0: oiaa.tech@aa-intergroup.org Le guide de s\u00e9curit\u00e9 Zoom par Thom\u00a0R. Ressource de s\u00e9curit\u00e9 Zoom r\u00e9guli\u00e8rement mise \u00e0 jour. Ressources publi\u00e9es par les AA disponibles (au 01\/10\/2023) Bureau des services g\u00e9n\u00e9raux (b.s.g.) des Alcooliques anonymes Vous avez une question sur<a class=\"excerpt-read-more\" href=\"https:\/\/beta.aa-intergroup.org\/fr\/ressources-de-securite\/\" title=\"ReadRessources de s\u00e9curit\u00e9\">&#8230; Read more &raquo;<\/a><\/p>\n","protected":false},"author":12,"featured_media":0,"parent":0,"menu_order":0,"comment_status":"closed","ping_status":"closed","template":"","meta":{"_acf_changed":false,"_eb_attr":"","footnotes":""},"class_list":["post-16991","page","type-page","status-publish","hentry"],"acf":[],"_links":{"self":[{"href":"https:\/\/beta.aa-intergroup.org\/fr\/wp-json\/wp\/v2\/pages\/16991","targetHints":{"allow":["GET"]}}],"collection":[{"href":"https:\/\/beta.aa-intergroup.org\/fr\/wp-json\/wp\/v2\/pages"}],"about":[{"href":"https:\/\/beta.aa-intergroup.org\/fr\/wp-json\/wp\/v2\/types\/page"}],"author":[{"embeddable":true,"href":"https:\/\/beta.aa-intergroup.org\/fr\/wp-json\/wp\/v2\/users\/12"}],"replies":[{"embeddable":true,"href":"https:\/\/beta.aa-intergroup.org\/fr\/wp-json\/wp\/v2\/comments?post=16991"}],"version-history":[{"count":1,"href":"https:\/\/beta.aa-intergroup.org\/fr\/wp-json\/wp\/v2\/pages\/16991\/revisions"}],"predecessor-version":[{"id":16992,"href":"https:\/\/beta.aa-intergroup.org\/fr\/wp-json\/wp\/v2\/pages\/16991\/revisions\/16992"}],"wp:attachment":[{"href":"https:\/\/beta.aa-intergroup.org\/fr\/wp-json\/wp\/v2\/media?parent=16991"}],"curies":[{"name":"wp","href":"https:\/\/api.w.org\/{rel}","templated":true}]}}