{"id":17016,"date":"2022-10-19T06:51:27","date_gmt":"2022-10-19T10:51:27","guid":{"rendered":"https:\/\/beta.aa-intergroup.org\/assemblees-oiaa\/"},"modified":"2025-11-20T19:40:01","modified_gmt":"2025-11-21T00:40:01","slug":"assemblees-oiaa","status":"publish","type":"page","link":"https:\/\/beta.aa-intergroup.org\/fr\/assemblees-oiaa\/","title":{"rendered":"Assembl\u00e9es OIAA"},"content":{"rendered":"\n<p>Organis\u00e9es le 3e samedi du dernier mois de chaque trimestre.<\/p>\n\n<p>Si vous avez un point que vous souhaitez inscrire \u00e0 l&#8217;ordre du jour de l&#8217;Assembl\u00e9e g\u00e9n\u00e9rale, veuillez envoyer un courriel \u00e0 <strong>OIAA.Board@aa-intergroup.org<\/strong> et il sera examin\u00e9 par le pr\u00e9sident d&#8217;OIAA. Les liens deviendront actifs au fur et \u00e0 mesure que les documents seront ajout\u00e9s.  <\/p>\n\n<h3 class=\"wp-block-heading\">2025<\/h3>\n\n<ul class=\"wp-block-list\">\n<li><a href=\"https:\/\/beta.aa-intergroup.org\/fr\/assemblee-oiaa-du-15-mars-2025\/\" data-type=\"link\" data-id=\"https:\/\/beta.aa-intergroup.org\/oiaa-assembly-15-march-2025\/\">Assembl\u00e9e OIAA du 15 mars 2025<\/a><\/li>\n\n\n\n<li><a href=\"https:\/\/beta.aa-intergroup.org\/fr\/assemblee-de-loiaa-21-juin-2025\/\">Assembl\u00e9e de l&#8217;OIAA, 21 juin 2025<\/a><\/li>\n\n\n\n<li><a href=\"https:\/\/beta.aa-intergroup.org\/fr\/assemblee-de-loiaa-le-20-septembre-2025\/\" data-type=\"link\" data-id=\"https:\/\/beta.aa-intergroup.org\/oiaa-assembly-20-september-2025\/\">Assembl\u00e9e de l&#8217;OIAA le 20 septembre 2025<\/a><\/li>\n\n\n\n<li class=\"has-medium-font-size\"><a href=\"https:\/\/beta.aa-intergroup.org\/fr\/documents\/assemblee-de-loiaa-du-20-decembre-2025\/\" data-type=\"link\" data-id=\"https:\/\/beta.aa-intergroup.org\/documents\/oiaa-assembly-20-december-2025\/\"><strong>Assembl\u00e9e de l&#8217;OIAA du 20 d\u00e9cembre 2025<\/strong><\/a><\/li>\n<\/ul>\n\n<h3 class=\"wp-block-heading\">2024<\/h3>\n\n<ul class=\"wp-block-list\">\n<li><a href=\"https:\/\/beta.aa-intergroup.org\/fr\/assemblee-de-loiaa-le-16-mars-2024\/\">Assembl\u00e9e de l&#8217;OIAA le 16 mars 2024<\/a><\/li>\n\n\n\n<li><a href=\"https:\/\/beta.aa-intergroup.org\/fr\/assemblee-oiaa-du-15-juin-2024\/\" data-type=\"link\" data-id=\"https:\/\/beta.aa-intergroup.org\/oiaa-assembly-15-june-2024\/\">Assembl\u00e9e OIAA du 15 juin 2024<\/a><\/li>\n\n\n\n<li><a href=\"https:\/\/beta.aa-intergroup.org\/fr\/assemblee-oiaa-du-21-septembre-2024\/\" data-type=\"link\" data-id=\"https:\/\/beta.aa-intergroup.org\/oiaa-assembly-21-september-2024\/\">Assembl\u00e9e OIAA du 21 septembre 2024<\/a><\/li>\n\n\n\n<li><a href=\"https:\/\/beta.aa-intergroup.org\/fr\/documents\/assemblee-de-loiaa-le-21-decembre-2024\/\" data-type=\"link\" data-id=\"https:\/\/beta.aa-intergroup.org\/documents\/oiaa-assembly-21-december-2024\/\">Assembl\u00e9e de l&#8217;OIAA le 21 d\u00e9cembre 2024<\/a><\/li>\n<\/ul>\n\n<h3 class=\"wp-block-heading\">2023<\/h3>\n\n<ul class=\"wp-block-list\">\n<li><a href=\"https:\/\/beta.aa-intergroup.org\/fr\/assemblee-oiaa-du-18-mars-2023\/\">Assembl\u00e9e de l&#8217;OIAA du 18 mars 2023 <\/a> <\/li>\n\n\n\n<li><a href=\"https:\/\/beta.aa-intergroup.org\/fr\/assemblee-de-loiaa-du-17-juin-2023\/\">Assembl\u00e9e de l&#8217;OIAA du 17 juin 2023<\/a> <\/li>\n\n\n\n<li><a href=\"https:\/\/beta.aa-intergroup.org\/fr\/assemblee-oiaa-du-29-juillet-2023\/\">Assembl\u00e9e OIAA du 29 juillet 2023<\/a><\/li>\n\n\n\n<li><a href=\"https:\/\/beta.aa-intergroup.org\/fr\/assemblee-oiaa-du-16-septembre-2023\/\">Assembl\u00e9e OIAA du 16 septembre 2023<\/a><\/li>\n\n\n\n<li><a href=\"https:\/\/beta.aa-intergroup.org\/fr\/assemblee-oiaa-du-16-decembre-2023\/\">Assembl\u00e9e OIAA du 16 d\u00e9cembre 2023<\/a><\/li>\n<\/ul>\n\n<h3 class=\"wp-block-heading\">2022<\/h3>\n\n<ul class=\"wp-block-list\">\n<li><a href=\"https:\/\/beta.aa-intergroup.org\/fr\/assemblee-de-loiaa-du-10-septembre-2022\/\" data-type=\"page\">Assembl\u00e9e de l&#8217;OIAA du 10 septembre 2022<\/a><\/li>\n\n\n\n<li><a href=\"https:\/\/beta.aa-intergroup.org\/fr\/assemblee-oiaa-du-3-decembre-2022\/\" data-type=\"page\">Assembl\u00e9e OIAA du 3 d\u00e9cembre 2022<\/a><\/li>\n<\/ul>\n\n<p><\/p>\n","protected":false},"excerpt":{"rendered":"<p>Organis\u00e9es le 3e samedi du dernier mois de chaque trimestre. Si vous avez un point que vous souhaitez inscrire \u00e0 l&#8217;ordre du jour de l&#8217;Assembl\u00e9e g\u00e9n\u00e9rale, veuillez envoyer un courriel \u00e0 OIAA.Board@aa-intergroup.org et il sera examin\u00e9 par le pr\u00e9sident d&#8217;OIAA. Les liens deviendront actifs au fur et \u00e0 mesure que les documents seront ajout\u00e9s. 2025<a class=\"excerpt-read-more\" href=\"https:\/\/beta.aa-intergroup.org\/fr\/assemblees-oiaa\/\" title=\"ReadAssembl\u00e9es OIAA\">&#8230; Read more &raquo;<\/a><\/p>\n","protected":false},"author":12,"featured_media":0,"parent":0,"menu_order":0,"comment_status":"closed","ping_status":"closed","template":"","meta":{"_acf_changed":false,"_eb_attr":"","footnotes":""},"class_list":["post-17016","page","type-page","status-publish","hentry"],"acf":[],"_links":{"self":[{"href":"https:\/\/beta.aa-intergroup.org\/fr\/wp-json\/wp\/v2\/pages\/17016","targetHints":{"allow":["GET"]}}],"collection":[{"href":"https:\/\/beta.aa-intergroup.org\/fr\/wp-json\/wp\/v2\/pages"}],"about":[{"href":"https:\/\/beta.aa-intergroup.org\/fr\/wp-json\/wp\/v2\/types\/page"}],"author":[{"embeddable":true,"href":"https:\/\/beta.aa-intergroup.org\/fr\/wp-json\/wp\/v2\/users\/12"}],"replies":[{"embeddable":true,"href":"https:\/\/beta.aa-intergroup.org\/fr\/wp-json\/wp\/v2\/comments?post=17016"}],"version-history":[{"count":3,"href":"https:\/\/beta.aa-intergroup.org\/fr\/wp-json\/wp\/v2\/pages\/17016\/revisions"}],"predecessor-version":[{"id":41404,"href":"https:\/\/beta.aa-intergroup.org\/fr\/wp-json\/wp\/v2\/pages\/17016\/revisions\/41404"}],"wp:attachment":[{"href":"https:\/\/beta.aa-intergroup.org\/fr\/wp-json\/wp\/v2\/media?parent=17016"}],"curies":[{"name":"wp","href":"https:\/\/api.w.org\/{rel}","templated":true}]}}