{"id":17027,"date":"2020-03-19T15:21:31","date_gmt":"2020-03-19T19:21:31","guid":{"rendered":"https:\/\/beta.aa-intergroup.org\/que-signifie-beta\/"},"modified":"2025-10-28T07:16:12","modified_gmt":"2025-10-28T11:16:12","slug":"que-signifie-beta","status":"publish","type":"page","link":"https:\/\/beta.aa-intergroup.org\/fr\/que-signifie-beta\/","title":{"rendered":"Que signifie \u00ab&nbsp;b\u00eata&nbsp;\u00bb&nbsp;?"},"content":{"rendered":"\n<p><strong><em>REMARQUE\u00a0: Le site vient d\u2019\u00eatre mis en ligne et, pendant cette transition, certains aspects du site peuvent \u00eatre lents, d\u00e9fectueux ou mal format\u00e9s. Veuillez \u00ab\u00a0pardonner la poussi\u00e8re\u00a0\u00bb, pour ainsi dire. Vous pouvez toujours acc\u00e9der \u00e0 l\u2019ancien site\u00a0: <a href=\"https:\/\/archive.aa-intergroup.org\">archive.aa-intergroup.org<\/a>.  <\/em><\/strong><\/p>\n\n<hr class=\"wp-block-separator\"\/>\n\n<p>Les r\u00e9unions en personne restent un \u00e9l\u00e9ment essentiel du programme en 12\u00a0\u00e9tapes, mais il existe des situations o\u00f9 les gens ne peuvent pas se rencontrer en face \u00e0 face \u2014 <em>comme notre pand\u00e9mie mondiale actuelle<\/em> \u2014 ou une personne ne peut pas trouver de r\u00e9union appropri\u00e9e \u00e0 proximit\u00e9, que ce soit en raison de pr\u00e9f\u00e9rences, de besoins sp\u00e9ciaux, de langue ou de toute autre raison.<\/p>\n\n<div class=\"wp-block-image\"><figure class=\"alignright size-large is-resized\"><img loading=\"lazy\" decoding=\"async\" src=\"https:\/\/beta.aa-intergroup.org\/wp-content\/uploads\/2020\/05\/smartmockups-home.jpg\" alt=\"maquette-accueil\" class=\"wp-image-877\" width=\"365\" height=\"328\" srcset=\"https:\/\/beta.aa-intergroup.org\/wp-content\/uploads\/2020\/05\/smartmockups-home.jpg 800w, https:\/\/beta.aa-intergroup.org\/wp-content\/uploads\/2020\/05\/smartmockups-home-300x270.jpg 300w, https:\/\/beta.aa-intergroup.org\/wp-content\/uploads\/2020\/05\/smartmockups-home-768x692.jpg 768w\" sizes=\"auto, (max-width: 365px) 100vw, 365px\" \/><\/figure><\/div>\n\n<p>C\u2019est pourquoi l\u2019<strong>Intergroupe en ligne<\/strong> se consacre \u00e0 sa mission de connecter les groupes en ligne dans un lieu central o\u00f9 les membres des AA peuvent trouver des r\u00e9unions en ligne en direct\u00a0: conversations vid\u00e9o, conf\u00e9rences t\u00e9l\u00e9phoniques, salles de discussion, forums de discussion, listes de diffusion ou m\u00eame via des interfaces de jeu. Ces m\u00e9canismes offrent \u00e0 la communaut\u00e9 des moyens de soutenir leur r\u00e9tablissement o\u00f9 qu\u2019ils soient et \u00e0 tout moment.  <\/p>\n\n<p>L\u2019Intergroupe en ligne des AA offre l\u2019annuaire et les outils de communication pour soutenir la fraternit\u00e9. <strong>Afin de mieux vous servir, nous avons actualis\u00e9 notre plateforme en ligne pour faciliter l\u2019acc\u00e8s des utilisateurs.<\/strong>   <\/p>\n\n<p>Voici ce sur quoi nous avons travaill\u00e9\u00a0: <\/p>\n\n<div class=\"wp-block-image\"><figure class=\"alignright size-large is-resized\"><img loading=\"lazy\" decoding=\"async\" src=\"https:\/\/beta.aa-intergroup.org\/wp-content\/uploads\/2020\/05\/smartmockups-directory.jpg\" alt=\"\" class=\"wp-image-878\" width=\"357\" height=\"321\" srcset=\"https:\/\/beta.aa-intergroup.org\/wp-content\/uploads\/2020\/05\/smartmockups-directory.jpg 800w, https:\/\/beta.aa-intergroup.org\/wp-content\/uploads\/2020\/05\/smartmockups-directory-300x270.jpg 300w, https:\/\/beta.aa-intergroup.org\/wp-content\/uploads\/2020\/05\/smartmockups-directory-768x692.jpg 768w\" sizes=\"auto, (max-width: 357px) 100vw, 357px\" \/><\/figure><\/div>\n\n<ul class=\"wp-block-list\"><li><strong>Base de donn\u00e9es plus conviviale<\/strong>\u00a0: L\u2019annuaire des r\u00e9unions \u2014 bien qu\u2019il soit encore en cours d\u2019\u00e9laboration \u2014 comprend de nombreuses fonctionnalit\u00e9s demand\u00e9es\u00a0: capacit\u00e9 de recherche et filtrage par type ou format. Nous pr\u00e9voyons d\u2019ajouter une meilleure capacit\u00e9 de filtrage, la possibilit\u00e9 d\u2019enregistrer, de mettre en favoris ou de r\u00e9unions, et plus encore. <\/li><li><strong>Conception ax\u00e9e sur le mobile<\/strong>\u00a0: Les donn\u00e9es montrent que plus de 70\u00a0% des visiteurs du site utilisent leur t\u00e9l\u00e9phone. Nous avons donc con\u00e7u ce site avec une philosophie \u00ab\u00a0ax\u00e9e sur le mobile\u00a0\u00bb, c\u2019est-\u00e0-dire que tout le contenu et toutes les fonctionnalit\u00e9s, y compris l\u2019annuaire, sont optimis\u00e9s pour un acc\u00e8s en d\u00e9placement (iPhone, Android, etc.).<\/li><li><strong>Conception simplifi\u00e9e<\/strong>\u00a0: Sur la base des donn\u00e9es concernant les premi\u00e8res destinations des utilisateurs \u2014 y compris l\u2019annuaire des r\u00e9unions \u2014 nous avons organis\u00e9 le site pour qu\u2019il soit \u00ab\u00a0ax\u00e9 sur l\u2019action\u00a0\u00bb et vous donne un acc\u00e8s rapide et direct aux \u00e9l\u00e9ments dont vous avez besoin\u00a0: la <a href=\"https:\/\/beta.aa-intergroup.org\/oiaa\/meetings\/\"><em>toute<\/em> prochaine r\u00e9union<\/a> disponible, un <a href=\"https:\/\/beta.aa-intergroup.org\/oiaa\/get-help-now\/\"><em>acc\u00e8s direct<\/em> aux personnes<\/a> qui peuvent vous aider et <em><a href=\"https:\/\/beta.aa-intergroup.org\/oiaa\/resources\/\">plus de ressources<\/a><\/em> pour vous aider dans votre r\u00e9tablissement.<\/li><\/ul>\n\n<p>Le site est test\u00e9 afin de d\u00e9velopper les meilleures solutions. Nous apprenons constamment. Mais comme pour toute technologie ax\u00e9e sur l\u2019utilisateur et bas\u00e9e sur les commentaires, cela peut parfois sembler \u00e9trange, rendre un peu bizarre, voire m\u00eame se casser.   <\/p>\n\n<p>Alors, soyez patients avec nous \u2014 regardez autour de vous, testez des choses et, esp\u00e9rons-le, trouvez ce dont vous avez besoin \u2014 et si vous avez des id\u00e9es, veuillez les partager\u00a0: <\/p>\n\n<p class=\"has-text-align-right\"><em>&#8211; Vos camarades des AA<\/em><\/p>\n\n<h3 class=\"wp-block-heading\">Formulaire de commentaires<\/h3>\n<div class=\"wpforms-container wpforms-container-full wpforms-block\" id=\"wpforms-830\"><form id=\"wpforms-form-830\" class=\"wpforms-validate wpforms-form\" data-formid=\"830\" method=\"post\" enctype=\"multipart\/form-data\" action=\"\/fr\/wp-json\/wp\/v2\/pages\/17027\" data-token=\"1bd947c1e1a2fd5d4dc8c851ff228de2\" data-token-time=\"1775316334\"><noscript class=\"wpforms-error-noscript\">Please enable JavaScript in your browser to complete this form.<\/noscript><div class=\"wpforms-field-container\"><div id=\"wpforms-830-field_15-container\" class=\"wpforms-field wpforms-field-number\" data-field-id=\"15\"><label class=\"wpforms-field-label\" for=\"wpforms-830-field_15\">Num\u00e9ro de r\u00e9union de l&#039;intergroupe en ligne (OIMN)<\/label><input type=\"number\" id=\"wpforms-830-field_15\" class=\"wpforms-field-medium\" name=\"wpforms[fields][15]\" ><div class=\"wpforms-field-description\">Num\u00e9ro interne unique OIAA pour la r\u00e9union que vous souhaitez modifier, fourni par le PAC. <\/div><\/div><div id=\"wpforms-830-field_13-container\" class=\"wpforms-field wpforms-field-text\" data-field-id=\"13\"><label class=\"wpforms-field-label\" for=\"wpforms-830-field_13\">Nom de la r\u00e9union <span class=\"wpforms-required-label\">*<\/span><\/label><input type=\"text\" id=\"wpforms-830-field_13\" class=\"wpforms-field-medium wpforms-field-required\" name=\"wpforms[fields][13]\" required><\/div><div id=\"wpforms-830-field_0-container\" class=\"wpforms-field wpforms-field-name\" data-field-id=\"0\"><label class=\"wpforms-field-label\" for=\"wpforms-830-field_0\">Nom du contact principal ou secondaire  <span class=\"wpforms-required-label\">*<\/span><\/label><input type=\"text\" id=\"wpforms-830-field_0\" class=\"wpforms-field-medium wpforms-field-required\" name=\"wpforms[fields][0]\" required><\/div><div id=\"wpforms-830-field_1-container\" class=\"wpforms-field wpforms-field-email\" data-field-id=\"1\"><label class=\"wpforms-field-label\" for=\"wpforms-830-field_1\">Adresse e-mail principale ou secondaire <span class=\"wpforms-required-label\">*<\/span><\/label><input type=\"email\" id=\"wpforms-830-field_1\" class=\"wpforms-field-medium wpforms-field-required\" name=\"wpforms[fields][1]\" spellcheck=\"false\" required><\/div><div id=\"wpforms-830-field_17-container\" class=\"wpforms-field wpforms-field-checkbox\" data-field-id=\"17\"><label class=\"wpforms-field-label\">Veuillez s\u00e9lectionner  <span class=\"wpforms-required-label\">*<\/span><\/label><ul id=\"wpforms-830-field_17\" class=\"wpforms-field-required\"><li class=\"choice-1 depth-1\"><input type=\"checkbox\" id=\"wpforms-830-field_17_1\" name=\"wpforms[fields][17][]\" value=\"Contact principal\" required ><label class=\"wpforms-field-label-inline\" for=\"wpforms-830-field_17_1\">Contact principal<\/label><\/li><li class=\"choice-2 depth-1\"><input type=\"checkbox\" id=\"wpforms-830-field_17_2\" name=\"wpforms[fields][17][]\" value=\"Contact secondaire\" required ><label class=\"wpforms-field-label-inline\" for=\"wpforms-830-field_17_2\">Contact secondaire<\/label><\/li><\/ul><\/div><div id=\"wpforms-830-field_5-container\" class=\"wpforms-field wpforms-field-text\" data-field-id=\"5\"><label class=\"wpforms-field-label\" for=\"wpforms-830-field_5\">Objet <span class=\"wpforms-required-label\">*<\/span><\/label><input type=\"text\" id=\"wpforms-830-field_5\" class=\"wpforms-field-medium wpforms-field-required\" name=\"wpforms[fields][5]\" required><\/div><div id=\"wpforms-830-field_2-container\" class=\"wpforms-field wpforms-field-textarea\" data-field-id=\"2\"><label class=\"wpforms-field-label\" for=\"wpforms-830-field_2\">Modifications demand\u00e9es pour la r\u00e9union <span class=\"wpforms-required-label\">*<\/span><\/label><textarea id=\"wpforms-830-field_2\" class=\"wpforms-field-medium wpforms-field-required\" name=\"wpforms[fields][2]\" required><\/textarea><\/div><div id=\"wpforms-830-field_16-container\" class=\"wpforms-field wpforms-field-gdpr-checkbox\" data-field-id=\"16\"><label class=\"wpforms-field-label\">Accord RGPD <span class=\"wpforms-required-label\">*<\/span><\/label><ul id=\"wpforms-830-field_16\" class=\"wpforms-field-required\"><li class=\"choice-1\"><input type=\"checkbox\" id=\"wpforms-830-field_16_1\" name=\"wpforms[fields][16][]\" value=\"Je consens \u00e0 ce que ce site web stocke les informations que j&#039;ai soumises afin qu&#039;il puisse r\u00e9pondre \u00e0 ma demande.\" required ><label class=\"wpforms-field-label-inline\" for=\"wpforms-830-field_16_1\">Je consens \u00e0 ce que ce site web stocke les informations que j&#8217;ai soumises afin qu&#8217;il puisse r\u00e9pondre \u00e0 ma demande.<\/label><\/li><\/ul><\/div><div id=\"wpforms-830-field_7-container\" class=\"wpforms-field wpforms-field-hidden\" data-field-id=\"7\"><input type=\"hidden\" id=\"wpforms-830-field_7\" name=\"wpforms[fields][7]\"><\/div><div id=\"wpforms-830-field_8-container\" class=\"wpforms-field wpforms-field-hidden\" data-field-id=\"8\"><input type=\"hidden\" id=\"wpforms-830-field_8\" name=\"wpforms[fields][8]\"><\/div><\/div><!-- .wpforms-field-container --><div class=\"wpforms-field wpforms-field-hp\"><label for=\"wpforms-830-field-hp\" class=\"wpforms-field-label\">Message<\/label><input type=\"text\" name=\"wpforms[hp]\" id=\"wpforms-830-field-hp\" class=\"wpforms-field-medium\"><\/div><div class=\"wpforms-recaptcha-container wpforms-is-recaptcha wpforms-is-recaptcha-type-v2\" ><div class=\"g-recaptcha\" data-sitekey=\"6LfLO_EUAAAAAD2WTL408A9DfNNx6AhXu-npfay8\"><\/div><input type=\"text\" name=\"g-recaptcha-hidden\" class=\"wpforms-recaptcha-hidden\" style=\"position:absolute!important;clip:rect(0,0,0,0)!important;height:1px!important;width:1px!important;border:0!important;overflow:hidden!important;padding:0!important;margin:0!important;\" data-rule-recaptcha=\"1\"><\/div><div class=\"wpforms-submit-container\" ><input type=\"hidden\" name=\"wpforms[id]\" value=\"830\"><input type=\"hidden\" name=\"page_title\" value=\"\"><input type=\"hidden\" name=\"page_url\" value=\"https:\/\/beta.aa-intergroup.org\/fr\/wp-json\/wp\/v2\/pages\/17027\"><button type=\"submit\" name=\"wpforms[submit]\" id=\"wpforms-submit-830\" class=\"wpforms-submit form-submit\" data-alt-text=\"Envoi...\" data-submit-text=\"Soumettre\" aria-live=\"assertive\" value=\"wpforms-submit\">Soumettre<\/button><\/div><\/form><\/div>  <!-- .wpforms-container -->","protected":false},"excerpt":{"rendered":"<p>REMARQUE\u00a0: Le site vient d\u2019\u00eatre mis en ligne et, pendant cette transition, certains aspects du site peuvent \u00eatre lents, d\u00e9fectueux ou mal format\u00e9s. Veuillez \u00ab\u00a0pardonner la poussi\u00e8re\u00a0\u00bb, pour ainsi dire. Vous pouvez toujours acc\u00e9der \u00e0 l\u2019ancien site\u00a0: archive.aa-intergroup.org. Les r\u00e9unions en personne restent un \u00e9l\u00e9ment essentiel du programme en 12\u00a0\u00e9tapes, mais il existe des situations<a class=\"excerpt-read-more\" href=\"https:\/\/beta.aa-intergroup.org\/fr\/que-signifie-beta\/\" title=\"ReadQue signifie \u00ab&nbsp;b\u00eata&nbsp;\u00bb&nbsp;?\">&#8230; Read more &raquo;<\/a><\/p>\n","protected":false},"author":9,"featured_media":0,"parent":0,"menu_order":0,"comment_status":"closed","ping_status":"closed","template":"","meta":{"_acf_changed":false,"_eb_attr":"","footnotes":""},"class_list":["post-17027","page","type-page","status-publish","hentry"],"acf":[],"_links":{"self":[{"href":"https:\/\/beta.aa-intergroup.org\/fr\/wp-json\/wp\/v2\/pages\/17027","targetHints":{"allow":["GET"]}}],"collection":[{"href":"https:\/\/beta.aa-intergroup.org\/fr\/wp-json\/wp\/v2\/pages"}],"about":[{"href":"https:\/\/beta.aa-intergroup.org\/fr\/wp-json\/wp\/v2\/types\/page"}],"author":[{"embeddable":true,"href":"https:\/\/beta.aa-intergroup.org\/fr\/wp-json\/wp\/v2\/users\/9"}],"replies":[{"embeddable":true,"href":"https:\/\/beta.aa-intergroup.org\/fr\/wp-json\/wp\/v2\/comments?post=17027"}],"version-history":[{"count":1,"href":"https:\/\/beta.aa-intergroup.org\/fr\/wp-json\/wp\/v2\/pages\/17027\/revisions"}],"predecessor-version":[{"id":17029,"href":"https:\/\/beta.aa-intergroup.org\/fr\/wp-json\/wp\/v2\/pages\/17027\/revisions\/17029"}],"wp:attachment":[{"href":"https:\/\/beta.aa-intergroup.org\/fr\/wp-json\/wp\/v2\/media?parent=17027"}],"curies":[{"name":"wp","href":"https:\/\/api.w.org\/{rel}","templated":true}]}}