{"id":17039,"date":"2020-03-16T18:32:33","date_gmt":"2020-03-16T22:32:33","guid":{"rendered":"https:\/\/beta.aa-intergroup.org\/histoire-de-loiaa\/"},"modified":"2025-10-28T07:16:24","modified_gmt":"2025-10-28T11:16:24","slug":"histoire-de-loiaa","status":"publish","type":"page","link":"https:\/\/beta.aa-intergroup.org\/fr\/histoire-de-loiaa\/","title":{"rendered":"Histoire de l&#8217;OIAA"},"content":{"rendered":"\n<p>En 2023, l&#8217;OIAA a eu la chance de voir le poste d&#8217;archiviste, longtemps vacant, \u00eatre pourvu. Actuellement, un comit\u00e9 des archives est en cours de formation et des documents historiques sur des \u00e9v\u00e9nements importants sont rassembl\u00e9s pour \u00eatre inclus dans l&#8217;histoire \u00e9volutive de l&#8217;OIAA.  <\/p>\n\n<p>Les premi\u00e8res r\u00e9unions AA en ligne utilisaient des babillards \u00e9lectroniques et dataient d&#8217;environ 1986. Les groupes par e-mail ont commenc\u00e9 \u00e0 se former au d\u00e9but des ann\u00e9es 90 et le d\u00e9veloppement d&#8217;Internet \u00e0 l&#8217;\u00e9chelle mondiale a rapidement aliment\u00e9 la croissance et la diversit\u00e9 des groupes. Le premier groupe AA en ligne, Lamp-lighters, a \u00e9t\u00e9 form\u00e9 en 1990 et se r\u00e9unit par e-mail sans interruption depuis lors. Il existe maintenant des milliers de groupes et de membres AA, connect\u00e9s entre eux par le biais de cet Intergroupe en ligne. Utilisant divers m\u00e9canismes tels que la vid\u00e9oconf\u00e9rence, la conf\u00e9rence t\u00e9l\u00e9phonique, les forums de discussion, les listes de diffusion par e-mail et les salons de discussion, la communaut\u00e9 AA se connecte constamment et trouve de nouvelles fa\u00e7ons cr\u00e9atives de communiquer l&#8217;exp\u00e9rience, la force et l&#8217;espoir du r\u00e9tablissement chez les Alcooliques Anonymes.    <\/p>\n\n<div style=\"height:21px\" aria-hidden=\"true\" class=\"wp-block-spacer\"><\/div>\n\n<h4 class=\"wp-block-heading\">Une br\u00e8ve histoire de l&#8217;OIAA <\/h4>\n\n<p>En 1994, les membres en ligne de la Fraternit\u00e9 des Alcooliques Anonymes ont commenc\u00e9 \u00e0 se pr\u00e9parer pour participer \u00e0 la Convention Internationale de San Diego, qui s&#8217;est tenue en juin 1995. Beaucoup dans notre communaut\u00e9 ont estim\u00e9 que ce serait une excellente occasion de rencontrer certains de nos compagnons alcooliques en personne, renfor\u00e7ant ainsi les amiti\u00e9s \u00e9troites que nous avions nou\u00e9es dans nos groupes en ligne.<\/p>\n\n<p>Le Comit\u00e9 Living Cyber a \u00e9t\u00e9 form\u00e9 en mars 1994 pour coordonner l&#8217;organisation d&#8217;une suite d&#8217;accueil lors de la convention. La participation &#8211; ou l&#8217;adh\u00e9sion &#8211; au LCC \u00e9tait ouverte \u00e0 tous les alcooliques en r\u00e9tablissement qui souhaitaient se joindre. Des alcooliques de tous les coins de la communaut\u00e9 en ligne &#8211; babillards \u00e9lectroniques, services en ligne commerciaux et Internet &#8211; se sont joints \u00e0 l&#8217;effort. Avant la convention, le LCC s&#8217;est efforc\u00e9 de communiquer son existence, son but et ses activit\u00e9s \u00e0 tous les groupes A.A. en ligne connus. Une page Web a \u00e9t\u00e9 cr\u00e9\u00e9e. Des d\u00e9pliants contenant des informations sur la fa\u00e7on de contacter la Fraternit\u00e9 en ligne et de trouver des ressources A.A. en ligne ont \u00e9t\u00e9 compil\u00e9s, imprim\u00e9s et distribu\u00e9s lors de la convention.    <\/p>\n\n<p>Nos plans ont \u00e9volu\u00e9 pour inclure un lien vers la fraternit\u00e9 en ligne &#8211; pour ceux qui ne pouvaient pas assister \u00e0 la convention en personne. Trois ordinateurs ont \u00e9t\u00e9 install\u00e9s dans la suite et sont rest\u00e9s en ligne en permanence avec des alcooliques du monde entier. <\/p>\n\n<p>La Suite Cyber Vivante a \u00e9t\u00e9 un succ\u00e8s retentissant, offrant un lieu de rassemblement pour les membres des groupes en ligne afin de se rencontrer en personne, g\u00e9n\u00e9ralement pour la premi\u00e8re fois. Les visiteurs ont eu l&#8217;occasion de se connecter \u00e0 la v\u00e9ritable Fraternit\u00e9 en ligne. Ceux qui ne pouvaient pas se rendre \u00e0 San Diego ont pu assister \u00ab virtuellement \u00bb \u00e0 la convention gr\u00e2ce \u00e0 la suite.   Deux grands groupes de messagerie \u00e9lectronique, plusieurs groupes des principaux services en ligne et un canal de discussion Internet Relay Chat ont particip\u00e9 \u00e0 l&#8217;union d&#8217;alcooliques du monde entier avec les membres en ligne et les visiteurs dans la suite.<\/p>\n\n<p>Apr\u00e8s la convention, il a \u00e9t\u00e9 d\u00e9cid\u00e9 de dissoudre le comit\u00e9 existant et de le r\u00e9former. Tous les groupes A.A. en ligne ont \u00e9t\u00e9 invit\u00e9s \u00e0 envoyer un repr\u00e9sentant au comit\u00e9. Nous avons d\u00e9cid\u00e9 que nous devrions servir d&#8217;Intergroupe, au service des groupes A.A. en ligne.  <\/p>\n\n<p>L&#8217;Intergroupe en ligne des Alcooliques Anonymes repr\u00e9sente maintenant des dizaines de groupes en ligne avec un effectif combin\u00e9 de plusieurs milliers de membres.<\/p>\n\n<div style=\"height:20px\" aria-hidden=\"true\" class=\"wp-block-spacer\"><\/div>\n\n<h4 class=\"wp-block-heading\">D\u00e9claration originale des objectifs et du but (r\u00e9dig\u00e9e au milieu des ann\u00e9es 1990)<\/h4>\n\n<p>Le ph\u00e9nom\u00e8ne de la nouvelle technologie des ordinateurs, des modems, du World Wide Web et de la communication Internet a donn\u00e9 naissance \u00e0 un nouveau moyen d&#8217;\u00e9change gr\u00e2ce auquel les alcooliques pouvaient interagir avec d&#8217;autres alcooliques. Au cours des derni\u00e8res ann\u00e9es, de nombreuses nouvelles r\u00e9unions en ligne ont vu le jour et, n&#8217;ayant pas de fronti\u00e8res g\u00e9ographiques, n&#8217;ont pas pu s&#8217;int\u00e9grer aux structures de service des r\u00e9unions habituelles en face \u00e0 face (f2f) des AA. De l\u00e0 est n\u00e9e la reconnaissance, de la part de nombreux groupes en ligne, qu&#8217;une forme de groupe de service \u00e9tait n\u00e9cessaire pour aider et faciliter la communication et la coordination du milieu AA du cyberespace. Alors que la structure de service officielle des AA tente d&#8217;\u00e9laborer une strat\u00e9gie pour inclure les r\u00e9unions en ligne dans cette structure, l&#8217;Intergroupe en ligne des Alcooliques anonymes (OIAA) a \u00e9t\u00e9 form\u00e9 pour fournir des services typiques des intergroupes ou des bureaux centraux des r\u00e9unions en face \u00e0 face. Alors que la plupart des intergroupes desservent des r\u00e9gions g\u00e9ographiques sp\u00e9cifiques, l&#8217;OIAA a \u00e9t\u00e9 cr\u00e9\u00e9 pour desservir le cyberespace.    <\/p>\n\n<p>L&#8217;objectif principal de tous les groupes Alcooliques anonymes est de transmettre son message \u00e0 l&#8217;alcoolique qui souffre encore. Partant de cet objectif, l&#8217;OIAA s&#8217;est engag\u00e9 \u00e0 aider les groupes membres de plusieurs mani\u00e8res, dont la plupart sont sp\u00e9cifiquement li\u00e9es au support du cyberespace. Parce que le r\u00e9tablissement personnel d\u00e9pend de l&#8217;unit\u00e9 des AA, nous, \u00e0 l&#8217;OIAA, nous engageons \u00e0 aider et \u00e0 faciliter la meilleure unit\u00e9 de service possible aux et pour les AA dans le cyberespace. La communication et l&#8217;information sont deux ingr\u00e9dients essentiels pour \u00e9tablir et maintenir l&#8217;unit\u00e9 ; par cons\u00e9quent, l&#8217;OIAA est tenu de fournir un forum central pour la diffusion d&#8217;informations sur et pour la communaut\u00e9 en ligne des AA et des AA dans leur ensemble.   <\/p>\n\n<p>L&#8217;OIAA fournit actuellement des informations de plusieurs mani\u00e8res, et nous esp\u00e9rons d\u00e9velopper encore plus de moyens \u00e0 l&#8217;avenir. L&#8217;une des fa\u00e7ons dont l&#8217;OIAA diffuse l&#8217;information est le d\u00e9veloppement et la maintenance des r\u00e9pertoires de r\u00e9unions du World Wide Web qui comprennent les r\u00e9unions et les groupes par courriel ainsi que les r\u00e9unions et les groupes en temps r\u00e9el (clavardage). Un autre moyen de communication est le Comit\u00e9 de l&#8217;unit\u00e9 de l&#8217;OIAA, qui est charg\u00e9 de communiquer avec d&#8217;autres organismes de service des AA, tels que les districts locaux, les intergroupes, les r\u00e9gions, les secteurs, AAWS, GSO-NY et GSO-UK. Une troisi\u00e8me forme de communication est le Comit\u00e9 d&#8217;information publique de l&#8217;OIAA, qui r\u00e9pond aux besoins au niveau du public et facilite la sensibilisation et la compr\u00e9hension du public aux Alcooliques anonymes au moyen d&#8217;Internet, des m\u00e9dias d&#8217;information, des contacts personnels ou des fonctions publiques non-AA par le biais de la documentation approuv\u00e9e par la conf\u00e9rence, des conf\u00e9renciers ou de la correspondance et conform\u00e9ment aux 12 \u00c9tapes, aux 12 Traditions et aux 12 Concepts des Alcooliques anonymes.   <\/p>\n\n<p>L&#8217;OIAA est \u00e9galement en train d&#8217;\u00e9laborer des lignes directrices pour aider ses groupes membres, les futurs groupes, les autres intergroupes, les r\u00e9unions f2f, les districts, les secteurs, les GSO et AAWS avec les tenants et aboutissants de l&#8217;exp\u00e9rience en ligne. Cela peut se traduire par la publication en ligne de documents de service pratiques sur la cr\u00e9ation de groupes en ligne, ou sur la fa\u00e7on de traiter les traditions dans le cyberespace, ou sur un certain nombre d&#8217;autres questions pratiques (comme la cr\u00e9ation de pages d&#8217;accueil, etc.). <\/p>\n\n<p>Une autre priorit\u00e9 pour l&#8217;OIAA est le d\u00e9veloppement de projets conjoints pour ses groupes membres. Il s&#8217;agirait notamment d&#8217;assurer une pr\u00e9sence aux congr\u00e8s internationaux, aux congr\u00e8s locaux et aux tables rondes, et de faire des d\u00e9monstrations du fonctionnement des AA en ligne. L&#8217;OIAA lui-m\u00eame est n\u00e9 d&#8217;un tel projet lors du congr\u00e8s international de 1995 \u00e0 San Diego. Nous esp\u00e9rons assurer une telle pr\u00e9sence \u00e0 de nombreux congr\u00e8s \u00e0 l&#8217;avenir.   <\/p>\n\n<p>Le ph\u00e9nom\u00e8ne en ligne est relativement nouveau, mais le nombre de membres des groupes en ligne a augment\u00e9 \u00e9norm\u00e9ment ces derniers temps, \u00e0 mesure que la nouvelle de son existence atteint les membres des AA dans le monde entier. Nous nous attendons \u00e0 ce que cette tendance se maintienne et esp\u00e9rons que l&#8217;OIAA sera en mesure de fournir \u00e0 la communaut\u00e9 du cyberespace le type de services que cette adh\u00e9sion exigera. C&#8217;est une exp\u00e9rience passionnante et \u00e0 laquelle nous, \u00e0 l&#8217;OIAA, nous engageons \u00e0 fournir en vertu des principes des \u00e9tapes, des traditions et des concepts des AA. <\/p>\n\n<div style=\"height:20px\" aria-hidden=\"true\" class=\"wp-block-spacer\"><\/div>\n\n<h4 class=\"wp-block-heading\">Organe directeur de l&#8217;intergroupe et adh\u00e9sion (ann\u00e9es 2000)<\/h4>\n\n<p>L&#8217;organe directeur de l&#8217;OIAA est le Comit\u00e9 d&#8217;Intergroupe. Le Comit\u00e9 d&#8217;Intergroupe est compos\u00e9 d&#8217;un Repr\u00e9sentant d&#8217;Intergroupe ou d&#8217;un Repr\u00e9sentant Suppl\u00e9ant de chaque groupe membre ; des responsables de l&#8217;OIAA ; et des anciens responsables de l&#8217;OIAA (pendant un an apr\u00e8s leur mandat). Un groupe devient membre de l&#8217;OIAA en ayant un repr\u00e9sentant ou un suppl\u00e9ant dans l&#8217;Intergroupe qui participe aux \u00e9lections bi-annuelles et aux affaires de l&#8217;Intergroupe. Cependant, tout groupe A.A. en ligne qui choisit de ne pas participer en tant que groupe membre ne peut se voir refuser les services de l&#8217;Intergroupe (tels que l&#8217;inscription dans les R\u00e9pertoires de R\u00e9unions), tant qu&#8217;il se qualifie comme groupe A.A. selon les traditions d&#8217;A.A. et les directives de l&#8217;Intergroupe. La principale qualification pour un groupe A.A. est que, en tant que groupe, il n&#8217;ait aucune autre affiliation (Traditions 5, 6 et 10).    <\/p>\n\n<p>Chaque groupe dispose d&#8217;une voix (par l&#8217;interm\u00e9diaire de son repr\u00e9sentant ou de son suppl\u00e9ant) et aucun individu ne peut avoir plus d&#8217;une voix \u2015 il est donc recommand\u00e9 que chaque repr\u00e9sentant ne serve qu&#8217;un seul groupe membre. Lors de l&#8217;\u00e9lection \u00e0 un poste de l&#8217;OIAA, le responsable \u00e9lu se retire de la repr\u00e9sentation du groupe membre qui l&#8217;avait pr\u00e9c\u00e9demment \u00e9lu. De cette fa\u00e7on, chaque groupe est assur\u00e9 d&#8217;une repr\u00e9sentation sp\u00e9cifique \u00e0 ses pr\u00e9occupations et chaque responsable peut alors aborder les pr\u00e9occupations de l&#8217;OIAA dans son ensemble.  <\/p>\n\n<p>Les dirigeants de l&#8217;OIAA se composent actuellement d&#8217;un pr\u00e9sident d&#8217;Intergroupe, d&#8217;un pr\u00e9sident suppl\u00e9ant, d&#8217;un secr\u00e9taire, d&#8217;un tr\u00e9sorier, d&#8217;un historien\/archiviste, d&#8217;un responsable des listes, et des pr\u00e9sidents de nos comit\u00e9s permanents : le comit\u00e9 des politiques et des admissions, le comit\u00e9 du World Wide Web, le comit\u00e9 des finances, le comit\u00e9 de l&#8217;information publique, le comit\u00e9 des congr\u00e8s et le comit\u00e9 de l&#8217;unit\u00e9.<\/p>\n","protected":false},"excerpt":{"rendered":"<p>En 2023, l&#8217;OIAA a eu la chance de voir le poste d&#8217;archiviste, longtemps vacant, \u00eatre pourvu. Actuellement, un comit\u00e9 des archives est en cours de formation et des documents historiques sur des \u00e9v\u00e9nements importants sont rassembl\u00e9s pour \u00eatre inclus dans l&#8217;histoire \u00e9volutive de l&#8217;OIAA. Les premi\u00e8res r\u00e9unions AA en ligne utilisaient des babillards \u00e9lectroniques et<a class=\"excerpt-read-more\" href=\"https:\/\/beta.aa-intergroup.org\/fr\/histoire-de-loiaa\/\" title=\"ReadHistoire de l&#8217;OIAA\">&#8230; Read more &raquo;<\/a><\/p>\n","protected":false},"author":9,"featured_media":0,"parent":0,"menu_order":0,"comment_status":"closed","ping_status":"closed","template":"","meta":{"_acf_changed":false,"_eb_attr":"","footnotes":""},"class_list":["post-17039","page","type-page","status-publish","hentry"],"acf":[],"_links":{"self":[{"href":"https:\/\/beta.aa-intergroup.org\/fr\/wp-json\/wp\/v2\/pages\/17039","targetHints":{"allow":["GET"]}}],"collection":[{"href":"https:\/\/beta.aa-intergroup.org\/fr\/wp-json\/wp\/v2\/pages"}],"about":[{"href":"https:\/\/beta.aa-intergroup.org\/fr\/wp-json\/wp\/v2\/types\/page"}],"author":[{"embeddable":true,"href":"https:\/\/beta.aa-intergroup.org\/fr\/wp-json\/wp\/v2\/users\/9"}],"replies":[{"embeddable":true,"href":"https:\/\/beta.aa-intergroup.org\/fr\/wp-json\/wp\/v2\/comments?post=17039"}],"version-history":[{"count":1,"href":"https:\/\/beta.aa-intergroup.org\/fr\/wp-json\/wp\/v2\/pages\/17039\/revisions"}],"predecessor-version":[{"id":17040,"href":"https:\/\/beta.aa-intergroup.org\/fr\/wp-json\/wp\/v2\/pages\/17039\/revisions\/17040"}],"wp:attachment":[{"href":"https:\/\/beta.aa-intergroup.org\/fr\/wp-json\/wp\/v2\/media?parent=17039"}],"curies":[{"name":"wp","href":"https:\/\/api.w.org\/{rel}","templated":true}]}}