{"id":17092,"date":"2024-03-18T22:14:49","date_gmt":"2024-03-19T02:14:49","guid":{"rendered":"https:\/\/beta.aa-intergroup.org\/notre-groupe-a-un-nouveau-representant\/"},"modified":"2025-10-28T07:17:40","modified_gmt":"2025-10-28T11:17:40","slug":"notre-groupe-a-un-nouveau-representant","status":"publish","type":"page","link":"https:\/\/beta.aa-intergroup.org\/fr\/notre-groupe-a-un-nouveau-representant\/","title":{"rendered":"Notre groupe a un nouveau repr\u00e9sentant&#8230;"},"content":{"rendered":"\n<p>Veuillez utiliser ce formulaire pour nous informer d\u2019un nouveau RIG ou suppl\u00e9ant RIG pour votre groupe. <\/p>\n\n<p><strong><em>Veuillez noter <\/em><\/strong>&#8211; Ce formulaire <strong><em>N\u2019EST PAS <\/em><\/strong>destin\u00e9 aux mises \u00e0 jour de l\u2019annuaire des r\u00e9unions &#8211; Veuillez utiliser <a href=\"https:\/\/beta.aa-intergroup.org\/fr\/mises-a-jour-de-lannuaire-des-reunions\/\">ce formulaire pour mettre \u00e0 jour les d\u00e9tails de votre r\u00e9union<\/a><\/p>\n\n<p>si vous avez des questions, veuillez envoyer un courriel \u00e0 registrar@aa-intergroup.org<\/p>\n\n<h2 class=\"wp-block-heading\">Nouveau(x) repr\u00e9sentant(s) de groupe<\/h2>\n<div class=\"wpforms-container wpforms-container-full wpforms-block wpforms-block-34136b54-879a-4955-9a5e-198deb2dd152\" id=\"wpforms-9279\"><form id=\"wpforms-form-9279\" class=\"wpforms-validate wpforms-form wpforms-ajax-form\" data-formid=\"9279\" method=\"post\" enctype=\"multipart\/form-data\" action=\"\/fr\/wp-json\/wp\/v2\/pages\/17092\" data-token=\"59eaf47809d38314fc96edf833befc9f\" data-token-time=\"1776431004\"><noscript class=\"wpforms-error-noscript\">Please enable JavaScript in your browser to complete this form.<\/noscript><div class=\"wpforms-field-container\"><div id=\"wpforms-9279-field_1-container\" class=\"wpforms-field wpforms-field-text\" data-field-id=\"1\"><label class=\"wpforms-field-label\" for=\"wpforms-9279-field_1\">Nom du groupe <span class=\"wpforms-required-label\">*<\/span><\/label><input type=\"text\" id=\"wpforms-9279-field_1\" class=\"wpforms-field-medium wpforms-field-required\" name=\"wpforms[fields][1]\" required><\/div><div id=\"wpforms-9279-field_2-container\" class=\"wpforms-field wpforms-field-text\" data-field-id=\"2\"><label class=\"wpforms-field-label\" for=\"wpforms-9279-field_2\">Groupe OIMN<\/label><input type=\"text\" id=\"wpforms-9279-field_2\" class=\"wpforms-field-medium\" name=\"wpforms[fields][2]\" ><\/div><div id=\"wpforms-9279-field_7-container\" class=\"wpforms-field wpforms-field-select wpforms-conditional-trigger wpforms-field-select-style-classic\" data-field-id=\"7\"><label class=\"wpforms-field-label\" for=\"wpforms-9279-field_7\">Mise \u00e0 jour du poste <span class=\"wpforms-required-label\">*<\/span><\/label><select id=\"wpforms-9279-field_7\" class=\"wpforms-field-medium wpforms-field-required\" name=\"wpforms[fields][7]\" required=\"required\"><option value=\"Veuillez choisir...\" >Veuillez choisir&#8230;<\/option><option value=\"RIG\" >RIG<\/option><option value=\"IGR suppl\u00e9ant\" >IGR suppl\u00e9ant<\/option><\/select><\/div><div id=\"wpforms-9279-field_3-container\" class=\"wpforms-field wpforms-field-text wpforms-conditional-field wpforms-conditional-show\" data-field-id=\"3\" style=\"display:none;\"><label class=\"wpforms-field-label\" for=\"wpforms-9279-field_3\">Nom du RIG sortant <span class=\"wpforms-required-label\">*<\/span><\/label><input type=\"text\" id=\"wpforms-9279-field_3\" class=\"wpforms-field-medium wpforms-field-required\" name=\"wpforms[fields][3]\" required><\/div><div id=\"wpforms-9279-field_4-container\" class=\"wpforms-field wpforms-field-email wpforms-conditional-field wpforms-conditional-show\" data-field-id=\"4\" style=\"display:none;\"><label class=\"wpforms-field-label\" for=\"wpforms-9279-field_4\">Courriel du RIG sortant<\/label><input type=\"email\" id=\"wpforms-9279-field_4\" class=\"wpforms-field-medium\" name=\"wpforms[fields][4]\" spellcheck=\"false\" ><\/div><div id=\"wpforms-9279-field_5-container\" class=\"wpforms-field wpforms-field-text wpforms-conditional-field wpforms-conditional-show\" data-field-id=\"5\" style=\"display:none;\"><label class=\"wpforms-field-label\" for=\"wpforms-9279-field_5\">Nom du RIG entrant <span class=\"wpforms-required-label\">*<\/span><\/label><input type=\"text\" id=\"wpforms-9279-field_5\" class=\"wpforms-field-medium wpforms-field-required\" name=\"wpforms[fields][5]\" required><\/div><div id=\"wpforms-9279-field_6-container\" class=\"wpforms-field wpforms-field-email wpforms-conditional-field wpforms-conditional-show\" data-field-id=\"6\" style=\"display:none;\"><label class=\"wpforms-field-label\" for=\"wpforms-9279-field_6\">Courriel du RIG entrant <span class=\"wpforms-required-label\">*<\/span><\/label><input type=\"email\" id=\"wpforms-9279-field_6\" class=\"wpforms-field-medium wpforms-field-required\" name=\"wpforms[fields][6]\" spellcheck=\"false\" required><\/div><div id=\"wpforms-9279-field_9-container\" class=\"wpforms-field wpforms-field-text wpforms-conditional-field wpforms-conditional-show\" data-field-id=\"9\" style=\"display:none;\"><label class=\"wpforms-field-label\" for=\"wpforms-9279-field_9\">Nom du RIG suppl\u00e9ant sortant <span class=\"wpforms-required-label\">*<\/span><\/label><input type=\"text\" id=\"wpforms-9279-field_9\" class=\"wpforms-field-medium wpforms-field-required\" name=\"wpforms[fields][9]\" required><\/div><div id=\"wpforms-9279-field_10-container\" class=\"wpforms-field wpforms-field-email wpforms-conditional-field wpforms-conditional-show\" data-field-id=\"10\" style=\"display:none;\"><label class=\"wpforms-field-label\" for=\"wpforms-9279-field_10\">Courriel du RIG suppl\u00e9ant sortant<\/label><input type=\"email\" id=\"wpforms-9279-field_10\" class=\"wpforms-field-medium\" name=\"wpforms[fields][10]\" spellcheck=\"false\" ><\/div><div id=\"wpforms-9279-field_11-container\" class=\"wpforms-field wpforms-field-text wpforms-conditional-field wpforms-conditional-show\" data-field-id=\"11\" style=\"display:none;\"><label class=\"wpforms-field-label\" for=\"wpforms-9279-field_11\">Nom du RIG suppl\u00e9ant entrant <span class=\"wpforms-required-label\">*<\/span><\/label><input type=\"text\" id=\"wpforms-9279-field_11\" class=\"wpforms-field-medium wpforms-field-required\" name=\"wpforms[fields][11]\" required><\/div><div id=\"wpforms-9279-field_12-container\" class=\"wpforms-field wpforms-field-email wpforms-conditional-field wpforms-conditional-show\" data-field-id=\"12\" style=\"display:none;\"><label class=\"wpforms-field-label\" for=\"wpforms-9279-field_12\">Courriel du RIG suppl\u00e9ant entrant <span class=\"wpforms-required-label\">*<\/span><\/label><input type=\"email\" id=\"wpforms-9279-field_12\" class=\"wpforms-field-medium wpforms-field-required\" name=\"wpforms[fields][12]\" spellcheck=\"false\" required><\/div><div id=\"wpforms-9279-field_13-container\" class=\"wpforms-field wpforms-field-checkbox wpforms-conditional-trigger\" data-field-id=\"13\"><label class=\"wpforms-field-label\">Ajouter un autre poste<\/label><ul id=\"wpforms-9279-field_13\"><li class=\"choice-1 depth-1\"><input type=\"checkbox\" id=\"wpforms-9279-field_13_1\" name=\"wpforms[fields][13][]\" value=\"Personne suivante\"  ><label class=\"wpforms-field-label-inline\" for=\"wpforms-9279-field_13_1\">Personne suivante<\/label><\/li><\/ul><\/div><\/div><!-- .wpforms-field-container --><div class=\"wpforms-submit-container\" ><input type=\"hidden\" name=\"wpforms[id]\" value=\"9279\"><input type=\"hidden\" name=\"page_title\" value=\"\"><input type=\"hidden\" name=\"page_url\" value=\"https:\/\/beta.aa-intergroup.org\/fr\/wp-json\/wp\/v2\/pages\/17092\"><button type=\"submit\" name=\"wpforms[submit]\" id=\"wpforms-submit-9279\" class=\"wpforms-submit\" data-alt-text=\"Envoi...\" data-submit-text=\"Soumettre\" aria-live=\"assertive\" value=\"wpforms-submit\">Soumettre<\/button><img loading=\"lazy\" decoding=\"async\" src=\"https:\/\/beta.aa-intergroup.org\/wp-content\/plugins\/wpforms\/assets\/images\/submit-spin.svg\" class=\"wpforms-submit-spinner\" style=\"display: none;\" width=\"26\" height=\"26\" alt=\"Loading\"><\/div><\/form><\/div>  <!-- .wpforms-container -->","protected":false},"excerpt":{"rendered":"<p>Veuillez utiliser ce formulaire pour nous informer d\u2019un nouveau RIG ou suppl\u00e9ant RIG pour votre groupe. Veuillez noter &#8211; Ce formulaire N\u2019EST PAS destin\u00e9 aux mises \u00e0 jour de l\u2019annuaire des r\u00e9unions &#8211; Veuillez utiliser ce formulaire pour mettre \u00e0 jour les d\u00e9tails de votre r\u00e9union si vous avez des questions, veuillez envoyer un courriel<a class=\"excerpt-read-more\" href=\"https:\/\/beta.aa-intergroup.org\/fr\/notre-groupe-a-un-nouveau-representant\/\" title=\"ReadNotre groupe a un nouveau repr\u00e9sentant&#8230;\">&#8230; Read more &raquo;<\/a><\/p>\n","protected":false},"author":12,"featured_media":0,"parent":0,"menu_order":0,"comment_status":"closed","ping_status":"closed","template":"","meta":{"_acf_changed":false,"_eb_attr":"","footnotes":""},"class_list":["post-17092","page","type-page","status-publish","hentry"],"acf":[],"_links":{"self":[{"href":"https:\/\/beta.aa-intergroup.org\/fr\/wp-json\/wp\/v2\/pages\/17092","targetHints":{"allow":["GET"]}}],"collection":[{"href":"https:\/\/beta.aa-intergroup.org\/fr\/wp-json\/wp\/v2\/pages"}],"about":[{"href":"https:\/\/beta.aa-intergroup.org\/fr\/wp-json\/wp\/v2\/types\/page"}],"author":[{"embeddable":true,"href":"https:\/\/beta.aa-intergroup.org\/fr\/wp-json\/wp\/v2\/users\/12"}],"replies":[{"embeddable":true,"href":"https:\/\/beta.aa-intergroup.org\/fr\/wp-json\/wp\/v2\/comments?post=17092"}],"version-history":[{"count":1,"href":"https:\/\/beta.aa-intergroup.org\/fr\/wp-json\/wp\/v2\/pages\/17092\/revisions"}],"predecessor-version":[{"id":17093,"href":"https:\/\/beta.aa-intergroup.org\/fr\/wp-json\/wp\/v2\/pages\/17092\/revisions\/17093"}],"wp:attachment":[{"href":"https:\/\/beta.aa-intergroup.org\/fr\/wp-json\/wp\/v2\/media?parent=17092"}],"curies":[{"name":"wp","href":"https:\/\/api.w.org\/{rel}","templated":true}]}}