{"id":17100,"date":"2023-10-01T16:06:54","date_gmt":"2023-10-01T20:06:54","guid":{"rendered":"https:\/\/beta.aa-intergroup.org\/assemblee-oiaa-du-16-decembre-2023\/"},"modified":"2025-10-28T07:17:50","modified_gmt":"2025-10-28T11:17:50","slug":"assemblee-oiaa-du-16-decembre-2023","status":"publish","type":"page","link":"https:\/\/beta.aa-intergroup.org\/fr\/assemblee-oiaa-du-16-decembre-2023\/","title":{"rendered":"Assembl\u00e9e OIAA du 16 d\u00e9cembre 2023"},"content":{"rendered":"\n<div style=\"height:20px\" aria-hidden=\"true\" class=\"wp-block-spacer\"><\/div>\n\n<p><strong>Ceci est la page d&#8217;archive de l&#8217;assembl\u00e9e du 6 d\u00e9cembre.<\/strong><\/p>\n\n<div style=\"height:30px\" aria-hidden=\"true\" class=\"wp-block-spacer\"><\/div>\n\n<h4 class=\"wp-block-heading\">Annonce de l&#8217;assembl\u00e9e<\/h4>\n\n<ul class=\"wp-block-list\">\n<li><a href=\"https:\/\/beta.aa-intergroup.org\/documents\/assembly-announcement-16-december-2023\/\">Annonce de l&#8217;assembl\u00e9e<\/a> \u00c0 traduire et\/ou imprimer pour vos groupes.<\/li>\n\n\n\n<li>Copiez ce message et ce lien dans le chat de votre r\u00e9union en ligne pour annoncer l&#8217;\u00e9lection.\n<ul class=\"wp-block-list\">\n<li>R\u00e9union de l&#8217;assembl\u00e9e g\u00e9n\u00e9rale : 16 d\u00e9cembre 2023.<br\/> <a href=\"https:\/\/beta.aa-intergroup.org\/fr\/assemblee-de-loiaa-le-16-mars-2024\/\">https:\/\/beta.aa-intergroup.org\/oiaa-assembly-16-march-2024\/<\/a><\/li>\n<\/ul>\n<\/li>\n<\/ul>\n\n<h4 class=\"wp-block-heading\" id=\"assembly-agenda\">Ordre du jour de l\u2019assembl\u00e9e<\/h4>\n\n<ul class=\"wp-block-list\">\n<li><a href=\"https:\/\/beta.aa-intergroup.org\/documents\/oiaa-assembly-16-december-2023-agenda\/\">L&#8217;ordre du jour de l&#8217;assembl\u00e9e OIAA 2023<\/a>.<\/li>\n\n\n\n<li><a href=\"https:\/\/beta.aa-intergroup.org\/board-updates\/chair-report-dec-2023\/\">Rapport du pr\u00e9sident<\/a>.<\/li>\n\n\n\n<li>Minutes from the OIAA 16 September, 2023 Assembly&nbsp;were approved by the Assembly. \n<ul class=\"wp-block-list\">\n<li><a href=\"https:\/\/beta.aa-intergroup.org\/documents\/minutes-from-the-oiaa-16-september-2023-assembly\/\">Veuillez lire et examiner avant l&#8217;assembl\u00e9e.<\/a><\/li>\n<\/ul>\n<\/li>\n<\/ul>\n\n<h4 class=\"wp-block-heading\">\u00c9lection des dirigeants de l&#8217;OIAA<\/h4>\n\n<p>Nous encourageons tous ceux qui sont qualifi\u00e9s \u00e0 se pr\u00e9senter aux \u00e9lections. Les postes d&#8217;administrateur soumis \u00e0 \u00e9lection sont les suivants : <g id=\"gid_0\">pr\u00e9sident, vice-pr\u00e9sident et tr\u00e9sorier<\/g>. Veuillez soumettre les curriculum vitae pour ces postes \u00e0 <strong><strong>OIAA.Board@aa-intergroup.org<\/strong><\/strong> avant le 1er novembre.   <\/p>\n\n<p>Toute personne ayant occup\u00e9 un poste de service OIAA est admissible \u00e0 titre d&#8217;administrateur d&#8217;Intergroupe. Nul ne peut occuper plus d&#8217;un poste d&#8217;administrateur d&#8217;Intergroupe \u00e0 la fois, ni exercer simultan\u00e9ment les fonctions de suppl\u00e9ant. Aucun administrateur ne peut exercer simultan\u00e9ment les fonctions d&#8217;IGR. Tous les administrateurs doivent \u00eatre \u00e2g\u00e9s d&#8217;au moins dix-huit (18) ans.   <\/p>\n\n<ul class=\"wp-block-list\">\n<li><a href=\"https:\/\/beta.aa-intergroup.org\/documents\/descriptions-qualifications-2023\/\">Descriptions, admissibilit\u00e9 et qualifications<\/a>.<\/li>\n\n\n\n<li><a href=\"https:\/\/beta.aa-intergroup.org\/documents\/resume-presentation-page\/\">Aper\u00e7u de la pr\u00e9sentation du curriculum vitae<\/a>. <\/li>\n<\/ul>\n\n<h4 class=\"wp-block-heading\">\u00c9lection d&#8217;un administrateur international et d&#8217;un administrateur g\u00e9n\u00e9ral<\/h4>\n\n<p>Le conseil d&#8217;administration a cr\u00e9\u00e9 deux nouveaux postes d&#8217;administrateur non-cadre : Administrateur international et Administrateur g\u00e9n\u00e9ral. Veuillez soumettre les curriculum vitae pour ces postes \u00e0 <strong><strong>OIAA.Board@aa-intergroup.org<\/strong><\/strong> avant le 1er novembre.  <\/p>\n\n<ul class=\"wp-block-list\">\n<li><a href=\"https:\/\/beta.aa-intergroup.org\/documents\/descriptions-eligibility-qualifications-2023international-trustee-and-trustee-at-large\/\">Descriptions, admissibilit\u00e9 et qualifications<\/a>.<\/li>\n\n\n\n<li><a href=\"https:\/\/beta.aa-intergroup.org\/documents\/resume-presentation-page\/\">Aper\u00e7u de la pr\u00e9sentation du curriculum vitae<\/a>.<\/li>\n<\/ul>\n\n<p><\/p>\n\n<h4 class=\"wp-block-heading\">Proc\u00e9dure d&#8217;\u00e9lection<\/h4>\n\n<p>Les membres votants \u00e9liront les dirigeants qui se pr\u00e9sentent \u00e0 l&#8217;\u00e9lection.<\/p>\n\n<ul class=\"wp-block-list\">\n<li><a href=\"https:\/\/beta.aa-intergroup.org\/documents\/third-legacy-pdfs\/\">La proc\u00e9dure du troisi\u00e8me legs<\/a>.<\/li>\n\n\n\n<li><a href=\"https:\/\/beta.aa-intergroup.org\/documents\/assembly-procedures\/\">Proc\u00e9dures de l&#8217;assembl\u00e9e.<\/a><\/li>\n\n\n\n<li><a href=\"https:\/\/beta.aa-intergroup.org\/documents\/summary-of-motion-procedures-to-be-used-at-the-assembly\/\">R\u00e9sum\u00e9 des motions<\/a>.<\/li>\n\n\n\n<li><a href=\"https:\/\/beta.aa-intergroup.org\/documents\/oiaa-bylaws\/\">Statuts<\/a>.<\/li>\n<\/ul>\n\n<h4 class=\"wp-block-heading\" id=\"budget\">Budget 2024 <\/h4>\n\n<ul class=\"wp-block-list\">\n<li>Le budget de fonctionnement 2024 de l&#8217;OIAA a \u00e9t\u00e9 approuv\u00e9 par l&#8217;Assembl\u00e9e. \n<ul class=\"wp-block-list\">\n<li><a href=\"https:\/\/beta.aa-intergroup.org\/documents\/2024-budget-compared-with-2023-notes\/\">Budget 2024 compar\u00e9 \u00e0 2023 avec notes.<\/a><\/li>\n\n\n\n<li><a href=\"https:\/\/beta.aa-intergroup.org\/documents\/2024-oiaa-budget\/\">Budget de fonctionnement 2024 de l&#8217;OIAA<\/a>.<\/li>\n<\/ul>\n<\/li>\n\n\n\n<li>Il n&#8217;y aura pas le temps de pr\u00e9senter les \u00e9tats financiers de novembre \u00e0 l&#8217;Assembl\u00e9e, mais ils se trouvent sur la <a href=\"https:\/\/beta.aa-intergroup.org\/ru\/committees\/%d1%84%d0%b8%d0%bd%d0%b0%d0%bd%d1%81%d1%8b\/\">page du comit\u00e9 des finances<\/a> et sont li\u00e9s ci-dessous pour les rapporter \u00e0 vos groupes.\n<ul class=\"wp-block-list\">\n<li><a href=\"https:\/\/beta.aa-intergroup.org\/committee-updates\/update-for-finance-nov-2023-4\/\">\u00c9cart budg\u00e9taire pour novembre 2023<\/a>.<\/li>\n\n\n\n<li><a href=\"https:\/\/beta.aa-intergroup.org\/committee-updates\/update-for-finance-nov-2023-3\/\">Contributions des groupes pour novembre 2023<\/a>.<\/li>\n\n\n\n<li><a href=\"https:\/\/beta.aa-intergroup.org\/committee-updates\/update-for-finance-nov-2023-2\/\">Bilan pour novembre 2023<\/a>.<\/li>\n<\/ul>\n<\/li>\n<\/ul>\n\n<p><\/p>\n","protected":false},"excerpt":{"rendered":"<p>Ceci est la page d&#8217;archive de l&#8217;assembl\u00e9e du 6 d\u00e9cembre. Annonce de l&#8217;assembl\u00e9e Ordre du jour de l\u2019assembl\u00e9e \u00c9lection des dirigeants de l&#8217;OIAA Nous encourageons tous ceux qui sont qualifi\u00e9s \u00e0 se pr\u00e9senter aux \u00e9lections. Les postes d&#8217;administrateur soumis \u00e0 \u00e9lection sont les suivants : pr\u00e9sident, vice-pr\u00e9sident et tr\u00e9sorier. Veuillez soumettre les curriculum vitae pour<a class=\"excerpt-read-more\" href=\"https:\/\/beta.aa-intergroup.org\/fr\/assemblee-oiaa-du-16-decembre-2023\/\" title=\"ReadAssembl\u00e9e OIAA du 16 d\u00e9cembre 2023\">&#8230; Read more &raquo;<\/a><\/p>\n","protected":false},"author":18,"featured_media":0,"parent":0,"menu_order":0,"comment_status":"closed","ping_status":"closed","template":"","meta":{"_acf_changed":false,"_eb_attr":"","footnotes":""},"class_list":["post-17100","page","type-page","status-publish","hentry"],"acf":[],"_links":{"self":[{"href":"https:\/\/beta.aa-intergroup.org\/fr\/wp-json\/wp\/v2\/pages\/17100","targetHints":{"allow":["GET"]}}],"collection":[{"href":"https:\/\/beta.aa-intergroup.org\/fr\/wp-json\/wp\/v2\/pages"}],"about":[{"href":"https:\/\/beta.aa-intergroup.org\/fr\/wp-json\/wp\/v2\/types\/page"}],"author":[{"embeddable":true,"href":"https:\/\/beta.aa-intergroup.org\/fr\/wp-json\/wp\/v2\/users\/18"}],"replies":[{"embeddable":true,"href":"https:\/\/beta.aa-intergroup.org\/fr\/wp-json\/wp\/v2\/comments?post=17100"}],"version-history":[{"count":1,"href":"https:\/\/beta.aa-intergroup.org\/fr\/wp-json\/wp\/v2\/pages\/17100\/revisions"}],"predecessor-version":[{"id":17101,"href":"https:\/\/beta.aa-intergroup.org\/fr\/wp-json\/wp\/v2\/pages\/17100\/revisions\/17101"}],"wp:attachment":[{"href":"https:\/\/beta.aa-intergroup.org\/fr\/wp-json\/wp\/v2\/media?parent=17100"}],"curies":[{"name":"wp","href":"https:\/\/api.w.org\/{rel}","templated":true}]}}