{"id":17108,"date":"2023-08-12T12:18:30","date_gmt":"2023-08-12T16:18:30","guid":{"rendered":"https:\/\/beta.aa-intergroup.org\/assemblee-oiaa-du-16-septembre-2023\/"},"modified":"2025-10-28T07:18:11","modified_gmt":"2025-10-28T11:18:11","slug":"assemblee-oiaa-du-16-septembre-2023","status":"publish","type":"page","link":"https:\/\/beta.aa-intergroup.org\/fr\/assemblee-oiaa-du-16-septembre-2023\/","title":{"rendered":"Assembl\u00e9e OIAA du 16 septembre 2023"},"content":{"rendered":"\n<h5 class=\"wp-block-heading\"><strong>Page d&#8217;archive pour l&#8217;assembl\u00e9e OIAA du 16 septembre 2023<\/strong><\/h5>\n\n<div style=\"height:40px\" aria-hidden=\"true\" class=\"wp-block-spacer\"><\/div>\n\n<p>Merci \u00e0 tous ceux qui ont particip\u00e9 \u00e0 l&#8217;Assembl\u00e9e.<\/p>\n\n<p><\/p>\n\n<h3 class=\"wp-block-heading\">Annonce de l&#8217;assembl\u00e9e<\/h3>\n\n<p><\/p>\n\n<ul class=\"wp-block-list\">\n<li>Copiez ce message et ce lien dans votre chat Zoom pour votre groupe.\n<ul class=\"wp-block-list\">\n<li>Assembl\u00e9e g\u00e9n\u00e9rale &#8211; 16 septembre 2023 : <a href=\"https:\/\/beta.aa-intergroup.org\/fr\/assemblee-oiaa-du-16-septembre-2023\/\">https:\/\/beta.aa-intergroup.org\/oiaa-assembly-16-september-2023\/<\/a><\/li>\n<\/ul>\n<\/li>\n<\/ul>\n\n<h3 class=\"wp-block-heading\">Ordre du jour de l\u2019assembl\u00e9e<\/h3>\n\n<ul class=\"wp-block-list\" id=\"block-b1e3529a-4f8b-4ca9-b34a-99f8022da30b\">\n<li><a href=\"https:\/\/beta.aa-intergroup.org\/documents\/oiaa-assembly-16-september-2023-agenda\/\">L&#8217;ordre du jour de l&#8217;assembl\u00e9e du 16 septembre 2023<\/a><\/li>\n\n\n\n<li>Les proc\u00e8s-verbaux de l&#8217;assembl\u00e9e seront soumis au vote, veuillez les partager avec vos groupes.\n<ul class=\"wp-block-list\">\n<li><a href=\"https:\/\/beta.aa-intergroup.org\/documents\/minutes-from-the-oiaa-17-june-2023-assembly\/\">Proc\u00e8s-verbal de l&#8217;assembl\u00e9e OIAA du 17 juin 2023<\/a> <\/li>\n\n\n\n<li><a href=\"https:\/\/beta.aa-intergroup.org\/documents\/minutes-from-the-oiaa-29-july-2023-assembly\/\">Proc\u00e8s-verbal de l&#8217;assembl\u00e9e OIAA du 29 juillet 2023<\/a><\/li>\n<\/ul>\n<\/li>\n<\/ul>\n\n<h3 class=\"wp-block-heading\">Rapports<\/h3>\n\n<ul class=\"wp-block-list\">\n<li>Finances\n<ul class=\"wp-block-list\">\n<li><a href=\"https:\/\/beta.aa-intergroup.org\/documents\/7th-tradition-report-august-2023\/\">Rapport de la 7e tradition ao\u00fbt 2023<\/a><\/li>\n\n\n\n<li><a href=\"https:\/\/beta.aa-intergroup.org\/documents\/balance-sheet-august-2023\/\">Bilan ao\u00fbt 2023<\/a><\/li>\n\n\n\n<li><a href=\"https:\/\/beta.aa-intergroup.org\/documents\/budget-variance-august-2023\/\">\u00c9cart budg\u00e9taire ao\u00fbt 2023<\/a><\/li>\n<\/ul>\n<\/li>\n\n\n\n<li><a href=\"https:\/\/beta.aa-intergroup.org\/documents\/oiaa-september-vice-chairs-report\/\">Rapport du vice-pr\u00e9sident septembre 2023<\/a><\/li>\n\n\n\n<li><a href=\"https:\/\/beta.aa-intergroup.org\/documents\/oiaa-september-chairs-report\/\">Rapport du pr\u00e9sident septembre 2023<\/a><\/li>\n<\/ul>\n\n<h3 class=\"wp-block-heading\">Informations suppl\u00e9mentaires<\/h3>\n\n<ul class=\"wp-block-list\">\n<li><a href=\"https:\/\/beta.aa-intergroup.org\/documents\/motion-for-redirection-of-funds\/\">Motion pour la redirection des fonds<\/a><\/li>\n\n\n\n<li><a href=\"https:\/\/beta.aa-intergroup.org\/documents\/new-trustee-positions\/\">Nouveaux postes d&#8217;administrateur<\/a><\/li>\n\n\n\n<li><a href=\"https:\/\/beta.aa-intergroup.org\/documents\/oiaa-bylaws\/\">Statuts<\/a><\/li>\n<\/ul>\n\n<h3 class=\"wp-block-heading\">Proc\u00e9dures<\/h3>\n\n<ul class=\"wp-block-list\">\n<li><a href=\"https:\/\/beta.aa-intergroup.org\/documents\/assembly-procedures\/\">Proc\u00e9dures de l\u2019assembl\u00e9e<\/a><\/li>\n<\/ul>\n","protected":false},"excerpt":{"rendered":"<p>Page d&#8217;archive pour l&#8217;assembl\u00e9e OIAA du 16 septembre 2023 Merci \u00e0 tous ceux qui ont particip\u00e9 \u00e0 l&#8217;Assembl\u00e9e. Annonce de l&#8217;assembl\u00e9e Ordre du jour de l\u2019assembl\u00e9e Rapports Informations suppl\u00e9mentaires Proc\u00e9dures<\/p>\n","protected":false},"author":18,"featured_media":0,"parent":0,"menu_order":0,"comment_status":"closed","ping_status":"closed","template":"","meta":{"_acf_changed":false,"_eb_attr":"","footnotes":""},"class_list":["post-17108","page","type-page","status-publish","hentry"],"acf":[],"_links":{"self":[{"href":"https:\/\/beta.aa-intergroup.org\/fr\/wp-json\/wp\/v2\/pages\/17108","targetHints":{"allow":["GET"]}}],"collection":[{"href":"https:\/\/beta.aa-intergroup.org\/fr\/wp-json\/wp\/v2\/pages"}],"about":[{"href":"https:\/\/beta.aa-intergroup.org\/fr\/wp-json\/wp\/v2\/types\/page"}],"author":[{"embeddable":true,"href":"https:\/\/beta.aa-intergroup.org\/fr\/wp-json\/wp\/v2\/users\/18"}],"replies":[{"embeddable":true,"href":"https:\/\/beta.aa-intergroup.org\/fr\/wp-json\/wp\/v2\/comments?post=17108"}],"version-history":[{"count":1,"href":"https:\/\/beta.aa-intergroup.org\/fr\/wp-json\/wp\/v2\/pages\/17108\/revisions"}],"predecessor-version":[{"id":17109,"href":"https:\/\/beta.aa-intergroup.org\/fr\/wp-json\/wp\/v2\/pages\/17108\/revisions\/17109"}],"wp:attachment":[{"href":"https:\/\/beta.aa-intergroup.org\/fr\/wp-json\/wp\/v2\/media?parent=17108"}],"curies":[{"name":"wp","href":"https:\/\/api.w.org\/{rel}","templated":true}]}}