{"id":17138,"date":"2023-06-05T23:42:55","date_gmt":"2023-06-06T03:42:55","guid":{"rendered":"https:\/\/beta.aa-intergroup.org\/politique-relative-aux-cookies\/"},"modified":"2025-10-28T07:19:38","modified_gmt":"2025-10-28T11:19:38","slug":"politique-relative-aux-cookies","status":"publish","type":"page","link":"https:\/\/beta.aa-intergroup.org\/fr\/politique-relative-aux-cookies\/","title":{"rendered":"Politique relative aux cookies"},"content":{"rendered":"\n<p><strong>Cette politique relative aux cookies a \u00e9t\u00e9 mise \u00e0 jour pour la derni\u00e8re fois le 14 juin 2023.<\/strong><\/p>\n\n<p>Le site web de l&#8217;OIAA utilise des cookies pour optimiser et am\u00e9liorer la fonctionnalit\u00e9 de notre site web. Comme nous souhaitons assurer votre confidentialit\u00e9 et am\u00e9liorer la convivialit\u00e9 de votre (vos) visite(s) sur notre site web, nous estimons qu&#8217;il est important que vous sachiez comment et pourquoi nous utilisons les cookies. Cette politique fournit des informations sur notre utilisation des cookies sur notre plateforme.  <\/p>\n\n<p><strong>Que sont les cookies ?<\/strong><\/p>\n\n<p>Les cookies sont de petits fichiers textes simples qui sont stock\u00e9s par votre ordinateur ou votre appareil mobile lorsque vous utilisez l&#8217;un de nos sites web ou applications. Presque tous les sites web existants utilisent des cookies. <\/p>\n\n<p>En utilisant des cookies, nous pouvons nous assurer, par exemple, qu&#8217;il vous est facile de naviguer sur notre site web, que lorsque vous visitez nos sites web, les m\u00eames informations ne vous sont pas pr\u00e9sent\u00e9es de mani\u00e8re r\u00e9p\u00e9t\u00e9e. Les cookies nous permettent \u00e9galement de mesurer comment notre site web est utilis\u00e9 et comment l&#8217;am\u00e9liorer davantage. <\/p>\n\n<p><strong>Vos options<\/strong><\/p>\n\n<p>Nous ne pouvons placer des cookies que si votre navigateur autorise l&#8217;utilisation de cookies. C&#8217;est \u00e0 vous de choisir d&#8217;accepter ou de refuser les cookies et vous avez toujours la possibilit\u00e9 de r\u00e9voquer votre autorisation de placer des cookies. <\/p>\n\n<p>Si vous ne souhaitez pas recevoir de cookies du tout, vous pouvez ajuster les param\u00e8tres de votre navigateur Internet pour bloquer compl\u00e8tement l&#8217;utilisation des cookies. Dans ce cas, certaines fonctionnalit\u00e9s de notre site web seront d\u00e9sactiv\u00e9es. Vous pouvez cependant consulter le site web pour obtenir des informations. Vous pouvez \u00e9galement ajuster les param\u00e8tres de votre navigateur Internet pour \u00eatre inform\u00e9 par votre navigateur lorsqu&#8217;un cookie est plac\u00e9.   <\/p>\n\n<p><strong>Cookies tiers<\/strong><\/p>\n\n<p>Notre site web autorise \u00e9galement le placement de cookies tiers. Dans le cas o\u00f9 d&#8217;autres entreprises utilisent des cookies, les politiques de confidentialit\u00e9 et de cookies de l&#8217;entreprise concern\u00e9e s&#8217;appliquent. <\/p>\n\n<p><strong>Cookies analytiques<\/strong><\/p>\n\n<p>Nous pouvons utiliser les cookies de Google Analytics pour collecter des statistiques sur l&#8217;utilisation et les utilisateurs de notre site web. En mesurant l&#8217;utilisation de (parties sp\u00e9cifiques de) notre site web, nous pouvons am\u00e9liorer notre site web au profit des utilisateurs. Nous utilisons en outre ces statistiques pour mesurer le nombre de nos visiteurs et la dur\u00e9e de la visite de chaque visiteur, pour d\u00e9terminer comment les visiteurs naviguent \u00e0 travers les diff\u00e9rentes pages de notre site web, pour consid\u00e9rer quelles sections de notre site web n\u00e9cessitent des ajustements\/devraient \u00eatre r\u00e9vis\u00e9es, et pour optimiser notre site web en g\u00e9n\u00e9ral.  <\/p>\n\n<p>Les cookies Analytics nous fournissent les informations\/donn\u00e9es suivantes qui seront stock\u00e9es dans notre syst\u00e8me d&#8217;analyse web :<\/p>\n\n<ul class=\"wp-block-list\">\n<li>L&#8217;adresse IP anonymis\u00e9e ;<\/li>\n\n\n\n<li>La source de trafic ou la campagne qui explique comment l&#8217;utilisateur est arriv\u00e9 sur le site ;<\/li>\n\n\n\n<li>Quelles (sous-)pages sont visit\u00e9es sur le site web ;<\/li>\n\n\n\n<li>La dur\u00e9e de la visite\/utilisation du site web et de ses sous-pages. Les cookies analytiques suivants sont utilis\u00e9s sur nos sites web : <br\/> <\/li>\n<\/ul>\n\n<figure class=\"wp-block-table\"><table><tbody><tr><td><strong>Nom<\/strong><\/td><td><strong>Description<\/strong><\/td><td><strong>Dur\u00e9e d&#8217;expiration<\/strong><\/td><\/tr><tr><td>_ga<\/td><td>Utilis\u00e9 pour distinguer les utilisateurs.<\/td><td>2 ans<\/td><\/tr><tr><td>_gid<\/td><td>Utilis\u00e9 pour distinguer les utilisateurs.<\/td><td>24 heures<\/td><\/tr><tr><td>_gat_dc_gtm_<property-id><\/property-id><\/td><td>Utilis\u00e9 pour limiter le taux de requ\u00eates.<\/td><td>1 minute<\/td><\/tr><tr><td>AMP_TOKEN<\/td><td>Utilis\u00e9 pour r\u00e9cup\u00e9rer un ID client aupr\u00e8s du service AMP Client ID. Peut \u00e9galement indiquer une d\u00e9sinscription, une requ\u00eate en cours ou une erreur lors de la r\u00e9cup\u00e9ration d&#8217;un ID client aupr\u00e8s du service AMP Client ID. <\/td><td>30 secondes \u00e0 1 an<\/td><\/tr><tr><td>_gac_<property-id><\/property-id><\/td><td>Contient des informations li\u00e9es \u00e0 la campagne pour l&#8217;utilisateur. Si vous avez li\u00e9 vos comptes Google Analytics et Google Ads, les balises de conversion de site web Google Ads liront ce cookie, sauf si vous vous d\u00e9sinscrivez. <\/td><td>90 jours<\/td><\/tr><\/tbody><\/table><\/figure>\n\n<p><br\/><strong>Param\u00e8tres du navigateur<\/strong><\/p>\n\n<p>Si vous ne souhaitez pas que nos sites web stockent des cookies sur votre ordinateur, vous devez ajuster les param\u00e8tres de votre navigateur. Vous recevrez alors un avertissement avant que les cookies ne soient plac\u00e9s. Vous pouvez \u00e9galement ajuster vos param\u00e8tres de mani\u00e8re \u00e0 ce que votre navigateur refuse tous les cookies ou uniquement ceux de tiers. Vous pouvez supprimer les cookies qui ont \u00e9t\u00e9 plac\u00e9s. Veuillez noter que vous devez ajuster les param\u00e8tres pour chaque navigateur et ordinateur que vous utilisez.    <\/p>\n\n<p>Veuillez noter \u00e9galement que nous ne pouvons pas garantir que notre site web fonctionnera correctement si vous ne souhaitez pas accepter les cookies. Il se peut que certaines fonctions du site soient perdues ou que vous ne puissiez pas voir certaines pages du tout. De plus, le refus des cookies sur ce site web ne signifie pas que vous ne verrez aucune publicit\u00e9 connexe sur d&#8217;autres plateformes. Vous avez la possibilit\u00e9 de vous d\u00e9sinscrire de la publicit\u00e9 personnalis\u00e9e de Google. Veuillez visiter    <a> <\/a><a href=\"https:\/\/www.google.com\/settings\/ads\" target=\"_blank\" rel=\"noreferrer noopener\">https:\/\/www.google.com\/settings\/ads<\/a> ou pour vous d\u00e9sinscrire de l&#8217;utilisation des cookies d&#8217;un fournisseur tiers \u00e0 des fins de publicit\u00e9 personnalis\u00e9e, visitez <a href=\"http:\/\/www.aboutads.info\/choices\/\" target=\"_blank\" rel=\"noreferrer noopener\">www.aboutads.info<\/a>.<\/p>\n\n<p><br\/><strong>Suppression des cookies<\/strong><\/p>\n\n<p><em>Suppression des cookies dans Internet Explorer<\/em><\/p>\n\n<p>Allez dans le menu Extra &gt; Options Internet &gt; G\u00e9n\u00e9ral. Sous Historique de navigation, cliquez sur Supprimer. Il se peut que vous ne souhaitiez pas tout supprimer. Assurez-vous simplement que la case Cookies est coch\u00e9e et cliquez sur Supprimer.   <\/p>\n\n<p><em>Suppression des cookies dans Firefox<\/em><\/p>\n\n<p>Allez dans Extra &gt; Options &gt; Vie priv\u00e9e. Cliquez sur Effacer votre historique r\u00e9cent. Sous D\u00e9tails, vous pouvez indiquer exactement ce que vous voulez supprimer. Dans tous les cas, cochez la case Cookies. Vous pouvez \u00e9galement indiquer l&#8217;anciennet\u00e9 des cookies \u00e0 supprimer. Ensuite, cliquez sur Tout effacer.     <\/p>\n\n<p><em>Suppression des cookies dans Chrome<\/em><\/p>\n\n<p>Cliquez sur l&#8217;ic\u00f4ne avec les 3 lignes dans le coin sup\u00e9rieur droit. Cliquez sur Plus d&#8217;outils &gt; Effacer les donn\u00e9es de navigation. Assurez-vous que la case &#8220;Supprimer les cookies et autres donn\u00e9es de site et de module&#8221; est coch\u00e9e. Vous pouvez \u00e9galement indiquer l&#8217;anciennet\u00e9 des cookies \u00e0 supprimer. Ensuite, cliquez sur Tout effacer.    <\/p>\n\n<p><em>Suppression des cookies dans Safari<\/em><\/p>\n\n<p>Cliquez sur l&#8217;ic\u00f4ne radar dans le coin sup\u00e9rieur droit. Cliquez sur Pr\u00e9f\u00e9rences, allez dans Confidentialit\u00e9 et cliquez sur Supprimer toutes les donn\u00e9es de site web. Vous pouvez \u00e9galement cliquer sur D\u00e9tails et supprimer des donn\u00e9es s\u00e9lectionn\u00e9es.  <\/p>\n\n<p><strong>Questions<\/strong><\/p>\n\n<p>Si vous avez des questions ou des r\u00e9clamations concernant l&#8217;utilisation des cookies par l&#8217;OIAA, ou si vous souhaitez r\u00e9agir \u00e0 notre politique de cookies, veuillez contacter l&#8217;OIAA en nous envoyant un e-mail \u00e0 <strong>privacy@aa-intergroup.org<\/strong>.<\/p>\n","protected":false},"excerpt":{"rendered":"<p>Cette politique relative aux cookies a \u00e9t\u00e9 mise \u00e0 jour pour la derni\u00e8re fois le 14 juin 2023. Le site web de l&#8217;OIAA utilise des cookies pour optimiser et am\u00e9liorer la fonctionnalit\u00e9 de notre site web. Comme nous souhaitons assurer votre confidentialit\u00e9 et am\u00e9liorer la convivialit\u00e9 de votre (vos) visite(s) sur notre site web, nous<a class=\"excerpt-read-more\" href=\"https:\/\/beta.aa-intergroup.org\/fr\/politique-relative-aux-cookies\/\" title=\"ReadPolitique relative aux cookies\">&#8230; Read more &raquo;<\/a><\/p>\n","protected":false},"author":12,"featured_media":0,"parent":0,"menu_order":0,"comment_status":"closed","ping_status":"closed","template":"","meta":{"_acf_changed":false,"_eb_attr":"","footnotes":""},"class_list":["post-17138","page","type-page","status-publish","hentry"],"acf":[],"_links":{"self":[{"href":"https:\/\/beta.aa-intergroup.org\/fr\/wp-json\/wp\/v2\/pages\/17138","targetHints":{"allow":["GET"]}}],"collection":[{"href":"https:\/\/beta.aa-intergroup.org\/fr\/wp-json\/wp\/v2\/pages"}],"about":[{"href":"https:\/\/beta.aa-intergroup.org\/fr\/wp-json\/wp\/v2\/types\/page"}],"author":[{"embeddable":true,"href":"https:\/\/beta.aa-intergroup.org\/fr\/wp-json\/wp\/v2\/users\/12"}],"replies":[{"embeddable":true,"href":"https:\/\/beta.aa-intergroup.org\/fr\/wp-json\/wp\/v2\/comments?post=17138"}],"version-history":[{"count":1,"href":"https:\/\/beta.aa-intergroup.org\/fr\/wp-json\/wp\/v2\/pages\/17138\/revisions"}],"predecessor-version":[{"id":17139,"href":"https:\/\/beta.aa-intergroup.org\/fr\/wp-json\/wp\/v2\/pages\/17138\/revisions\/17139"}],"wp:attachment":[{"href":"https:\/\/beta.aa-intergroup.org\/fr\/wp-json\/wp\/v2\/media?parent=17138"}],"curies":[{"name":"wp","href":"https:\/\/api.w.org\/{rel}","templated":true}]}}