{"id":17186,"date":"2023-04-12T11:29:03","date_gmt":"2023-04-12T15:29:03","guid":{"rendered":"https:\/\/beta.aa-intergroup.org\/ateliers-et-evenements\/"},"modified":"2025-11-06T00:11:05","modified_gmt":"2025-11-06T05:11:05","slug":"ateliers-et-evenements","status":"publish","type":"page","link":"https:\/\/beta.aa-intergroup.org\/fr\/ateliers-et-evenements\/","title":{"rendered":"Ateliers et \u00e9v\u00e9nements"},"content":{"rendered":"\n<p>Favorisant l&#8217;unit\u00e9 et notre bien-\u00eatre commun, les ateliers et \u00e9v\u00e9nements de l&#8217;OIAA cherchent \u00e0 r\u00e9pondre aux besoins des groupes et membres des AA en ligne en engageant, partageant et informant sur une vari\u00e9t\u00e9 de sujets et th\u00e8mes. Les liens seront activ\u00e9s d\u00e8s que les informations seront disponibles. <\/p>\n\n<h3 class=\"wp-block-heading\">2025<\/h3>\n\n<ul class=\"wp-block-list\">\n<li><a href=\"https:\/\/beta.aa-intergroup.org\/fr\/documents\/atelier-de-securite-techsteppers-1er-novembre-2025\/\" data-type=\"link\" data-id=\"https:\/\/beta.aa-intergroup.org\/documents\/techsteppers-safety-workshop-1-november-2025\/\">Atelier trimestriel sur la s\u00e9curit\u00e9 TechSteppers 01 novembre 2025<\/a> (notes Zoom AI)<\/li>\n<\/ul>\n\n<h3 class=\"wp-block-heading\">2024<\/h3>\n\n<ul class=\"wp-block-list\">\n<li><a href=\"https:\/\/beta.aa-intergroup.org\/fr\/documents\/atelier-sur-la-securite-techsteppers-03-fevrier-2024\/\">Atelier trimestriel sur la s\u00e9curit\u00e9 TechSteppers 03 f\u00e9vrier 2024<\/a><\/li>\n\n\n\n<li><a href=\"https:\/\/beta.aa-intergroup.org\/fr\/documents\/session-de-revision-des-directives-du-10-fevrier-2024\/\">Session de r\u00e9vision des directives du 10 f\u00e9vrier 2024<\/a><\/li>\n\n\n\n<li><a href=\"https:\/\/beta.aa-intergroup.org\/fr\/documents\/session-de-revision-des-directives-24-fevrier-2024\/\">Session de r\u00e9vision des directives 24 f\u00e9vrier 2024<\/a><\/li>\n\n\n\n<li><a href=\"https:\/\/beta.aa-intergroup.org\/fr\/documents\/session-de-revision-des-directives-09-mars-2024\/\">Session de r\u00e9vision des directives 09 mars 2024<\/a><\/li>\n\n\n\n<li><a href=\"https:\/\/beta.aa-intergroup.org\/fr\/documents\/atelier-de-securite-techsteppers-04-mai-2024\/\">Atelier trimestriel sur la s\u00e9curit\u00e9 TechSteppers 04 mai 2024<\/a><\/li>\n\n\n\n<li><a href=\"https:\/\/beta.aa-intergroup.org\/fr\/documents\/exposition-de-service-oiaa\/\">Exposition de service OIAA 27 juillet 2024<\/a><\/li>\n\n\n\n<li><a href=\"https:\/\/beta.aa-intergroup.org\/fr\/documents\/atelier-de-securite-techsteppers-le-03-aout-2024\/\">Atelier trimestriel sur la s\u00e9curit\u00e9 TechSteppers 03 ao\u00fbt 2024<\/a><\/li>\n\n\n\n<li><a href=\"https:\/\/beta.aa-intergroup.org\/fr\/1ere-convention-internationale-en-ligne-de-loiaa\/\">Convention internationale en ligne OIAA 2024 les 25, 26 et 27 octobre 2024<\/a><\/li>\n\n\n\n<li><a href=\"https:\/\/beta.aa-intergroup.org\/fr\/documents\/atelier-sur-la-securite-techsteppers-02-nov-2024\/\"><strong>Atelier trimestriel sur la s\u00e9curit\u00e9 TechSteppers 02 novembre 2024<\/strong><\/a><\/li>\n<\/ul>\n\n<h3 class=\"wp-block-heading\">2023<\/h3>\n\n<ul class=\"wp-block-list\">\n<li><a href=\"https:\/\/beta.aa-intergroup.org\/fr\/documents\/atelier-sur-le-guide-de-securite-zoom-de-loiaa-du-14-janvier-2023\/\">Atelier sur le guide de s\u00e9curit\u00e9 Zoom 14 janvier 2023<\/a><\/li>\n\n\n\n<li><a href=\"https:\/\/beta.aa-intergroup.org\/fr\/documents\/groupes-aa-en-ligne-problemes-et-solutions-assemblee-generale-du-13-mai-2023\/\">Assembl\u00e9e publique sur les probl\u00e8mes et solutions des groupes AA en ligne 13 mai 2023<\/a><\/li>\n\n\n\n<li><a href=\"https:\/\/beta.aa-intergroup.org\/fr\/documents\/celebration-internationale-de-lanniversaire-des-bsg-aa-10-juin-2023\/\">C\u00e9l\u00e9bration internationale de l&#8217;anniversaire des BSG AA 10 juin 2023<\/a><\/li>\n\n\n\n<li><a href=\"https:\/\/beta.aa-intergroup.org\/fr\/documents\/atelier-de-securite-de-loiaa-26-aout-2023\/\">Atelier sur la s\u00e9curit\u00e9 26 ao\u00fbt 2023<\/a><\/li>\n<\/ul>\n\n<p><\/p>\n","protected":false},"excerpt":{"rendered":"<p>Favorisant l&#8217;unit\u00e9 et notre bien-\u00eatre commun, les ateliers et \u00e9v\u00e9nements de l&#8217;OIAA cherchent \u00e0 r\u00e9pondre aux besoins des groupes et membres des AA en ligne en engageant, partageant et informant sur une vari\u00e9t\u00e9 de sujets et th\u00e8mes. Les liens seront activ\u00e9s d\u00e8s que les informations seront disponibles. 2025 2024 2023<\/p>\n","protected":false},"author":18,"featured_media":0,"parent":0,"menu_order":0,"comment_status":"closed","ping_status":"closed","template":"","meta":{"_acf_changed":false,"_eb_attr":"","footnotes":""},"class_list":["post-17186","page","type-page","status-publish","hentry"],"acf":[],"_links":{"self":[{"href":"https:\/\/beta.aa-intergroup.org\/fr\/wp-json\/wp\/v2\/pages\/17186","targetHints":{"allow":["GET"]}}],"collection":[{"href":"https:\/\/beta.aa-intergroup.org\/fr\/wp-json\/wp\/v2\/pages"}],"about":[{"href":"https:\/\/beta.aa-intergroup.org\/fr\/wp-json\/wp\/v2\/types\/page"}],"author":[{"embeddable":true,"href":"https:\/\/beta.aa-intergroup.org\/fr\/wp-json\/wp\/v2\/users\/18"}],"replies":[{"embeddable":true,"href":"https:\/\/beta.aa-intergroup.org\/fr\/wp-json\/wp\/v2\/comments?post=17186"}],"version-history":[{"count":3,"href":"https:\/\/beta.aa-intergroup.org\/fr\/wp-json\/wp\/v2\/pages\/17186\/revisions"}],"predecessor-version":[{"id":40579,"href":"https:\/\/beta.aa-intergroup.org\/fr\/wp-json\/wp\/v2\/pages\/17186\/revisions\/40579"}],"wp:attachment":[{"href":"https:\/\/beta.aa-intergroup.org\/fr\/wp-json\/wp\/v2\/media?parent=17186"}],"curies":[{"name":"wp","href":"https:\/\/api.w.org\/{rel}","templated":true}]}}