{"id":17317,"date":"2022-12-19T01:44:54","date_gmt":"2022-12-19T06:44:54","guid":{"rendered":"https:\/\/beta.aa-intergroup.org\/assemblee-oiaa-du-3-decembre-2022\/"},"modified":"2025-10-28T07:28:04","modified_gmt":"2025-10-28T11:28:04","slug":"assemblee-oiaa-du-3-decembre-2022","status":"publish","type":"page","link":"https:\/\/beta.aa-intergroup.org\/fr\/assemblee-oiaa-du-3-decembre-2022\/","title":{"rendered":"Assembl\u00e9e OIAA du 3 d\u00e9cembre 2022"},"content":{"rendered":"\n<h5 class=\"wp-block-heading\"><strong>Page d&#8217;archive pour l&#8217;assembl\u00e9e OIAA du 3 d\u00e9cembre 2022<\/strong><\/h5>\n\n<div style=\"height:40px\" aria-hidden=\"true\" class=\"wp-block-spacer\"><\/div>\n\n<h4 class=\"wp-block-heading\">Annonce de l&#8217;assembl\u00e9e<\/h4>\n\n<ul class=\"wp-block-list\">\n<li><a href=\"https:\/\/beta.aa-intergroup.org\/documents\/announcement\/\">Annonce de l&#8217;assembl\u00e9e<\/a><\/li>\n\n\n\n<li>Copiez ce message et ce lien dans le chat de votre r\u00e9union\n<ul class=\"wp-block-list\">\n<li>Assembl\u00e9e g\u00e9n\u00e9rale &#8211; 3 d\u00e9cembre 2022 : https:\/\/beta.aa-intergroup.org\/general-assembly<\/li>\n<\/ul>\n<\/li>\n<\/ul>\n\n<h4 class=\"wp-block-heading\" id=\"assembly-agenda\">Ordre du jour de l\u2019assembl\u00e9e<\/h4>\n\n<ul class=\"wp-block-list\">\n<li><a href=\"https:\/\/beta.aa-intergroup.org\/documents\/oiaa-general-annual-assembly-agenda-december-3-2022\/\">L&#8217;ordre du jour de l&#8217;assembl\u00e9e du 3 d\u00e9cembre 2022<\/a><\/li>\n\n\n\n<li><a href=\"https:\/\/beta.aa-intergroup.org\/documents\/a-note-from-the-chair\/\">Note du pr\u00e9sident<\/a>\n<ul class=\"wp-block-list\">\n<li><a href=\"https:\/\/beta.aa-intergroup.org\/documents\/minutes-from-the-oiaa-september-10-2022-assembly\/\">Le proc\u00e8s-verbal de l&#8217;assembl\u00e9e OIAA du 10 septembre 2022<\/a> sera soumis au vote lors de l&#8217;assembl\u00e9e. Veuillez le lire et l&#8217;examiner avant l&#8217;assembl\u00e9e. <\/li>\n<\/ul>\n<\/li>\n<\/ul>\n\n<h4 class=\"wp-block-heading\">\u00c9lection des dirigeants de l&#8217;OIAA<\/h4>\n\n<p>Nous encourageons toutes les personnes qualifi\u00e9es \u00e0 se porter candidates. Les postes d&#8217;officiers en \u00e9lection sont : Pr\u00e9sident, Vice-pr\u00e9sident, Secr\u00e9taire, Tr\u00e9sorier, Pr\u00e9sident du comit\u00e9 des finances et Pr\u00e9sident du comit\u00e9 technologique.  <\/p>\n\n<p>Toute personne ayant servi dans un poste de service OIAA est \u00e9ligible pour servir comme officier d&#8217;intergroupes. Aucune personne ne peut occuper plus d&#8217;un poste d&#8217;officier d&#8217;intergroupes \u00e0 la fois, et aucun officier ne peut servir simultan\u00e9ment comme suppl\u00e9ant. Aucun officier ne peut servir simultan\u00e9ment comme RIG. Tous les officiers doivent \u00eatre \u00e2g\u00e9s d&#8217;au moins dix-huit (18) ans.   <\/p>\n\n<ul class=\"wp-block-list\">\n<li><a href=\"https:\/\/beta.aa-intergroup.org\/documents\/qualifications\/\">Descriptions et qualifications <\/a><\/li>\n\n\n\n<li><a href=\"https:\/\/beta.aa-intergroup.org\/documents\/resume-presentation-page\/\">Plan pour la pr\u00e9sentation du curriculum vitae<\/a> Ce format n&#8217;est pas obligatoire ; il est fourni comme outil d&#8217;aide.<\/li>\n<\/ul>\n\n<h4 class=\"wp-block-heading\">Proc\u00e9dure d&#8217;\u00e9lection<\/h4>\n\n<p>Les membres votants \u00e9liront les dirigeants qui se pr\u00e9sentent \u00e0 l&#8217;\u00e9lection.<\/p>\n\n<ul class=\"wp-block-list\">\n<li><a href=\"https:\/\/beta.aa-intergroup.org\/documents\/third-legacy-pdfs\/\">La proc\u00e9dure du troisi\u00e8me h\u00e9ritage<\/a><\/li>\n\n\n\n<li><a href=\"https:\/\/beta.aa-intergroup.org\/documents\/summary-of-motion-procedures-to-be-used-at-the-assembly\/\">R\u00e9sum\u00e9 des motions<\/a><\/li>\n<\/ul>\n\n<h4 class=\"wp-block-heading\" id=\"budget\">Budget 2023 <\/h4>\n\n<ul class=\"wp-block-list\">\n<li><a href=\"https:\/\/beta.aa-intergroup.org\/documents\/note-from-the-oiaa-treasurer-and-oiaa-finance-committee-chair\/\">Note du tr\u00e9sorier OIAA et du pr\u00e9sident du comit\u00e9 des finances OIAA<\/a><\/li>\n\n\n\n<li><a href=\"https:\/\/beta.aa-intergroup.org\/documents\/proposed-budget-and-operating-statement\/\">Le budget de fonctionnement OIAA 2023<\/a> sera soumis au vote lors de l&#8217;assembl\u00e9e. Veuillez le lire et l&#8217;examiner avant l&#8217;assembl\u00e9e. <\/li>\n<\/ul>\n","protected":false},"excerpt":{"rendered":"<p>Page d&#8217;archive pour l&#8217;assembl\u00e9e OIAA du 3 d\u00e9cembre 2022 Annonce de l&#8217;assembl\u00e9e Ordre du jour de l\u2019assembl\u00e9e \u00c9lection des dirigeants de l&#8217;OIAA Nous encourageons toutes les personnes qualifi\u00e9es \u00e0 se porter candidates. Les postes d&#8217;officiers en \u00e9lection sont : Pr\u00e9sident, Vice-pr\u00e9sident, Secr\u00e9taire, Tr\u00e9sorier, Pr\u00e9sident du comit\u00e9 des finances et Pr\u00e9sident du comit\u00e9 technologique. Toute personne<a class=\"excerpt-read-more\" href=\"https:\/\/beta.aa-intergroup.org\/fr\/assemblee-oiaa-du-3-decembre-2022\/\" title=\"ReadAssembl\u00e9e OIAA du 3 d\u00e9cembre 2022\">&#8230; Read more &raquo;<\/a><\/p>\n","protected":false},"author":12,"featured_media":0,"parent":0,"menu_order":0,"comment_status":"closed","ping_status":"closed","template":"","meta":{"_acf_changed":false,"_eb_attr":"","footnotes":""},"class_list":["post-17317","page","type-page","status-publish","hentry"],"acf":[],"_links":{"self":[{"href":"https:\/\/beta.aa-intergroup.org\/fr\/wp-json\/wp\/v2\/pages\/17317","targetHints":{"allow":["GET"]}}],"collection":[{"href":"https:\/\/beta.aa-intergroup.org\/fr\/wp-json\/wp\/v2\/pages"}],"about":[{"href":"https:\/\/beta.aa-intergroup.org\/fr\/wp-json\/wp\/v2\/types\/page"}],"author":[{"embeddable":true,"href":"https:\/\/beta.aa-intergroup.org\/fr\/wp-json\/wp\/v2\/users\/12"}],"replies":[{"embeddable":true,"href":"https:\/\/beta.aa-intergroup.org\/fr\/wp-json\/wp\/v2\/comments?post=17317"}],"version-history":[{"count":1,"href":"https:\/\/beta.aa-intergroup.org\/fr\/wp-json\/wp\/v2\/pages\/17317\/revisions"}],"predecessor-version":[{"id":17318,"href":"https:\/\/beta.aa-intergroup.org\/fr\/wp-json\/wp\/v2\/pages\/17317\/revisions\/17318"}],"wp:attachment":[{"href":"https:\/\/beta.aa-intergroup.org\/fr\/wp-json\/wp\/v2\/media?parent=17317"}],"curies":[{"name":"wp","href":"https:\/\/api.w.org\/{rel}","templated":true}]}}