{"id":17563,"date":"2022-08-12T18:14:04","date_gmt":"2022-08-12T22:14:04","guid":{"rendered":"https:\/\/beta.aa-intergroup.org\/liste-prioritaire-des-rsi\/"},"modified":"2025-10-28T07:39:48","modified_gmt":"2025-10-28T11:39:48","slug":"liste-prioritaire-des-rsi","status":"publish","type":"page","link":"https:\/\/beta.aa-intergroup.org\/fr\/liste-prioritaire-des-rsi\/","title":{"rendered":"Liste prioritaire des RSI"},"content":{"rendered":"\n<p><\/p>\n\n<p>Ici, vous pouvez acc\u00e9der rapidement aux informations importantes qui requi\u00e8rent votre attention. <\/p>\n\n<p>Si vous \u00eates un nouveau RSI ou RSI suppl\u00e9ant, ou si vous souhaitez mettre \u00e0 jour les repr\u00e9sentants de votre groupe, veuillez utiliser le <a href=\"https:\/\/beta.aa-intergroup.org\/fr\/notre-groupe-a-un-nouveau-representant\/\">formulaire de mise \u00e0 jour RSI\/RSI suppl\u00e9ant ici<\/a><\/p>\n\n<h4 class=\"wp-block-heading\">Nouvelles informations<\/h4>\n\n<ul class=\"wp-block-list\">\n<li><strong>Responsabilit\u00e9s des RSI de l&#8217;OIAA<\/strong>\n<ul class=\"wp-block-list\">\n<li><a href=\"https:\/\/beta.aa-intergroup.org\/documents\/igrs-responsibilities-en\/\">anglais<\/a><\/li>\n\n\n\n<li><a href=\"https:\/\/beta.aa-intergroup.org\/documents\/igrs-responsiblities-es\/\">espagnol<\/a><\/li>\n\n\n\n<li><a href=\"https:\/\/beta.aa-intergroup.org\/documents\/igrs-responsiblities-pt\/\" data-type=\"link\" data-id=\"https:\/\/beta.aa-intergroup.org\/documents\/igrs-responsiblities-pt\/\">portugais<\/a><\/li>\n\n\n\n<li><a href=\"https:\/\/beta.aa-intergroup.org\/documents\/igrs-responsiblities-fr\/\" data-type=\"link\" data-id=\"https:\/\/beta.aa-intergroup.org\/documents\/igrs-responsiblities-fr\/\">fran\u00e7ais<\/a><\/li>\n\n\n\n<li><a href=\"https:\/\/beta.aa-intergroup.org\/documents\/igrs-responsibilities-farsi\/\" data-type=\"link\" data-id=\"https:\/\/beta.aa-intergroup.org\/documents\/igrs-responsibilities-farsi\/\">farsi<\/a><\/li>\n<\/ul>\n<\/li>\n\n\n\n<li>Vice-pr\u00e9sident du conseil : poste vacant. <a href=\"https:\/\/beta.aa-intergroup.org\/documents\/vice-chair-of-the-board-of-trusteesbrduties-eligibility-qualifications\/\" data-type=\"link\" data-id=\"https:\/\/beta.aa-intergroup.org\/documents\/vice-chair-of-the-board-of-trusteesbrduties-eligibility-qualifications\/\">Voir les d\u00e9tails<\/a><\/li>\n\n\n\n<li>Le poste d&#8217;<strong><a href=\"https:\/\/beta.aa-intergroup.org\/oiaa-board\/\" data-type=\"link\" data-id=\"https:\/\/beta.aa-intergroup.org\/oiaa-board\/\">administrateur g\u00e9n\u00e9ral de l&#8217;OIAA<\/a><\/strong> est pourvu.<\/li>\n<\/ul>\n\n<div style=\"height:20px\" aria-hidden=\"true\" class=\"wp-block-spacer\"><\/div>\n\n<h4 class=\"wp-block-heading text-heading-medium\">\u00c9v\u00e9nements \u00e0 venir<\/h4>\n\n<p>Les liens seront activ\u00e9s d\u00e8s que les informations seront disponibles.<\/p>\n\n<ul class=\"wp-block-list\">\n<li><a href=\"https:\/\/beta.aa-intergroup.org\/oiaa-assembly-21-june-2025\/\" data-type=\"link\" data-id=\"https:\/\/beta.aa-intergroup.org\/oiaa-assembly-21-june-2025\/\">Assembl\u00e9e du 21 juin 2025<\/a><\/li>\n<\/ul>\n\n<div style=\"height:20px\" aria-hidden=\"true\" class=\"wp-block-spacer\"><\/div>\n\n<h4 class=\"wp-block-heading text-heading-medium\">\u00c9v\u00e9nements pass\u00e9s<\/h4>\n\n<p>Si vous recherchez des informations sur une assembl\u00e9e, un forum, un atelier ou un \u00e9v\u00e9nement pass\u00e9 de l&#8217;OIAA, consultez ici. <\/p>\n\n<ul class=\"wp-block-list text-content-large\">\n<li><a href=\"https:\/\/beta.aa-intergroup.org\/fr\/assemblees-oiaa\/\" data-type=\"URL\" data-id=\"https:\/\/beta.aa-intergroup.org\/assemblies\/\">Archives des assembl\u00e9es<\/a>.<\/li>\n\n\n\n<li><a href=\"https:\/\/beta.aa-intergroup.org\/fr\/forums-des-rig\/\" data-type=\"URL\" data-id=\"https:\/\/beta.aa-intergroup.org\/igr-forums\/\">Archives des forums RSI<\/a>.<\/li>\n\n\n\n<li><a href=\"https:\/\/beta.aa-intergroup.org\/fr\/ateliers-et-evenements\/\" data-type=\"URL\" data-id=\"https:\/\/beta.aa-intergroup.org\/workshops\/\">Archives des ateliers et \u00e9v\u00e9nements<\/a>.<\/li>\n<\/ul>\n\n<div style=\"height:20px\" aria-hidden=\"true\" class=\"wp-block-spacer\"><\/div>\n\n<h4 class=\"wp-block-heading\">RSI &#8211; passage \u00e0 l&#8217;action<\/h4>\n\n<ul class=\"wp-block-list margin-left-small\">\n<li><strong><a href=\"https:\/\/beta.aa-intergroup.org\/fr\/forums-des-rig\/\">Bo\u00eete \u00e0 questions.<\/a><\/strong>\n<ul class=\"wp-block-list\">\n<li>Envoyez vos questions ou sujets d&#8217;int\u00e9r\u00eat \u00e0 <strong>IGR.forum@aa-intergroup.org<\/strong>.<\/li>\n<\/ul>\n<\/li>\n\n\n\n<li><a href=\"https:\/\/beta.aa-intergroup.org\/fr\/ressources-de-securite\/\">Ressources sur la s\u00e9curit\u00e9<\/a>.<\/li>\n\n\n\n<li><a href=\"https:\/\/beta.aa-intergroup.org\/fr\/forums-des-rig\/\" data-type=\"URL\" data-id=\"https:\/\/beta.aa-intergroup.org\/igr-forums\/\">Dates des prochains forums<\/a>.<\/li>\n\n\n\n<li><a href=\"https:\/\/beta.aa-intergroup.org\/fr\/assemblees-oiaa\/\" data-type=\"URL\" data-id=\"https:\/\/beta.aa-intergroup.org\/assemblies\/\">Dates des prochaines assembl\u00e9es<\/a>.<\/li>\n\n\n\n<li><a href=\"https:\/\/beta.aa-intergroup.org\/fr\/rejoindre-loiaa\/\">Rejoindre l&#8217;OIAA<\/a>.<\/li>\n\n\n\n<li><a href=\"https:\/\/beta.aa-intergroup.org\/fr\/mises-a-jour-de-lannuaire-des-reunions\/\">Mettre \u00e0 jour une r\u00e9union dans le guide des r\u00e9unions<\/a>.<\/li>\n\n\n\n<li><a href=\"https:\/\/beta.aa-intergroup.org\/fr\/opportunites-de-service\/\">Opportunit\u00e9s de service<\/a>.<\/li>\n\n\n\n<li><a href=\"https:\/\/www.youtube.com\/@AA-Intergroup\">Cha\u00eene YouTube de l&#8217;OIAA<\/a>.<\/li>\n\n\n\n<li><a href=\"https:\/\/beta.aa-intergroup.org\/fr\/annonces-du-groupe\/\">Soumettre un rapport de groupe ici<\/a>.<\/li>\n<\/ul>\n\n<p><strong>Comment soumettre un rapport de groupe<br\/><\/strong><iframe loading=\"lazy\" width=\"550\" height=\"310\" src=\"https:\/\/www.youtube.com\/embed\/82MJiTdvv0U?si=aXw7W7Xg4SuQtyPu\" title=\"How to Submit a Group Report\" frameborder=\"0\" allow=\"accelerometer; autoplay; clipboard-write; encrypted-media; gyroscope; picture-in-picture\" allowfullscreen><\/iframe><\/p>\n","protected":false},"excerpt":{"rendered":"<p>Ici, vous pouvez acc\u00e9der rapidement aux informations importantes qui requi\u00e8rent votre attention. Si vous \u00eates un nouveau RSI ou RSI suppl\u00e9ant, ou si vous souhaitez mettre \u00e0 jour les repr\u00e9sentants de votre groupe, veuillez utiliser le formulaire de mise \u00e0 jour RSI\/RSI suppl\u00e9ant ici Nouvelles informations \u00c9v\u00e9nements \u00e0 venir Les liens seront activ\u00e9s d\u00e8s que<a class=\"excerpt-read-more\" href=\"https:\/\/beta.aa-intergroup.org\/fr\/liste-prioritaire-des-rsi\/\" title=\"ReadListe prioritaire des RSI\">&#8230; Read more &raquo;<\/a><\/p>\n","protected":false},"author":12,"featured_media":0,"parent":0,"menu_order":0,"comment_status":"closed","ping_status":"closed","template":"page-igr-hotlist.php","meta":{"_acf_changed":false,"_eb_attr":"","footnotes":""},"class_list":["post-17563","page","type-page","status-publish","hentry"],"acf":[],"_links":{"self":[{"href":"https:\/\/beta.aa-intergroup.org\/fr\/wp-json\/wp\/v2\/pages\/17563","targetHints":{"allow":["GET"]}}],"collection":[{"href":"https:\/\/beta.aa-intergroup.org\/fr\/wp-json\/wp\/v2\/pages"}],"about":[{"href":"https:\/\/beta.aa-intergroup.org\/fr\/wp-json\/wp\/v2\/types\/page"}],"author":[{"embeddable":true,"href":"https:\/\/beta.aa-intergroup.org\/fr\/wp-json\/wp\/v2\/users\/12"}],"replies":[{"embeddable":true,"href":"https:\/\/beta.aa-intergroup.org\/fr\/wp-json\/wp\/v2\/comments?post=17563"}],"version-history":[{"count":1,"href":"https:\/\/beta.aa-intergroup.org\/fr\/wp-json\/wp\/v2\/pages\/17563\/revisions"}],"predecessor-version":[{"id":17566,"href":"https:\/\/beta.aa-intergroup.org\/fr\/wp-json\/wp\/v2\/pages\/17563\/revisions\/17566"}],"wp:attachment":[{"href":"https:\/\/beta.aa-intergroup.org\/fr\/wp-json\/wp\/v2\/media?parent=17563"}],"curies":[{"name":"wp","href":"https:\/\/api.w.org\/{rel}","templated":true}]}}