{"id":17577,"date":"2022-12-17T23:27:38","date_gmt":"2022-12-18T04:27:38","guid":{"rendered":"https:\/\/beta.aa-intergroup.org\/conseil-dadministration-de-loiaa\/"},"modified":"2025-10-28T07:39:53","modified_gmt":"2025-10-28T11:39:53","slug":"conseil-dadministration-de-loiaa","status":"publish","type":"page","link":"https:\/\/beta.aa-intergroup.org\/fr\/conseil-dadministration-de-loiaa\/","title":{"rendered":"Conseil d\u2019administration de l\u2019OIAA"},"content":{"rendered":"\n<h3 class=\"wp-block-heading\">Membres du conseil d&#8217;administration<\/h3>\n\n<p><strong>Pr\u00e9sident OIAA<\/strong> Gwen M.<br\/><strong>Chair@aa-intergroup.org<\/strong><\/p>\n\n<p><strong>Vice-pr\u00e9sident OIAA<\/strong> : Sharon G.<br\/><strong>Vice-Chair@aa-intergroup.org<\/strong><\/p>\n\n<p><strong>Secr\u00e9taire OIAA<\/strong> Lesliee A.<br\/><strong>Secretary@aa-intergroup.org<\/strong><\/p>\n\n<p><strong>Tr\u00e9sorier OIAA<\/strong> : poste vacant<br\/><strong>Treasurer@aa-intergroup.org<\/strong><\/p>\n\n<p><strong>Pr\u00e9sident technologie OIAA<\/strong> Mark M.<br\/><strong>Tech.Chair@aa-intergroup.org<\/strong><\/p>\n\n<p><strong>Administrateur international OIAA<\/strong> : poste vacant<strong><br\/>international.trustee@aa-intergroup.org<\/strong><\/p>\n\n<p><strong>Administrateur g\u00e9n\u00e9ral OIAA<\/strong> &#8211; Mary M.<strong><br\/>trustee.at.large@aa-intergroup.org<\/strong><\/p>\n\n<div class=\"wp-block-columns is-layout-flex wp-container-core-columns-is-layout-9d6595d7 wp-block-columns-is-layout-flex\">\n<div class=\"wp-block-column is-layout-flow wp-block-column-is-layout-flow\" style=\"flex-basis:100%\">\n<div class=\"wp-block-buttons is-layout-flex wp-block-buttons-is-layout-flex\">\n<div class=\"wp-block-button is-style-outline is-style-outline--1\"><a class=\"wp-block-button__link wp-element-button\" href=\"https:\/\/beta.aa-intergroup.org\/documents\/oiaa-bylaws\/\">Statuts OIAA<\/a><\/div>\n<\/div>\n\n\n\n<div style=\"height:21px\" aria-hidden=\"true\" class=\"wp-block-spacer\"><\/div>\n\n\n\n<div class=\"wp-block-buttons is-layout-flex wp-block-buttons-is-layout-flex\">\n<div class=\"wp-block-button is-style-outline is-style-outline--2\"><a class=\"wp-block-button__link wp-element-button\" href=\"https:\/\/beta.aa-intergroup.org\/documents\/oiaa-guidelines\/\">Directives OIAA<\/a><\/div>\n<\/div>\n<\/div>\n<\/div>\n\n<div style=\"height:30px\" aria-hidden=\"true\" class=\"wp-block-spacer\"><\/div>\n\n<p>Nous recherchons actuellement des candidats pour servir OIAA en tant qu&#8217;administrateur. Les nominations sont ouvertes et les \u00e9lections annuelles auront lieu lors de notre assembl\u00e9e de d\u00e9cembre. <g id=\"gid_0\">Tous les postes du conseil d&#8217;administration sont ouverts \u00e0 l&#8217;exception du pr\u00e9sident technologie<\/g>. Les responsabilit\u00e9s de service pour les membres du conseil d&#8217;administration sont d\u00e9finies dans les <a href=\"https:\/\/beta.aa-intergroup.org\/documents\/oiaa-bylaws\/\" target=\"_blank\" rel=\"noreferrer noopener\">statuts OIAA<\/a> &#8211; <strong>Article 4 Dirigeants.<\/strong>    <\/p>\n\n<p>L&#8217;\u00e9ligibilit\u00e9 et les qualifications pour tous les administrateurs OIAA peuvent \u00eatre trouv\u00e9es dans les <a href=\"https:\/\/beta.aa-intergroup.org\/documents\/oiaa-guidelines\/#sec5\" target=\"_blank\" rel=\"noreferrer noopener\">directives OIAA<\/a> &#8211; <strong>Section 5.1.1<\/strong> avec des descriptions de postes suppl\u00e9mentaires dans la <strong>Section 5.2 Dirigeants.<\/strong> <\/p>\n\n<p>Les candidats \u00e9ligibles doivent actuellement \u00eatre en service avec OIAA.<\/p>\n\n<p>Les nominations et\/ou questions peuvent \u00eatre envoy\u00e9es \u00e0 OIAA.Board@aa-intergroup.org<\/p>\n\n<h4 class=\"wp-block-heading\">Proc\u00e8s-verbaux et ordres du jour du conseil d&#8217;administration OIAA<\/h4>\n\n<p>Si vous avez un point que vous souhaitez placer \u00e0 l&#8217;ordre du jour de la r\u00e9union du conseil d&#8217;administration, veuillez envoyer un courriel \u00e0 <strong>OIAA.Board@aa-intergroup.org<\/strong> et il sera examin\u00e9 par le pr\u00e9sident OIAA. Les proc\u00e8s-verbaux et ordres du jour des r\u00e9unions du conseil d&#8217;administration OIAA seront publi\u00e9s d\u00e8s qu&#8217;ils seront disponibles.  <br\/><\/p>\n","protected":false},"excerpt":{"rendered":"<p>Membres du conseil d&#8217;administration Pr\u00e9sident OIAA Gwen M.Chair@aa-intergroup.org Vice-pr\u00e9sident OIAA : Sharon G.Vice-Chair@aa-intergroup.org Secr\u00e9taire OIAA Lesliee A.Secretary@aa-intergroup.org Tr\u00e9sorier OIAA : poste vacantTreasurer@aa-intergroup.org Pr\u00e9sident technologie OIAA Mark M.Tech.Chair@aa-intergroup.org Administrateur international OIAA : poste vacantinternational.trustee@aa-intergroup.org Administrateur g\u00e9n\u00e9ral OIAA &#8211; Mary M.trustee.at.large@aa-intergroup.org Nous recherchons actuellement des candidats pour servir OIAA en tant qu&#8217;administrateur. Les nominations sont ouvertes et<a class=\"excerpt-read-more\" href=\"https:\/\/beta.aa-intergroup.org\/fr\/conseil-dadministration-de-loiaa\/\" title=\"ReadConseil d\u2019administration de l\u2019OIAA\">&#8230; Read more &raquo;<\/a><\/p>\n","protected":false},"author":12,"featured_media":0,"parent":0,"menu_order":0,"comment_status":"closed","ping_status":"closed","template":"page-oiaa-board.php","meta":{"_acf_changed":false,"_eb_attr":"","footnotes":""},"class_list":["post-17577","page","type-page","status-publish","hentry"],"acf":[],"_links":{"self":[{"href":"https:\/\/beta.aa-intergroup.org\/fr\/wp-json\/wp\/v2\/pages\/17577","targetHints":{"allow":["GET"]}}],"collection":[{"href":"https:\/\/beta.aa-intergroup.org\/fr\/wp-json\/wp\/v2\/pages"}],"about":[{"href":"https:\/\/beta.aa-intergroup.org\/fr\/wp-json\/wp\/v2\/types\/page"}],"author":[{"embeddable":true,"href":"https:\/\/beta.aa-intergroup.org\/fr\/wp-json\/wp\/v2\/users\/12"}],"replies":[{"embeddable":true,"href":"https:\/\/beta.aa-intergroup.org\/fr\/wp-json\/wp\/v2\/comments?post=17577"}],"version-history":[{"count":1,"href":"https:\/\/beta.aa-intergroup.org\/fr\/wp-json\/wp\/v2\/pages\/17577\/revisions"}],"predecessor-version":[{"id":17579,"href":"https:\/\/beta.aa-intergroup.org\/fr\/wp-json\/wp\/v2\/pages\/17577\/revisions\/17579"}],"wp:attachment":[{"href":"https:\/\/beta.aa-intergroup.org\/fr\/wp-json\/wp\/v2\/media?parent=17577"}],"curies":[{"name":"wp","href":"https:\/\/api.w.org\/{rel}","templated":true}]}}