{"id":17620,"date":"2023-05-21T02:33:29","date_gmt":"2023-05-21T06:33:29","guid":{"rendered":"https:\/\/beta.aa-intergroup.org\/reliez-votre-groupe\/"},"modified":"2025-10-28T07:39:59","modified_gmt":"2025-10-28T11:39:59","slug":"reliez-votre-groupe","status":"publish","type":"page","link":"https:\/\/beta.aa-intergroup.org\/fr\/reliez-votre-groupe\/","title":{"rendered":"Reliez votre groupe"},"content":{"rendered":"\n<p>Le comit\u00e9 du 12e pas de l&#8217;OIAA, compos\u00e9 de membres sobres des AA du monde entier, r\u00e9pond directement par courriel aux personnes qui cherchent de l&#8217;aide pour un probl\u00e8me d&#8217;alcool. Les demandes sont trait\u00e9es le plus rapidement possible. <\/p>\n\n<p>En pla\u00e7ant un lien textuel ou graphique vers les Steppers de l&#8217;OIAA sur votre site web, vous pouvez rendre un grand service \u00e0 ceux qui contactent les AA pour la premi\u00e8re fois.<\/p>\n\n<figure class=\"wp-block-embed is-type-wp-embed is-provider-online-intergroup-of-alcoholics-anonymous wp-block-embed-online-intergroup-of-alcoholics-anonymous\"><div class=\"wp-block-embed__wrapper\">\n<blockquote class=\"wp-embedded-content\" data-secret=\"4BWRL7uRlF\"><a href=\"https:\/\/beta.aa-intergroup.org\/fr\/obtenez-de-laide-maintenant-pour-un-probleme-dalcool\/\">Get Help Now for a Drinking Problem<\/a><\/blockquote><iframe loading=\"lazy\" class=\"wp-embedded-content\" sandbox=\"allow-scripts\" security=\"restricted\" style=\"position: absolute; visibility: hidden;\" title=\"&#8220;Get Help Now for a Drinking Problem&#8221; &#8212; Online Intergroup of Alcoholics Anonymous\" src=\"https:\/\/beta.aa-intergroup.org\/fr\/obtenez-de-laide-maintenant-pour-un-probleme-dalcool\/embed\/#?secret=ZyEPEZFinO#?secret=4BWRL7uRlF\" data-secret=\"4BWRL7uRlF\" width=\"600\" height=\"338\" frameborder=\"0\" marginwidth=\"0\" marginheight=\"0\" scrolling=\"no\"><\/iframe>\n<\/div><\/figure>\n\n<p><\/p>\n\n<div style=\"height:30px\" aria-hidden=\"true\" class=\"wp-block-spacer\"><\/div>\n\n<p>Vous pouvez \u00e9galement utiliser le graphique ci-dessous et cr\u00e9er un lien vers nous.<\/p>\n\n<figure class=\"wp-block-image size-full\"><a href=\"https:\/\/beta.aa-intergroup.org\/fr\/obtenez-de-laide-maintenant-pour-un-probleme-dalcool\/\"><img loading=\"lazy\" decoding=\"async\" width=\"300\" height=\"234\" src=\"https:\/\/beta.aa-intergroup.org\/wp-content\/uploads\/2023\/05\/12-step-v1-512x400-1-300x234-1.png\" alt=\"\" class=\"wp-image-4841\"\/><\/a><\/figure>\n\n<p>Si vous ne pouvez pas utiliser de lien graphique, nous vous sugg\u00e9rons d&#8217;inclure une description comme le texte ci-dessous :<\/p>\n\n<blockquote class=\"wp-block-quote is-layout-flow wp-block-quote-is-layout-flow\">\n<p>Besoin d&#8217;aide imm\u00e9diate pour un probl\u00e8me d&#8217;alcool ? Une assistance est disponible 24 heures sur 24 dans de nombreuses langues.  <a href=\"https:\/\/beta.aa-intergroup.org\/oiaa\/get-help-now\/\">Envoyer un message<\/a><\/p>\n<\/blockquote>\n","protected":false},"excerpt":{"rendered":"<p>Le comit\u00e9 du 12e pas de l&#8217;OIAA, compos\u00e9 de membres sobres des AA du monde entier, r\u00e9pond directement par courriel aux personnes qui cherchent de l&#8217;aide pour un probl\u00e8me d&#8217;alcool. Les demandes sont trait\u00e9es le plus rapidement possible. En pla\u00e7ant un lien textuel ou graphique vers les Steppers de l&#8217;OIAA sur votre site web, vous<a class=\"excerpt-read-more\" href=\"https:\/\/beta.aa-intergroup.org\/fr\/reliez-votre-groupe\/\" title=\"ReadReliez votre groupe\">&#8230; Read more &raquo;<\/a><\/p>\n","protected":false},"author":18,"featured_media":0,"parent":0,"menu_order":0,"comment_status":"closed","ping_status":"closed","template":"","meta":{"_acf_changed":false,"_eb_attr":"","footnotes":""},"class_list":["post-17620","page","type-page","status-publish","hentry"],"acf":[],"_links":{"self":[{"href":"https:\/\/beta.aa-intergroup.org\/fr\/wp-json\/wp\/v2\/pages\/17620","targetHints":{"allow":["GET"]}}],"collection":[{"href":"https:\/\/beta.aa-intergroup.org\/fr\/wp-json\/wp\/v2\/pages"}],"about":[{"href":"https:\/\/beta.aa-intergroup.org\/fr\/wp-json\/wp\/v2\/types\/page"}],"author":[{"embeddable":true,"href":"https:\/\/beta.aa-intergroup.org\/fr\/wp-json\/wp\/v2\/users\/18"}],"replies":[{"embeddable":true,"href":"https:\/\/beta.aa-intergroup.org\/fr\/wp-json\/wp\/v2\/comments?post=17620"}],"version-history":[{"count":1,"href":"https:\/\/beta.aa-intergroup.org\/fr\/wp-json\/wp\/v2\/pages\/17620\/revisions"}],"predecessor-version":[{"id":17621,"href":"https:\/\/beta.aa-intergroup.org\/fr\/wp-json\/wp\/v2\/pages\/17620\/revisions\/17621"}],"wp:attachment":[{"href":"https:\/\/beta.aa-intergroup.org\/fr\/wp-json\/wp\/v2\/media?parent=17620"}],"curies":[{"name":"wp","href":"https:\/\/api.w.org\/{rel}","templated":true}]}}