{"id":17648,"date":"2025-02-02T09:51:50","date_gmt":"2025-02-02T14:51:50","guid":{"rendered":"https:\/\/beta.aa-intergroup.org\/assemblee-oiaa-du-15-mars-2025\/"},"modified":"2025-10-28T08:18:57","modified_gmt":"2025-10-28T12:18:57","slug":"assemblee-oiaa-du-15-mars-2025","status":"publish","type":"page","link":"https:\/\/beta.aa-intergroup.org\/fr\/assemblee-oiaa-du-15-mars-2025\/","title":{"rendered":"Assembl\u00e9e OIAA du 15 mars 2025"},"content":{"rendered":"\n<p><strong>Samedi 15 mars 2025<\/strong><br\/>8h00 HST | 11h00 PT | 13h00 CT | 14h00 ET<br\/>18h00 GMT | 19h00 CET<\/p>\n\n<p>ID : 839 1683 1125 <br\/>Code d&#8217;acc\u00e8s : OIAA<\/p>\n\n<p><a href=\"https:\/\/us06web.zoom.us\/j\/83916831125?pwd=cDQvSlcxUjZmWlo4aEoyR0tlUUQwdz09\">Rejoindre l&#8217;assembl\u00e9e OIAA maintenant<\/a><\/p>\n\n<p><strong>Les demandes d&#8217;interpr\u00e9tation doivent \u00eatre envoy\u00e9es \u00e0 International.Trustee@aa-intergroup.org et doivent \u00eatre re\u00e7ues avant le 1er mars.<\/strong><\/p>\n\n<p>Notre assembl\u00e9e est ouverte \u00e0 tous ceux qui souhaitent se joindre, mais seuls les repr\u00e9sentants intergroupes (IGR),<br\/>les pr\u00e9sidents des comit\u00e9s permanents OIAA et les dirigeants OIAA sont autoris\u00e9s \u00e0 voter sur les questions d&#8217;affaires.<\/p>\n\n<h4 class=\"wp-block-heading\">Annonce de l&#8217;assembl\u00e9e<\/h4>\n\n<ul class=\"wp-block-list\">\n<li>Annonce de l&#8217;assembl\u00e9e\n<ul class=\"wp-block-list\">\n<li>Pour traduire et\/ou imprimer pour vos groupes.<\/li>\n\n\n\n<li>Copiez ce message et ce lien dans le chat de votre r\u00e9union en ligne pour annoncer l&#8217;\u00e9lection.\n<ul class=\"wp-block-list\">\n<li><em>Assembl\u00e9e g\u00e9n\u00e9rale : 15 mars 2025.<br\/>14h00 ET <\/em><\/li>\n<\/ul>\n<\/li>\n<\/ul>\n<\/li>\n<\/ul>\n\n<h4 class=\"wp-block-heading\" id=\"assembly-agenda\">Ordre du jour de l\u2019assembl\u00e9e<\/h4>\n\n<ul class=\"wp-block-list\">\n<li><em><a href=\"https:\/\/beta.aa-intergroup.org\/documents\/oiaa-assembly-agenda-15-march-2025\/\">L&#8217;ordre du jour de l&#8217;assembl\u00e9e OIAA de mars 2025<\/a><\/em><\/li>\n<\/ul>\n\n<h4 class=\"wp-block-heading\">Rapports<\/h4>\n\n<ul class=\"wp-block-list\">\n<li>Assembly minutes will be voted on please share with your groups.&nbsp;\n<ul class=\"wp-block-list\">\n<li><a href=\"https:\/\/beta.aa-intergroup.org\/documents\/minutes-from-the-oiaa-21-december-2024-assembly\/\"><em>Proc\u00e8s-verbal de l&#8217;assembl\u00e9e OIAA du 21 d\u00e9cembre 2024<\/em>.<\/a><\/li>\n<\/ul>\n<\/li>\n\n\n\n<li>Rapport du tr\u00e9sorier\n<ul class=\"wp-block-list\">\n<li><em><a href=\"https:\/\/beta.aa-intergroup.org\/committee-updates\/update-for-finance-feb-2025\/\">\u00c9cart budg\u00e9taire<\/a><\/em><\/li>\n\n\n\n<li><em><a href=\"https:\/\/beta.aa-intergroup.org\/committee-updates\/update-for-finance-feb-2025-3\/\">Contributions des groupes<\/a><\/em><\/li>\n\n\n\n<li><em><a href=\"https:\/\/beta.aa-intergroup.org\/committee-updates\/update-for-finance-feb-2025-2\/\">Bilan<\/a><\/em><\/li>\n<\/ul>\n<\/li>\n\n\n\n<li><a href=\"https:\/\/beta.aa-intergroup.org\/committee-updates\/update-for-technology-mar-2025\/\">Rapport technologique<\/a><\/li>\n\n\n\n<li>Pr\u00e9sentation du <strong><a href=\"https:\/\/beta.aa-intergroup.org\/documents\/2024-financial-review\/\">rapport d&#8217;examen financier OIAA 2024<\/a><\/strong> &#8211; Kevin D.\n<ul class=\"wp-block-list\">\n<li>Le rapport sur l&#8217;examen financier annuel d&#8217;OIAA a \u00e9t\u00e9 soumis le 29 janvier 2025 et accept\u00e9 par le conseil d&#8217;administration le 9 f\u00e9vrier 2025<\/li>\n<\/ul>\n<\/li>\n<\/ul>\n\n<h4 class=\"wp-block-heading\">Nouvelles affaires<\/h4>\n\n<ul class=\"wp-block-list\">\n<li><a href=\"https:\/\/beta.aa-intergroup.org\/documents\/unbudgeted-funds-requests-15-march-2025-assembly\/\" data-type=\"link\" data-id=\"https:\/\/beta.aa-intergroup.org\/documents\/unbudgeted-funds-requests-15-march-2025-assembly\/\">Demandes de fonds non budg\u00e9t\u00e9s<\/a>\n<ul class=\"wp-block-list\">\n<li>Frais juridiques<\/li>\n\n\n\n<li>Services d&#8217;interpr\u00e9tation<\/li>\n<\/ul>\n<\/li>\n\n\n\n<li><a href=\"https:\/\/beta.aa-intergroup.org\/documents\/motion-to-amend-bylaws-15-march-2025-assembly\/\" data-type=\"link\" data-id=\"https:\/\/beta.aa-intergroup.org\/documents\/motion-to-amend-bylaws-15-march-2025-assembly\/\">Motion pour modifier les statuts OIAA<\/a><\/li>\n\n\n\n<li><strong>OIAA2025 &#8211; S\u00e9lection du th\u00e8me de la convention<\/strong>\n<ul class=\"wp-block-list\">\n<li>Le comit\u00e9 de l&#8217;unit\u00e9 demandera \u00e0 l&#8217;assembl\u00e9e de s\u00e9lectionner le th\u00e8me de notre 2e convention internationale en ligne OIAA &#8211;<strong><em> OIAA2025<\/em><\/strong>. <\/li>\n<\/ul>\n<\/li>\n<\/ul>\n\n<p><strong>Notes de l&#8217;assembl\u00e9e : <\/strong><\/p>\n\n<p>Gwen M., la pr\u00e9sidente d&#8217;OIAA, dirigera la r\u00e9union de l&#8217;assembl\u00e9e. Notre administratrice g\u00e9n\u00e9rale, Madeline P., est notre parlementaire. Elle sera responsable de traiter toute question ou affaire qui pourrait survenir concernant l&#8217;ordre de conduite des affaires pendant la r\u00e9union. Veuillez \u00eatre respectueux envers toutes les personnes pr\u00e9sentes et rappelez-vous que notre 1re tradition nous dit que l&#8217;unit\u00e9 est notre qualit\u00e9 la plus pr\u00e9cieuse. Nous devons toujours mettre de c\u00f4t\u00e9 nos d\u00e9sirs et ambitions personnels chaque fois que ceux-ci pourraient menacer le groupe. L&#8217;amour et la tol\u00e9rance envers les autres constituent notre code.     <\/p>\n\n<p><br\/>Les <strong><a href=\"https:\/\/beta.aa-intergroup.org\/documents\/assembly-procedures\/\">proc\u00e9dures d&#8217;assembl\u00e9e<\/a> OIAA<\/strong> expliquent davantage le fonctionnement de l&#8217;assembl\u00e9e et les proc\u00e9dures que nous suivons pendant la r\u00e9union. Il y a \u00e9galement un bref tutoriel sur les bases du r\u00e8glement de Robert l\u00e0-bas pour aider chacun \u00e0 comprendre comment introduire des motions et traiter les points de l&#8217;ordre du jour pendant l&#8217;assembl\u00e9e :<br\/><br\/><strong>Quorum :<\/strong> Selon la section 2.11 des <a href=\"https:\/\/beta.aa-intergroup.org\/documents\/oiaa-bylaws\/\" data-type=\"link\" data-id=\"https:\/\/beta.aa-intergroup.org\/documents\/oiaa-bylaws\/\">statuts OIAA<\/a>, un quorum de 25 % des membres votants est requis pour mener les affaires OIAA lors de nos r\u00e9unions d&#8217;affaires et assembl\u00e9es.<\/p>\n\n<p><em><span style=\"text-decoration: underline;\">Section 2.11. Quorum ; vote requis ; mesures de participation \u00e0 distance.<\/span><br\/>\u00ab Dans toute affaire n\u00e9cessitant un vote, un quorum existe si 25 % du nombre de membres votants, d\u00e9termin\u00e9 par le sondage le plus r\u00e9cent, est pr\u00e9sent \u00e0 la r\u00e9union pour voter. \u00bb<\/em><\/p>\n\n<p><br\/><strong>Vote :<\/strong> Le vote est limit\u00e9 aux repr\u00e9sentants intergroupes (IGR), aux pr\u00e9sidents des comit\u00e9s permanents OIAA et aux dirigeants OIAA. Nous utilisons des formulaires Google pour le vote, capturant et stockant les r\u00e9sultats. Les liens pour voter sur chaque point de l&#8217;ordre du jour et les motions seront publi\u00e9s dans le chat.   <\/p>\n","protected":false},"excerpt":{"rendered":"<p>Samedi 15 mars 20258h00 HST | 11h00 PT | 13h00 CT | 14h00 ET18h00 GMT | 19h00 CET ID : 839 1683 1125 Code d&#8217;acc\u00e8s : OIAA Rejoindre l&#8217;assembl\u00e9e OIAA maintenant Les demandes d&#8217;interpr\u00e9tation doivent \u00eatre envoy\u00e9es \u00e0 International.Trustee@aa-intergroup.org et doivent \u00eatre re\u00e7ues avant le 1er mars. Notre assembl\u00e9e est ouverte \u00e0 tous ceux qui<a class=\"excerpt-read-more\" href=\"https:\/\/beta.aa-intergroup.org\/fr\/assemblee-oiaa-du-15-mars-2025\/\" title=\"ReadAssembl\u00e9e OIAA du 15 mars 2025\">&#8230; Read more &raquo;<\/a><\/p>\n","protected":false},"author":13,"featured_media":0,"parent":0,"menu_order":0,"comment_status":"closed","ping_status":"closed","template":"","meta":{"_acf_changed":false,"_eb_attr":"","footnotes":""},"class_list":["post-17648","page","type-page","status-publish","hentry"],"acf":[],"_links":{"self":[{"href":"https:\/\/beta.aa-intergroup.org\/fr\/wp-json\/wp\/v2\/pages\/17648","targetHints":{"allow":["GET"]}}],"collection":[{"href":"https:\/\/beta.aa-intergroup.org\/fr\/wp-json\/wp\/v2\/pages"}],"about":[{"href":"https:\/\/beta.aa-intergroup.org\/fr\/wp-json\/wp\/v2\/types\/page"}],"author":[{"embeddable":true,"href":"https:\/\/beta.aa-intergroup.org\/fr\/wp-json\/wp\/v2\/users\/13"}],"replies":[{"embeddable":true,"href":"https:\/\/beta.aa-intergroup.org\/fr\/wp-json\/wp\/v2\/comments?post=17648"}],"version-history":[{"count":1,"href":"https:\/\/beta.aa-intergroup.org\/fr\/wp-json\/wp\/v2\/pages\/17648\/revisions"}],"predecessor-version":[{"id":17650,"href":"https:\/\/beta.aa-intergroup.org\/fr\/wp-json\/wp\/v2\/pages\/17648\/revisions\/17650"}],"wp:attachment":[{"href":"https:\/\/beta.aa-intergroup.org\/fr\/wp-json\/wp\/v2\/media?parent=17648"}],"curies":[{"name":"wp","href":"https:\/\/api.w.org\/{rel}","templated":true}]}}