{"id":17674,"date":"2025-05-11T10:01:05","date_gmt":"2025-05-11T14:01:05","guid":{"rendered":"https:\/\/beta.aa-intergroup.org\/assemblee-de-loiaa-21-juin-2025\/"},"modified":"2025-10-28T08:19:02","modified_gmt":"2025-10-28T12:19:02","slug":"assemblee-de-loiaa-21-juin-2025","status":"publish","type":"page","link":"https:\/\/beta.aa-intergroup.org\/fr\/assemblee-de-loiaa-21-juin-2025\/","title":{"rendered":"Assembl\u00e9e de l&#8217;OIAA, 21 juin 2025"},"content":{"rendered":"\n<p><strong>Samedi 21 juin 2025<\/strong><br\/>8 h 00 HST | 11 h 00 PT | 13 h 00 CT | 14 h 00 ET<br\/>19 h 00 UK | 20 h 00 CET<\/p>\n\n<p>ID : 839 1683 1125<br\/>Code d&#8217;acc\u00e8s : OIAA<\/p>\n\n<p><a href=\"https:\/\/us06web.zoom.us\/j\/83916831125?pwd=cDQvSlcxUjZmWlo4aEoyR0tlUUQwdz09\" target=\"_blank\" rel=\"noreferrer noopener\"><strong>REJOINDRE LA R\u00c9UNION ZOOM<\/strong><\/a><\/p>\n\n<p>L&#8217;interpr\u00e9tation sera disponible en fran\u00e7ais, en espagnol et en portugais. <\/p>\n\n<p>Notre assembl\u00e9e est ouverte \u00e0 tous ceux qui souhaitent se joindre \u00e0 nous, mais seuls les repr\u00e9sentants d&#8217;intergroupes (RIG),<br\/>les pr\u00e9sidents des comit\u00e9s permanents de l&#8217;OIAA et les membres de la direction de l&#8217;OIAA sont autoris\u00e9s \u00e0 voter sur les questions \u00e0 l&#8217;ordre du jour.<\/p>\n\n<p>Des informations compl\u00e8tes concernant les points suivants seront affich\u00e9es prochainement\u00a0:<\/p>\n\n<h4 class=\"wp-block-heading\">Annonce de l&#8217;assembl\u00e9e<\/h4>\n\n<p>Vous pouvez copier et coller cette annonce pour la partager lors des r\u00e9unions de votre groupe :<\/p>\n\n<p class=\"has-text-align-right\"><strong>Assembl\u00e9e g\u00e9n\u00e9rale de l&#8217;OIAA<\/strong>  <strong>Samedi 21 juin 2025<\/strong><br\/>8 h 00 HST | 11 h 00 PT | 13 h 00 CT | 14 h 00 ET<br\/>19 h 00 UK | 20 h 00 CET<\/p>\n\n<p class=\"has-text-align-right\">ID : 839 1683 1125<br\/>Code d&#8217;acc\u00e8s : OIAA<\/p>\n\n<p class=\"has-text-align-right\">L&#8217;interpr\u00e9tation sera disponible en fran\u00e7ais, en espagnol et en portugais. <\/p>\n\n<p class=\"has-text-align-right\">Les assembl\u00e9es de l&#8217;OIAA sont ouvertes \u00e0 tous ceux qui souhaitent y participer, mais seuls les Repr\u00e9sentants des Intergroupes (RIG),<br\/>les Pr\u00e9sidents des Comit\u00e9s Permanents de l&#8217;OIAA et les Officiers de l&#8217;OIAA sont autoris\u00e9s \u00e0 voter sur les questions \u00e0 l&#8217;ordre du jour.<\/p>\n\n<h4 class=\"wp-block-heading\" id=\"assembly-agenda\">Ordre du jour de l\u2019assembl\u00e9e<\/h4>\n\n<ul class=\"wp-block-list\">\n<li><a href=\"https:\/\/beta.aa-intergroup.org\/documents\/oiaa-assembly-agenda-21-june-2025\/\">L&#8217;ordre du jour complet de l&#8217;assembl\u00e9e de juin 2025 de l&#8217;OIAA<\/a><\/li>\n<\/ul>\n\n<h4 class=\"wp-block-heading\">Rapports<\/h4>\n\n<p>Les rapports de l&#8217;assembl\u00e9e qui sont disponibles avant l&#8217;assembl\u00e9e peuvent \u00eatre consult\u00e9s ici\u00a0:<\/p>\n\n<ul class=\"wp-block-list\">\n<li>L&#8217;approbation du proc\u00e8s-verbal de l&#8217;assembl\u00e9e de mars sera soumise au vote. Veuillez partager avec vos groupes&nbsp;: \n<ul class=\"wp-block-list\">\n<li><a href=\"https:\/\/beta.aa-intergroup.org\/documents\/minutes-from-the-oiaa-15-march-2025-assembly\/\">Proc\u00e8s-verbal de l&#8217;assembl\u00e9e du 15 mars 2025<\/a>  <\/li>\n<\/ul>\n<\/li>\n\n\n\n<li>Finances&nbsp;:\n<ul class=\"wp-block-list\">\n<li><a href=\"https:\/\/beta.aa-intergroup.org\/committee-updates\/update-for-finance-may-2025-3\/\">\u00c9cart budg\u00e9taire de mai 2025<\/a><\/li>\n\n\n\n<li><a href=\"https:\/\/beta.aa-intergroup.org\/committee-updates\/update-for-finance-may-2025\/\">Contributions des groupes pour mai 2025<\/a><\/li>\n\n\n\n<li><a href=\"https:\/\/beta.aa-intergroup.org\/committee-updates\/update-for-finance-may-2025-2\/\">Bilan de mai 2025<\/a><\/li>\n<\/ul>\n<\/li>\n<\/ul>\n\n<h4 class=\"wp-block-heading\">Nouvelles affaires<\/h4>\n\n<p>Les informations relatives aux nouveaux points \u00e0 l&#8217;ordre du jour seront affich\u00e9es ici, lorsqu&#8217;elles seront disponibles\u00a0:<\/p>\n\n<ul class=\"wp-block-list\">\n<li><a href=\"https:\/\/beta.aa-intergroup.org\/documents\/motion-to-amend-bylaws-21-june-2025-assembly\/\">Proposition de modification des statuts<\/a><\/li>\n\n\n\n<li><\/li>\n<\/ul>\n\n<p><strong>Notes de l&#8217;assembl\u00e9e\u00a0:<\/strong><\/p>\n\n<p><\/p>\n","protected":false},"excerpt":{"rendered":"<p>Samedi 21 juin 20258 h 00 HST | 11 h 00 PT | 13 h 00 CT | 14 h 00 ET19 h 00 UK | 20 h 00 CET ID : 839 1683 1125Code d&#8217;acc\u00e8s : OIAA REJOINDRE LA R\u00c9UNION ZOOM L&#8217;interpr\u00e9tation sera disponible en fran\u00e7ais, en espagnol et en portugais. Notre assembl\u00e9e est<a class=\"excerpt-read-more\" href=\"https:\/\/beta.aa-intergroup.org\/fr\/assemblee-de-loiaa-21-juin-2025\/\" title=\"ReadAssembl\u00e9e de l&#8217;OIAA, 21 juin 2025\">&#8230; Read more &raquo;<\/a><\/p>\n","protected":false},"author":13,"featured_media":0,"parent":0,"menu_order":0,"comment_status":"closed","ping_status":"closed","template":"","meta":{"_acf_changed":false,"_eb_attr":"","footnotes":""},"class_list":["post-17674","page","type-page","status-publish","hentry"],"acf":[],"_links":{"self":[{"href":"https:\/\/beta.aa-intergroup.org\/fr\/wp-json\/wp\/v2\/pages\/17674","targetHints":{"allow":["GET"]}}],"collection":[{"href":"https:\/\/beta.aa-intergroup.org\/fr\/wp-json\/wp\/v2\/pages"}],"about":[{"href":"https:\/\/beta.aa-intergroup.org\/fr\/wp-json\/wp\/v2\/types\/page"}],"author":[{"embeddable":true,"href":"https:\/\/beta.aa-intergroup.org\/fr\/wp-json\/wp\/v2\/users\/13"}],"replies":[{"embeddable":true,"href":"https:\/\/beta.aa-intergroup.org\/fr\/wp-json\/wp\/v2\/comments?post=17674"}],"version-history":[{"count":1,"href":"https:\/\/beta.aa-intergroup.org\/fr\/wp-json\/wp\/v2\/pages\/17674\/revisions"}],"predecessor-version":[{"id":17676,"href":"https:\/\/beta.aa-intergroup.org\/fr\/wp-json\/wp\/v2\/pages\/17674\/revisions\/17676"}],"wp:attachment":[{"href":"https:\/\/beta.aa-intergroup.org\/fr\/wp-json\/wp\/v2\/media?parent=17674"}],"curies":[{"name":"wp","href":"https:\/\/api.w.org\/{rel}","templated":true}]}}