{"id":17769,"date":"2025-08-20T06:14:24","date_gmt":"2025-08-20T10:14:24","guid":{"rendered":"https:\/\/beta.aa-intergroup.org\/assemblee-de-loiaa-le-20-septembre-2025\/"},"modified":"2025-10-28T08:19:44","modified_gmt":"2025-10-28T12:19:44","slug":"assemblee-de-loiaa-le-20-septembre-2025","status":"publish","type":"page","link":"https:\/\/beta.aa-intergroup.org\/fr\/assemblee-de-loiaa-le-20-septembre-2025\/","title":{"rendered":"Assembl\u00e9e de l&#8217;OIAA le 20 septembre 2025"},"content":{"rendered":"\n<p><strong>Samedi 20 septembre 2025<\/strong><br\/>8h00 HST | 11h00 PT | 13h00 CT | 14h00 ET<br\/>19h00 UK | 20h00 CET<\/p>\n\n<p>ID : <a href=\"tel:839%201683%201125\">839 1683 1125<br\/><\/a>Code d&#8217;acc\u00e8s : OIAA<\/p>\n\n<p><a href=\"https:\/\/us06web.zoom.us\/j\/83916831125?pwd=cDQvSlcxUjZmWlo4aEoyR0tlUUQwdz09\" data-type=\"link\" data-id=\"https:\/\/us06web.zoom.us\/j\/83916831125?pwd=cDQvSlcxUjZmWlo4aEoyR0tlUUQwdz09\"><strong>REJOINDRE LA R\u00c9UNION ZOOM<\/strong><\/a><\/p>\n\n<p>L&#8217;interpr\u00e9tation sera assur\u00e9e pour l&#8217;Assembl\u00e9e du 20 septembre 2025 dans les langues suivantes :<\/p>\n\n<p>Fran\u00e7ais ; Espagnol ; Portugais ; Italien<\/p>\n\n<p>Notre assembl\u00e9e est ouverte \u00e0 tous ceux qui souhaitent y participer, mais seuls les Repr\u00e9sentants des Intergroupes (RIG), les Pr\u00e9sidents des Comit\u00e9s Permanents de l&#8217;OIAA et les Officiers de l&#8217;OIAA sont autoris\u00e9s \u00e0 voter sur les questions \u00e0 l&#8217;ordre du jour.<\/p>\n\n<p><strong><em>Pour participer, votre groupe doit \u00eatre enregistr\u00e9 aupr\u00e8s de l&#8217;OIAA et avoir un repr\u00e9sentant d&#8217;intergroupe enregistr\u00e9, <\/em><\/strong><strong>Pour l&#8217;assembl\u00e9e de septembre, la date limite <\/strong><strong>pour les ajouts ou les modifications \u00e0 notre liste de membres \u00e9tait le vendredi 13 septembre \u00e0 minuit EDT<\/strong>. <\/p>\n\n<p><strong><em>Des questions ? registrar@aa-intergroup.org <\/em><\/strong><\/p>\n\n<p><strong>Annonce de l&#8217;assembl\u00e9e :<\/strong><\/p>\n\n<p>Vous pouvez copier et coller cette annonce pour la partager lors des r\u00e9unions de votre groupe :<\/p>\n\n<p class=\"has-text-align-right\"><strong>Assembl\u00e9e G\u00e9n\u00e9rale de l&#8217;OIAA <\/strong> <strong>Samedi 20 septembre 2025<\/strong><br\/>8h00 HST | 11h00 PT | 13h00 CT | 14h00 ET<br\/>19h00 UK | 20h00 CET<\/p>\n\n<p class=\"has-text-align-right\">ID : 839 1683 1125<br\/>Code d&#8217;acc\u00e8s : OIAA<\/p>\n\n<p class=\"has-text-align-right\">L&#8217;interpr\u00e9tation dans votre langue peut \u00eatre demand\u00e9e en envoyant un e-mail \u00e0 international.trustee@aa-intergroup.org avant le 6 septembre.<\/p>\n\n<p class=\"has-text-align-right\">Les assembl\u00e9es de l&#8217;OIAA sont ouvertes \u00e0 tous ceux qui souhaitent y participer, mais seuls les Repr\u00e9sentants des Intergroupes (RIG),<br\/>les Pr\u00e9sidents des Comit\u00e9s Permanents de l&#8217;OIAA et les Officiers de l&#8217;OIAA sont autoris\u00e9s \u00e0 voter sur les questions \u00e0 l&#8217;ordre du jour.<\/p>\n\n<h2 class=\"wp-block-heading\"><strong>Ordre du jour de l\u2019assembl\u00e9e<\/strong><\/h2>\n\n<p><strong>Ouverture &#8211; Pri\u00e8re de la S\u00e9r\u00e9nit\u00e9<\/strong><\/p>\n\n<p>Bienvenue et message du pr\u00e9sident<\/p>\n\n<p>1. Annonce du quorum <\/p>\n\n<p>2. Acceptation du <a href=\"https:\/\/beta.aa-intergroup.org\/documents\/minutes-from-the-oiaa-21-june-2025-assembly\/\" data-type=\"link\" data-id=\"https:\/\/beta.aa-intergroup.org\/documents\/minutes-from-the-oiaa-21-june-2025-assembly\/\">proc\u00e8s-verbal de l&#8217;Assembl\u00e9e des Membres du 21 juin<\/a>. (Motion et vote) <\/p>\n\n<p><strong>Affaires anciennes :<\/strong><\/p>\n\n<p>3. Rapport du secr\u00e9taire <\/p>\n\n<p>4. Rapport technologique<\/p>\n\n<p>5. <strong>Rapports des comit\u00e9s :<\/strong><\/p>\n\n<ul class=\"wp-block-list\">\n<li>Comit\u00e9 des \u00c9tapes<\/li>\n\n\n\n<li>Comit\u00e9 d&#8217;unit\u00e9<\/li>\n<\/ul>\n\n<p>6. Rapport de l&#8217;administrateur international : <\/p>\n\n<p>7.  <a href=\"https:\/\/beta.aa-intergroup.org\/pt-pt\/committees\/financas\/\" data-type=\"link\" data-id=\"https:\/\/beta.aa-intergroup.org\/committees\/finance\/\"><strong>Rapport financier<\/strong><\/a><\/p>\n\n<p><strong>Affaires nouvelles :<\/strong><\/p>\n\n<ol class=\"wp-block-list\">\n<li><strong> <a href=\"https:\/\/beta.aa-intergroup.org\/documents\/unbudgeted-funds-request-20-sept-2025-assembly\/\" data-type=\"link\" data-id=\"https:\/\/beta.aa-intergroup.org\/documents\/unbudgeted-funds-request-20-sept-2025-assembly\/\">Demandes de fonds non budg\u00e9tis\u00e9s<\/a><\/strong> <\/li>\n\n\n\n<li>Forum des repr\u00e9sentants d&#8217;intergroupe (RIG) du 25 octobre<\/li>\n<\/ol>\n\n<p><strong>Cl\u00f4ture :<\/strong><\/p>\n\n<p>\u00ab Je suis responsable. Si quelqu&#8217;un, quelque part, tend la main en qu\u00eate d&#8217;aide, je veux que celle des A.A. soit toujours l\u00e0. Et de cela : Je suis responsable. \u00bb <\/p>\n\n<p>Merci, Gwen M, Pr\u00e9sidente de l&#8217;OIAA.<\/p>\n\n<p><\/p>\n","protected":false},"excerpt":{"rendered":"<p>Samedi 20 septembre 20258h00 HST | 11h00 PT | 13h00 CT | 14h00 ET19h00 UK | 20h00 CET ID : 839 1683 1125Code d&#8217;acc\u00e8s : OIAA REJOINDRE LA R\u00c9UNION ZOOM L&#8217;interpr\u00e9tation sera assur\u00e9e pour l&#8217;Assembl\u00e9e du 20 septembre 2025 dans les langues suivantes : Fran\u00e7ais ; Espagnol ; Portugais ; Italien Notre assembl\u00e9e est ouverte<a class=\"excerpt-read-more\" href=\"https:\/\/beta.aa-intergroup.org\/fr\/assemblee-de-loiaa-le-20-septembre-2025\/\" title=\"ReadAssembl\u00e9e de l&#8217;OIAA le 20 septembre 2025\">&#8230; Read more &raquo;<\/a><\/p>\n","protected":false},"author":13,"featured_media":0,"parent":0,"menu_order":0,"comment_status":"closed","ping_status":"closed","template":"","meta":{"_acf_changed":false,"_eb_attr":"","footnotes":""},"class_list":["post-17769","page","type-page","status-publish","hentry"],"acf":[],"_links":{"self":[{"href":"https:\/\/beta.aa-intergroup.org\/fr\/wp-json\/wp\/v2\/pages\/17769","targetHints":{"allow":["GET"]}}],"collection":[{"href":"https:\/\/beta.aa-intergroup.org\/fr\/wp-json\/wp\/v2\/pages"}],"about":[{"href":"https:\/\/beta.aa-intergroup.org\/fr\/wp-json\/wp\/v2\/types\/page"}],"author":[{"embeddable":true,"href":"https:\/\/beta.aa-intergroup.org\/fr\/wp-json\/wp\/v2\/users\/13"}],"replies":[{"embeddable":true,"href":"https:\/\/beta.aa-intergroup.org\/fr\/wp-json\/wp\/v2\/comments?post=17769"}],"version-history":[{"count":1,"href":"https:\/\/beta.aa-intergroup.org\/fr\/wp-json\/wp\/v2\/pages\/17769\/revisions"}],"predecessor-version":[{"id":17771,"href":"https:\/\/beta.aa-intergroup.org\/fr\/wp-json\/wp\/v2\/pages\/17769\/revisions\/17771"}],"wp:attachment":[{"href":"https:\/\/beta.aa-intergroup.org\/fr\/wp-json\/wp\/v2\/media?parent=17769"}],"curies":[{"name":"wp","href":"https:\/\/api.w.org\/{rel}","templated":true}]}}