{"id":18875,"date":"2025-06-16T13:16:04","date_gmt":"2025-06-16T17:16:04","guid":{"rendered":"https:\/\/beta.aa-intergroup.org\/accueil-2\/"},"modified":"2025-11-27T08:24:28","modified_gmt":"2025-11-27T13:24:28","slug":"accueil-2","status":"publish","type":"page","link":"https:\/\/beta.aa-intergroup.org\/fr\/","title":{"rendered":"ACCUEIL"},"content":{"rendered":"\n<div style=\"height:70px\" aria-hidden=\"true\" class=\"wp-block-spacer\"><\/div>\n\n<div class=\"wp-block-columns is-layout-flex wp-container-core-columns-is-layout-9d6595d7 wp-block-columns-is-layout-flex\">\n<div class=\"wp-block-column is-layout-flow wp-block-column-is-layout-flow\">\n<div class=\"wp-block-essential-blocks-flipbox root-eb-flipbox-88358\"><div class=\"eb-parent-wrapper eb-parent-eb-flipbox-88358 \"><div class=\"eb-flipbox-container eb-flipbox-88358 eb-flipbox-align-center eb-hover-mode\" data-id=\"eb-flipbox-88358\" data-flip-type=\"flip-left\" data-flip-mode=\"hover\"><div class=\"eb-flipper flip-left\"><div class=\"eb-flipbox-front\"><div class=\"eb-flipbox-items-container\"><div class=\"eb-flipbox-icon-wrapper\"><div class=\"eb-flipbox-icon-front\" data-icon=\"dashicons-cover-image\"><span class=\"dashicon dashicons dashicons-cover-image\"><\/span><\/div><\/div><div class=\"eb-flipbox-front-title-wrapper\"><h3 class=\"eb-flipbox-front-title\">R\u00e9unions en ligne<\/h3><\/div><div class=\"eb-flipbox-front-content-wrapper\"><p class=\"eb-flipbox-front-content\">Trouvez une r\u00e9union en ligne qui se d\u00e9roule en ce moment.<\/p><\/div><\/div><\/div><div class=\"eb-flipbox-back\"><div class=\"eb-flipbox-items-container\"><div class=\"eb-flipbox-icon-wrapper\"><div class=\"eb-flipbox-icon-back\" data-icon=\"fas fa-user-group\"><i icon=\"fas fa-user-group\" class=\"fas fa-user-group \"><\/i><\/div><\/div><div class=\"eb-flipbox-button-container\"><a class=\"eb-flipbox-button-link btn-gradient blue\" href=\"https:\/\/beta.aa-intergroup.org\/fr\/repertoire-des-reunions\/\" target=\"_self\" rel=\"noopener\"><div class=\"eb-flipbox-button-content\"><span>Trouver une r\u00e9union<\/span><\/div><\/a><\/div><\/div><\/div><\/div><\/div><\/div><\/div>\n<\/div>\n\n\n\n<div class=\"wp-block-column is-layout-flow wp-block-column-is-layout-flow\">\n<div class=\"wp-block-essential-blocks-flipbox root-eb-flipbox-sgrji\"><div class=\"eb-parent-wrapper eb-parent-eb-flipbox-sgrji \"><div class=\"eb-flipbox-container eb-flipbox-sgrji eb-flipbox-align-center eb-hover-mode\" data-id=\"eb-flipbox-sgrji\" data-flip-type=\"flip-left\" data-flip-mode=\"hover\"><div class=\"eb-flipper flip-left\"><div class=\"eb-flipbox-front\"><div class=\"eb-flipbox-items-container\"><div class=\"eb-flipbox-icon-wrapper\"><div class=\"eb-flipbox-icon-front\" data-icon=\"fas fa-handshake-angle\"><i icon=\"fas fa-handshake-angle\" class=\"fas fa-handshake-angle \"><\/i><\/div><\/div><div class=\"eb-flipbox-front-title-wrapper\"><h3 class=\"eb-flipbox-front-title\">Avez-vous un probl\u00e8me<br> d&#8217;alcool ?<\/h3><\/div><div class=\"eb-flipbox-front-content-wrapper\"><p class=\"eb-flipbox-front-content\">OBTENEZ DE L&#8217;AIDE MAINTENANT\n<\/p><\/div><\/div><\/div><div class=\"eb-flipbox-back\"><div class=\"eb-flipbox-items-container\"><div class=\"eb-flipbox-icon-wrapper\"><div class=\"eb-flipbox-icon-back\" data-icon=\"fas fa-user-group\"><i icon=\"fas fa-user-group\" class=\"fas fa-user-group \"><\/i><\/div><\/div><div class=\"eb-flipbox-back-content-wrapper\"><p class=\"eb-flipbox-back-content\">Discutez par e-mail avec <br>les membres du <br>Comit\u00e9 de la 12e \u00c9tape de l&#8217;OIAA. <\/p><\/div><div class=\"eb-flipbox-button-container\"><a class=\"eb-flipbox-button-link btn-gradient blue\" href=\"https:\/\/beta.aa-intergroup.org\/fr\/vous-narrivez-pas-a-arreter-de-boire\/\" target=\"_self\" rel=\"noopener\"><div class=\"eb-flipbox-button-content\"><span>Obtenir de l&#8217;aide maintenant<\/span><\/div><\/a><\/div><\/div><\/div><\/div><\/div><\/div><\/div>\n<\/div>\n\n\n\n<div class=\"wp-block-column is-layout-flow wp-block-column-is-layout-flow\">\n<div class=\"wp-block-essential-blocks-flipbox root-eb-flipbox-sw74i\"><div class=\"eb-parent-wrapper eb-parent-eb-flipbox-sw74i \"><div class=\"eb-flipbox-container eb-flipbox-sw74i eb-flipbox-align-center eb-hover-mode\" data-id=\"eb-flipbox-sw74i\" data-flip-type=\"flip-left\" data-flip-mode=\"hover\"><div class=\"eb-flipper flip-left\"><div class=\"eb-flipbox-front\"><div class=\"eb-flipbox-items-container\"><div class=\"eb-flipbox-icon-wrapper\"><div class=\"eb-flipbox-icon-front\" data-icon=\"dashicons-groups\"><span class=\"dashicon dashicons dashicons-groups\"><\/span><\/div><\/div><div class=\"eb-flipbox-front-title-wrapper\"><h3 class=\"eb-flipbox-front-title\">\u00c0 l\u2019int\u00e9rieur de l\u2019OIAA<\/h3><\/div><div class=\"eb-flipbox-front-content-wrapper\"><p class=\"eb-flipbox-front-content\">Ressource unique pour les membres de l&#8217;OIAA.<\/p><\/div><\/div><\/div><div class=\"eb-flipbox-back\"><div class=\"eb-flipbox-items-container\"><div class=\"eb-flipbox-icon-wrapper\"><div class=\"eb-flipbox-icon-back\" data-icon=\"fas fa-user-group\"><i icon=\"fas fa-user-group\" class=\"fas fa-user-group \"><\/i><\/div><\/div><div class=\"eb-flipbox-button-container\"><a class=\"eb-flipbox-button-link btn-gradient blue\" href=\"https:\/\/beta.aa-intergroup.org\/fr\/groupes-membres-de-loiaa\/\" target=\"_self\" rel=\"noopener\"><div class=\"eb-flipbox-button-content\"><span>Entrez dans l&#8217;OIAA<\/span><\/div><\/a><\/div><\/div><\/div><\/div><\/div><\/div><\/div>\n<\/div>\n<\/div>\n\n<div style=\"height:70px\" aria-hidden=\"true\" class=\"wp-block-spacer\"><\/div>\n\n<h2 class=\"wp-block-heading\">Nouvelles et mises \u00e0 jour<\/h2>\n            <div class=\"news-title\">\n                <a href=\"https:\/\/beta.aa-intergroup.org\/fr\/updates\/annonce-de-lassemblee-oiaa-de-decembre\/\">Annonce de l&#8217;assembl\u00e9e OIAA de d\u00e9cembre<\/a>\n            <\/div>\n            <div class=\"news-body\">\n                Approuver le budget 2026 et \u00e9lire 4 dirigeants et 2 administrateurs non dirigeants, voil\u00e0 l'ordre du jour de notre prochaine Assembl\u00e9e g\u00e9n\u00e9rale OIAA le samedi 20 d\u00e9cembre. Lisez l'annonce compl\u00e8te de l'Assembl\u00e9e ici Consultez l'ordre du jour complet de l'Assembl\u00e9e ici                    <a href=\"https:\/\/beta.aa-intergroup.org\/fr\/updates\/annonce-de-lassemblee-oiaa-de-decembre\/\">... Read More<\/a>\n                    <hr \/>\n                                <\/div>\n                        <div class=\"news-title\">\n                <a href=\"https:\/\/beta.aa-intergroup.org\/fr\/updates\/examen-du-budget-propose-de-loiaa-pour-2026\/\">Examen du budget propos\u00e9 de l&#8217;OIAA pour 2026<\/a>\n            <\/div>\n            <div class=\"news-body\">\n                \u00c0 notre fraternit\u00e9 : Le Comit\u00e9 des finances et le Conseil d'administration de l'OIAA ont le plaisir de pr\u00e9senter le budget 2026 de l'OIAA propos\u00e9. Les membres votants de l'OIAA seront invit\u00e9s \u00e0 approuver le budget lors de l'Assembl\u00e9e g\u00e9n\u00e9rale annuelle d'\u00e9lection et de budget&hellip;                    <a href=\"https:\/\/beta.aa-intergroup.org\/fr\/updates\/examen-du-budget-propose-de-loiaa-pour-2026\/\">... Read More<\/a>\n                    <hr \/>\n                                <\/div>\n                        <div class=\"news-title\">\n                <a href=\"https:\/\/beta.aa-intergroup.org\/fr\/updates\/preparez-vous-checklist-tech-the\/\">Get Ready: Tech + Tea Checklist<\/a>\n            <\/div>\n            <div class=\"news-body\">\n                \ud83d\udcbb Pr\u00e9parez-vous : Checklist Tech + Th\u00e9 - Convention internationale en ligne OIAA2025, du 14 au 16 novembre 2025 \ud83d\uddd3\ufe0fMoins de deux semaines avant l\u2019\u00e9v\u00e9nement ! Assurons-nous que votre installation est aussi pr\u00eate que votre esprit. \u2714\ufe0fTestez votre connexion internet \u2714\ufe0fEnregistrez le lien du programme&hellip;                    <a href=\"https:\/\/beta.aa-intergroup.org\/fr\/updates\/preparez-vous-checklist-tech-the\/\">... Read More<\/a>\n                    <hr \/>\n                                <\/div>\n            \n\n<div style=\"height:100px\" aria-hidden=\"true\" class=\"wp-block-spacer\"><\/div>\n\n<h3 class=\"wp-block-heading\" style=\"font-size:35px\">Qu&#8217;est-ce que l&#8217;intergroupe en ligne des alcooliques anonymes<\/h3>\n\n<div class=\"wp-block-columns is-layout-flex wp-container-core-columns-is-layout-9d6595d7 wp-block-columns-is-layout-flex\">\n<div class=\"wp-block-column is-layout-flow wp-block-column-is-layout-flow\" style=\"flex-basis:10%\">\n<figure class=\"wp-block-image size-thumbnail is-resized\"><img loading=\"lazy\" decoding=\"async\" width=\"150\" height=\"150\" src=\"https:\/\/beta.aa-intergroup.org\/wp-content\/uploads\/2025\/06\/Number-1-150x150.png\" alt=\"\" class=\"wp-image-12236\" style=\"object-fit:cover;width:100px;height:100px\" srcset=\"https:\/\/beta.aa-intergroup.org\/wp-content\/uploads\/2025\/06\/Number-1-150x150.png 150w, https:\/\/beta.aa-intergroup.org\/wp-content\/uploads\/2025\/06\/Number-1-300x300.png 300w, https:\/\/beta.aa-intergroup.org\/wp-content\/uploads\/2025\/06\/Number-1-125x125.png 125w, https:\/\/beta.aa-intergroup.org\/wp-content\/uploads\/2025\/06\/Number-1.png 327w\" sizes=\"auto, (max-width: 150px) 100vw, 150px\" \/><\/figure>\n\n\n\n<div style=\"height:10px\" aria-hidden=\"true\" class=\"wp-block-spacer\"><\/div>\n<\/div>\n\n\n\n<div class=\"wp-block-column is-layout-flow wp-block-column-is-layout-flow\" style=\"flex-basis:90%\">\n<div style=\"height:40px\" aria-hidden=\"true\" class=\"wp-block-spacer\"><\/div>\n\n\n\n<p class=\"has-medium-font-size\">Notre site est une source centrale d&#8217;informations sur les A.A. en ligne dans le monde entier.<\/p>\n<\/div>\n<\/div>\n\n<div class=\"wp-block-columns is-layout-flex wp-container-core-columns-is-layout-9d6595d7 wp-block-columns-is-layout-flex\">\n<div class=\"wp-block-column is-layout-flow wp-block-column-is-layout-flow\" style=\"flex-basis:10%\">\n<figure class=\"wp-block-image size-thumbnail is-resized\"><img decoding=\"async\" src=\"https:\/\/beta.aa-intergroup.org\/wp-content\/uploads\/2025\/06\/Number-2-150x150.png\" alt=\"\" class=\"wp-image-22120\" style=\"object-fit:cover;width:100px;height:100px\"\/><\/figure>\n\n\n\n<div style=\"height:10px\" aria-hidden=\"true\" class=\"wp-block-spacer\"><\/div>\n<\/div>\n\n\n\n<div class=\"wp-block-column is-layout-flow wp-block-column-is-layout-flow\" style=\"flex-basis:90%\">\n<div style=\"height:40px\" aria-hidden=\"true\" class=\"wp-block-spacer\"><\/div>\n\n\n\n<p class=\"has-medium-font-size\">Nous utilisons Internet pour transmettre le message des A.A.<\/p>\n<\/div>\n<\/div>\n\n<div class=\"wp-block-columns is-layout-flex wp-container-core-columns-is-layout-9d6595d7 wp-block-columns-is-layout-flex\">\n<div class=\"wp-block-column is-layout-flow wp-block-column-is-layout-flow\" style=\"flex-basis:10%\">\n<figure class=\"wp-block-image size-thumbnail is-resized\"><img decoding=\"async\" src=\"https:\/\/beta.aa-intergroup.org\/wp-content\/uploads\/2025\/06\/Number-3-150x150.png\" alt=\"\" class=\"wp-image-22130\" style=\"object-fit:cover;width:100px;height:100px\"\/><\/figure>\n\n\n\n<div style=\"height:10px\" aria-hidden=\"true\" class=\"wp-block-spacer\"><\/div>\n<\/div>\n\n\n\n<div class=\"wp-block-column is-layout-flow wp-block-column-is-layout-flow\" style=\"flex-basis:90%\">\n<div style=\"height:40px\" aria-hidden=\"true\" class=\"wp-block-spacer\"><\/div>\n\n\n\n<p class=\"has-medium-font-size\">Nous promouvons l&#8217;unit\u00e9 entre les groupes A.A. en ligne par le biais d&#8217;ateliers, de forums et d&#8217;assembl\u00e9es.<\/p>\n<\/div>\n<\/div>\n\n<div class=\"wp-block-columns is-layout-flex wp-container-core-columns-is-layout-9d6595d7 wp-block-columns-is-layout-flex\">\n<div class=\"wp-block-column is-layout-flow wp-block-column-is-layout-flow\" style=\"flex-basis:10%\">\n<figure class=\"wp-block-image size-thumbnail is-resized\"><img decoding=\"async\" src=\"https:\/\/beta.aa-intergroup.org\/wp-content\/uploads\/2025\/06\/Number-4-150x150.png\" alt=\"\" class=\"wp-image-22140\" style=\"object-fit:cover;width:100px;height:100px\"\/><\/figure>\n\n\n\n<div style=\"height:10px\" aria-hidden=\"true\" class=\"wp-block-spacer\"><\/div>\n<\/div>\n\n\n\n<div class=\"wp-block-column is-layout-flow wp-block-column-is-layout-flow\" style=\"flex-basis:90%\">\n<div style=\"height:40px\" aria-hidden=\"true\" class=\"wp-block-spacer\"><\/div>\n\n\n\n<p class=\"has-medium-font-size\">Nous r\u00e9pondons aux besoins des A.A. en ligne gr\u00e2ce \u00e0 nos comit\u00e9s de service.<\/p>\n<\/div>\n<\/div>\n\n<div style=\"height:100px\" aria-hidden=\"true\" class=\"wp-block-spacer\"><\/div>\n\n<div class=\"wp-block-essential-blocks-call-to-action root-eb-call-to-action-z0qjj\"><div class=\"eb-parent-wrapper eb-parent-eb-call-to-action-z0qjj \"><div class=\"eb-cia-wrapper eb-call-to-action-z0qjj\" data-icon=\"fas fa-glass-martini\"><div class=\"eb-cia-text-wrapper\"><h3 class=\"eb-cia-title\">Devenez membre de l&#8217;OIAA<\/h3><p class=\"eb-cia-description\">L&#8217;Intergroupe en ligne des Alcooliques Anonymes, ou OIAA, est une organisation de service internationale \u00e9tablie conform\u00e9ment \u00e0 la Neuvi\u00e8me Tradition des Alcooliques Anonymes A.A., sp\u00e9cifiquement dans le but d&#8217;aider les groupes A.A. en ligne dans leur objectif commun de transmettre le message des A.A. \u00e0 l&#8217;alcoolique qui souffre encore.<\/p><\/div><div class=\"eb-cia-button-wrapper\"><a href=\"https:\/\/beta.aa-intergroup.org\/fr\/devenir-membre\/\" target=\"_self\" rel=\"noopener\"><div class=\"eb-cia-button is-large\">En savoir plus<\/div><\/a><\/div><\/div><\/div><\/div>\n\n<div style=\"height:261px\" aria-hidden=\"true\" class=\"wp-block-spacer\"><\/div>\n","protected":false},"excerpt":{"rendered":"<p>Nouvelles et mises \u00e0 jour Qu&#8217;est-ce que l&#8217;intergroupe en ligne des alcooliques anonymes Notre site est une source centrale d&#8217;informations sur les A.A. en ligne dans le monde entier. Nous utilisons Internet pour transmettre le message des A.A. Nous promouvons l&#8217;unit\u00e9 entre les groupes A.A. en ligne par le biais d&#8217;ateliers, de forums et d&#8217;assembl\u00e9es.<a class=\"excerpt-read-more\" href=\"https:\/\/beta.aa-intergroup.org\/fr\/updates\/preparez-vous-checklist-tech-the\/\" title=\"ReadGet Ready: Tech + Tea Checklist\">&#8230; Read more &raquo;<\/a><\/p>\n","protected":false},"author":153,"featured_media":0,"parent":0,"menu_order":0,"comment_status":"closed","ping_status":"closed","template":"","meta":{"_acf_changed":false,"_eb_attr":"","footnotes":""},"class_list":["post-18875","page","type-page","status-publish","hentry"],"acf":[],"_links":{"self":[{"href":"https:\/\/beta.aa-intergroup.org\/fr\/wp-json\/wp\/v2\/pages\/18875","targetHints":{"allow":["GET"]}}],"collection":[{"href":"https:\/\/beta.aa-intergroup.org\/fr\/wp-json\/wp\/v2\/pages"}],"about":[{"href":"https:\/\/beta.aa-intergroup.org\/fr\/wp-json\/wp\/v2\/types\/page"}],"author":[{"embeddable":true,"href":"https:\/\/beta.aa-intergroup.org\/fr\/wp-json\/wp\/v2\/users\/153"}],"replies":[{"embeddable":true,"href":"https:\/\/beta.aa-intergroup.org\/fr\/wp-json\/wp\/v2\/comments?post=18875"}],"version-history":[{"count":5,"href":"https:\/\/beta.aa-intergroup.org\/fr\/wp-json\/wp\/v2\/pages\/18875\/revisions"}],"predecessor-version":[{"id":41637,"href":"https:\/\/beta.aa-intergroup.org\/fr\/wp-json\/wp\/v2\/pages\/18875\/revisions\/41637"}],"wp:attachment":[{"href":"https:\/\/beta.aa-intergroup.org\/fr\/wp-json\/wp\/v2\/media?parent=18875"}],"curies":[{"name":"wp","href":"https:\/\/api.w.org\/{rel}","templated":true}]}}