{"id":15330,"date":"2025-06-16T13:14:58","date_gmt":"2025-06-16T17:14:58","guid":{"rendered":"https:\/\/beta.aa-intergroup.org\/non-riesci-a-smettere-di-bere\/"},"modified":"2025-10-28T04:19:02","modified_gmt":"2025-10-28T08:19:02","slug":"non-riesci-a-smettere-di-bere","status":"publish","type":"page","link":"https:\/\/beta.aa-intergroup.org\/it\/non-riesci-a-smettere-di-bere\/","title":{"rendered":"Non riesci a smettere di bere?"},"content":{"rendered":"\n<p>Se vuoi smettere di bere e hai difficolt\u00e0 a farlo, allora sei nel posto giusto. Molti di noi hanno avuto lo stesso problema!  <\/p>\n\n<p>A.A. aiuta a connettere e supportare le persone che vogliono smettere di bere. Siamo qui per te perch\u00e9 siamo stati nei tuoi panni. Sappiamo che pu\u00f2 essere difficile, ma tutto ci\u00f2 di cui hai bisogno \u00e8 il desiderio di smettere di bere.  <\/p>\n\n<div style=\"height:40px\" aria-hidden=\"true\" class=\"wp-block-spacer\"><\/div>\n\n<h2 class=\"wp-block-heading has-large-font-size\">Ottieni aiuto ora<\/h2>\n\n<div class=\"wp-block-columns is-layout-flex wp-container-core-columns-is-layout-9d6595d7 wp-block-columns-is-layout-flex\">\n<div class=\"wp-block-column is-layout-flow wp-block-column-is-layout-flow\" style=\"flex-basis:80%\">\n<p>Se non riesci a smettere di bere, la cosa migliore che puoi fare \u00e8 chiedere aiuto subito. Partecipa a una riunione ora o invia il modulo qui sotto. <\/p>\n\n\n\n<p>La tua richiesta sar\u00e0 ricevuta e risposta <strong>via email<\/strong> dai membri del Comitato del 12\u00b0 Passo dell&#8217;OIAA, composto da membri AA sobri di tutto il mondo. Risponderemo il prima possibile. Grazie!  <\/p>\n<\/div>\n\n\n\n<div class=\"wp-block-column is-layout-flow wp-block-column-is-layout-flow\" style=\"flex-basis:20%\"><div class=\"wp-block-image\">\n<figure class=\"aligncenter size-full is-resized\"><img loading=\"lazy\" decoding=\"async\" width=\"2560\" height=\"1709\" src=\"https:\/\/beta.aa-intergroup.org\/wp-content\/uploads\/2025\/06\/shotglass-scaled.jpg\" alt=\"\" class=\"wp-image-12239\" style=\"object-fit:cover;width:70px;height:70px\" srcset=\"https:\/\/beta.aa-intergroup.org\/wp-content\/uploads\/2025\/06\/shotglass-scaled.jpg 2560w, https:\/\/beta.aa-intergroup.org\/wp-content\/uploads\/2025\/06\/shotglass-300x200.jpg 300w, https:\/\/beta.aa-intergroup.org\/wp-content\/uploads\/2025\/06\/shotglass-1024x684.jpg 1024w, https:\/\/beta.aa-intergroup.org\/wp-content\/uploads\/2025\/06\/shotglass-768x513.jpg 768w, https:\/\/beta.aa-intergroup.org\/wp-content\/uploads\/2025\/06\/shotglass-1536x1025.jpg 1536w, https:\/\/beta.aa-intergroup.org\/wp-content\/uploads\/2025\/06\/shotglass-2048x1367.jpg 2048w\" sizes=\"auto, (max-width: 2560px) 100vw, 2560px\" \/><\/figure><\/div>\n\n\n<div class=\"wp-block-essential-blocks-button root-eb-button-472r7\"><div class=\"eb-parent-wrapper eb-parent-eb-button-472r7 \"><div class=\"eb-button-wrapper eb-button-alignment eb-button-472r7\"><div class=\"eb-button\"><div class=\"eb-button-inner-wrapper \"><a class=\"eb-button-anchor \" href=\"https:\/\/beta.aa-intergroup.org\/meetings\/\" rel=\"noopener\">Partecipa a una riunione<\/a><\/div><\/div><\/div><\/div><\/div>\n<\/div>\n<\/div>\n<div class=\"wpforms-container wpforms-container-full\" id=\"wpforms-831\"><form id=\"wpforms-form-831\" class=\"wpforms-validate wpforms-form\" data-formid=\"831\" method=\"post\" enctype=\"multipart\/form-data\" action=\"\/it\/wp-json\/wp\/v2\/pages\/15330\" data-token=\"b154ed911488c474b738814454d9dbcb\" data-token-time=\"1776011489\"><noscript class=\"wpforms-error-noscript\">Please enable JavaScript in your browser to complete this form.<\/noscript><div class=\"wpforms-field-container\"><div id=\"wpforms-831-field_0-container\" class=\"wpforms-field wpforms-field-name\" data-field-id=\"0\"><label class=\"wpforms-field-label\" for=\"wpforms-831-field_0\">Nome <span class=\"wpforms-required-label\">*<\/span><\/label><input type=\"text\" id=\"wpforms-831-field_0\" class=\"wpforms-field-medium wpforms-field-required\" name=\"wpforms[fields][0]\" required><div class=\"wpforms-field-description\">Solo il nome va bene.<\/div><\/div><div id=\"wpforms-831-field_1-container\" class=\"wpforms-field wpforms-field-email\" data-field-id=\"1\"><label class=\"wpforms-field-label\" for=\"wpforms-831-field_1\">Email <span class=\"wpforms-required-label\">*<\/span><\/label><input type=\"email\" id=\"wpforms-831-field_1\" class=\"wpforms-field-medium wpforms-field-required\" name=\"wpforms[fields][1]\" spellcheck=\"false\" required><\/div><div id=\"wpforms-831-field_2-container\" class=\"wpforms-field wpforms-field-textarea\" data-field-id=\"2\"><label class=\"wpforms-field-label\" for=\"wpforms-831-field_2\">Messaggio <span class=\"wpforms-required-label\">*<\/span><\/label><textarea id=\"wpforms-831-field_2\" class=\"wpforms-field-medium wpforms-field-required\" name=\"wpforms[fields][2]\" required><\/textarea><\/div><div id=\"wpforms-831-field_3-container\" class=\"wpforms-field wpforms-field-hidden\" data-field-id=\"3\"><input type=\"hidden\" id=\"wpforms-831-field_3\" name=\"wpforms[fields][3]\" value=\"04\/12\/2026\"><\/div><div id=\"wpforms-831-field_7-container\" class=\"wpforms-field wpforms-field-select wpforms-conditional-trigger wpforms-field-select-style-classic\" data-field-id=\"7\"><label class=\"wpforms-field-label\" for=\"wpforms-831-field_7\">Il tuo paese <span class=\"wpforms-required-label\">*<\/span><\/label><select id=\"wpforms-831-field_7\" class=\"wpforms-field-medium wpforms-field-required\" name=\"wpforms[fields][7]\" required=\"required\"><option value=\"seleziona\" >seleziona<\/option><option value=\"USA\" >USA<\/option><option value=\"Sudafrica\" >Sudafrica<\/option><option value=\"Canada\" >Canada<\/option><option value=\"Messico\" >Messico<\/option><option value=\"Francia\" >Francia<\/option><option value=\"India\" >India<\/option><option value=\"Irlanda  \" >Irlanda<\/option><option value=\"Regno Unito\" >Regno Unito<\/option><option value=\"Altro paese\" >Altro paese<\/option><\/select><\/div><div id=\"wpforms-831-field_6-container\" class=\"wpforms-field wpforms-field-text wpforms-conditional-field wpforms-conditional-show\" data-field-id=\"6\" style=\"display:none;\"><label class=\"wpforms-field-label\" for=\"wpforms-831-field_6\">Altro paese<\/label><input type=\"text\" id=\"wpforms-831-field_6\" class=\"wpforms-field-medium\" name=\"wpforms[fields][6]\" ><div class=\"wpforms-field-description\">Aggiungi se hai selezionato 'altro paese'<\/div><\/div><div id=\"wpforms-831-field_10-container\" class=\"wpforms-field wpforms-field-text request-id\" data-field-id=\"10\"><label class=\"wpforms-field-label\" for=\"wpforms-831-field_10\">Request ID<\/label><input type=\"text\" id=\"wpforms-831-field_10\" class=\"wpforms-field-medium\" name=\"wpforms[fields][10]\" ><\/div><\/div><!-- .wpforms-field-container --><div class=\"wpforms-field wpforms-field-hp\"><label for=\"wpforms-831-field-hp\" class=\"wpforms-field-label\">Phone<\/label><input type=\"text\" name=\"wpforms[hp]\" id=\"wpforms-831-field-hp\" class=\"wpforms-field-medium\"><\/div><div class=\"wpforms-recaptcha-container wpforms-is-recaptcha wpforms-is-recaptcha-type-v2\" ><div class=\"g-recaptcha\" data-sitekey=\"6LfLO_EUAAAAAD2WTL408A9DfNNx6AhXu-npfay8\"><\/div><input type=\"text\" name=\"g-recaptcha-hidden\" class=\"wpforms-recaptcha-hidden\" style=\"position:absolute!important;clip:rect(0,0,0,0)!important;height:1px!important;width:1px!important;border:0!important;overflow:hidden!important;padding:0!important;margin:0!important;\" data-rule-recaptcha=\"1\"><\/div><div class=\"wpforms-submit-container\" ><input type=\"hidden\" name=\"wpforms[id]\" value=\"831\"><input type=\"hidden\" name=\"page_title\" value=\"\"><input type=\"hidden\" name=\"page_url\" value=\"https:\/\/beta.aa-intergroup.org\/it\/wp-json\/wp\/v2\/pages\/15330\"><button type=\"submit\" name=\"wpforms[submit]\" id=\"wpforms-submit-831\" class=\"wpforms-submit form-submit\" data-alt-text=\"Invio...\" data-submit-text=\"Invia\" aria-live=\"assertive\" value=\"wpforms-submit\">Invia<\/button><\/div><\/form><\/div>  <!-- .wpforms-container -->\n\n<div style=\"height:150px\" aria-hidden=\"true\" class=\"wp-block-spacer\"><\/div>\n\n<div class=\"wp-block-columns is-layout-flex wp-container-core-columns-is-layout-9d6595d7 wp-block-columns-is-layout-flex\">\n<div class=\"wp-block-column is-layout-flow wp-block-column-is-layout-flow\"><\/div>\n\n\n\n<div class=\"wp-block-column is-layout-flow wp-block-column-is-layout-flow\"><\/div>\n<\/div>\n\n<div class=\"wp-block-columns is-layout-flex wp-container-core-columns-is-layout-9d6595d7 wp-block-columns-is-layout-flex\">\n<div class=\"wp-block-column is-layout-flow wp-block-column-is-layout-flow\" style=\"flex-basis:33.33%\"><div class=\"wp-block-image\">\n<figure class=\"aligncenter size-full is-resized\"><img loading=\"lazy\" decoding=\"async\" width=\"876\" height=\"542\" src=\"https:\/\/beta.aa-intergroup.org\/wp-content\/uploads\/2025\/06\/Anonymity.png\" alt=\"\" class=\"wp-image-12241\" style=\"width:280px\" srcset=\"https:\/\/beta.aa-intergroup.org\/wp-content\/uploads\/2025\/06\/Anonymity.png 876w, https:\/\/beta.aa-intergroup.org\/wp-content\/uploads\/2025\/06\/Anonymity-300x186.png 300w, https:\/\/beta.aa-intergroup.org\/wp-content\/uploads\/2025\/06\/Anonymity-768x475.png 768w\" sizes=\"auto, (max-width: 876px) 100vw, 876px\" \/><\/figure><\/div><\/div>\n\n\n\n<div class=\"wp-block-column is-layout-flow wp-block-column-is-layout-flow\" style=\"flex-basis:66.66%\">\n<h5 class=\"wp-block-heading\">I membri di AA proteggono il loro anonimato:<\/h5>\n\n\n\n<p>per proteggere l&#8217;organizzazione AA, le loro vite professionali e private, le vite di altri alcolisti e, <strong>cosa pi\u00f9 importante<\/strong>, coloro che cercano aiuto per il loro problema con l&#8217;alcol: il nuovo arrivato.<\/p>\n\n\n\n<p>Il tuo anonimato sar\u00e0 protetto. AA non conserva informazioni sui propri membri n\u00e9 traccia o registra chi li contatta. <\/p>\n<\/div>\n<\/div>\n\n<div class=\"wp-block-columns is-layout-flex wp-container-core-columns-is-layout-9d6595d7 wp-block-columns-is-layout-flex\">\n<div class=\"wp-block-column is-layout-flow wp-block-column-is-layout-flow\"><\/div>\n\n\n\n<div class=\"wp-block-column is-layout-flow wp-block-column-is-layout-flow\"><\/div>\n<\/div>\n\n<div style=\"height:222px\" aria-hidden=\"true\" class=\"wp-block-spacer\"><\/div>\n","protected":false},"excerpt":{"rendered":"<p>Se vuoi smettere di bere e hai difficolt\u00e0 a farlo, allora sei nel posto giusto. Molti di noi hanno avuto lo stesso problema! A.A. aiuta a connettere e supportare le persone che vogliono smettere di bere. Siamo qui per te perch\u00e9 siamo stati nei tuoi panni. Sappiamo che pu\u00f2 essere difficile, ma tutto ci\u00f2 di<a class=\"excerpt-read-more\" href=\"https:\/\/beta.aa-intergroup.org\/it\/non-riesci-a-smettere-di-bere\/\" title=\"ReadNon riesci a smettere di bere?\">&#8230; Read more &raquo;<\/a><\/p>\n","protected":false},"author":153,"featured_media":0,"parent":0,"menu_order":0,"comment_status":"closed","ping_status":"closed","template":"","meta":{"_acf_changed":false,"_eb_attr":"","footnotes":""},"class_list":["post-15330","page","type-page","status-publish","hentry"],"acf":[],"_links":{"self":[{"href":"https:\/\/beta.aa-intergroup.org\/it\/wp-json\/wp\/v2\/pages\/15330","targetHints":{"allow":["GET"]}}],"collection":[{"href":"https:\/\/beta.aa-intergroup.org\/it\/wp-json\/wp\/v2\/pages"}],"about":[{"href":"https:\/\/beta.aa-intergroup.org\/it\/wp-json\/wp\/v2\/types\/page"}],"author":[{"embeddable":true,"href":"https:\/\/beta.aa-intergroup.org\/it\/wp-json\/wp\/v2\/users\/153"}],"replies":[{"embeddable":true,"href":"https:\/\/beta.aa-intergroup.org\/it\/wp-json\/wp\/v2\/comments?post=15330"}],"version-history":[{"count":1,"href":"https:\/\/beta.aa-intergroup.org\/it\/wp-json\/wp\/v2\/pages\/15330\/revisions"}],"predecessor-version":[{"id":15331,"href":"https:\/\/beta.aa-intergroup.org\/it\/wp-json\/wp\/v2\/pages\/15330\/revisions\/15331"}],"wp:attachment":[{"href":"https:\/\/beta.aa-intergroup.org\/it\/wp-json\/wp\/v2\/media?parent=15330"}],"curies":[{"name":"wp","href":"https:\/\/api.w.org\/{rel}","templated":true}]}}