{"id":15352,"date":"2025-06-16T13:15:15","date_gmt":"2025-06-16T17:15:15","guid":{"rendered":"https:\/\/beta.aa-intergroup.org\/gruppi-membri-di-oiaa\/"},"modified":"2025-10-28T04:20:44","modified_gmt":"2025-10-28T08:20:44","slug":"gruppi-membri-di-oiaa","status":"publish","type":"page","link":"https:\/\/beta.aa-intergroup.org\/it\/gruppi-membri-di-oiaa\/","title":{"rendered":"Gruppi membri di OIAA"},"content":{"rendered":"\n<hr class=\"wp-block-separator has-text-color has-alpha-channel-opacity has-background is-style-default\" style=\"background-color:#08c9fd;color:#08c9fd\"\/>\n\n<h2 class=\"wp-block-heading has-text-align-center has-text-color has-link-color has-x-large-font-size wp-elements-5d2eef4b569864d837d0521a7dde8efa\" style=\"color:#011a5c;font-style:normal;font-weight:700;text-transform:uppercase\">Dentro OIAA<\/h2>\n\n<p class=\"has-text-align-center\">Questa \u00e8 la risorsa di riferimento per tutto ci\u00f2 che accade all&#8217;interno di OIAA. <\/p>\n\n<div class=\"wp-block-essential-blocks-text root-eb-text-svizr\"><div class=\"eb-parent-wrapper eb-parent-eb-text-svizr \"><div class=\"eb-text-wrapper eb-text-svizr\" data-id=\"eb-text-svizr\"><p class=\"eb-text\"><strong>Menu Dentro OIAA<\/strong><br><a href=\"https:\/\/beta.aa-intergroup.org\/it\/gruppi-membri-di-oiaa\/\" data-type=\"page\" data-id=\"21905\">gruppi<\/a><br><a href=\"https:\/\/beta.aa-intergroup.org\/online-meeting-tools-guidelines\/\" data-type=\"link\" data-id=\"https:\/\/beta.aa-intergroup.org\/online-meeting-tools-guidelines\/\">strumenti e linee guida per le riunioni online<\/a><br><a href=\"https:\/\/beta.aa-intergroup.org\/oiaa-in-action\/\" data-type=\"page\" data-id=\"21908\">OIAA in azione<\/a><br><a href=\"https:\/\/beta.aa-intergroup.org\/service-committees\/\" data-type=\"page\" data-id=\"21910\">commissioni di servizio<\/a><br><a href=\"https:\/\/beta.aa-intergroup.org\/oiaa-calendar\/\" data-type=\"link\" data-id=\"https:\/\/beta.aa-intergroup.org\/oiaa-calendar\/\">eventi OIAA<\/a><br><a href=\"https:\/\/beta.aa-intergroup.org\/become-a-member\/\" data-type=\"page\" data-id=\"21912\">diventa un membro<\/a><\/p><\/div><\/div><\/div>\n\n<!-- UberMenu [Configuration:insideoiaa] [Theme Loc:] [Integration:api] -->\n<button class=\"ubermenu-responsive-toggle ubermenu-responsive-toggle-insideoiaa ubermenu-skin-grey-white ubermenu-loc- ubermenu-responsive-toggle-content-align-left ubermenu-responsive-toggle-align-full ubermenu-responsive-toggle-close-icon-times \" tabindex=\"0\" data-ubermenu-target=\"ubermenu-insideoiaa-624\"   aria-label=\"Toggle Inside OIAA - Italian\"><i class=\"fas fa-bars\" ><\/i>Menu<\/button><nav id=\"ubermenu-insideoiaa-624\" class=\"ubermenu ubermenu-nojs ubermenu-insideoiaa ubermenu-menu-624 ubermenu-responsive ubermenu-responsive-default ubermenu-responsive-collapse ubermenu-horizontal ubermenu-transition-shift ubermenu-trigger-hover_intent ubermenu-skin-grey-white  ubermenu-bar-align-full ubermenu-items-align-flex ubermenu-bound-inner ubermenu-disable-submenu-scroll ubermenu-sub-indicators ubermenu-retractors-responsive ubermenu-submenu-indicator-closes\"><ul id=\"ubermenu-nav-insideoiaa-90\" class=\"ubermenu-nav\" data-title=\"Inside OIAA - Italian\"><li id=\"menu-item-37514\" class=\"ubermenu-item ubermenu-item-type-post_type ubermenu-item-object-page ubermenu-item-37514 ubermenu-item-level-0 ubermenu-column ubermenu-column-auto\" ><a class=\"ubermenu-target ubermenu-item-layout-default ubermenu-item-layout-text_only\" href=\"https:\/\/beta.aa-intergroup.org\/it\/gruppi-membri-di-oiaa\/\" tabindex=\"0\"><span class=\"ubermenu-target-title ubermenu-target-text\">Gruppi membri di OIAA<\/span><\/a><\/li><li id=\"menu-item-37526\" class=\"ubermenu-item ubermenu-item-type-post_type ubermenu-item-object-page ubermenu-item-37526 ubermenu-item-level-0 ubermenu-column ubermenu-column-auto\" ><a class=\"ubermenu-target ubermenu-item-layout-default ubermenu-item-layout-text_only\" href=\"https:\/\/beta.aa-intergroup.org\/it\/strumenti-e-linee-guida-per-le-riunioni-online\/\" tabindex=\"0\"><span class=\"ubermenu-target-title ubermenu-target-text\">Strumenti e linee guida per le riunioni online<\/span><\/a><\/li><li id=\"menu-item-37527\" class=\"ubermenu-item ubermenu-item-type-post_type ubermenu-item-object-page ubermenu-item-37527 ubermenu-item-level-0 ubermenu-column ubermenu-column-auto\" ><a class=\"ubermenu-target ubermenu-item-layout-default ubermenu-item-layout-text_only\" href=\"https:\/\/beta.aa-intergroup.org\/it\/oiaa-in-azione\/\" tabindex=\"0\"><span class=\"ubermenu-target-title ubermenu-target-text\">OIAA in azione<\/span><\/a><\/li><li id=\"menu-item-37528\" class=\"ubermenu-item ubermenu-item-type-post_type ubermenu-item-object-page ubermenu-item-37528 ubermenu-item-level-0 ubermenu-column ubermenu-column-auto\" ><a class=\"ubermenu-target ubermenu-item-layout-default ubermenu-item-layout-text_only\" href=\"https:\/\/beta.aa-intergroup.org\/it\/comitati-di-servizio\/\" tabindex=\"0\"><span class=\"ubermenu-target-title ubermenu-target-text\">Comitati di servizio<\/span><\/a><\/li><li id=\"menu-item-37529\" class=\"ubermenu-item ubermenu-item-type-post_type ubermenu-item-object-page ubermenu-item-37529 ubermenu-item-level-0 ubermenu-column ubermenu-column-auto\" ><a class=\"ubermenu-target ubermenu-item-layout-default ubermenu-item-layout-text_only\" href=\"https:\/\/beta.aa-intergroup.org\/it\/calendario-oiaa\/\" tabindex=\"0\"><span class=\"ubermenu-target-title ubermenu-target-text\">Calendario OIAA<\/span><\/a><\/li><li id=\"menu-item-37530\" class=\"ubermenu-item ubermenu-item-type-post_type ubermenu-item-object-page ubermenu-item-37530 ubermenu-item-level-0 ubermenu-column ubermenu-column-auto\" ><a class=\"ubermenu-target ubermenu-item-layout-default ubermenu-item-layout-text_only\" href=\"https:\/\/beta.aa-intergroup.org\/it\/diventa-membro\/\" tabindex=\"0\"><span class=\"ubermenu-target-title ubermenu-target-text\">Diventa membro<\/span><\/a><\/li><\/ul><\/nav>\n<!-- End UberMenu -->\n\n\n<hr class=\"wp-block-separator has-text-color has-alpha-channel-opacity has-background is-style-default\" style=\"background-color:#08c9fd;color:#08c9fd\"\/>\n\n<div style=\"height:18px\" aria-hidden=\"true\" class=\"wp-block-spacer\"><\/div>\n\n<h2 class=\"wp-block-heading has-text-align-center has-large-font-size\">Gruppi membri di OIAA<\/h2>\n\n<p>Questa \u00e8 la tua risorsa di riferimento per i gruppi elencati su OIAA e quelli che partecipano alla struttura di servizio di OIAA. Gli IGR dei gruppi troveranno qui le informazioni pi\u00f9 aggiornate. <\/p>\n\n<div class=\"wp-block-essential-blocks-button root-eb-button-k731r\"><div class=\"eb-parent-wrapper eb-parent-eb-button-k731r \"><div class=\"eb-button-wrapper eb-button-alignment eb-button-k731r\"><div class=\"eb-button\"><div class=\"eb-button-inner-wrapper \"><a class=\"eb-button-anchor \" href=\"https:\/\/beta.aa-intergroup.org\/group-events\/\" rel=\"noopener\">Visualizza gli eventi del gruppo<\/a><\/div><\/div><\/div><\/div><\/div>\n\n<div style=\"height:20px\" aria-hidden=\"true\" class=\"wp-block-spacer\"><\/div>\n\n<div class=\"wp-block-columns is-layout-flex wp-container-core-columns-is-layout-9d6595d7 wp-block-columns-is-layout-flex\">\n<div class=\"wp-block-column is-layout-flow wp-block-column-is-layout-flow\">\n<div class=\"wp-block-essential-blocks-infobox root-eb-infobox-3y9am\"><div class=\"eb-parent-wrapper eb-parent-eb-infobox-3y9am \"><div class=\"eb-infobox-3y9am eb-infobox-wrapper\"><div class=\"infobox-wrapper-inner\"><div class=\"contents-wrapper\"><p class=\"description\">Le informazioni pi\u00f9 aggiornate che ogni IGR dovrebbe conoscere.<\/p><div class=\"eb-button-inner-wrapper eb-infobox-btn-wrapper\"><a class=\"eb-button-anchor infobox-btn \" href=\"https:\/\/beta.aa-intergroup.org\/igr-hotlist\/\" rel=\"noopener\"><strong>Hotlist IGR <\/strong><\/a><\/div><\/div><\/div><\/div><\/div><\/div>\n<\/div>\n\n\n\n<div class=\"wp-block-column is-layout-flow wp-block-column-is-layout-flow\">\n<div class=\"wp-block-essential-blocks-infobox root-eb-infobox-njvfg\"><div class=\"eb-parent-wrapper eb-parent-eb-infobox-njvfg \"><div class=\"eb-infobox-njvfg eb-infobox-wrapper\"><div class=\"infobox-wrapper-inner\"><div class=\"contents-wrapper\"><p class=\"description\">Tieni tutti informati su ci\u00f2 che sta accadendo nel tuo gruppo.<\/p><div class=\"eb-button-inner-wrapper eb-infobox-btn-wrapper\"><a class=\"eb-button-anchor infobox-btn \" href=\"https:\/\/beta.aa-intergroup.org\/submit-group-report\/\" rel=\"noopener\"><strong>Resoconti dei gruppi<\/strong><\/a><\/div><\/div><\/div><\/div><\/div><\/div>\n<\/div>\n\n\n\n<div class=\"wp-block-column is-layout-flow wp-block-column-is-layout-flow\">\n<div class=\"wp-block-essential-blocks-infobox root-eb-infobox-qh1kd\"><div class=\"eb-parent-wrapper eb-parent-eb-infobox-qh1kd \"><div class=\"eb-infobox-qh1kd eb-infobox-wrapper\"><div class=\"infobox-wrapper-inner\"><div class=\"contents-wrapper\"><p class=\"description\">I membri condividono la loro esperienza, forza e speranza.<br><\/p><div class=\"eb-button-inner-wrapper eb-infobox-btn-wrapper\"><a class=\"eb-button-anchor infobox-btn \" href=\"https:\/\/beta.aa-intergroup.org\/stories\/\" rel=\"noopener\"><strong>Storie dei membri<\/strong><\/a><\/div><\/div><\/div><\/div><\/div><\/div>\n<\/div>\n<\/div>\n\n<div style=\"height:32px\" aria-hidden=\"true\" class=\"wp-block-spacer\"><\/div>\n\n<div class=\"wp-block-columns is-layout-flex wp-container-core-columns-is-layout-9d6595d7 wp-block-columns-is-layout-flex\">\n<div class=\"wp-block-column is-layout-flow wp-block-column-is-layout-flow\">\n<div class=\"wp-block-essential-blocks-infobox root-eb-infobox-60hlv\"><div class=\"eb-parent-wrapper eb-parent-eb-infobox-60hlv \"><div class=\"eb-infobox-60hlv eb-infobox-wrapper\"><div class=\"infobox-wrapper-inner\"><div class=\"contents-wrapper\"><p class=\"description\">Usa questo modulo per inviare gli eventi del tuo gruppo. Non devi essere un Gruppo Membro OIAA per pubblicare un evento.<br><\/p><div class=\"eb-button-inner-wrapper eb-infobox-btn-wrapper\"><a class=\"eb-button-anchor infobox-btn \" href=\"https:\/\/beta.aa-intergroup.org\/submit-group-event\/\" rel=\"noopener\"><strong>Invia un evento di gruppo<\/strong><\/a><\/div><\/div><\/div><\/div><\/div><\/div>\n<\/div>\n\n\n\n<div class=\"wp-block-column is-layout-flow wp-block-column-is-layout-flow\">\n<div class=\"wp-block-essential-blocks-infobox root-eb-infobox-69t65\"><div class=\"eb-parent-wrapper eb-parent-eb-infobox-69t65 \"><div class=\"eb-infobox-69t65 eb-infobox-wrapper\"><div class=\"infobox-wrapper-inner\"><div class=\"contents-wrapper\"><p class=\"description\">Se hai domande sull&#8217;adesione al gruppo OIAA o hai bisogno di modificare le informazioni del tuo IGR, contatta il Registrar.<\/p><div class=\"eb-button-inner-wrapper eb-infobox-btn-wrapper\"><a class=\"eb-button-anchor infobox-btn \" href=\"https:\/\/beta.aa-intergroup.org\/oiaa-registrar\/\" rel=\"noopener\"><strong>Contatta il registrar <\/strong><\/a><\/div><\/div><\/div><\/div><\/div><\/div>\n<\/div>\n\n\n\n<div class=\"wp-block-column is-layout-flow wp-block-column-is-layout-flow\">\n<div class=\"wp-block-essential-blocks-infobox root-eb-infobox-x8n33\"><div class=\"eb-parent-wrapper eb-parent-eb-infobox-x8n33 \"><div class=\"eb-infobox-x8n33 eb-infobox-wrapper\"><div class=\"infobox-wrapper-inner\"><div class=\"contents-wrapper\"><p class=\"description\">Ogni gruppo di A. A. dovrebbe essere completamente autosufficiente, rifiutando contributi esterni.\u201d (pag. 160, Dodici Passi e Dodici Tradizioni)<\/p><div class=\"eb-button-inner-wrapper eb-infobox-btn-wrapper\"><a class=\"eb-button-anchor infobox-btn \" href=\"https:\/\/beta.aa-intergroup.org\/contributions\/\" rel=\"noopener\"><strong>Fai una donazione<\/strong><\/a><\/div><\/div><\/div><\/div><\/div><\/div>\n<\/div>\n<\/div>\n\n<div style=\"height:431px\" aria-hidden=\"true\" class=\"wp-block-spacer\"><\/div>\n","protected":false},"excerpt":{"rendered":"<p>Dentro OIAA Questa \u00e8 la risorsa di riferimento per tutto ci\u00f2 che accade all&#8217;interno di OIAA. Gruppi membri di OIAA Questa \u00e8 la tua risorsa di riferimento per i gruppi elencati su OIAA e quelli che partecipano alla struttura di servizio di OIAA. Gli IGR dei gruppi troveranno qui le informazioni pi\u00f9 aggiornate.<\/p>\n","protected":false},"author":153,"featured_media":0,"parent":0,"menu_order":0,"comment_status":"closed","ping_status":"closed","template":"","meta":{"_acf_changed":false,"_eb_attr":"","footnotes":""},"class_list":["post-15352","page","type-page","status-publish","hentry"],"acf":[],"_links":{"self":[{"href":"https:\/\/beta.aa-intergroup.org\/it\/wp-json\/wp\/v2\/pages\/15352","targetHints":{"allow":["GET"]}}],"collection":[{"href":"https:\/\/beta.aa-intergroup.org\/it\/wp-json\/wp\/v2\/pages"}],"about":[{"href":"https:\/\/beta.aa-intergroup.org\/it\/wp-json\/wp\/v2\/types\/page"}],"author":[{"embeddable":true,"href":"https:\/\/beta.aa-intergroup.org\/it\/wp-json\/wp\/v2\/users\/153"}],"replies":[{"embeddable":true,"href":"https:\/\/beta.aa-intergroup.org\/it\/wp-json\/wp\/v2\/comments?post=15352"}],"version-history":[{"count":1,"href":"https:\/\/beta.aa-intergroup.org\/it\/wp-json\/wp\/v2\/pages\/15352\/revisions"}],"predecessor-version":[{"id":15353,"href":"https:\/\/beta.aa-intergroup.org\/it\/wp-json\/wp\/v2\/pages\/15352\/revisions\/15353"}],"wp:attachment":[{"href":"https:\/\/beta.aa-intergroup.org\/it\/wp-json\/wp\/v2\/media?parent=15352"}],"curies":[{"name":"wp","href":"https:\/\/api.w.org\/{rel}","templated":true}]}}