{"id":15419,"date":"2025-06-16T13:15:09","date_gmt":"2025-06-16T17:15:09","guid":{"rendered":"https:\/\/beta.aa-intergroup.org\/oiaa-in-azione\/"},"modified":"2025-10-28T04:23:32","modified_gmt":"2025-10-28T08:23:32","slug":"oiaa-in-azione","status":"publish","type":"page","link":"https:\/\/beta.aa-intergroup.org\/it\/oiaa-in-azione\/","title":{"rendered":"OIAA in azione"},"content":{"rendered":"\n<hr class=\"wp-block-separator has-text-color has-alpha-channel-opacity has-background is-style-default\" style=\"background-color:#08c9fd;color:#08c9fd\"\/>\n\n<h2 class=\"wp-block-heading has-text-align-center has-text-color has-link-color has-x-large-font-size wp-elements-5d2eef4b569864d837d0521a7dde8efa\" style=\"color:#011a5c;font-style:normal;font-weight:700;text-transform:uppercase\">Dentro OIAA<\/h2>\n\n<p class=\"has-text-align-center\">Questa \u00e8 la risorsa di riferimento per tutto ci\u00f2 che accade all&#8217;interno di OIAA. <\/p>\n\n<div class=\"wp-block-essential-blocks-text root-eb-text-dyh11\"><div class=\"eb-parent-wrapper eb-parent-eb-text-dyh11 \"><div class=\"eb-text-wrapper eb-text-dyh11\" data-id=\"eb-text-dyh11\"><p class=\"eb-text\"><strong>Menu Dentro OIAA<\/strong><br><a href=\"https:\/\/beta.aa-intergroup.org\/it\/gruppi-membri-di-oiaa\/\" data-type=\"page\" data-id=\"21905\">gruppi<\/a><br><a href=\"https:\/\/beta.aa-intergroup.org\/online-meeting-tools-guidelines\/\" data-type=\"link\" data-id=\"https:\/\/beta.aa-intergroup.org\/online-meeting-tools-guidelines\/\">strumenti e linee guida per le riunioni online<\/a><br><a href=\"https:\/\/beta.aa-intergroup.org\/it\/oiaa-in-azione\/\" data-type=\"page\" data-id=\"21908\">OIAA in azione<\/a><br><a href=\"https:\/\/beta.aa-intergroup.org\/service-committees\/\" data-type=\"page\" data-id=\"21910\">commissioni di servizio<\/a><br><a href=\"https:\/\/beta.aa-intergroup.org\/oiaa-calendar\/\" data-type=\"link\" data-id=\"https:\/\/beta.aa-intergroup.org\/oiaa-calendar\/\">eventi OIAA<\/a><br><a href=\"https:\/\/beta.aa-intergroup.org\/become-a-member\/\" data-type=\"page\" data-id=\"21912\">diventa un membro<\/a><\/p><\/div><\/div><\/div>\n\n<!-- UberMenu [Configuration:insideoiaa] [Theme Loc:] [Integration:api] -->\n<button class=\"ubermenu-responsive-toggle ubermenu-responsive-toggle-insideoiaa ubermenu-skin-grey-white ubermenu-loc- ubermenu-responsive-toggle-content-align-left ubermenu-responsive-toggle-align-full ubermenu-responsive-toggle-close-icon-times \" tabindex=\"0\" data-ubermenu-target=\"ubermenu-insideoiaa-624\"   aria-label=\"Toggle Inside OIAA - Italian\"><i class=\"fas fa-bars\" ><\/i>Menu<\/button><nav id=\"ubermenu-insideoiaa-624\" class=\"ubermenu ubermenu-nojs ubermenu-insideoiaa ubermenu-menu-624 ubermenu-responsive ubermenu-responsive-default ubermenu-responsive-collapse ubermenu-horizontal ubermenu-transition-shift ubermenu-trigger-hover_intent ubermenu-skin-grey-white  ubermenu-bar-align-full ubermenu-items-align-flex ubermenu-bound-inner ubermenu-disable-submenu-scroll ubermenu-sub-indicators ubermenu-retractors-responsive ubermenu-submenu-indicator-closes\"><ul id=\"ubermenu-nav-insideoiaa-90\" class=\"ubermenu-nav\" data-title=\"Inside OIAA - Italian\"><li id=\"menu-item-37514\" class=\"ubermenu-item ubermenu-item-type-post_type ubermenu-item-object-page ubermenu-item-37514 ubermenu-item-level-0 ubermenu-column ubermenu-column-auto\" ><a class=\"ubermenu-target ubermenu-item-layout-default ubermenu-item-layout-text_only\" href=\"https:\/\/beta.aa-intergroup.org\/it\/gruppi-membri-di-oiaa\/\" tabindex=\"0\"><span class=\"ubermenu-target-title ubermenu-target-text\">Gruppi membri di OIAA<\/span><\/a><\/li><li id=\"menu-item-37526\" class=\"ubermenu-item ubermenu-item-type-post_type ubermenu-item-object-page ubermenu-item-37526 ubermenu-item-level-0 ubermenu-column ubermenu-column-auto\" ><a class=\"ubermenu-target ubermenu-item-layout-default ubermenu-item-layout-text_only\" href=\"https:\/\/beta.aa-intergroup.org\/it\/strumenti-e-linee-guida-per-le-riunioni-online\/\" tabindex=\"0\"><span class=\"ubermenu-target-title ubermenu-target-text\">Strumenti e linee guida per le riunioni online<\/span><\/a><\/li><li id=\"menu-item-37527\" class=\"ubermenu-item ubermenu-item-type-post_type ubermenu-item-object-page ubermenu-item-37527 ubermenu-item-level-0 ubermenu-column ubermenu-column-auto\" ><a class=\"ubermenu-target ubermenu-item-layout-default ubermenu-item-layout-text_only\" href=\"https:\/\/beta.aa-intergroup.org\/it\/oiaa-in-azione\/\" tabindex=\"0\"><span class=\"ubermenu-target-title ubermenu-target-text\">OIAA in azione<\/span><\/a><\/li><li id=\"menu-item-37528\" class=\"ubermenu-item ubermenu-item-type-post_type ubermenu-item-object-page ubermenu-item-37528 ubermenu-item-level-0 ubermenu-column ubermenu-column-auto\" ><a class=\"ubermenu-target ubermenu-item-layout-default ubermenu-item-layout-text_only\" href=\"https:\/\/beta.aa-intergroup.org\/it\/comitati-di-servizio\/\" tabindex=\"0\"><span class=\"ubermenu-target-title ubermenu-target-text\">Comitati di servizio<\/span><\/a><\/li><li id=\"menu-item-37529\" class=\"ubermenu-item ubermenu-item-type-post_type ubermenu-item-object-page ubermenu-item-37529 ubermenu-item-level-0 ubermenu-column ubermenu-column-auto\" ><a class=\"ubermenu-target ubermenu-item-layout-default ubermenu-item-layout-text_only\" href=\"https:\/\/beta.aa-intergroup.org\/it\/calendario-oiaa\/\" tabindex=\"0\"><span class=\"ubermenu-target-title ubermenu-target-text\">Calendario OIAA<\/span><\/a><\/li><li id=\"menu-item-37530\" class=\"ubermenu-item ubermenu-item-type-post_type ubermenu-item-object-page ubermenu-item-37530 ubermenu-item-level-0 ubermenu-column ubermenu-column-auto\" ><a class=\"ubermenu-target ubermenu-item-layout-default ubermenu-item-layout-text_only\" href=\"https:\/\/beta.aa-intergroup.org\/it\/diventa-membro\/\" tabindex=\"0\"><span class=\"ubermenu-target-title ubermenu-target-text\">Diventa membro<\/span><\/a><\/li><\/ul><\/nav>\n<!-- End UberMenu -->\n\n\n<hr class=\"wp-block-separator has-text-color has-alpha-channel-opacity has-background is-style-default\" style=\"background-color:#08c9fd;color:#08c9fd\"\/>\n\n<div style=\"height:18px\" aria-hidden=\"true\" class=\"wp-block-spacer\"><\/div>\n\n<h2 class=\"wp-block-heading has-text-align-center has-large-font-size\">OIAA in azione<\/h2>\n\n<p class=\"has-text-align-center\">C&#8217;\u00e8 cos\u00ec tanto che succede in OIAA. Qui troverai informazioni sulle Assemblee, i workshop e i forum OIAA. Inoltre, informazioni sui vari modi per servire in OIAA.  <\/p>\n\n<div style=\"height:20px\" aria-hidden=\"true\" class=\"wp-block-spacer\"><\/div>\n\n<div class=\"wp-block-columns is-layout-flex wp-container-core-columns-is-layout-9d6595d7 wp-block-columns-is-layout-flex\">\n<div class=\"wp-block-column is-layout-flow wp-block-column-is-layout-flow\">\n<div class=\"wp-block-essential-blocks-infobox root-eb-infobox-r7qhc\"><div class=\"eb-parent-wrapper eb-parent-eb-infobox-r7qhc \"><div class=\"eb-infobox-r7qhc eb-infobox-wrapper\"><div class=\"infobox-wrapper-inner\"><div class=\"contents-wrapper\"><p class=\"description\">Convention OIAA2025!<br>14-16 novembre 2025<br><strong>Le iscrizioni sono aperte!<\/strong><\/p><div class=\"eb-button-inner-wrapper eb-infobox-btn-wrapper\"><a class=\"eb-button-anchor infobox-btn \" href=\"https:\/\/beta.aa-intergroup.org\/it\/oiaa2025\/\" rel=\"noopener\"><strong>Registrati ora <\/strong><\/a><\/div><\/div><\/div><\/div><\/div><\/div>\n<\/div>\n\n\n\n<div class=\"wp-block-column is-layout-flow wp-block-column-is-layout-flow\">\n<div class=\"wp-block-essential-blocks-infobox root-eb-infobox-jb09q\"><div class=\"eb-parent-wrapper eb-parent-eb-infobox-jb09q \"><div class=\"eb-infobox-jb09q eb-infobox-wrapper\"><div class=\"infobox-wrapper-inner\"><div class=\"contents-wrapper\"><p class=\"description\">Le opportunit\u00e0 di servizio abbondano: cerca modi per farti coinvolgere.<br><br><\/p><div class=\"eb-button-inner-wrapper eb-infobox-btn-wrapper\"><a class=\"eb-button-anchor infobox-btn \" href=\"https:\/\/beta.aa-intergroup.org\/service-opportunities\/\" rel=\"noopener\"><strong>Fatti coinvolgere<\/strong><\/a><\/div><\/div><\/div><\/div><\/div><\/div>\n<\/div>\n\n\n\n<div class=\"wp-block-column is-layout-flow wp-block-column-is-layout-flow\">\n<div class=\"wp-block-essential-blocks-infobox root-eb-infobox-0o7y4\"><div class=\"eb-parent-wrapper eb-parent-eb-infobox-0o7y4 \"><div class=\"eb-infobox-0o7y4 eb-infobox-wrapper\"><div class=\"infobox-wrapper-inner\"><div class=\"contents-wrapper\"><p class=\"description\">Assemblee OIAA: Si tengono il terzo sabato dell&#8217;ultimo mese di ogni trimestre.<br><\/p><div class=\"eb-button-inner-wrapper eb-infobox-btn-wrapper\"><a class=\"eb-button-anchor infobox-btn \" href=\"https:\/\/beta.aa-intergroup.org\/assemblies\/\" rel=\"noopener\"><strong>Prossima assemblea<\/strong><\/a><\/div><\/div><\/div><\/div><\/div><\/div>\n<\/div>\n<\/div>\n\n<div style=\"height:50px\" aria-hidden=\"true\" class=\"wp-block-spacer\"><\/div>\n\n<div class=\"wp-block-columns is-layout-flex wp-container-core-columns-is-layout-9d6595d7 wp-block-columns-is-layout-flex\">\n<div class=\"wp-block-column is-layout-flow wp-block-column-is-layout-flow\">\n<div class=\"wp-block-essential-blocks-infobox root-eb-infobox-2vw9v\"><div class=\"eb-parent-wrapper eb-parent-eb-infobox-2vw9v \"><div class=\"eb-infobox-2vw9v eb-infobox-wrapper\"><div class=\"infobox-wrapper-inner\"><div class=\"contents-wrapper\"><p class=\"description\">I workshop e gli eventi OIAA mirano a coinvolgere i gruppi e i membri AA online.<\/p><div class=\"eb-button-inner-wrapper eb-infobox-btn-wrapper\"><a class=\"eb-button-anchor infobox-btn \" href=\"https:\/\/beta.aa-intergroup.org\/oiaa-calendar\/\" rel=\"noopener\"><strong>Workshop &amp; eventi <\/strong><\/a><\/div><\/div><\/div><\/div><\/div><\/div>\n<\/div>\n\n\n\n<div class=\"wp-block-column is-layout-flow wp-block-column-is-layout-flow\">\n<div class=\"wp-block-essential-blocks-infobox root-eb-infobox-xj9ir\"><div class=\"eb-parent-wrapper eb-parent-eb-infobox-xj9ir \"><div class=\"eb-infobox-xj9ir eb-infobox-wrapper\"><div class=\"infobox-wrapper-inner\"><div class=\"contents-wrapper\"><p class=\"description\">I forum IGR si tengono il quarto sabato del primo mese di ogni trimestre.<\/p><div class=\"eb-button-inner-wrapper eb-infobox-btn-wrapper\"><a class=\"eb-button-anchor infobox-btn \" href=\"https:\/\/beta.aa-intergroup.org\/events\/list\/?tribe-bar-search=forum\" rel=\"noopener\"><strong>Forum IGR<\/strong><\/a><\/div><\/div><\/div><\/div><\/div><\/div>\n<\/div>\n\n\n\n<div class=\"wp-block-column is-layout-flow wp-block-column-is-layout-flow\">\n<div class=\"wp-block-essential-blocks-infobox root-eb-infobox-nxmie\"><div class=\"eb-parent-wrapper eb-parent-eb-infobox-nxmie \"><div class=\"eb-infobox-nxmie eb-infobox-wrapper\"><div class=\"infobox-wrapper-inner\"><div class=\"contents-wrapper\"><p class=\"description\">Il Consiglio OIAA si riunisce una volta al mese la seconda domenica.<br><br><\/p><div class=\"eb-button-inner-wrapper eb-infobox-btn-wrapper\"><a class=\"eb-button-anchor infobox-btn \" href=\"https:\/\/beta.aa-intergroup.org\/oiaa-board\/\" rel=\"noopener\"><strong>Consiglio OIAA<\/strong><\/a><\/div><\/div><\/div><\/div><\/div><\/div>\n<\/div>\n<\/div>\n\n<div style=\"height:32px\" aria-hidden=\"true\" class=\"wp-block-spacer\"><\/div>\n\n<div class=\"wp-block-columns is-layout-flex wp-container-core-columns-is-layout-9d6595d7 wp-block-columns-is-layout-flex\">\n<div class=\"wp-block-column is-layout-flow wp-block-column-is-layout-flow\">\n<div class=\"wp-block-essential-blocks-infobox root-eb-infobox-4qtkw\"><div class=\"eb-parent-wrapper eb-parent-eb-infobox-4qtkw \"><div class=\"eb-infobox-4qtkw eb-infobox-wrapper\"><div class=\"infobox-wrapper-inner\"><div class=\"contents-wrapper\"><p class=\"description\">Ascolta il nostro presidente del consiglio ogni mese.<br><\/p><div class=\"eb-button-inner-wrapper eb-infobox-btn-wrapper\"><a class=\"eb-button-anchor infobox-btn \" href=\"\" rel=\"noopener\"><strong>Rapporti del presidente OIAA<\/strong><\/a><\/div><\/div><\/div><\/div><\/div><\/div>\n<\/div>\n\n\n\n<div class=\"wp-block-column is-layout-flow wp-block-column-is-layout-flow\">\n<div class=\"wp-block-essential-blocks-infobox root-eb-infobox-pbdb4\"><div class=\"eb-parent-wrapper eb-parent-eb-infobox-pbdb4 \"><div class=\"eb-infobox-pbdb4 eb-infobox-wrapper\"><div class=\"infobox-wrapper-inner\"><div class=\"contents-wrapper\"><p class=\"description\">I membri condividono la loro esperienza, forza e speranza.<\/p><div class=\"eb-button-inner-wrapper eb-infobox-btn-wrapper\"><a class=\"eb-button-anchor infobox-btn \" href=\"\" rel=\"noopener\"><strong>Registrar OIAA<\/strong><\/a><\/div><\/div><\/div><\/div><\/div><\/div>\n<\/div>\n\n\n\n<div class=\"wp-block-column is-layout-flow wp-block-column-is-layout-flow\">\n<div class=\"wp-block-essential-blocks-infobox root-eb-infobox-wcxeb\"><div class=\"eb-parent-wrapper eb-parent-eb-infobox-wcxeb \"><div class=\"eb-infobox-wcxeb eb-infobox-wrapper\"><div class=\"infobox-wrapper-inner\"><div class=\"contents-wrapper\"><p class=\"description\">Le informazioni pi\u00f9 aggiornate che ogni IGR dovrebbe conoscere.<\/p><div class=\"eb-button-inner-wrapper eb-infobox-btn-wrapper\"><a class=\"eb-button-anchor infobox-btn \" href=\"\" rel=\"noopener\"><strong>Consiglio OIAA <\/strong><\/a><\/div><\/div><\/div><\/div><\/div><\/div>\n<\/div>\n<\/div>\n\n<div style=\"height:32px\" aria-hidden=\"true\" class=\"wp-block-spacer\"><\/div>\n\n<div style=\"height:431px\" aria-hidden=\"true\" class=\"wp-block-spacer\"><\/div>\n","protected":false},"excerpt":{"rendered":"<p>Dentro OIAA Questa \u00e8 la risorsa di riferimento per tutto ci\u00f2 che accade all&#8217;interno di OIAA. OIAA in azione C&#8217;\u00e8 cos\u00ec tanto che succede in OIAA. Qui troverai informazioni sulle Assemblee, i workshop e i forum OIAA. Inoltre, informazioni sui vari modi per servire in OIAA.<\/p>\n","protected":false},"author":153,"featured_media":0,"parent":0,"menu_order":0,"comment_status":"closed","ping_status":"closed","template":"","meta":{"_acf_changed":false,"_eb_attr":"","footnotes":""},"class_list":["post-15419","page","type-page","status-publish","hentry"],"acf":[],"_links":{"self":[{"href":"https:\/\/beta.aa-intergroup.org\/it\/wp-json\/wp\/v2\/pages\/15419","targetHints":{"allow":["GET"]}}],"collection":[{"href":"https:\/\/beta.aa-intergroup.org\/it\/wp-json\/wp\/v2\/pages"}],"about":[{"href":"https:\/\/beta.aa-intergroup.org\/it\/wp-json\/wp\/v2\/types\/page"}],"author":[{"embeddable":true,"href":"https:\/\/beta.aa-intergroup.org\/it\/wp-json\/wp\/v2\/users\/153"}],"replies":[{"embeddable":true,"href":"https:\/\/beta.aa-intergroup.org\/it\/wp-json\/wp\/v2\/comments?post=15419"}],"version-history":[{"count":1,"href":"https:\/\/beta.aa-intergroup.org\/it\/wp-json\/wp\/v2\/pages\/15419\/revisions"}],"predecessor-version":[{"id":15420,"href":"https:\/\/beta.aa-intergroup.org\/it\/wp-json\/wp\/v2\/pages\/15419\/revisions\/15420"}],"wp:attachment":[{"href":"https:\/\/beta.aa-intergroup.org\/it\/wp-json\/wp\/v2\/media?parent=15419"}],"curies":[{"name":"wp","href":"https:\/\/api.w.org\/{rel}","templated":true}]}}