{"id":15486,"date":"2025-06-13T19:08:28","date_gmt":"2025-06-13T23:08:28","guid":{"rendered":"https:\/\/beta.aa-intergroup.org\/diventa-membro\/"},"modified":"2025-10-28T04:26:55","modified_gmt":"2025-10-28T08:26:55","slug":"diventa-membro","status":"publish","type":"page","link":"https:\/\/beta.aa-intergroup.org\/it\/diventa-membro\/","title":{"rendered":"Diventa membro"},"content":{"rendered":"\n<hr class=\"wp-block-separator has-text-color has-alpha-channel-opacity has-background is-style-default\" style=\"background-color:#08c9fd;color:#08c9fd\"\/>\n\n<h2 class=\"wp-block-heading has-text-align-center has-text-color has-link-color has-x-large-font-size wp-elements-5d2eef4b569864d837d0521a7dde8efa\" style=\"color:#011a5c;font-style:normal;font-weight:700;text-transform:uppercase\">Dentro OIAA<\/h2>\n\n<p class=\"has-text-align-center\">Questa \u00e8 la risorsa di riferimento per tutto ci\u00f2 che accade all&#8217;interno di OIAA. <\/p>\n\n<div class=\"wp-block-essential-blocks-text root-eb-text-h7yga\"><div class=\"eb-parent-wrapper eb-parent-eb-text-h7yga \"><div class=\"eb-text-wrapper eb-text-h7yga\" data-id=\"eb-text-h7yga\"><p class=\"eb-text\"><strong>Menu Dentro OIAA<\/strong><br><a href=\"https:\/\/beta.aa-intergroup.org\/it\/gruppi-membri-di-oiaa\/\" data-type=\"page\" data-id=\"21905\">gruppi<\/a><br><a href=\"https:\/\/beta.aa-intergroup.org\/online-meeting-tools-guidelines\/\" data-type=\"link\" data-id=\"https:\/\/staging2.aa-intergroup.org\/online-meeting-tools-guidelines\/\">strumenti e linee guida per le riunioni online<\/a><br><a href=\"https:\/\/beta.aa-intergroup.org\/it\/oiaa-in-azione\/\" data-type=\"page\" data-id=\"21908\">OIAA in azione<\/a><br><a href=\"https:\/\/beta.aa-intergroup.org\/it\/comitati-di-servizio\/\" data-type=\"page\" data-id=\"21910\">commissioni di servizio<\/a><br><a href=\"https:\/\/beta.aa-intergroup.org\/it\/calendario-oiaa\/\" data-type=\"link\" data-id=\"https:\/\/beta.aa-intergroup.org\/oiaa-calendar\/\">eventi OIAA<\/a><br><a href=\"https:\/\/beta.aa-intergroup.org\/it\/diventa-membro\/\" data-type=\"page\" data-id=\"21912\">diventa un membro<\/a><\/p><\/div><\/div><\/div>\n\n<!-- UberMenu [Configuration:insideoiaa] [Theme Loc:] [Integration:api] -->\n<button class=\"ubermenu-responsive-toggle ubermenu-responsive-toggle-insideoiaa ubermenu-skin-grey-white ubermenu-loc- ubermenu-responsive-toggle-content-align-left ubermenu-responsive-toggle-align-full ubermenu-responsive-toggle-close-icon-times \" tabindex=\"0\" data-ubermenu-target=\"ubermenu-insideoiaa-624\"   aria-label=\"Toggle Inside OIAA - Italian\"><i class=\"fas fa-bars\" ><\/i>Menu<\/button><nav id=\"ubermenu-insideoiaa-624\" class=\"ubermenu ubermenu-nojs ubermenu-insideoiaa ubermenu-menu-624 ubermenu-responsive ubermenu-responsive-default ubermenu-responsive-collapse ubermenu-horizontal ubermenu-transition-shift ubermenu-trigger-hover_intent ubermenu-skin-grey-white  ubermenu-bar-align-full ubermenu-items-align-flex ubermenu-bound-inner ubermenu-disable-submenu-scroll ubermenu-sub-indicators ubermenu-retractors-responsive ubermenu-submenu-indicator-closes\"><ul id=\"ubermenu-nav-insideoiaa-90\" class=\"ubermenu-nav\" data-title=\"Inside OIAA - Italian\"><li id=\"menu-item-37514\" class=\"ubermenu-item ubermenu-item-type-post_type ubermenu-item-object-page ubermenu-item-37514 ubermenu-item-level-0 ubermenu-column ubermenu-column-auto\" ><a class=\"ubermenu-target ubermenu-item-layout-default ubermenu-item-layout-text_only\" href=\"https:\/\/beta.aa-intergroup.org\/it\/gruppi-membri-di-oiaa\/\" tabindex=\"0\"><span class=\"ubermenu-target-title ubermenu-target-text\">Gruppi membri di OIAA<\/span><\/a><\/li><li id=\"menu-item-37526\" class=\"ubermenu-item ubermenu-item-type-post_type ubermenu-item-object-page ubermenu-item-37526 ubermenu-item-level-0 ubermenu-column ubermenu-column-auto\" ><a class=\"ubermenu-target ubermenu-item-layout-default ubermenu-item-layout-text_only\" href=\"https:\/\/beta.aa-intergroup.org\/it\/strumenti-e-linee-guida-per-le-riunioni-online\/\" tabindex=\"0\"><span class=\"ubermenu-target-title ubermenu-target-text\">Strumenti e linee guida per le riunioni online<\/span><\/a><\/li><li id=\"menu-item-37527\" class=\"ubermenu-item ubermenu-item-type-post_type ubermenu-item-object-page ubermenu-item-37527 ubermenu-item-level-0 ubermenu-column ubermenu-column-auto\" ><a class=\"ubermenu-target ubermenu-item-layout-default ubermenu-item-layout-text_only\" href=\"https:\/\/beta.aa-intergroup.org\/it\/oiaa-in-azione\/\" tabindex=\"0\"><span class=\"ubermenu-target-title ubermenu-target-text\">OIAA in azione<\/span><\/a><\/li><li id=\"menu-item-37528\" class=\"ubermenu-item ubermenu-item-type-post_type ubermenu-item-object-page ubermenu-item-37528 ubermenu-item-level-0 ubermenu-column ubermenu-column-auto\" ><a class=\"ubermenu-target ubermenu-item-layout-default ubermenu-item-layout-text_only\" href=\"https:\/\/beta.aa-intergroup.org\/it\/comitati-di-servizio\/\" tabindex=\"0\"><span class=\"ubermenu-target-title ubermenu-target-text\">Comitati di servizio<\/span><\/a><\/li><li id=\"menu-item-37529\" class=\"ubermenu-item ubermenu-item-type-post_type ubermenu-item-object-page ubermenu-item-37529 ubermenu-item-level-0 ubermenu-column ubermenu-column-auto\" ><a class=\"ubermenu-target ubermenu-item-layout-default ubermenu-item-layout-text_only\" href=\"https:\/\/beta.aa-intergroup.org\/it\/calendario-oiaa\/\" tabindex=\"0\"><span class=\"ubermenu-target-title ubermenu-target-text\">Calendario OIAA<\/span><\/a><\/li><li id=\"menu-item-37530\" class=\"ubermenu-item ubermenu-item-type-post_type ubermenu-item-object-page ubermenu-item-37530 ubermenu-item-level-0 ubermenu-column ubermenu-column-auto\" ><a class=\"ubermenu-target ubermenu-item-layout-default ubermenu-item-layout-text_only\" href=\"https:\/\/beta.aa-intergroup.org\/it\/diventa-membro\/\" tabindex=\"0\"><span class=\"ubermenu-target-title ubermenu-target-text\">Diventa membro<\/span><\/a><\/li><\/ul><\/nav>\n<!-- End UberMenu -->\n\n\n<hr class=\"wp-block-separator has-text-color has-alpha-channel-opacity has-background is-style-default\" style=\"background-color:#08c9fd;color:#08c9fd\"\/>\n\n<h2 class=\"wp-block-heading has-text-align-center\">Diventa membro<\/h2>\n\n<p class=\"has-text-align-center\">L&#8217;Intergruppo Online degli Alcolisti Anonimi, o OIAA, \u00e8 un&#8217;organizzazione di servizio internazionale istituita in conformit\u00e0 con la Nona Tradizione degli Alcolisti Anonimi A.A., specificamente allo scopo di assistere i gruppi A.A. <strong>online<\/strong> nel loro scopo comune di portare il messaggio A.A. all&#8217;alcolista che ancora soffre.<\/p>\n\n<div class=\"wp-block-columns is-layout-flex wp-container-core-columns-is-layout-9d6595d7 wp-block-columns-is-layout-flex\">\n<div class=\"wp-block-column is-layout-flow wp-block-column-is-layout-flow\">\n<div class=\"wp-block-essential-blocks-infobox root-eb-infobox-lsiv7\"><div class=\"eb-parent-wrapper eb-parent-eb-infobox-lsiv7 \"><div class=\"eb-infobox-lsiv7 eb-infobox-wrapper\"><div class=\"infobox-wrapper-inner\"><div class=\"contents-wrapper\"><p class=\"description\">L&#8217;Intergruppo Online degli Alcolisti Anonimi, o OIAA, \u00e8 un&#8217;organizzazione di servizio internazionale istituita specificamente allo scopo di assistere i gruppi A.A. <strong>online<\/strong> nel loro scopo comune di portare il messaggio A.A. all&#8217;alcolista che ancora soffre.<br><br><\/p><div class=\"eb-button-inner-wrapper eb-infobox-btn-wrapper\"><a class=\"eb-button-anchor infobox-btn \" href=\"https:\/\/beta.aa-intergroup.org\/what-is-oiaa\/\" rel=\"noopener\"><strong>Cos&#8217;\u00e8 l&#8217;OIAA<\/strong><\/a><\/div><\/div><\/div><\/div><\/div><\/div>\n<\/div>\n\n\n\n<div class=\"wp-block-column is-layout-flow wp-block-column-is-layout-flow\">\n<div class=\"wp-block-essential-blocks-infobox root-eb-infobox-jcrlp\"><div class=\"eb-parent-wrapper eb-parent-eb-infobox-jcrlp \"><div class=\"eb-infobox-jcrlp eb-infobox-wrapper\"><div class=\"infobox-wrapper-inner\"><div class=\"contents-wrapper\"><p class=\"description\">L&#8217;OIAA \u00e8 incentrata sul servizio. Servizio all&#8217;alcolista che ancora soffre.  <br>Servizio ai nostri gruppi online. <br>Servizio alla nostra fratellanza online. L&#8217;adesione all&#8217;Intergruppo Online \u00e8 aperta a tutti i gruppi A.A. online e a tutti i membri A.A. <br><br><br><\/p><div class=\"eb-button-inner-wrapper eb-infobox-btn-wrapper\"><a class=\"eb-button-anchor infobox-btn \" href=\"https:\/\/beta.aa-intergroup.org\/why-join-oiaa\/\" rel=\"noopener\"><strong>Perch\u00e9 unirsi all&#8217;OIAA<\/strong><\/a><\/div><\/div><\/div><\/div><\/div><\/div>\n<\/div>\n\n\n\n<div class=\"wp-block-column is-layout-flow wp-block-column-is-layout-flow\">\n<div class=\"wp-block-essential-blocks-infobox root-eb-infobox-mkh3o\"><div class=\"eb-parent-wrapper eb-parent-eb-infobox-mkh3o \"><div class=\"eb-infobox-mkh3o eb-infobox-wrapper\"><div class=\"infobox-wrapper-inner\"><div class=\"contents-wrapper\"><p class=\"description\">I principi fondamentali e le tradizioni degli Alcolisti Anonimi (AA) si applicano a tutte le comunicazioni dei membri che utilizzano media elettronici, come Internet, telefono, siti web, e-mail, ecc. Questa Dichiarazione Consultiva Online intende chiarire alcune situazioni speciali che sorgono per le riunioni e le comunicazioni AA basate sull&#8217;elettronica. <br><\/p><div class=\"eb-button-inner-wrapper eb-infobox-btn-wrapper\"><a class=\"eb-button-anchor infobox-btn \" href=\"https:\/\/beta.aa-intergroup.org\/anonymity\/\" rel=\"noopener\"><strong>Anonimato &amp; privacy<\/strong><\/a><\/div><\/div><\/div><\/div><\/div><\/div>\n<\/div>\n<\/div>\n\n<div style=\"height:32px\" aria-hidden=\"true\" class=\"wp-block-spacer\"><\/div>\n\n<div class=\"wp-block-columns is-layout-flex wp-container-core-columns-is-layout-9d6595d7 wp-block-columns-is-layout-flex\">\n<div class=\"wp-block-column is-layout-flow wp-block-column-is-layout-flow\">\n<div class=\"wp-block-essential-blocks-infobox root-eb-infobox-kj0bu\"><div class=\"eb-parent-wrapper eb-parent-eb-infobox-kj0bu \"><div class=\"eb-infobox-kj0bu eb-infobox-wrapper\"><div class=\"infobox-wrapper-inner\"><div class=\"contents-wrapper\"><p class=\"description\">Nel 1994, i membri online della Fratellanza degli Alcolisti Anonimi iniziarono ad attendere con impazienza di partecipare alla Convenzione Internazionale di San Diego, tenutasi nel giugno 1995.<br><br><\/p><div class=\"eb-button-inner-wrapper eb-infobox-btn-wrapper\"><a class=\"eb-button-anchor infobox-btn \" href=\"https:\/\/beta.aa-intergroup.org\/oiaa-history-timeline\/\" rel=\"noopener\"><strong>Storia dell&#8217;OIAA<\/strong><\/a><\/div><\/div><\/div><\/div><\/div><\/div>\n<\/div>\n\n\n\n<div class=\"wp-block-column is-layout-flow wp-block-column-is-layout-flow\">\n<div class=\"wp-block-essential-blocks-infobox root-eb-infobox-fe1lt\"><div class=\"eb-parent-wrapper eb-parent-eb-infobox-fe1lt \"><div class=\"eb-infobox-fe1lt eb-infobox-wrapper\"><div class=\"infobox-wrapper-inner\"><div class=\"contents-wrapper\"><p class=\"description\">L&#8217;adesione non \u00e8 richiesta per elencare il tuo gruppo A.A. online nella Directory delle Riunioni o per partecipare a uno qualsiasi dei nostri numerosi Comitati di Servizio. Anche i singoli individui possono diventare membri dell&#8217;OIAA. <br><\/p><div class=\"eb-button-inner-wrapper eb-infobox-btn-wrapper\"><a class=\"eb-button-anchor infobox-btn \" href=\"https:\/\/beta.aa-intergroup.org\/join-oiaa\/\" rel=\"noopener\"><strong>Unisciti all&#8217;OIAA<\/strong><\/a><\/div><\/div><\/div><\/div><\/div><\/div>\n<\/div>\n\n\n\n<div class=\"wp-block-column is-layout-flow wp-block-column-is-layout-flow\">\n<div class=\"wp-block-essential-blocks-infobox root-eb-infobox-rm2bn\"><div class=\"eb-parent-wrapper eb-parent-eb-infobox-rm2bn \"><div class=\"eb-infobox-rm2bn eb-infobox-wrapper\"><div class=\"infobox-wrapper-inner\"><div class=\"contents-wrapper\"><p class=\"description\">OIAA., Inc., anche conosciuta come Intergruppo Online degli Alcolisti Anonimi\u00a9, (\u201cOIAA\u201d) rispetta la privacy di ogni individuo che visita questo sito.<br><\/p><div class=\"eb-button-inner-wrapper eb-infobox-btn-wrapper\"><a class=\"eb-button-anchor infobox-btn \" href=\"https:\/\/beta.aa-intergroup.org\/privacy-policy\/\" rel=\"noopener\"><strong>Informativa sulla privacy<\/strong><\/a><\/div><\/div><\/div><\/div><\/div><\/div>\n<\/div>\n<\/div>\n\n<div style=\"height:32px\" aria-hidden=\"true\" class=\"wp-block-spacer\"><\/div>\n","protected":false},"excerpt":{"rendered":"<p>Dentro OIAA Questa \u00e8 la risorsa di riferimento per tutto ci\u00f2 che accade all&#8217;interno di OIAA. Diventa membro L&#8217;Intergruppo Online degli Alcolisti Anonimi, o OIAA, \u00e8 un&#8217;organizzazione di servizio internazionale istituita in conformit\u00e0 con la Nona Tradizione degli Alcolisti Anonimi A.A., specificamente allo scopo di assistere i gruppi A.A. online nel loro scopo comune di<a class=\"excerpt-read-more\" href=\"https:\/\/beta.aa-intergroup.org\/it\/diventa-membro\/\" title=\"ReadDiventa membro\">&#8230; Read more &raquo;<\/a><\/p>\n","protected":false},"author":153,"featured_media":0,"parent":0,"menu_order":0,"comment_status":"closed","ping_status":"closed","template":"","meta":{"_acf_changed":false,"_eb_attr":"","footnotes":""},"class_list":["post-15486","page","type-page","status-publish","hentry"],"acf":[],"_links":{"self":[{"href":"https:\/\/beta.aa-intergroup.org\/it\/wp-json\/wp\/v2\/pages\/15486","targetHints":{"allow":["GET"]}}],"collection":[{"href":"https:\/\/beta.aa-intergroup.org\/it\/wp-json\/wp\/v2\/pages"}],"about":[{"href":"https:\/\/beta.aa-intergroup.org\/it\/wp-json\/wp\/v2\/types\/page"}],"author":[{"embeddable":true,"href":"https:\/\/beta.aa-intergroup.org\/it\/wp-json\/wp\/v2\/users\/153"}],"replies":[{"embeddable":true,"href":"https:\/\/beta.aa-intergroup.org\/it\/wp-json\/wp\/v2\/comments?post=15486"}],"version-history":[{"count":1,"href":"https:\/\/beta.aa-intergroup.org\/it\/wp-json\/wp\/v2\/pages\/15486\/revisions"}],"predecessor-version":[{"id":15487,"href":"https:\/\/beta.aa-intergroup.org\/it\/wp-json\/wp\/v2\/pages\/15486\/revisions\/15487"}],"wp:attachment":[{"href":"https:\/\/beta.aa-intergroup.org\/it\/wp-json\/wp\/v2\/media?parent=15486"}],"curies":[{"name":"wp","href":"https:\/\/api.w.org\/{rel}","templated":true}]}}