{"id":15529,"date":"2022-12-18T21:45:21","date_gmt":"2022-12-19T02:45:21","guid":{"rendered":"https:\/\/beta.aa-intergroup.org\/opportunita-di-servizio\/"},"modified":"2025-10-30T04:06:48","modified_gmt":"2025-10-30T08:06:48","slug":"opportunita-di-servizio","status":"publish","type":"page","link":"https:\/\/beta.aa-intergroup.org\/it\/opportunita-di-servizio\/","title":{"rendered":"Opportunit\u00e0 di servizio"},"content":{"rendered":"\n<p>Si prega di condividere queste posizioni aperte con i membri dei vostri gruppi. Il servizio presso OIAA \u00e8 aperto a qualsiasi membro di AA. OIAA ha attualmente due tipi di commissioni: permanenti e ad hoc. <a href=\"https:\/\/beta.aa-intergroup.org\/it\/documents\/statuto-delloiaa\/#committees\">I nostri statuti contengono maggiori informazioni al riguardo<\/a>. Le commissioni ad hoc diventano commissioni permanenti una volta votate dall&#8217;Assemblea. Sentiti libero di visitare le pagine delle commissioni per maggiori informazioni su ciascuna commissione.     <\/p>\n\n<h4 class=\"wp-block-heading\"><a href=\"https:\/\/beta.aa-intergroup.org\/it\/committees\/12-passo-steppers\/\">Commissione del 12\u00b0 passo<\/a> (steppers)<\/h4>\n\n<ul class=\"wp-block-list\">\n<li>Ti interessa essere in prima linea nell&#8217;aiutare l&#8217;alcolista che soffre ancora?<\/li>\n\n\n\n<li>Gli stepper rispondono alle richieste di aiuto condividendo la loro esperienza, forza e speranza e collegando il richiedente alle risorse vicino a lui.<\/li>\n\n\n\n<li>Si prega di inviare un&#8217;e-mail a <strong>Steppers.Chair@aa-intergroup.org<\/strong> per maggiori informazioni. <\/li>\n<\/ul>\n\n<h4 class=\"wp-block-heading\"><a href=\"https:\/\/beta.aa-intergroup.org\/it\/committees\/comunicazioni\/\">Commissione comunicazioni<\/a> (ad hoc) <\/h4>\n\n<ul class=\"wp-block-list\">\n<li>If you have skills in the following areas, please contact Lesliee at&nbsp;<strong>communications.chair@aa-intergroup.org<\/strong>\n<ul class=\"wp-block-list\">\n<li>Realizzazione di brevi video.<\/li>\n\n\n\n<li>Scrittura di brevi storie o newsletter.<\/li>\n\n\n\n<li>Correzione di bozze e modifica di documenti pi\u00f9 lunghi.<\/li>\n\n\n\n<li>Controllo dei documenti.<\/li>\n\n\n\n<li>Volontari multilingue necessari per progetti occasionali, tra cui\n<ul class=\"wp-block-list\">\n<li>Traduttori (documenti scritti) \u2013 tedesco, russo, cinese, giapponese, spagnolo e portoghese.<\/li>\n\n\n\n<li>Interpreti simultanei: lingua dei segni americana (ASL), cinese, giapponese, tedesco, russo, spagnolo e portoghese.<\/li>\n<\/ul>\n<\/li>\n<\/ul>\n<\/li>\n<\/ul>\n\n<h4 class=\"wp-block-heading\"><a href=\"https:\/\/beta.aa-intergroup.org\/it\/committees\/convention\/\">Commissione per le convention<\/a> <\/h4>\n\n<ul class=\"wp-block-list\">\n<li>Si prega di inviare un&#8217;e-mail a <strong>convention.chair@aa-intergroup.org<\/strong> per maggiori informazioni su come puoi essere utile. <\/li>\n<\/ul>\n\n<h4 class=\"wp-block-heading\"><a href=\"https:\/\/beta.aa-intergroup.org\/it\/committees\/cooperazione-con-la-comunita-professionale-cpc\/\">Cooperazione con la comunit\u00e0 professionale<\/a> (CPC)<\/h4>\n\n<ul class=\"wp-block-list\">\n<li>Stabilire una migliore comunicazione con i professionisti che lavorano con gli alcolisti.<\/li>\n\n\n\n<li>Trovare modi semplici ed efficaci di cooperare senza affiliarsi.<\/li>\n\n\n\n<li>Sono necessari alcuni volontari in pi\u00f9 per questa commissione.<\/li>\n\n\n\n<li>Si prega di inviare un&#8217;e-mail a <strong>cpc@aa-intergroup.org<\/strong> per maggiori informazioni.<\/li>\n<\/ul>\n\n<h4 class=\"wp-block-heading\"><a href=\"https:\/\/beta.aa-intergroup.org\/it\/committees\/finanza\/\">Commissione finanze<\/a><\/h4>\n\n<ul class=\"wp-block-list\">\n<li>Non \u00e8 richiesta una preparazione finanziaria, ma \u00e8 utile la familiarit\u00e0 con le nozioni di base di alfabetizzazione finanziaria.<\/li>\n\n\n\n<li>Si prega di inviare un&#8217;e-mail a <strong>finance@aa-intergroup.org<\/strong> per maggiori informazioni.<\/li>\n<\/ul>\n\n<h4 class=\"wp-block-heading\"><\/h4>\n\n<h4 class=\"wp-block-heading\"><a href=\"https:\/\/beta.aa-intergroup.org\/it\/committees\/politica-e-ammissioni-pac\/\">Commissione politica e ammissioni<\/a> (PAC) <\/h4>\n\n<ul class=\"wp-block-list\">\n<li>Elaborare nuovi gruppi per l&#8217;inserimento nella nostra directory delle riunioni OIAA.<\/li>\n\n\n\n<li>Aiutare i gruppi a riottenere lo stato di inserimento e di adesione.<\/li>\n\n\n\n<li>Hai un occhio per i dettagli?<\/li>\n\n\n\n<li>Si prega di inviare un&#8217;e-mail a: <strong>pac@aa-intergroup.org<\/strong> per maggiori informazioni.<\/li>\n<\/ul>\n\n<h4 class=\"wp-block-heading\"><a href=\"https:\/\/beta.aa-intergroup.org\/it\/committees\/informazioni-pubbliche-pic\/\">Commissione per le informazioni al pubblico<\/a> (PIC)<\/h4>\n\n<ul class=\"wp-block-list\">\n<li>Informazione pubblica in Alcolisti Anonimi significa portare il messaggio di recupero all&#8217;alcolista che soffre ancora informando il pubblico in generale sul programma AA.<\/li>\n\n\n\n<li>I volontari della commissione PI forniscono informazioni sulle riunioni di Alcolisti Anonimi (online o di persona) o per altre domande relative ad AA.<\/li>\n\n\n\n<li>Si prega di inviare un&#8217;e-mail a <strong>pic-query2018@aa-intergroup.org<\/strong> per maggiori informazioni.<\/li>\n<\/ul>\n\n<h4 class=\"wp-block-heading\"><a href=\"https:\/\/beta.aa-intergroup.org\/it\/committees\/tecnologia\/\">Commissione tecnologia<\/a><\/h4>\n\n<ul class=\"wp-block-list\">\n<li>If you have tech skills and are willing to be a part of a great team, please email <strong>OIAA.Tech@aa-intergroup.org<\/strong> for more information on how you may be of service. &nbsp;We currently have the following active subcommittees:\n<ul class=\"wp-block-list\">\n<li>Team Servizi Cloud: implementa e gestisce i servizi cloud di OIAA (Google Workspace) e aiuta a supportare gli utenti dell&#8217;area di lavoro OIAA.<\/li>\n\n\n\n<li>Team Directory dei membri: amministra gli aggiornamenti alla directory delle riunioni OIAA con aggiunte e modifiche alle riunioni.<\/li>\n\n\n\n<li>Tech Steppers: aiuta le riunioni con informazioni sulla sicurezza.<\/li>\n\n\n\n<li>Zoom Events Crew: gestisce le sale Zoom dei workshop, dei forum e delle assemblee di OIAA.<\/li>\n<\/ul>\n<\/li>\n<\/ul>\n\n<h4 class=\"wp-block-heading\"><a href=\"https:\/\/beta.aa-intergroup.org\/it\/committees\/unita\/\">Comitato per l&#8217;unit\u00e0<\/a><\/h4>\n\n<ul class=\"wp-block-list\">\n<li>La missione e lo scopo del Comitato Unit\u00e0 \u00e8 incoraggiare lo scambio di esperienze tra i gruppi A.A. online all&#8217;interno della vasta comunit\u00e0 di gruppi A.A. online, il che pu\u00f2 aiutarli nel loro obiettivo comune di diffondere il messaggio di A.A. all&#8217;alcolista online che sta ancora soffrendo. La Commissione Unit\u00e0 organizza la Convention Internazionale Online di OIAA.<\/li>\n\n\n\n<li>Si prega di inviare un&#8217;e-mail a <strong><a href=\"mailto:unity@aa-intergroup.org\" target=\"_blank\" rel=\"noreferrer noopener\">unity@aa-intergroup.org<\/a><\/strong> per maggiori informazioni.<\/li>\n<\/ul>\n\n<p><\/p>\n","protected":false},"excerpt":{"rendered":"<p>Si prega di condividere queste posizioni aperte con i membri dei vostri gruppi. Il servizio presso OIAA \u00e8 aperto a qualsiasi membro di AA. OIAA ha attualmente due tipi di commissioni: permanenti e ad hoc. I nostri statuti contengono maggiori informazioni al riguardo. Le commissioni ad hoc diventano commissioni permanenti una volta votate dall&#8217;Assemblea. Sentiti<a class=\"excerpt-read-more\" href=\"https:\/\/beta.aa-intergroup.org\/it\/opportunita-di-servizio\/\" title=\"ReadOpportunit\u00e0 di servizio\">&#8230; Read more &raquo;<\/a><\/p>\n","protected":false},"author":12,"featured_media":0,"parent":0,"menu_order":0,"comment_status":"closed","ping_status":"closed","template":"","meta":{"_acf_changed":false,"_eb_attr":"","footnotes":""},"class_list":["post-15529","page","type-page","status-publish","hentry"],"acf":[],"_links":{"self":[{"href":"https:\/\/beta.aa-intergroup.org\/it\/wp-json\/wp\/v2\/pages\/15529","targetHints":{"allow":["GET"]}}],"collection":[{"href":"https:\/\/beta.aa-intergroup.org\/it\/wp-json\/wp\/v2\/pages"}],"about":[{"href":"https:\/\/beta.aa-intergroup.org\/it\/wp-json\/wp\/v2\/types\/page"}],"author":[{"embeddable":true,"href":"https:\/\/beta.aa-intergroup.org\/it\/wp-json\/wp\/v2\/users\/12"}],"replies":[{"embeddable":true,"href":"https:\/\/beta.aa-intergroup.org\/it\/wp-json\/wp\/v2\/comments?post=15529"}],"version-history":[{"count":2,"href":"https:\/\/beta.aa-intergroup.org\/it\/wp-json\/wp\/v2\/pages\/15529\/revisions"}],"predecessor-version":[{"id":37686,"href":"https:\/\/beta.aa-intergroup.org\/it\/wp-json\/wp\/v2\/pages\/15529\/revisions\/37686"}],"wp:attachment":[{"href":"https:\/\/beta.aa-intergroup.org\/it\/wp-json\/wp\/v2\/media?parent=15529"}],"curies":[{"name":"wp","href":"https:\/\/api.w.org\/{rel}","templated":true}]}}