{"id":15614,"date":"2023-04-12T11:38:52","date_gmt":"2023-04-12T15:38:52","guid":{"rendered":"https:\/\/beta.aa-intergroup.org\/perche-unirsi-alloiaa\/"},"modified":"2025-10-28T04:43:11","modified_gmt":"2025-10-28T08:43:11","slug":"perche-unirsi-alloiaa","status":"publish","type":"page","link":"https:\/\/beta.aa-intergroup.org\/it\/perche-unirsi-alloiaa\/","title":{"rendered":"Perch\u00e9 unirsi all&#8217;OIAA"},"content":{"rendered":"\n<p>OIAA \u00e8 tutta una questione di servizio. Servizio all&#8217;alcolista che ancora soffre.  Servizio ai nostri gruppi online. Servizio alla nostra fratellanza online. Perch\u00e9 dedicarsi al servizio? Perch\u00e9 agire? Forse il Dott. Bob lo ha detto meglio di tutti:   <\/p>\n\n<blockquote class=\"wp-block-quote is-layout-flow wp-block-quote-is-layout-flow\">\n<p> Lo faccio per quattro ragioni:<\/p>\n\n\n\n<ol class=\"wp-block-list\">\n<li>Senso del dovere.<\/li>\n\n\n\n<li>\u00c8 un piacere.<\/li>\n\n\n\n<li>Perch\u00e9 cos\u00ec facendo ripago il mio debito all&#8217;uomo che si \u00e8 preso il tempo di trasmetterlo a me.<\/li>\n\n\n\n<li>Perch\u00e9 ogni volta che lo faccio mi assicuro un po&#8217; di pi\u00f9 contro una possibile ricaduta.<\/li>\n<\/ol>\n<cite>Dott. Bob<\/cite><\/blockquote>\n\n<div style=\"height:30px\" aria-hidden=\"true\" class=\"wp-block-spacer\"><\/div>\n\n<h4 class=\"wp-block-heading\">Adesione<\/h4>\n\n<p>L&#8217;adesione all&#8217;Intergruppo Online \u00e8 aperta a tutti i gruppi A.A. online e a tutti i membri A.A. Non ci sono quote o costi di adesione. L&#8217;Intergruppo si sostiene tramite contributi volontari dei suoi membri.    <\/p>\n\n<p>Ci sono due classi di adesione: con diritto di voto e senza diritto di voto.<\/p>\n\n<p>I membri con diritto di voto includono ogni gruppo AA online registrato e i loro attuali funzionari dell&#8217;Intergruppo. Ogni gruppo AA online registrato che partecipa come membro dovrebbe selezionare un Rappresentante dell&#8217;Intergruppo (IGR) per esercitare la propria adesione. Si suggerisce che gli IGR abbiano almeno un anno di sobriet\u00e1 continuativa e che siano membri attivi dei loro gruppi. I gruppi sono anche incoraggiati a selezionare IGR alternativi per agire in assenza dell&#8217;IGR.   <\/p>\n\n<p>I membri senza diritto di voto includono qualsiasi membro A.A. che desideri unirsi all&#8217;Intergruppo. Possono partecipare alle discussioni delle Assemblee, dei Forum e dei Workshop, ma non possono proporre mozioni o votare.<br\/>L&#8217;adesione <strong>non \u00e8<\/strong> richiesta per elencare il tuo gruppo A.A. online nella Directory delle Riunioni o per partecipare a uno qualsiasi dei nostri numerosi Comitati di Servizio. <\/p>\n\n<div style=\"height:30px\" aria-hidden=\"true\" class=\"wp-block-spacer\"><\/div>\n","protected":false},"excerpt":{"rendered":"<p>OIAA \u00e8 tutta una questione di servizio. Servizio all&#8217;alcolista che ancora soffre. Servizio ai nostri gruppi online. Servizio alla nostra fratellanza online. Perch\u00e9 dedicarsi al servizio? Perch\u00e9 agire? Forse il Dott. Bob lo ha detto meglio di tutti: Adesione L&#8217;adesione all&#8217;Intergruppo Online \u00e8 aperta a tutti i gruppi A.A. online e a tutti i membri<a class=\"excerpt-read-more\" href=\"https:\/\/beta.aa-intergroup.org\/it\/perche-unirsi-alloiaa\/\" title=\"ReadPerch\u00e9 unirsi all&#8217;OIAA\">&#8230; Read more &raquo;<\/a><\/p>\n","protected":false},"author":18,"featured_media":0,"parent":0,"menu_order":0,"comment_status":"closed","ping_status":"closed","template":"","meta":{"_acf_changed":false,"_eb_attr":"","footnotes":""},"class_list":["post-15614","page","type-page","status-publish","hentry"],"acf":[],"_links":{"self":[{"href":"https:\/\/beta.aa-intergroup.org\/it\/wp-json\/wp\/v2\/pages\/15614","targetHints":{"allow":["GET"]}}],"collection":[{"href":"https:\/\/beta.aa-intergroup.org\/it\/wp-json\/wp\/v2\/pages"}],"about":[{"href":"https:\/\/beta.aa-intergroup.org\/it\/wp-json\/wp\/v2\/types\/page"}],"author":[{"embeddable":true,"href":"https:\/\/beta.aa-intergroup.org\/it\/wp-json\/wp\/v2\/users\/18"}],"replies":[{"embeddable":true,"href":"https:\/\/beta.aa-intergroup.org\/it\/wp-json\/wp\/v2\/comments?post=15614"}],"version-history":[{"count":1,"href":"https:\/\/beta.aa-intergroup.org\/it\/wp-json\/wp\/v2\/pages\/15614\/revisions"}],"predecessor-version":[{"id":15616,"href":"https:\/\/beta.aa-intergroup.org\/it\/wp-json\/wp\/v2\/pages\/15614\/revisions\/15616"}],"wp:attachment":[{"href":"https:\/\/beta.aa-intergroup.org\/it\/wp-json\/wp\/v2\/media?parent=15614"}],"curies":[{"name":"wp","href":"https:\/\/api.w.org\/{rel}","templated":true}]}}