{"id":15620,"date":"2021-01-09T14:16:59","date_gmt":"2021-01-09T19:16:59","guid":{"rendered":"https:\/\/beta.aa-intergroup.org\/contributo-della-settima-tradizione\/"},"modified":"2025-10-28T04:43:12","modified_gmt":"2025-10-28T08:43:12","slug":"contributo-della-settima-tradizione","status":"publish","type":"page","link":"https:\/\/beta.aa-intergroup.org\/it\/contributo-della-settima-tradizione\/","title":{"rendered":"Contributo della settima tradizione"},"content":{"rendered":"\n<figure class=\"wp-block-pullquote has-text-align-left\"><blockquote><p><em>\u201cOgni gruppo A.A. dovrebbe essere totalmente autosufficiente, rifiutando contributi esterni.\u201d<\/em> <em>(pag. 160, Dodici Passi e Dodici Tradizioni)<\/em><\/p><\/blockquote><\/figure>\n\n<p>I gruppi A.A. stessi dovrebbero essere pienamente sostenuti dai contributi volontari dei propri membri. Pensiamo che ogni gruppo dovrebbe raggiungere presto questo ideale; che qualsiasi sollecitazione pubblica di fondi usando il nome di Alcolisti Anonimi sia altamente pericolosa, sia da parte di gruppi, club, ospedali o altre agenzie esterne; che l&#8217;accettazione di grandi doni da qualsiasi fonte, o di contributi che comportino qualsiasi obbligo, sia imprudente. Inoltre, guardiamo con molta preoccupazione a quei tesori A.A. che continuano, oltre le prudenti riserve, ad accumulare fondi senza alcuno scopo dichiarato per l&#8217;A.A.. L&#8217;esperienza ci ha spesso avvertito che nulla pu\u00f2 distruggere cos\u00ec sicuramente la nostra eredit\u00e0 spirituale come inutili dispute su propriet\u00e0, denaro e autorit\u00e0.   <\/p>\n\n<div style=\"height:30px\" aria-hidden=\"true\" class=\"wp-block-spacer\"><\/div>\n\n<h3 class=\"wp-block-heading\"><\/h3>\n\n<p>Per informazioni finanziarie dettagliate e rapporti mensili, visita la <a href=\"https:\/\/beta.aa-intergroup.org\/es\/committees\/finanzas\/\">pagina del Comitato Finanze<\/a>. In caso di domande, non esitare a contattare il tesoriere dell&#8217;OIAA all&#8217;indirizzo: <strong>Treasurer@aa-intergroup.org<\/strong> <\/p>\n\n<div style=\"height:30px\" aria-hidden=\"true\" class=\"wp-block-spacer\"><\/div>\n\n<p><strong>Come contribuire\u2026<\/strong><\/p>\n\n<h3 class=\"wp-block-heading\">PayPal<\/h3>\n\n<p>Si prega di indicare il nome del gruppo nella [posizione] dell&#8217;assegno in modo che possiamo ringraziarvi!<\/p>\n\n<div id=\"donate-button-container\">\n<div id=\"donate-button\"><\/div>\n<script src=\"https:\/\/www.paypalobjects.com\/donate\/sdk\/donate-sdk.js\" charset=\"UTF-8\"><\/script>\n<script>\nPayPal.Donation.Button({\nenv:'production',\nhosted_button_id:'ZAUXGYR2DYUYN',\nimage: {\nsrc:'https:\/\/www.paypalobjects.com\/en_US\/i\/btn\/btn_donateCC_LG.gif',\nalt:'Donate with PayPal button',\ntitle:'PayPal - The safer, easier way to pay online!',\n}\n}).render('#donate-button');\n<\/script>\n<\/div>\n\n\n<div style=\"height:30px\" aria-hidden=\"true\" class=\"wp-block-spacer\"><\/div>\n\n<h3 class=\"wp-block-heading\">Stripe<\/h3>\n\n<p>OIAA ora pu\u00f2 accettare pagamenti con <a href=\"https:\/\/donate.stripe.com\/fZe15KeUo6Yh3oA6oo\">Stripe<\/a>. <\/p>\n\n<script async=\"\" src=\"https:\/\/js.stripe.com\/v3\/buy-button.js\">\n<\/script>\n\n<stripe-buy-button buy-button-id=\"buy_btn_1OZ1HQI4AaHtLBiYRAuVOTlM\" publishable-key=\"pk_live_51OXBCvI4AaHtLBiYEbnX7X75c349x3NleVyCWrmJQkbvGEz2veR0AqY9RSoe0iDEf1BrGLkuqvNntsRvz8eMwjwJ00kXjMoC8H\">\n<\/stripe-buy-button>\n\n<div style=\"height:30px\" aria-hidden=\"true\" class=\"wp-block-spacer\"><\/div>\n\n<h3 class=\"wp-block-heading\">Mail<br\/><\/h3>\n\n<p>Si prega di indicare il nome del gruppo nella riga dell&#8217;oggetto dell&#8217;assegno in modo che possiamo ringraziarvi!<\/p>\n\n<p>I contributi possono essere inviati anche per posta a:<\/p>\n\n<p>OIAA Inc.<br\/>ATTN: Treasurer<br\/>500 Westover Dr #31000<br\/>Sanford, NC 27330<\/p>\n\n<h3 class=\"wp-block-heading\"><br\/>Serve altro aiuto?<\/h3>\n\n<p>Le domande sui contributi della Settima Tradizione possono essere inviate a: <strong>Treasurer@aa-intergroup.org<\/strong><\/p>\n\n<h3 class=\"wp-block-heading\">Nota speciale<\/h3>\n\n<p>OIAA, Inc. \u00e8 riconosciuta dall&#8217;IRS come un&#8217;organizzazione no-profit 501(c)3.<\/p>\n\n<p>Puoi anche rivedere le informazioni sullo stato di esenzione fiscale dell&#8217;OIAA e sulle dichiarazioni dei redditi sul <a href=\"https:\/\/apps.irs.gov\/app\/eos\/\" target=\"_blank\" rel=\"noreferrer noopener\">sito web dell&#8217;IRS.<\/a> <\/p>\n\n<p><em>Seleziona Cerca per Organizzazione | Inserisci termine di ricerca: OIAA<\/em><\/p>\n\n<p><em><strong>Grazie per la tua generosit\u00e0!<\/strong><\/em><\/p>\n\n<p><\/p>\n","protected":false},"excerpt":{"rendered":"<p>\u201cOgni gruppo A.A. dovrebbe essere totalmente autosufficiente, rifiutando contributi esterni.\u201d (pag. 160, Dodici Passi e Dodici Tradizioni) I gruppi A.A. stessi dovrebbero essere pienamente sostenuti dai contributi volontari dei propri membri. Pensiamo che ogni gruppo dovrebbe raggiungere presto questo ideale; che qualsiasi sollecitazione pubblica di fondi usando il nome di Alcolisti Anonimi sia altamente pericolosa,<a class=\"excerpt-read-more\" href=\"https:\/\/beta.aa-intergroup.org\/it\/contributo-della-settima-tradizione\/\" title=\"ReadContributo della settima tradizione\">&#8230; Read more &raquo;<\/a><\/p>\n","protected":false},"author":9,"featured_media":0,"parent":0,"menu_order":0,"comment_status":"closed","ping_status":"closed","template":"","meta":{"_acf_changed":false,"_eb_attr":"","footnotes":""},"class_list":["post-15620","page","type-page","status-publish","hentry"],"acf":[],"_links":{"self":[{"href":"https:\/\/beta.aa-intergroup.org\/it\/wp-json\/wp\/v2\/pages\/15620","targetHints":{"allow":["GET"]}}],"collection":[{"href":"https:\/\/beta.aa-intergroup.org\/it\/wp-json\/wp\/v2\/pages"}],"about":[{"href":"https:\/\/beta.aa-intergroup.org\/it\/wp-json\/wp\/v2\/types\/page"}],"author":[{"embeddable":true,"href":"https:\/\/beta.aa-intergroup.org\/it\/wp-json\/wp\/v2\/users\/9"}],"replies":[{"embeddable":true,"href":"https:\/\/beta.aa-intergroup.org\/it\/wp-json\/wp\/v2\/comments?post=15620"}],"version-history":[{"count":1,"href":"https:\/\/beta.aa-intergroup.org\/it\/wp-json\/wp\/v2\/pages\/15620\/revisions"}],"predecessor-version":[{"id":15621,"href":"https:\/\/beta.aa-intergroup.org\/it\/wp-json\/wp\/v2\/pages\/15620\/revisions\/15621"}],"wp:attachment":[{"href":"https:\/\/beta.aa-intergroup.org\/it\/wp-json\/wp\/v2\/media?parent=15620"}],"curies":[{"name":"wp","href":"https:\/\/api.w.org\/{rel}","templated":true}]}}